{"id":12637,"date":"2016-05-26T08:17:37","date_gmt":"2016-05-26T07:17:37","guid":{"rendered":"https:\/\/www.mondragon-assembly.com\/de\/?page_id=12637"},"modified":"2016-06-27T11:19:30","modified_gmt":"2016-06-27T09:19:30","slug":"cookies-politik","status":"publish","type":"page","link":"https:\/\/www.mondragon-assembly.com\/de\/cookies-politik\/","title":{"rendered":"Cookies-Politik"},"content":{"rendered":"<div class=\"wpb-content-wrapper\"><p>[vc_row][vc_column][vc_separator][vc_column_text]<\/p>\n<p><strong>N\u00dcTZLICHE INFORMATIONEN \u00dcBER DIE VERWENDUNG VON COOKIES AUF DIESER WEBSITE<\/strong><\/p>\n<p>Im Sinne von Artikel 22.2 des Gesetzes \u00fcber Dienstleistungen der Informationsgesellschaft und des elektronischen Handels (LSSI) und gem\u00e4\u00df der europ\u00e4ischen Richtlinie 2009\/136\/EG teilt MONDRAGON ASSEMBLY, S.COOP. Ihnen mit, dass diese Website die Nutzung von Cookies akzeptiert.<\/p>\n<h4><span style=\"text-decoration: underline; color: #e20026;\">Was sind Cookies?<\/span><\/h4>\n<p>Ein Cookie ist eine kleine Textdatei, die n\u00fctzliche Informationen auf der Festplatte Ihres Computers speichert. Jedes Mal, wenn Sie diese Website besuchen, erkennt unser Server den Cookie und liefert Informationen \u00fcber Ihren letzten Besuch.<\/p>\n<h4><span style=\"text-decoration: underline; color: #e20026;\">Kann ich das Speichern von Cookies auf meinem Computer verhindern?<\/span><\/h4>\n<p>Die meisten Browser akzeptieren die Verwendung von Cookies automatisch, aber Sie k\u00f6nnen die Einstellungen des Browsers so \u00e4ndern, dass dies nicht geschieht.<\/p>\n<h4><span style=\"text-decoration: underline;\"><span style=\"color: #e20026; text-decoration: underline;\">Welche Art von Cookies verwendet diese Website?<\/span><\/span><\/h4>\n<p>Konkrete verwendet MONDRAGON ASSEMBLY, S.COOP. folgende Cookies:<\/p>\n<p><span style=\"line-height: 1.5;\"><strong>Analyse-Cookies<\/strong>: Analyse-Cookies erfassen Informationen, um Ihre Nutzung der Webseite und deren allgemeine Aktivit\u00e4t auszuwerten. Im Zuge der Auswertung werden Internetdaten gemessen, erfasst, ausgewertet und Berichte aufgestellt, um die Nutzung der Website nachzuvollziehen und zu optimieren. Diese Art von Cookies wird in der Domain \u201emondragon-assembly.com\u201c verwendet.<\/span><\/p>\n<p><span style=\"line-height: 1.5;\"><strong>Soziale Cookies<\/strong>: Soziale Cookies sind f\u00fcr die externen sozialen Netzwerke (Facebook, Google und Twitter) n\u00f6tig. Die Kontrollieren die Interaktion mit den sozialen Widgets auf der Seite. Diese Art von Cookies wird in der Domain \u201efacebook.com\u201c, \u201egoogle.com\u201c und \u201etwitter.com\u201c verwendet.<\/span><\/p>\n<p><span style=\"line-height: 1.5;\"><strong>Technische Cookies<\/strong>: Technische Cookies sind die streng f\u00fcr die Nutzung dieser Website n\u00f6tigen Cookies. Diese Art von Cookies wird in der Domain \u201emondragon-assembly.com\u201c verwendet.<\/span><\/p>\n<p><span style=\"line-height: 1.5;\"><strong>Funktionale Cookies<\/strong>: Funktionale Cookies sind unbedingt erforderlich, um die von de Nutzern dieser Website angefragten Dienste zu erbringen. Diese Art von Cookies wird in der Domain \u201emondragon-assembly.com\u201c verwendet.<\/span><\/p>\n<p><span style=\"line-height: 1.5;\">Wenn Sie die Verwendung von Cookies auf unserer Website kommentieren m\u00f6chten oder mehr Informationen dazu w\u00fcnschen, wenden Sie sich per E-Mail an <a href=\"mailto:info@mondragon-assembly.com\">info@mondragon-assembly.com<\/a><br \/>\n[\/vc_column_text][\/vc_column][\/vc_row]<\/span><\/p>\n<\/div>","protected":false},"excerpt":{"rendered":"<p>[vc_row][vc_column][vc_separator][vc_column_text] N\u00dcTZLICHE INFORMATIONEN \u00dcBER DIE VERWENDUNG VON COOKIES AUF DIESER WEBSITE Im Sinne von Artikel 22.2 des Gesetzes \u00fcber Dienstleistungen der Informationsgesellschaft und des elektronischen Handels (LSSI) und gem\u00e4\u00df der europ\u00e4ischen Richtlinie 2009\/136\/EG teilt MONDRAGON ASSEMBLY, S.COOP. Ihnen mit, dass diese Website die Nutzung von Cookies akzeptiert. Was sind Cookies? Ein Cookie ist eine kleine [&hellip;]<\/p>\n","protected":false},"author":4,"featured_media":0,"parent":0,"menu_order":0,"comment_status":"closed","ping_status":"closed","template":"sectors.php","meta":{"_lmt_disableupdate":"","_lmt_disable":"","footnotes":""},"yst_prominent_words":[],"class_list":["post-12637","page","type-page","status-publish","hentry"],"acf":[],"_links":{"self":[{"href":"https:\/\/www.mondragon-assembly.com\/de\/wp-json\/wp\/v2\/pages\/12637","targetHints":{"allow":["GET"]}}],"collection":[{"href":"https:\/\/www.mondragon-assembly.com\/de\/wp-json\/wp\/v2\/pages"}],"about":[{"href":"https:\/\/www.mondragon-assembly.com\/de\/wp-json\/wp\/v2\/types\/page"}],"author":[{"embeddable":true,"href":"https:\/\/www.mondragon-assembly.com\/de\/wp-json\/wp\/v2\/users\/4"}],"replies":[{"embeddable":true,"href":"https:\/\/www.mondragon-assembly.com\/de\/wp-json\/wp\/v2\/comments?post=12637"}],"version-history":[{"count":1,"href":"https:\/\/www.mondragon-assembly.com\/de\/wp-json\/wp\/v2\/pages\/12637\/revisions"}],"predecessor-version":[{"id":12645,"href":"https:\/\/www.mondragon-assembly.com\/de\/wp-json\/wp\/v2\/pages\/12637\/revisions\/12645"}],"wp:attachment":[{"href":"https:\/\/www.mondragon-assembly.com\/de\/wp-json\/wp\/v2\/media?parent=12637"}],"wp:term":[{"taxonomy":"yst_prominent_words","embeddable":true,"href":"https:\/\/www.mondragon-assembly.com\/de\/wp-json\/wp\/v2\/yst_prominent_words?post=12637"}],"curies":[{"name":"wp","href":"https:\/\/api.w.org\/{rel}","templated":true}]}}