{"id":12657,"date":"2016-05-26T08:17:09","date_gmt":"2016-05-26T06:17:09","guid":{"rendered":"https:\/\/www.mondragon-assembly.com\/de\/?page_id=12657"},"modified":"2016-06-27T11:19:44","modified_gmt":"2016-06-27T09:19:44","slug":"datenschutzpolitik","status":"publish","type":"page","link":"https:\/\/www.mondragon-assembly.com\/de\/datenschutzpolitik\/","title":{"rendered":"Datenschutzpolitik"},"content":{"rendered":"<div class=\"wpb-content-wrapper\"><p>[vc_row][vc_column][vc_separator][vc_column_text]<span style=\"text-decoration: underline; color: #e20026;\">SCHUTZ PERSONENBEZOGENER DATEN<\/span><br \/>\n\u00dcber die Webseite von Mondragon Assembly S.Coop. werden keine pers\u00f6nlichen Daten ohne Ihre Kenntnisnahme erfasst oder an Dritte weitergegeben.<\/p>\n<p><span style=\"text-decoration: underline; color: #e20026;\">KONTAKTDATEN<\/span><br \/>\nMondragon Assembly S.Coop. liegt das Thema Sicherheit und die Vertraulichkeit der Daten unserer Kunden\/Nutzer besonders am Herzen. Darum garantieren wir die Sicherheit und Vertraulichkeit der Informationen, die Sie uns geben.<br \/>\nDie personenbezogenen Daten, die per E-Mail \u00fcber das Formular in der Rubrik Kontaktdaten gegeben werden, werden nicht in Dateien oder Datenbanken jeglicher Art gespeichert, sondern allein zu dem Zweck erfasst, auf Ihre Anfrage eingehen zu k\u00f6nnen.<br \/>\nIm Sinne von Artikel 4 des Organgesetzes 15\/1999 vom 13. Dezember zum Schutz personenbezogener Daten (LOPD) werden diese Daten nach Erf\u00fcllung des Zwecks, f\u00fcr den sie erhoben wurden, gel\u00f6scht.<\/p>\n<p><span style=\"text-decoration: underline; color: #e20026;\">LINKS<\/span><br \/>\nDie hier dargestellte Datenschutzpolitik gilt f\u00fcr die Webseite von Mondragon Assembly S.Coop. und wird weder f\u00fcr die Zug\u00e4nge \u00fcber Links zu dieser Seite noch f\u00fcr die Links von dieser Seite zu anderen Webseiten gew\u00e4hrleistet.[\/vc_column_text][\/vc_column][\/vc_row]<\/p>\n<\/div>","protected":false},"excerpt":{"rendered":"<p>[vc_row][vc_column][vc_separator][vc_column_text]SCHUTZ PERSONENBEZOGENER DATEN \u00dcber die Webseite von Mondragon Assembly S.Coop. werden keine pers\u00f6nlichen Daten ohne Ihre Kenntnisnahme erfasst oder an Dritte weitergegeben. KONTAKTDATEN Mondragon Assembly S.Coop. liegt das Thema Sicherheit und die Vertraulichkeit der Daten unserer Kunden\/Nutzer besonders am Herzen. Darum garantieren wir die Sicherheit und Vertraulichkeit der Informationen, die Sie uns geben. Die personenbezogenen [&hellip;]<\/p>\n","protected":false},"author":4,"featured_media":0,"parent":0,"menu_order":0,"comment_status":"closed","ping_status":"closed","template":"sectors.php","meta":{"_lmt_disableupdate":"","_lmt_disable":"","footnotes":""},"yst_prominent_words":[],"class_list":["post-12657","page","type-page","status-publish","hentry"],"acf":[],"_links":{"self":[{"href":"https:\/\/www.mondragon-assembly.com\/de\/wp-json\/wp\/v2\/pages\/12657","targetHints":{"allow":["GET"]}}],"collection":[{"href":"https:\/\/www.mondragon-assembly.com\/de\/wp-json\/wp\/v2\/pages"}],"about":[{"href":"https:\/\/www.mondragon-assembly.com\/de\/wp-json\/wp\/v2\/types\/page"}],"author":[{"embeddable":true,"href":"https:\/\/www.mondragon-assembly.com\/de\/wp-json\/wp\/v2\/users\/4"}],"replies":[{"embeddable":true,"href":"https:\/\/www.mondragon-assembly.com\/de\/wp-json\/wp\/v2\/comments?post=12657"}],"version-history":[{"count":1,"href":"https:\/\/www.mondragon-assembly.com\/de\/wp-json\/wp\/v2\/pages\/12657\/revisions"}],"predecessor-version":[{"id":12664,"href":"https:\/\/www.mondragon-assembly.com\/de\/wp-json\/wp\/v2\/pages\/12657\/revisions\/12664"}],"wp:attachment":[{"href":"https:\/\/www.mondragon-assembly.com\/de\/wp-json\/wp\/v2\/media?parent=12657"}],"wp:term":[{"taxonomy":"yst_prominent_words","embeddable":true,"href":"https:\/\/www.mondragon-assembly.com\/de\/wp-json\/wp\/v2\/yst_prominent_words?post=12657"}],"curies":[{"name":"wp","href":"https:\/\/api.w.org\/{rel}","templated":true}]}}