{"id":12676,"date":"2016-05-26T08:26:37","date_gmt":"2016-05-26T06:26:37","guid":{"rendered":"https:\/\/www.mondragon-assembly.com\/de\/?page_id=12676"},"modified":"2018-10-19T12:11:51","modified_gmt":"2018-10-19T10:11:51","slug":"rechtliche-hinweise","status":"publish","type":"page","link":"https:\/\/www.mondragon-assembly.com\/de\/rechtliche-hinweise\/","title":{"rendered":"Rechtliche Hinweise"},"content":{"rendered":"<div class=\"wpb-content-wrapper\"><p>[vc_row][vc_column][vc_separator][vc_column_text]<\/p>\n<h4>ALLGEMEINE ZUGANGS- UND NUTZUNGSBEDINGUNGEN DER WEBSITE MONDRAGON-ASSEMBLY.COM<\/h4>\n<h5><span style=\"color: #e20026;\">1.- EINLEITUNG<\/span><\/h5>\n<p>In diesem Dokument werden die allgemeinen Nutzungsbedingungen dieser WEB, die MONDRAGON ASSEMBLY, S.COOP. im Internet bietet, festgelegt.<\/p>\n<p>Der Zugriff auf diese WEB unterliegt dem Lesen und dem Akzeptieren der Bedingungen, Konditionen, Mitteilungen, Warnungen und sonstigen rechtlichen Hinweisen in diesen Klauseln, durch den Nutzer.<\/p>\n<p>Der Zugriff auf diese WEB ist kostenlos und f\u00fcr ihre Anzeige ist keine vorherige Anmeldung oder Registrierung n\u00f6tig.<\/p>\n<p>Eventuelle Verbindungen zu anderen WEB-Sites sowie ihre Verwendung durch den Nutzer unterliegen diesen Allgemeinen Nutzungsbedingungen sowie den m\u00f6glichen speziellen Konditionen der jeweiligen WEB-Sites. Jegliche andere als die befugte Nutzung ist ausdr\u00fccklich untersagt.<\/p>\n<h5><span style=\"color: #e20026;\">2.- RECHTE UND PFLICHTEN DES DIENSTLEISTERS<\/span><\/h5>\n<p>1.- Als Dienstleister muss MONDRAGON ASSEMBLY, S.COOP. die \u00fcber diese WEB angebotenen Dienstleistungen erbringen, die Kommunikation mit dem Nutzer geheim halten und auf eventuelle Reklamationen eingehen.<\/p>\n<p>Diese WEB-Seite erfasst keine pers\u00f6nlichen Daten ihrer Besucher oder speichert solche, wenn der Nutzer sie nicht freiwillig gibt.<\/p>\n<p>2.- MONDRAGON ASSEMBLY, S.COOP. beh\u00e4lt sich das Recht vor, zu jeder Zeit ohne vorherige Ank\u00fcndigung \u00c4nderungen und Aktualisierungen der Informationen auf der WEB oder ihrer Einstellung oder Darbietungsform vorzunehmen. Ungeachtet dessen wird versucht, dies den Nutzern mitzuteilen, wenn die Umst\u00e4nde es zulassen.<\/p>\n<p>3.- Sowohl der Zugriff auf die WEB als auch die Nutzung der dort enthaltenen Informationen sind alleinige Verantwortung des Zugreifenden bzw. Nutzenden. MONDRAGON ASSEMBLY, S.COOP. \u00fcbernimmt keine Haftung f\u00fcr Sch\u00e4den, die sich aus diesem Zugriff bzw. dieser Nutzung der Information ergeben. Ausgenommen sind Vorg\u00e4nge im Zuge der Anwendung der gesetzlichen Bestimmungen, die im Rahmen seiner Zust\u00e4ndigkeiten obligatorisch gelten.<\/p>\n<p>MONDRAGON ASSEMBLY, S.COOP. haftet weder direkt noch indirekt f\u00fcr die angebotenen Informationen oder Dienste, mit Ausnahme der Garantien, die kraft der anwendbaren Gesetze gew\u00e4hrt werden m\u00fcssen oder die ggf. ausdr\u00fccklich in einem Abkommen zwischen dieser Gesellschaft und dem Nutzer beschrieben sind.<\/p>\n<p>MONDRAGON ASSEMBLY, S.COOP. haftet nicht f\u00fcr Inhalte, die von Dritten bereit gestellt werden, oder f\u00fcr die Richtigkeit, Zuverl\u00e4ssigkeit, Genauigkeit, Angemessenheit oder Zweckm\u00e4\u00dfigkeit der bereitgestellten Informationen f\u00fcr den Bestimmungszweck, den der Nutzer oder Dritte ihr geben.<\/p>\n<h5><span style=\"color: #e20026;\">3.- RECHTE UND PFLICHTEN DES NUTZERS<\/span><\/h5>\n<p>1.- Der Nutzer muss die Leistungen dieser WEB stets im Einklang mit dem geltenden Recht nutzen und die Rechte geistigen Eigentums von MONDRAGON ASSEMBLY, S.COOP. wahren.<\/p>\n<p>2.- Der Nutzer nimmt keine Handlungen \u00fcber die Leistungen, die ihm MONDRAGON ASSEMBLY, S.COOP. bereitstellt, wahr, die den Inhalten schaden oder diese ver\u00e4ndern und beeintr\u00e4chtigt den guten Betrieb der WEB nicht, indem er technische Probleme jedweder Art verursacht oder Elemente \u00fcbertr\u00e4gt, die Viren enthalten k\u00f6nnen oder dieser WEB schaden, diese beeintr\u00e4chtigen oder ganz oder teilweise unterbrechen, und beeintr\u00e4chtigt oder ver\u00e4ndert die E-Mail anderer Nutzer nicht.<\/p>\n<h5><span style=\"color: #e20026;\">4.- GEW\u00c4HRLEISTUNGS- UND HAFTUNGSAUSSCHLUSS F\u00dcR DAS FUNKTIONIEREN DER WEBSITE UND IHRER DIENSTE<\/span><\/h5>\n<p>1.- MONDRAGON ASSEMBLY, S.COOP. haftet nicht f\u00fcr die Verf\u00fcgbarkeit und Kontinuit\u00e4t des Betriebs dieser WEB und ihrer Dienste.<br \/>\nSo ist jegliche Haftung f\u00fcr Sch\u00e4den jeglicher Art durch eine mangelnde Verf\u00fcgbarkeit oder Kontinuit\u00e4t des Betriebs der WEB und ihrer Dienste ausgeschlossen.<\/p>\n<p>Auf jeden Fall bem\u00fcht sich MONDRAGON ASSEMBLY, S.COOP. weitestgehend, die ununterbrochene Verf\u00fcgbarkeit dieser WEB zu wahren.<\/p>\n<p>2.- MONDRAGON ASSEMBLY, S.COOP. stellt den Nutzern Datenschutzsysteme zur Verf\u00fcgung, die den Datenzugriff durch Dritte verhindern. (Datenschutzpolitik von MONDRAGON ASSEMBLY, S.COOP.) MONDRAGON ASSEMBLY, S.COOP. hat alle notwendigen technischen und organisatorischen Sicherheitsma\u00dfnahmen eingef\u00fchrt, um die Integrit\u00e4t, Vertraulichkeit und Verf\u00fcgbarkeit der vom Nutzer gemachten pers\u00f6nlichen Angaben zu gew\u00e4hrleisten.<\/p>\n<p>In diesem Sinne \u00fcbernimmt die genannte Gesellschaft keine Haftung f\u00fcr Sch\u00e4den, falls eine solche Bekanntgabe erfolgt.<\/p>\n<p>3.- Obwohl MONDRAGON ASSEMBLY, S.COOP. alle angemessenen Ma\u00dfnahmen eingef\u00fchrt hat, um die Sicherheit in diesem Sinne zu gew\u00e4hrleisten, hat die Gesellschaft keine Kontrolle \u00fcber Viren oder andere Elemente in den Inhalten dieser WEB-Seite, die St\u00f6rungen im IT-System (Software und Hardware) des Nutzers oder an den in seinem IT-System gespeicherten elektronischen Dokumenten und Dateien verursachen k\u00f6nnen.<\/p>\n<p>MONDRAGON ASSEMBLY, S.COOP. \u00fcbernimmt keine Haftung f\u00fcr Sch\u00e4den jeglicher Art aufgrund von Viren in den Inhalten, St\u00f6rungen im IT-System, elektronischen Dokumenten, Dateien u. a. verursachen k\u00f6nnen.<\/p>\n<p>4.- MONDRAGON ASSEMBLY, S.COOP. haftet nicht f\u00fcr eventuelle Fehler beim Zugriff auf die WEB oder in ihren Inhalten. Daher befreit der Nutzer MONDRAGON ASSEMBLY, S.COOP. von jeglicher Haftung f\u00fcr die Zuverl\u00e4ssigkeit, N\u00fctzlichkeit oder falsche Erwartungen, die das Portal w\u00e4hrend des Browsens bei ihm weckt.<\/p>\n<h5><span style=\"color: #e20026;\">5.- GEISTIGES EIGENTUM<\/span><\/h5>\n<p>Die Rechte geistigen Eigentums an dieser WEB und den einzelnen in ihre enthaltenen Elemente geh\u00f6ren MONDRAGON ASSEMBLY, S.COOP. Ausgenommen sind die Rechte von Unternehmen, mit denen die Gesellschaft einen entsprechenden Vertrag \u00fcber die Bereitstellung von Inhalten abgeschlossen hat, die unter die nationalen und internationalen Vorgaben des geistigen und gewerblichen Eigentums fallen. . Die exklusive Wahrnehmung des Rechts auf Vervielf\u00e4ltigung, Weitergabe, Ver\u00f6ffentlichung und Bearbeitung obliegt der genannten Gesellschaft.<\/p>\n<p>Das Design, die Abbildungen, Karten, Graphiken, Marken, Schriftz\u00fcge, Unterscheidungszeichen und Logos von MONDRAGON ASSEMBLY, S.COOP., Frames, Banner, die Software und ihre jeweiligen Quell- und Zielcodes u. a. dieser WEB sind Eigentum von MONDRAGON ASSEMBLY, S.COOP., der rechtm\u00e4\u00dfig die exklusiven Nutzungsrechte an ihnen geh\u00f6ren.<\/p>\n<p>Nutzer, die auf diese WEB zugreifen, d\u00fcrfen die o. g. Elemente nicht kopieren, ver\u00e4ndern, weitergeben, \u00fcbermitteln, vervielf\u00e4ltigen, ver\u00f6ffentlichen, abtreten, verkaufen oder neue Produkte oder Dienste aus den enthaltenen Informationen erstellen.<\/p>\n<p>Gestattet ist allein das Anzeigen und Laden f\u00fcr die pers\u00f6nliche und nicht gewerbliche Nutzung des Nutzers, ohne Geltung f\u00fcr Dritte oder K\u00f6rperschaften.<\/p>\n<p>Die \u00c4nderung dieser WEB durch den Nutzer, die den Inhalt wie Verkn\u00fcpfungen (Links) u. \u00e4. beeintr\u00e4chtigen kann, ist streng verboten.<\/p>\n<p>MONDRAGON ASSEMBLY, S.COOP. tr\u00e4gt daf\u00fcr Sorge, dass die Inhalte dieser WEB nicht pornographisch, ausl\u00e4nderfeindlich, diskriminierend, rassistisch, verleumdend oder gewaltverherrlichend sind. Ebenso achtet sie darauf, alle Umst\u00e4nde, die sch\u00e4dlich f\u00fcr die Nutzer sein k\u00f6nnen, zu vermeiden.<\/p>\n<h5><span style=\"color: #e20026;\">6.- VERKN\u00dcPFUNGEN ODER LINKS<\/span><\/h5>\n<p>Verkn\u00fcpfungen von einer anderen WEB zum Portal d\u00fcrfe nur mit vorheriger ausdr\u00fccklicher Einwilligung von MONDRAGON ASSEMBLY, S.COOP. eingerichtet werden.<\/p>\n<p>F\u00fcr den Fall, dass diese WEB-Seite Inhalte oder Links zu anderen Portalen oder WEB-Sites, die nicht von MONDRAGON ASSEMBLY, S.COOP. verwaltet werden, enthalten, erkl\u00e4rt diese Gesellschaft, dass sie keinerlei Kontrolle \u00fcber diese Portale oder WEB-Sites aus\u00fcbt und nicht f\u00fcr deren Inhalte verantwortlich ist. Links auf dieser WEB werden ausschlie\u00dflich der Information halber, ohne Bewertung der Inhalte, Eigent\u00fcmer oder der dort angebotenen Leistungen oder Produkte bereit gestellt.<\/p>\n<p>Auf jeden Fall befreit sich MONDRAGON ASSEMBLY, S.COOP. von jeglicher Haftung f\u00fcr die von diesen Dritten erbrachten Leistungen gegen\u00fcber m\u00f6glichen Forderungen jeglicher Art und Klagen, die ggf. im Zusammenhang mit ihnen eingelegt werden.<\/p>\n<h5><span style=\"color: #e20026;\">7.- LEY APLICABLE Y JURISDICCI\u00d3N<\/span><\/h5>\n<p><span style=\"line-height: 1.5;\">Diese Allgemeinen Nutzungs- und Zugriffsbedingungen sowie alle Beziehungen zwischen dem Nutzer und MONDRAGON ASSEMBLY, S.COOP. fallen unter spanisches Recht.<\/span><\/p>\n<p><span style=\"line-height: 1.5;\">Bei Streitf\u00e4llen im Zuge dieser Allgemeinen Bedingungen bzw. ihres Inhalts oder der Beziehung zwischen dem Nutzer und MONDRAGON ASSEMBLY, S.COOP. unterwerfen sich beide Parteien unter ausdr\u00fccklichem Verzicht auf jeglichen sonstigen ihnen zustehenden Gerichtsstand der ausschlie\u00dflichen Rechtsprechung und Zust\u00e4ndigkeit der Gerichte Bergaras (Gipuzkoa).<\/span><\/p>\n<h5><span style=\"color: #e20026;\">8.- DATEN DES EIGENT\u00dcMERS DIESER WEB<\/span><\/h5>\n<p>Die Daten des Verantwortlichen dieser WEB sind:<\/p>\n<p>MONDRAGON S. COOP. , Steuer-Ident.-Nr. F20165940, mit Sitz in P\u00ba Bainatxe 5\u00aa, eingetragen in des Genossenschaftsregister am 10. 05. 1988 unter Nr. SS-621 und in das Genossenschaftsregister des Baskenlandes unter Nr. 94\/86, Blatt GUI-195, Eintrag 195.[\/vc_column_text][\/vc_column][\/vc_row][vc_row][vc_column][vc_column_text][\/vc_column_text][\/vc_column][\/vc_row]<\/p>\n<\/div>","protected":false},"excerpt":{"rendered":"<p>[vc_row][vc_column][vc_separator][vc_column_text] ALLGEMEINE ZUGANGS- UND NUTZUNGSBEDINGUNGEN DER WEBSITE MONDRAGON-ASSEMBLY.COM 1.- EINLEITUNG In diesem Dokument werden die allgemeinen Nutzungsbedingungen dieser WEB, die MONDRAGON ASSEMBLY, S.COOP. im Internet bietet, festgelegt. Der Zugriff auf diese WEB unterliegt dem Lesen und dem Akzeptieren der Bedingungen, Konditionen, Mitteilungen, Warnungen und sonstigen rechtlichen Hinweisen in diesen Klauseln, durch den Nutzer. Der Zugriff [&hellip;]<\/p>\n","protected":false},"author":4,"featured_media":0,"parent":0,"menu_order":0,"comment_status":"closed","ping_status":"closed","template":"sectors.php","meta":{"_lmt_disableupdate":"","_lmt_disable":"","footnotes":""},"yst_prominent_words":[],"class_list":["post-12676","page","type-page","status-publish","hentry"],"acf":[],"_links":{"self":[{"href":"https:\/\/www.mondragon-assembly.com\/de\/wp-json\/wp\/v2\/pages\/12676","targetHints":{"allow":["GET"]}}],"collection":[{"href":"https:\/\/www.mondragon-assembly.com\/de\/wp-json\/wp\/v2\/pages"}],"about":[{"href":"https:\/\/www.mondragon-assembly.com\/de\/wp-json\/wp\/v2\/types\/page"}],"author":[{"embeddable":true,"href":"https:\/\/www.mondragon-assembly.com\/de\/wp-json\/wp\/v2\/users\/4"}],"replies":[{"embeddable":true,"href":"https:\/\/www.mondragon-assembly.com\/de\/wp-json\/wp\/v2\/comments?post=12676"}],"version-history":[{"count":2,"href":"https:\/\/www.mondragon-assembly.com\/de\/wp-json\/wp\/v2\/pages\/12676\/revisions"}],"predecessor-version":[{"id":12715,"href":"https:\/\/www.mondragon-assembly.com\/de\/wp-json\/wp\/v2\/pages\/12676\/revisions\/12715"}],"wp:attachment":[{"href":"https:\/\/www.mondragon-assembly.com\/de\/wp-json\/wp\/v2\/media?parent=12676"}],"wp:term":[{"taxonomy":"yst_prominent_words","embeddable":true,"href":"https:\/\/www.mondragon-assembly.com\/de\/wp-json\/wp\/v2\/yst_prominent_words?post=12676"}],"curies":[{"name":"wp","href":"https:\/\/api.w.org\/{rel}","templated":true}]}}