{"id":14885,"date":"2016-12-21T12:04:11","date_gmt":"2016-12-21T10:04:11","guid":{"rendered":"https:\/\/www.mondragon-assembly.com\/?page_id=14885\/"},"modified":"2017-10-11T12:04:11","modified_gmt":"2017-10-11T10:04:11","slug":"tabber-und-stringer-single-track-mts-2500","status":"publish","type":"page","link":"https:\/\/www.mondragon-assembly.com\/de\/tabber-und-stringer-single-track-mts-2500\/","title":{"rendered":"Tabber und Stringer Single Track MTS 2500"},"content":{"rendered":"<div class=\"wpb-content-wrapper\"><p>[vc_row][vc_column width=&#8220;1\/2&#8243;][vc_column_text]<\/p>\n<p>Leistungsstarker Tabber und Stringer mit einem einzigartigen L\u00f6tband (Single Track).<\/p>\n<h4><\/h4>\n<p>[\/vc_column_text][vc_column_text el_class=&#8220;title_lineas&#8220;]<\/p>\n<h4><span style=\"color: #e20026;\">Beschreibung<\/span><\/h4>\n<p>[\/vc_column_text][vc_column_text]Dank des innovativen Verbindungssystems kann der Tabber MTS 2500 eine Nettoproduktionsleistung von 2400 Zellen\/Stunde erreichen und damit der schnellste auf dem gesamten Markt.<\/p>\n<p>Der Tabber MTS 2500 ist zum Verarbeiten von Zellen unterschiedlicher Technologien und Gr\u00f6\u00dfen ausgerichtet und kann Zellen mit bis zu 8 Sammelschienen l\u00f6ten. Dabei ist sie so kompakt, dass sie nur 7,5\u00a0m<sup>2<\/sup> Platz in Anspruch nimmt.<\/p>\n<p>Alternativ ist die MTS 5000 L\u00f6sung f\u00fcr eine Nettoproduktion von 4800 Zellen\/Stunde, d.\u00a0h. \u00fcber 180\u00a0MW\/Jahr, erh\u00e4ltlich.[\/vc_column_text][\/vc_column][vc_column width=&#8220;1\/2&#8243;][vc_gallery interval=&#8220;3&#8243; images=&#8220;14822&#8243; img_size=&#8220;full&#8220;][vc_column_text css=&#8220;.vc_custom_1507716244160{margin-top: -70px !important;}&#8220; el_class=&#8220;youtubemodal&#8220;]<\/p>\n<h4><a href=\"https:\/\/www.youtube.com\/embed\/nrRoODpzbqA\"><img decoding=\"async\" class=\"alignnone wp-image-15035 size-full\" src=\"https:\/\/www.mondragon-assembly.com\/wp-content\/uploads\/2016\/12\/YouTube-icon.png\" width=\"30\" height=\"21\" \/><\/a>\u00a0<a href=\"https:\/\/www.youtube.com\/embed\/nrRoODpzbqA\">Video<\/a><\/h4>\n<p>[\/vc_column_text][\/vc_column][\/vc_row][vc_row][vc_column][vc_column_text el_class=&#8220;title_lineas&#8220;]<\/p>\n<h4><span style=\"color: #e20026;\">Vorteile<\/span><\/h4>\n<p>[\/vc_column_text][vc_column_text el_class=&#8220;icon_list&#8220;]<\/p>\n<ul>\n<li>Mit nur einem Tabber hohe Produktionsleistung von 90 MW\/Jahr.<\/li>\n<li>Kompakte Auslegung, so dass die Maschine nur 7,5 m<sup>2<\/sup> ben\u00f6tigt, damit der Nutzer den Produktionsraum optimieren kann.<\/li>\n<li>Gleichm\u00e4\u00dfige und stabile Produktion, weil alle Strings an einem L\u00f6tband gefertigt werden.<\/li>\n<li>Kann Zellen mit bis zu 8BB l\u00f6ten.<\/li>\n<li>Mit verschiedenen Zelltechnologien und Gr\u00f6\u00dfen kompatibel.<\/li>\n<li>Bruchquote unter 0,2\u00a0%<\/li>\n<\/ul>\n<p>[\/vc_column_text][vc_column_text el_class=&#8220;title_lineas&#8220;]<\/p>\n<h4><span style=\"color: #e20026;\">Wichtigste Merkmale<\/span><\/h4>\n<p>[\/vc_column_text][vc_column_text el_class=&#8220;icon_list&#8220;]<\/p>\n<ul>\n<li>Kontaktloses IR-L\u00f6ten, damit jede Belastung der Zelle vermieden wird.<\/li>\n<li>Kontrolle der Zellentemperatur, zum Sicherstellen einer korrekten L\u00f6tung<\/li>\n<li>Intelligente Prozesskontrolle: Die einzelnen Parameter werden automatisch eingestellt<\/li>\n<li>Visionssystem zur Qualit\u00e4tskontrolle der Zellen, zum \u00dcberpr\u00fcfen und Aussortieren fehlerhafter Teile.<\/li>\n<\/ul>\n<p>[\/vc_column_text][\/vc_column][\/vc_row][vc_row][vc_column][vc_table vc_table_theme=&#8220;classic_pink&#8220;][bg#e20026;b]Zellparameter,[bg#e20026]|Abmessungsbereich%20der%20Zelle,156%20x%20156%20mm.%20Zum%20Schneiden%20von%20%C2%BD-Zellen%20sind%20Verbesserungen%20m%C3%B6glich|Dickenbereich%20der%20Zelle,[c#5e5e5e]160%20-%20300%20%C2%B5m|Zellgeometrie,Quadratisch%20oder%20pseudoquadratisch%20(andere%20Geometrien%20auf%20Anfrage)%0ADie%20Maschine%20wird%20f%C3%BCr%20einen%20Typ%20eingestellt|[c#ffffff;bg#e20026;b]Tabs,[bg#e20026]|Anzahl%20der%20Tabs%20pro%20Zelle,2-3-4-5-6%20(Hardware%20und%20Einstellung%20f%C3%BCr%20einen%20einzigen%20Zelltyp)(bei%20Bedarf%20k%C3%B6nnen%205BB-%20oder%206BB-Optionen%20zugef%C3%BCgt%20werden)|Abstand%20zwischen%20Tabs,2BB%3A%2078%20oder%2075%3B%203BB%3A52%3B4BB%3A%2039%3B5BB%3B31%2C5%3B6BB%3A26|Tabbreite,%3E1%20mm|[bg#e20026;c#ffffff;b]Strings,[bg#e20026]|Max.%20String-L%C3%A4nge,1960%20mm.|Abstand%20zwischen%20Zellen%20im%20String,2%20-%2010%20mm%20(gr%C3%B6%C3%9Fer%20auf%20Anfrage)|Tab%20%2B%20L%C3%A4nge%20(Trailing%20Tab)%20(mm)(D),25-10|Tab%20-%20L%C3%A4nge%20(Leading%20Tab)%20(mm)(C),25-10|Tab%20Vorderkante%20der%20Zelle%20(mm)(F),4-2|Tab%20Hinterkante%20der%20Zelle%20(mm)(F),10-2|[bg#e20026;c#ffffff;b]Tabbing%20und%20Stringing,[bg#e20026]|Ausrichten%20der%20Zellen,Visionssystem|Methode%20der%20Flussmittelanwendung,Automatisch%2C%20ber%C3%BChrungslos%20|Schwei%C3%9Fvorgang,IR%20%2B%20Heizplatten|[bg#e20026;b;c#ffffff]Leistungen,[bg#e20026]|Max.%20%2F%20nominale%20Produktion,2400%2F2300%20Zellen%2FStd.*|Durchschnittliches%20Zellenbruchverh%C3%A4ltnis,%3C0%2C2%20%25%20(mit%20zertifizierten%20Zellen)|*%20Unter%20Betriebsbedingungen%20und%20mit%20Materialien%2C%20die%20von%20Mondragon%20Assembly%20zertifiziert%20wurden.,|[bg#e20026;c#ffffff;b]Luft-%20und%20Stromversorgung,[bg#e20026]|Druck%20und%20Fluss%20der%20Druckluft,5%20bar%2C%20600%20NL%2Fmin|Installierte%20Leistung,40%20kW%20(3-phasig%2C%20380-420%20V%2C%2050-60%20Hz)|Energieverbrauch%20w%C3%A4hrend%20des%20Aufheizens.,Variabel|Leistungsaufnahme.,13%20kWh|Ger%C3%A4uschpegel,%3C80%20dB|[bg#e20026;c#ffffff;b]Abmessungen%20des%20Systems%20%2B,[bg#e20026;c#ffffff;b]|Gewicht,3000%20kg|L%20x%20B%20%C3%97%20H%20(siehe%20S.%2027),7%2C7%20%C3%97%201%2C6%20%C3%97%202%2C1%20m|[bg#e20026;c#ffffff;b]Steuerung%20und%20Software%20des%20Systems,[bg#e20026;c#ffffff;b]|Hardware,SPS%20Beckhoff%20mit%20Touchscreen|Software%20mit%20Ferndiagnosem%C3%B6glichkeit%20,Ja[\/vc_table][\/vc_column][\/vc_row]<\/p>\n<\/div>","protected":false},"excerpt":{"rendered":"<p>[vc_row][vc_column width=&#8220;1\/2&#8243;][vc_column_text] Leistungsstarker Tabber und Stringer mit einem einzigartigen L\u00f6tband (Single Track). [\/vc_column_text][vc_column_text el_class=&#8220;title_lineas&#8220;] Beschreibung [\/vc_column_text][vc_column_text]Dank des innovativen Verbindungssystems kann der Tabber MTS 2500 eine Nettoproduktionsleistung von 2400 Zellen\/Stunde erreichen und damit der schnellste auf dem gesamten Markt. Der Tabber MTS 2500 ist zum Verarbeiten von Zellen unterschiedlicher Technologien und Gr\u00f6\u00dfen ausgerichtet und kann Zellen [&hellip;]<\/p>\n","protected":false},"author":4,"featured_media":0,"parent":0,"menu_order":0,"comment_status":"closed","ping_status":"closed","template":"sectors.php","meta":{"_lmt_disableupdate":"","_lmt_disable":"","footnotes":""},"yst_prominent_words":[677,678,679,680,681,682,683,684,279,685,284,686,558,687,560,688,607,674,675,676],"class_list":["post-14885","page","type-page","status-publish","hentry"],"acf":[],"_links":{"self":[{"href":"https:\/\/www.mondragon-assembly.com\/de\/wp-json\/wp\/v2\/pages\/14885","targetHints":{"allow":["GET"]}}],"collection":[{"href":"https:\/\/www.mondragon-assembly.com\/de\/wp-json\/wp\/v2\/pages"}],"about":[{"href":"https:\/\/www.mondragon-assembly.com\/de\/wp-json\/wp\/v2\/types\/page"}],"author":[{"embeddable":true,"href":"https:\/\/www.mondragon-assembly.com\/de\/wp-json\/wp\/v2\/users\/4"}],"replies":[{"embeddable":true,"href":"https:\/\/www.mondragon-assembly.com\/de\/wp-json\/wp\/v2\/comments?post=14885"}],"version-history":[{"count":5,"href":"https:\/\/www.mondragon-assembly.com\/de\/wp-json\/wp\/v2\/pages\/14885\/revisions"}],"predecessor-version":[{"id":16635,"href":"https:\/\/www.mondragon-assembly.com\/de\/wp-json\/wp\/v2\/pages\/14885\/revisions\/16635"}],"wp:attachment":[{"href":"https:\/\/www.mondragon-assembly.com\/de\/wp-json\/wp\/v2\/media?parent=14885"}],"wp:term":[{"taxonomy":"yst_prominent_words","embeddable":true,"href":"https:\/\/www.mondragon-assembly.com\/de\/wp-json\/wp\/v2\/yst_prominent_words?post=14885"}],"curies":[{"name":"wp","href":"https:\/\/api.w.org\/{rel}","templated":true}]}}