{"id":26906,"date":"2016-04-15T08:01:33","date_gmt":"2016-04-15T07:01:33","guid":{"rendered":"https:\/\/www.mondragon-assembly.com\/solarenergie\/turnkey-lines-for-pv-module-manufacturing\/"},"modified":"2021-04-13T13:27:44","modified_gmt":"2021-04-13T11:27:44","slug":"turnkey-lines-for-pv-module-manufacturing","status":"publish","type":"page","link":"https:\/\/www.mondragon-assembly.com\/de\/solar-automation-solutions\/turnkey-lines-for-pv-module-manufacturing\/","title":{"rendered":"Schl\u00fcsselfertige Linien f\u00fcr die Fertigung von PV-Modulen"},"content":{"rendered":"<div class=\"wpb-content-wrapper\"><p>[vc_row content_placement=&#8220;top&#8220; parallax=&#8220;content-moving&#8220; parallax_image=&#8220;25465&#8243; parallax_speed_bg=&#8220;1&#8243; css=&#8220;.vc_custom_1604313685741{margin-top: -25px !important;padding-top: 90px !important;padding-bottom: 110px !important;}&#8220;][vc_column][vc_row_inner][vc_column_inner][vc_column_text css=&#8220;.vc_custom_1618313254357{background-color: #ffffff !important;}&#8220; el_class=&#8220;txt_encima_foto&#8220;]<\/p>\n<h2 style=\"text-align: center;\"><strong>SCHL\u00dcSSELFERTIGE LINIEN F\u00dcR DIE FERTIGUNG VON PV-MODULEN<\/strong><\/h2>\n<p>[\/vc_column_text][\/vc_column_inner][\/vc_row_inner][\/vc_column][\/vc_row][vc_row css=&#8220;.vc_custom_1604064744834{margin-top: -25px !important;}&#8220;][vc_column][vc_empty_space height=&#8220;20&#8243;][\/vc_column][\/vc_row][vc_row css=&#8220;.vc_custom_1604064744834{margin-top: -25px !important;}&#8220;][vc_column][vc_column_text css_animation=&#8220;appear&#8220; css=&#8220;.vc_custom_1608205938507{padding-top: 7px !important;padding-right: 20px !important;padding-bottom: 20px !important;padding-left: 20px !important;background-color: #f7f7f7 !important;}&#8220;]<\/p>\n<h3 style=\"text-align: center;\"><span style=\"color: #e40521;\">Wir sind die besten Partner, damit Sie sich in der Solartechnik behaupten k\u00f6nnen<\/span><\/h3>\n<h4 style=\"text-align: center;\">Unsere schl\u00fcsselfertigen Linien erf\u00fcllen die Produktionsanforderungen aller Kunden und liefern L\u00f6sungen f\u00fcr kleine<br \/>\nund gro\u00dfe Hersteller mit verschiedenen Automatisierungsniveaus.<\/h4>\n<p>[\/vc_column_text][\/vc_column][\/vc_row][vc_row][vc_column width=&#8220;2\/3&#8243;][vc_column_text el_class=&#8220;icon_list&#8220;]<\/p>\n<h4><span style=\"color: #2b3c46; font-weight: bold;\">Geeignet f\u00fcr bestehende und zuk\u00fcnftige PV-Modularchitekturen und Stringer-Prozesse:<\/span><\/h4>\n<ul>\n<li>Zellgr\u00f6\u00dfen: bis zu M12 (210 mm)<\/li>\n<li>Schwei\u00df- und Klebetechnologien<\/li>\n<li>BIPV<\/li>\n<li>Shingling<\/li>\n<li>Flachband oder Draht<\/li>\n<li>Volle und Schnitt-Zelle<\/li>\n<li>Ein- und zweiseitige Module<\/li>\n<li>Glas-R\u00fcckfolien- und Glas-Glas-Module<\/li>\n<\/ul>\n<p>[\/vc_column_text][\/vc_column][vc_column width=&#8220;1\/3&#8243;][vc_column_text el_class=&#8220;icon_list&#8220;]<\/p>\n<h4><span style=\"color: #2b3c46; font-weight: bold;\">Passend f\u00fcr jede L\u00f6sung f\u00fcr die Zelltechnologien:<\/span><\/h4>\n<ul>\n<li>HJT (beide Technologien: Schwei\u00dfen und Kleben)<\/li>\n<li>TOPCON<\/li>\n<li>PERT<\/li>\n<li>PERL<\/li>\n<li>PERC<\/li>\n<li>BSF<\/li>\n<li>Hinterkontakt<\/li>\n<\/ul>\n<p>[\/vc_column_text][\/vc_column][\/vc_row][vc_row][vc_column width=&#8220;2\/3&#8243;][vc_column_text el_class=&#8220;icon_list&#8220;]<\/p>\n<h4><span style=\"color: #2b3c46; font-weight: bold;\">L\u00e4sst sich an jede beliebige L\u00f6sung f\u00fcr die Herstellung von PV-Modulen anpassen:<\/span><\/h4>\n<ul>\n<li>Modulare Linien, einfach auf zuk\u00fcnftige Technologien aufzur\u00fcsten und erweiterbare Produktionskapazit\u00e4t<\/li>\n<li>Flexible Linien f\u00fcr die Fertigung einer gro\u00dfen Vielzahl an Solarmodulen und Zelltechnologien<\/li>\n<\/ul>\n<p>[\/vc_column_text][\/vc_column][vc_column width=&#8220;1\/3&#8243;][vc_column_text el_class=&#8220;icon_list&#8220;]<\/p>\n<h4><span style=\"color: #2b3c46; font-weight: bold;\">Unsere vollst\u00e4ndig schl\u00fcsselfertige Solar-Linie bietet:<\/span><\/h4>\n<ul>\n<li>Kompakte und optimierte Linien mit geringem Platzbedarf<\/li>\n<li>Stabiles Design f\u00fcr den Betrieb rund um die Uhr an 365 Tagen im Jahr<\/li>\n<li>Geringer Energieverbrauch und einfache Wartung<\/li>\n<li>Geringer Personalaufwand<\/li>\n<li>Volle Qualit\u00e4t und Produktionssteuerung<\/li>\n<\/ul>\n<p>[\/vc_column_text][\/vc_column][\/vc_row][vc_row][vc_column][vc_column_text css_animation=&#8220;appear&#8220; css=&#8220;.vc_custom_1608206236378{padding-top: 7px !important;padding-right: 20px !important;padding-bottom: 20px !important;padding-left: 20px !important;background-color: #f7f7f7 !important;}&#8220;]<\/p>\n<h3 style=\"text-align: center;\"><span style=\"color: #2b3c46; font-weight: bold;\">Hervorragende Zuverl\u00e4ssigkeit und garantierter Support seit \u00fcber 20 Jahren<\/span><\/h3>\n<p>[\/vc_column_text][\/vc_column][\/vc_row][vc_row][vc_column][vc_empty_space height=&#8220;20px&#8220;][\/vc_column][\/vc_row][vc_row][vc_column width=&#8220;1\/2&#8243;][vc_column_text el_class=&#8220;icon_list_subt_gr&#8220;]<\/p>\n<h3><strong>50 MW LINIE<\/strong><\/h3>\n<p>[\/vc_column_text][vc_single_image image=&#8220;21894&#8243; img_size=&#8220;full&#8220; onclick=&#8220;custom_link&#8220; css_animation=&#8220;zoomInUp&#8220; link=&#8220;https:\/\/www.mondragon-assembly.com\/de\/solar-automation-solutions\/turnkey-lines-for-pv-module-manufacturing\/50-mw-line\/&#8220; css=&#8220;.vc_custom_1612960110879{border-top-width: 3px !important;border-right-width: 3px !important;border-bottom-width: 3px !important;border-left-width: 3px !important;border-left-color: #fce3e9 !important;border-left-style: solid !important;border-right-color: #fce3e9 !important;border-right-style: solid !important;border-top-color: #fce3e9 !important;border-top-style: solid !important;border-bottom-color: #fce3e9 !important;border-bottom-style: solid !important;}&#8220;][\/vc_column][vc_column width=&#8220;1\/2&#8243;][vc_column_text el_class=&#8220;icon_list_subt_gr&#8220;]<\/p>\n<h3><strong>100 MW LINIE<\/strong><\/h3>\n<p>[\/vc_column_text][vc_single_image image=&#8220;25277&#8243; img_size=&#8220;full&#8220; onclick=&#8220;custom_link&#8220; css_animation=&#8220;zoomInUp&#8220; link=&#8220;https:\/\/www.mondragon-assembly.com\/de\/solar-automation-solutions\/turnkey-lines-for-pv-module-manufacturing\/100-mw-line\/&#8220; css=&#8220;.vc_custom_1612960139104{border-top-width: 3px !important;border-right-width: 3px !important;border-bottom-width: 3px !important;border-left-width: 3px !important;border-left-color: #fce3e9 !important;border-left-style: solid !important;border-right-color: #fce3e9 !important;border-right-style: solid !important;border-top-color: #fce3e9 !important;border-top-style: solid !important;border-bottom-color: #fce3e9 !important;border-bottom-style: solid !important;}&#8220;][\/vc_column][\/vc_row][vc_row][vc_column][vc_empty_space][\/vc_column][\/vc_row][vc_row][vc_column width=&#8220;1\/2&#8243;][vc_column_text el_class=&#8220;icon_list_subt_gr&#8220;]<\/p>\n<h3><strong>150 MW LINIE<\/strong><\/h3>\n<p>[\/vc_column_text][vc_single_image image=&#8220;25295&#8243; img_size=&#8220;full&#8220; onclick=&#8220;custom_link&#8220; css_animation=&#8220;zoomInUp&#8220; link=&#8220;https:\/\/www.mondragon-assembly.com\/de\/solar-automation-solutions\/turnkey-lines-for-pv-module-manufacturing\/150-mw-line\/&#8220; css=&#8220;.vc_custom_1612960171738{border-top-width: 3px !important;border-right-width: 3px !important;border-bottom-width: 3px !important;border-left-width: 3px !important;border-left-color: #fce3e9 !important;border-left-style: solid !important;border-right-color: #fce3e9 !important;border-right-style: solid !important;border-top-color: #fce3e9 !important;border-top-style: solid !important;border-bottom-color: #fce3e9 !important;border-bottom-style: solid !important;}&#8220;][\/vc_column][vc_column width=&#8220;1\/2&#8243;][vc_column_text el_class=&#8220;icon_list_subt_gr&#8220;]<\/p>\n<h3><strong>300 MW LINIE<\/strong><\/h3>\n<p>[\/vc_column_text][vc_single_image image=&#8220;25313&#8243; img_size=&#8220;full&#8220; onclick=&#8220;custom_link&#8220; css_animation=&#8220;zoomInUp&#8220; link=&#8220;https:\/\/www.mondragon-assembly.com\/de\/solar-automation-solutions\/turnkey-lines-for-pv-module-manufacturing\/300-mw-line\/&#8220; css=&#8220;.vc_custom_1612960234670{border-top-width: 3px !important;border-right-width: 3px !important;border-bottom-width: 3px !important;border-left-width: 3px !important;border-left-color: #fce3e9 !important;border-left-style: solid !important;border-right-color: #fce3e9 !important;border-right-style: solid !important;border-top-color: #fce3e9 !important;border-top-style: solid !important;border-bottom-color: #fce3e9 !important;border-bottom-style: solid !important;}&#8220;][\/vc_column][\/vc_row][vc_row][vc_column][vc_empty_space][\/vc_column][\/vc_row][vc_row][vc_column width=&#8220;1\/2&#8243;][vc_column_text el_class=&#8220;icon_list_subt_gr&#8220;]<\/p>\n<h3><strong>600 MW LINIE<\/strong><\/h3>\n<p>[\/vc_column_text][vc_single_image image=&#8220;25331&#8243; img_size=&#8220;full&#8220; onclick=&#8220;custom_link&#8220; css_animation=&#8220;zoomInUp&#8220; link=&#8220;https:\/\/www.mondragon-assembly.com\/de\/solar-automation-solutions\/turnkey-lines-for-pv-module-manufacturing\/600-mw-line\/&#8220; css=&#8220;.vc_custom_1612960257206{border-top-width: 3px !important;border-right-width: 3px !important;border-bottom-width: 3px !important;border-left-width: 3px !important;border-left-color: #fce3e9 !important;border-left-style: solid !important;border-right-color: #fce3e9 !important;border-right-style: solid !important;border-top-color: #fce3e9 !important;border-top-style: solid !important;border-bottom-color: #fce3e9 !important;border-bottom-style: solid !important;}&#8220;][\/vc_column][vc_column width=&#8220;1\/2&#8243;][vc_column_text el_class=&#8220;icon_list_subt_gr&#8220;]<\/p>\n<h3><strong>1200 MW LINIE<\/strong><\/h3>\n<p>[\/vc_column_text][vc_single_image image=&#8220;25349&#8243; img_size=&#8220;full&#8220; onclick=&#8220;custom_link&#8220; css_animation=&#8220;zoomInUp&#8220; link=&#8220;https:\/\/www.mondragon-assembly.com\/de\/solar-automation-solutions\/turnkey-lines-for-pv-module-manufacturing\/1200-mw-line\/&#8220; css=&#8220;.vc_custom_1612960283526{border-top-width: 3px !important;border-right-width: 3px !important;border-bottom-width: 3px !important;border-left-width: 3px !important;border-left-color: #fce3e9 !important;border-left-style: solid !important;border-right-color: #fce3e9 !important;border-right-style: solid !important;border-top-color: #fce3e9 !important;border-top-style: solid !important;border-bottom-color: #fce3e9 !important;border-bottom-style: solid !important;}&#8220;][\/vc_column][\/vc_row][vc_row][vc_column][vc_empty_space][\/vc_column][\/vc_row]<\/p>\n<\/div>","protected":false},"excerpt":{"rendered":"<p>[vc_row content_placement=&#8220;top&#8220; parallax=&#8220;content-moving&#8220; parallax_image=&#8220;25465&#8243; parallax_speed_bg=&#8220;1&#8243; css=&#8220;.vc_custom_1604313685741{margin-top: -25px !important;padding-top: 90px !important;padding-bottom: 110px !important;}&#8220;][vc_column][vc_row_inner][vc_column_inner][vc_column_text css=&#8220;.vc_custom_1618313254357{background-color: #ffffff !important;}&#8220; el_class=&#8220;txt_encima_foto&#8220;] SCHL\u00dcSSELFERTIGE LINIEN F\u00dcR DIE FERTIGUNG VON PV-MODULEN [\/vc_column_text][\/vc_column_inner][\/vc_row_inner][\/vc_column][\/vc_row][vc_row css=&#8220;.vc_custom_1604064744834{margin-top: -25px !important;}&#8220;][vc_column][vc_empty_space height=&#8220;20&#8243;][\/vc_column][\/vc_row][vc_row css=&#8220;.vc_custom_1604064744834{margin-top: -25px !important;}&#8220;][vc_column][vc_column_text css_animation=&#8220;appear&#8220; css=&#8220;.vc_custom_1608205938507{padding-top: 7px !important;padding-right: 20px !important;padding-bottom: 20px !important;padding-left: 20px !important;background-color: #f7f7f7 !important;}&#8220;] Wir sind die besten Partner, damit Sie sich in der Solartechnik behaupten [&hellip;]<\/p>\n","protected":false},"author":4,"featured_media":0,"parent":31257,"menu_order":0,"comment_status":"closed","ping_status":"closed","template":"sectors.php","meta":{"_lmt_disableupdate":"","_lmt_disable":"","footnotes":""},"yst_prominent_words":[2629,3437,3530,4344,614,4406,930,4415,939,4516,1007,1014,1016,1079,1202,2181,2202,2208,2299],"class_list":["post-26906","page","type-page","status-publish","hentry"],"acf":[],"_links":{"self":[{"href":"https:\/\/www.mondragon-assembly.com\/de\/wp-json\/wp\/v2\/pages\/26906","targetHints":{"allow":["GET"]}}],"collection":[{"href":"https:\/\/www.mondragon-assembly.com\/de\/wp-json\/wp\/v2\/pages"}],"about":[{"href":"https:\/\/www.mondragon-assembly.com\/de\/wp-json\/wp\/v2\/types\/page"}],"author":[{"embeddable":true,"href":"https:\/\/www.mondragon-assembly.com\/de\/wp-json\/wp\/v2\/users\/4"}],"replies":[{"embeddable":true,"href":"https:\/\/www.mondragon-assembly.com\/de\/wp-json\/wp\/v2\/comments?post=26906"}],"version-history":[{"count":20,"href":"https:\/\/www.mondragon-assembly.com\/de\/wp-json\/wp\/v2\/pages\/26906\/revisions"}],"predecessor-version":[{"id":39498,"href":"https:\/\/www.mondragon-assembly.com\/de\/wp-json\/wp\/v2\/pages\/26906\/revisions\/39498"}],"up":[{"embeddable":true,"href":"https:\/\/www.mondragon-assembly.com\/de\/wp-json\/wp\/v2\/pages\/31257"}],"wp:attachment":[{"href":"https:\/\/www.mondragon-assembly.com\/de\/wp-json\/wp\/v2\/media?parent=26906"}],"wp:term":[{"taxonomy":"yst_prominent_words","embeddable":true,"href":"https:\/\/www.mondragon-assembly.com\/de\/wp-json\/wp\/v2\/yst_prominent_words?post=26906"}],"curies":[{"name":"wp","href":"https:\/\/api.w.org\/{rel}","templated":true}]}}