{"id":27021,"date":"2016-04-15T08:54:41","date_gmt":"2016-04-15T07:54:41","guid":{"rendered":"https:\/\/www.mondragon-assembly.com\/tabber-and-stringer\/"},"modified":"2025-05-14T10:55:32","modified_gmt":"2025-05-14T09:55:32","slug":"tabber-and-stringer","status":"publish","type":"page","link":"https:\/\/www.mondragon-assembly.com\/de\/solar-automation-solutions\/einzelgeraete-2\/tabber-and-stringer\/","title":{"rendered":"Tabber &amp; Stringer"},"content":{"rendered":"<div class=\"wpb-content-wrapper\"><p>[vc_row][vc_column][vc_column_text]Unsere kombinierten Tabber &amp; Stringer-Maschinen sind pr\u00e4zise, zuverl\u00e4ssig und anwenderfreundlich. Unsere bew\u00e4hrte Technologie, kombiniert mit modularem Aufbau und modernsten Funktionen, ist entscheidend f\u00fcr \u00e4u\u00dferst niedrige Gesamtbetriebskosten bei hoher Produktivit\u00e4t.<\/p>\n<p>Wir haben eine breite Palette an Tabber &amp; Stringern f\u00fcr alle Produktionsanforderungen im Angebot.[\/vc_column_text][\/vc_column][\/vc_row][vc_row][vc_column][vc_single_image image=&#8220;45780&#8243; img_size=&#8220;full&#8220; alignment=&#8220;center&#8220; style=&#8220;vc_box_outline&#8220; onclick=&#8220;custom_link&#8220; css_animation=&#8220;fadeIn&#8220; link=&#8220;https:\/\/www.mondragon-assembly.com\/solar-automation-solutions\/individual-equipment\/tabber-stringer\/mts-2500\/&#8220;][\/vc_column][\/vc_row][vc_row full_width=&#8220;stretch_row_content&#8220; css=&#8220;.vc_custom_1605009570719{margin-top: -25px !important;}&#8220;][vc_column width=&#8220;1\/5&#8243;][\/vc_column][vc_column width=&#8220;2\/5&#8243;][vc_column_text]<\/p>\n<h3><span style=\"color: #e20026;\"><img decoding=\"async\" class=\"alignnone size-full wp-image-22215\" src=\"https:\/\/www.mondragon-assembly.com\/wp-content\/uploads\/2019\/06\/icon-description.jpg\" alt=\"\" width=\"41\" height=\"41\" \/> Beschreibung<\/span><\/h3>\n<p>[\/vc_column_text][vc_column_text]Unsere Tabber &amp; Stringer schwei\u00dfen Solarzellen zu einem Draht oder Band zusammen, um<br \/>\nsie elektrisch miteinander zu verbinden und Zellstrings zu bilden. Diese Str\u00e4nge oder Strings<br \/>\nwerden direkt nach dem String-Prozess im Lay-up-System codiert.[\/vc_column_text][\/vc_column][vc_column width=&#8220;2\/5&#8243;][vc_column_text]<\/p>\n<h3><span style=\"color: #e20026;\"><img decoding=\"async\" class=\"alignnone wp-image-22325 size-full\" src=\"https:\/\/www.mondragon-assembly.com\/wp-content\/uploads\/2019\/06\/icon-advantages.jpg\" alt=\"\" width=\"41\" height=\"41\" \/> Vorteile<\/span><\/h3>\n<p>[\/vc_column_text][vc_column_text el_class=&#8220;icon_list&#8220;]<\/p>\n<ul>\n<li>Minimale Umr\u00fcstzeit<\/li>\n<li>Verbesserte Qualit\u00e4tskontrolle bei der Zellen- und String-Produktion<\/li>\n<li>Reibungslose Integration in das MES-System<\/li>\n<li>Autodiagnose<\/li>\n<li>Ergonomischer, einfacher Zugang zu jedem Maschinenteil<\/li>\n<li>Kleinere Maschine und darum einfacher zu montieren und platzsparend<\/li>\n<li>Patentierter kontinuierlicher Stringing-Prozess<\/li>\n<\/ul>\n<p>[\/vc_column_text][\/vc_column][\/vc_row][vc_row full_width=&#8220;stretch_row_content&#8220;][vc_column width=&#8220;1\/5&#8243;][\/vc_column][vc_column width=&#8220;2\/5&#8243;][vc_column_text]<\/p>\n<h3><span style=\"color: #e20026;\"><img decoding=\"async\" class=\"alignnone wp-image-22233 size-full\" src=\"https:\/\/www.mondragon-assembly.com\/wp-content\/uploads\/2019\/06\/icon-main-features.jpg\" alt=\"\" width=\"41\" height=\"41\" \/> Wichtigste Eigenschaften<\/span><\/h3>\n<p>[\/vc_column_text][vc_column_text el_class=&#8220;icon_list&#8220;]<\/p>\n<ul>\n<li>Kontaktlose IR-L\u00f6ttechnologie<\/li>\n<li>Kontaktloses Flussmittel-Ausgabesystem<\/li>\n<li>Servobetriebenes Band<\/li>\n<li>Anti-Camber-Systeme, um die Geradlinigkeit der Tabs zu verbessern<\/li>\n<li>Zahlreiche Verfahrensrezepturen.<\/li>\n<li>Sichtpr\u00fcfung der Zellpositionierung und Strings<\/li>\n<li>Zelltemperaturkontrolle in mehreren Stufen<\/li>\n<\/ul>\n<p>[\/vc_column_text][\/vc_column][vc_column width=&#8220;2\/5&#8243;][vc_column_text]<\/p>\n<h3><span style=\"color: #e20026;\"><img decoding=\"async\" class=\"alignnone wp-image-25046 size-full\" src=\"https:\/\/www.mondragon-assembly.com\/wp-content\/uploads\/2020\/10\/icon-module-technology.jpg\" alt=\"\" width=\"41\" height=\"41\" \/> Modultechnologien<\/span><\/h3>\n<p>[\/vc_column_text][vc_column_text el_class=&#8220;icon_list&#8220;]<\/p>\n<ul>\n<li>Zellgr\u00f6\u00dfen bis zu M12 (210 mm)<\/li>\n<li>Bis zu 16 BB<\/li>\n<li>Geeignet f\u00fcr BIPV-Module<\/li>\n<li>Zelltype: Poly, Mono, Mono PERC und TOPCON<\/li>\n<li>Schnitt-Zellen und bifaziale Zellen<\/li>\n<\/ul>\n<p>[\/vc_column_text][\/vc_column][\/vc_row][vc_row][vc_column][vc_separator][\/vc_column][\/vc_row][vc_row][vc_column width=&#8220;1\/2&#8243;][vc_single_image image=&#8220;52794&#8243; img_size=&#8220;full&#8220; onclick=&#8220;custom_link&#8220; css_animation=&#8220;fadeIn&#8220; css=&#8220;.vc_custom_1705666715761{border-top-width: 3px !important;border-right-width: 3px !important;border-bottom-width: 3px !important;border-left-width: 3px !important;border-left-color: #fce3e9 !important;border-left-style: solid !important;border-right-color: #fce3e9 !important;border-right-style: solid !important;border-top-color: #fce3e9 !important;border-top-style: solid !important;border-bottom-color: #fce3e9 !important;border-bottom-style: solid !important;}&#8220; link=&#8220;https:\/\/www.mondragon-assembly.com\/de\/solar-automation-solutions\/einzelgeraete\/tabber-and-stringer\/mts-eca-die-beste-loesung-fuer-hjt-zellverbindungen\/&#8220;][vc_column_text css=&#8220;.vc_custom_1705666682400{margin-top: -10px !important;}&#8220; el_class=&#8220;icon_list_subt&#8220;]<\/p>\n<h4>MTS ECA: Die beste L\u00f6sung f\u00fcr HJT-Zellverbindungen<\/h4>\n<p>[\/vc_column_text][vc_column_text css=&#8220;.vc_custom_1705666692048{margin-top: -15px !important;}&#8220;]Hochgeschwindigkeits-Tabber &amp; Stringer mit einer Kapazit\u00e4t von 1600 Zellen\/Stunde.[\/vc_column_text][\/vc_column][vc_column width=&#8220;1\/2&#8243;][vc_single_image image=&#8220;22580&#8243; img_size=&#8220;full&#8220; onclick=&#8220;custom_link&#8220; css_animation=&#8220;fadeIn&#8220; css=&#8220;.vc_custom_1745922235905{border-top-width: 3px !important;border-right-width: 3px !important;border-bottom-width: 3px !important;border-left-width: 3px !important;border-left-style: solid !important;border-right-style: solid !important;border-top-style: solid !important;border-bottom-style: solid !important;border-color: #fce3e9 !important;}&#8220; link=&#8220;https:\/\/www.mondragon-assembly.com\/de\/solar-automation-solutions\/einzelgeraete-2\/tabber-and-stringer\/mts-3000-2\/&#8220;][vc_column_text css=&#8220;.vc_custom_1603184544526{margin-top: -10px !important;}&#8220; el_class=&#8220;icon_list_subt&#8220;]<\/p>\n<h4>MTS 3000: Der schnellste Tabber &amp; Stringer der Welt in einer Spur<\/h4>\n<p>[\/vc_column_text][vc_column_text css=&#8220;.vc_custom_1608236333581{margin-top: -15px !important;}&#8220;]Schneller Tabber &amp; Stringer mit einer Kapazit\u00e4t von bis 3000 Zellen\/Stunde.[\/vc_column_text][\/vc_column][\/vc_row][vc_row][vc_column width=&#8220;1\/2&#8243;][vc_single_image image=&#8220;25061&#8243; img_size=&#8220;full&#8220; onclick=&#8220;custom_link&#8220; css_animation=&#8220;fadeIn&#8220; css=&#8220;.vc_custom_1747216532747{border-top-width: 3px !important;border-right-width: 3px !important;border-bottom-width: 3px !important;border-left-width: 3px !important;border-left-style: solid !important;border-right-style: solid !important;border-top-style: solid !important;border-bottom-style: solid !important;border-color: #fce3e9 !important;}&#8220; link=&#8220;https:\/\/www.mondragon-assembly.com\/de\/solar-automation-solutions\/einzelgeraete-2\/tabber-and-stringer\/mts-6000\/&#8220;][vc_column_text css=&#8220;.vc_custom_1739904652457{margin-top: -10px !important;}&#8220; el_class=&#8220;icon_list_subt&#8220;]<\/p>\n<h4>MTS 6000: Tabber &amp; Stringer mit hohem Durchsatz bei minimaler<\/h4>\n<p>[\/vc_column_text][vc_column_text css=&#8220;.vc_custom_1739904659801{margin-top: -15px !important;}&#8220;]<\/p>\n<div class=\"vc_row wpb_row vc_row-fluid\">\n<div class=\"wpb_column vc_column_container vc_col-sm-12\">\n<div class=\"vc_column-inner\">\n<div class=\"wpb_wrapper\">\n<div class=\"wpb_text_column wpb_content_element \">\n<div class=\"wpb_wrapper\">\n<p>Schneller Tabber &amp; Stringer mit einer Kapazit\u00e4t von bis 6000 Zellen\/Stunde.<\/p>\n<\/div>\n<\/div>\n<\/div>\n<\/div>\n<\/div>\n<\/div>\n<p>[\/vc_column_text][\/vc_column][vc_column width=&#8220;1\/2&#8243;][\/vc_column][\/vc_row]<\/p>\n<\/div>","protected":false},"excerpt":{"rendered":"<p>[vc_row][vc_column][vc_column_text]Unsere kombinierten Tabber &amp; Stringer-Maschinen sind pr\u00e4zise, zuverl\u00e4ssig und anwenderfreundlich. Unsere bew\u00e4hrte Technologie, kombiniert mit modularem Aufbau und modernsten Funktionen, ist entscheidend f\u00fcr \u00e4u\u00dferst niedrige Gesamtbetriebskosten bei hoher Produktivit\u00e4t. Wir haben eine breite Palette an Tabber &amp; Stringern f\u00fcr alle Produktionsanforderungen im Angebot.[\/vc_column_text][\/vc_column][\/vc_row][vc_row][vc_column][vc_single_image image=&#8220;45780&#8243; img_size=&#8220;full&#8220; alignment=&#8220;center&#8220; style=&#8220;vc_box_outline&#8220; onclick=&#8220;custom_link&#8220; css_animation=&#8220;fadeIn&#8220; link=&#8220;https:\/\/www.mondragon-assembly.com\/solar-automation-solutions\/individual-equipment\/tabber-stringer\/mts-2500\/&#8220;][\/vc_column][\/vc_row][vc_row full_width=&#8220;stretch_row_content&#8220; css=&#8220;.vc_custom_1605009570719{margin-top: -25px !important;}&#8220;][vc_column width=&#8220;1\/5&#8243;][\/vc_column][vc_column [&hellip;]<\/p>\n","protected":false},"author":4,"featured_media":0,"parent":28432,"menu_order":0,"comment_status":"closed","ping_status":"closed","template":"sectors.php","meta":{"_lmt_disableupdate":"no","_lmt_disable":"","footnotes":""},"yst_prominent_words":[491,756],"class_list":["post-27021","page","type-page","status-publish","hentry"],"acf":[],"_links":{"self":[{"href":"https:\/\/www.mondragon-assembly.com\/de\/wp-json\/wp\/v2\/pages\/27021","targetHints":{"allow":["GET"]}}],"collection":[{"href":"https:\/\/www.mondragon-assembly.com\/de\/wp-json\/wp\/v2\/pages"}],"about":[{"href":"https:\/\/www.mondragon-assembly.com\/de\/wp-json\/wp\/v2\/types\/page"}],"author":[{"embeddable":true,"href":"https:\/\/www.mondragon-assembly.com\/de\/wp-json\/wp\/v2\/users\/4"}],"replies":[{"embeddable":true,"href":"https:\/\/www.mondragon-assembly.com\/de\/wp-json\/wp\/v2\/comments?post=27021"}],"version-history":[{"count":31,"href":"https:\/\/www.mondragon-assembly.com\/de\/wp-json\/wp\/v2\/pages\/27021\/revisions"}],"predecessor-version":[{"id":77740,"href":"https:\/\/www.mondragon-assembly.com\/de\/wp-json\/wp\/v2\/pages\/27021\/revisions\/77740"}],"up":[{"embeddable":true,"href":"https:\/\/www.mondragon-assembly.com\/de\/wp-json\/wp\/v2\/pages\/28432"}],"wp:attachment":[{"href":"https:\/\/www.mondragon-assembly.com\/de\/wp-json\/wp\/v2\/media?parent=27021"}],"wp:term":[{"taxonomy":"yst_prominent_words","embeddable":true,"href":"https:\/\/www.mondragon-assembly.com\/de\/wp-json\/wp\/v2\/yst_prominent_words?post=27021"}],"curies":[{"name":"wp","href":"https:\/\/api.w.org\/{rel}","templated":true}]}}