{"id":27149,"date":"2020-10-25T18:24:57","date_gmt":"2020-10-25T16:24:57","guid":{"rendered":"https:\/\/www.mondragon-assembly.com\/laminators\/jt-inside-best-performance-laminator-on-the-market\/"},"modified":"2021-05-05T10:59:36","modified_gmt":"2021-05-05T08:59:36","slug":"jt-inside-best-performance-laminator-on-the-market","status":"publish","type":"page","link":"https:\/\/www.mondragon-assembly.com\/de\/solar-automation-solutions\/einzelgeraete-2\/laminators\/jt-inside-best-performance-laminator-on-the-market\/","title":{"rendered":"JT INSIDE: Der Laminator mit der besten Leistung auf dem Markt"},"content":{"rendered":"<div class=\"wpb-content-wrapper\"><p>[vc_row][vc_column][vc_column_text]Hoher Durchsatz durch bew\u00e4hrte Technologie.[\/vc_column_text][\/vc_column][\/vc_row][vc_row][vc_column][vc_single_image image=&#8220;32080&#8243; img_size=&#8220;full&#8220; alignment=&#8220;center&#8220; style=&#8220;vc_box_outline&#8220;][\/vc_column][\/vc_row][vc_row][vc_column width=&#8220;1\/6&#8243;][\/vc_column][vc_column width=&#8220;2\/6&#8243;][vc_row_inner][vc_column_inner width=&#8220;1\/4&#8243; css=&#8220;.vc_custom_1619778535631{padding-right: 0px !important;}&#8220; offset=&#8220;vc_col-xs-3&#8243;][vc_single_image image=&#8220;22017&#8243; img_size=&#8220;full&#8220; alignment=&#8220;center&#8220;][\/vc_column_inner][vc_column_inner width=&#8220;3\/4&#8243; css=&#8220;.vc_custom_1620201548132{padding-left: 0px !important;}&#8220; offset=&#8220;vc_col-xs-9&#8243;][vc_column_text]<\/p>\n<h4>Typische Zykluszeit &lt;6 min<\/h4>\n<p>[\/vc_column_text][\/vc_column_inner][\/vc_row_inner][\/vc_column][vc_column width=&#8220;2\/6&#8243;][vc_row_inner css=&#8220;.vc_custom_1561537027700{padding-left: 0px !important;}&#8220;][vc_column_inner width=&#8220;1\/4&#8243; css=&#8220;.vc_custom_1619777961928{padding-right: 0px !important;}&#8220; offset=&#8220;vc_col-xs-3&#8243;][vc_single_image image=&#8220;22259&#8243; img_size=&#8220;full&#8220; alignment=&#8220;center&#8220;][\/vc_column_inner][vc_column_inner width=&#8220;3\/4&#8243; offset=&#8220;vc_col-xs-9&#8243; css=&#8220;.vc_custom_1620201559596{padding-left: 0px !important;}&#8220;][vc_column_text]<\/p>\n<h4>Geeignet f\u00fcr Glas-Folien-, Glas-Glas- und BIPV-Module<\/h4>\n<p>[\/vc_column_text][\/vc_column_inner][\/vc_row_inner][\/vc_column][vc_column width=&#8220;1\/6&#8243;][\/vc_column][\/vc_row][vc_row full_width=&#8220;stretch_row_content&#8220;][vc_column width=&#8220;1\/6&#8243;][\/vc_column][vc_column width=&#8220;2\/6&#8243;][vc_column_text]<\/p>\n<h3><span style=\"color: #e20026;\"><img decoding=\"async\" class=\"alignnone size-full wp-image-22215\" src=\"https:\/\/www.mondragon-assembly.com\/wp-content\/uploads\/2019\/06\/icon-description.jpg\" alt=\"\" width=\"41\" height=\"41\" \/> Beschreibung<\/span><\/h3>\n<p>[\/vc_column_text][vc_column_text]Die Laminierung geh\u00f6rt zu den kritischsten Prozessen der Solarpaneel-Fertigungslinie des PV-Moduls.<br \/>\nSie sorgt f\u00fcr die Qualit\u00e4t und Stabilit\u00e4t des PV-Moduls.[\/vc_column_text][\/vc_column][vc_column width=&#8220;2\/5&#8243;][vc_column_text]<\/p>\n<h3><span style=\"color: #e20026;\"><img decoding=\"async\" class=\"alignnone wp-image-22325 size-full\" src=\"https:\/\/www.mondragon-assembly.com\/wp-content\/uploads\/2019\/06\/icon-advantages.jpg\" alt=\"\" width=\"41\" height=\"41\" \/> Vorteile<\/span><\/h3>\n<p>[\/vc_column_text][vc_column_text el_class=&#8220;icon_list&#8220;]<\/p>\n<ul>\n<li>Kundenspezifische Heizplattengr\u00f6\u00dfe<\/li>\n<li>Genauigkeit &lt; \u00b1 1\u00a0\u00b0C<\/li>\n<li>Verf\u00fcgbare Betriebszeit &gt; 95\u00a0%<\/li>\n<li>Vakuum- und Scrollpumpen von Spitzenmarken<\/li>\n<li>Prozessoptimierung durch den Process Engineering Service von Mondragon Assembly<\/li>\n<\/ul>\n<p>[\/vc_column_text][\/vc_column][\/vc_row][vc_row full_width=&#8220;stretch_row_content&#8220;][vc_column width=&#8220;1\/5&#8243;][\/vc_column][vc_column width=&#8220;2\/5&#8243;][vc_column_text]<\/p>\n<h3><span style=\"color: #e20026;\"><img decoding=\"async\" class=\"alignnone wp-image-22233 size-full\" src=\"https:\/\/www.mondragon-assembly.com\/wp-content\/uploads\/2019\/06\/icon-main-features.jpg\" alt=\"\" width=\"41\" height=\"41\" \/> Wichtigste Eigenschaften<\/span><\/h3>\n<p>[\/vc_column_text][vc_column_text el_class=&#8220;icon_list&#8220;]<\/p>\n<ul>\n<li>Membranpressenlaminator<\/li>\n<li>Patentierte Hybrid-Heizplatte<\/li>\n<li>Optionale Stift-Hub-System<\/li>\n<li>Ein- oder Zwei-Schritt-Einstellung<\/li>\n<li>Optionale K\u00fchlpresse<\/li>\n<\/ul>\n<p>[\/vc_column_text][\/vc_column][vc_column width=&#8220;2\/5&#8243;][vc_column_text]<\/p>\n<h3><span style=\"color: #e20026;\"><img decoding=\"async\" class=\"alignnone wp-image-25046 size-full\" src=\"https:\/\/www.mondragon-assembly.com\/wp-content\/uploads\/2020\/10\/icon-module-technology.jpg\" alt=\"\" width=\"41\" height=\"41\" \/> Modultechnologien<\/span><\/h3>\n<p>[\/vc_column_text][vc_column_text el_class=&#8220;icon_list&#8220;]<\/p>\n<ul>\n<li>Geeignet f\u00fcr BIPV-Module<\/li>\n<li>Speziell f\u00fcr Glas-R\u00fcckfolien-Module konzipiert<\/li>\n<li>Geeignet f\u00fcr Glas-Glas-Module<\/li>\n<li>Passend f\u00fcr jede Art von Verkapselung<\/li>\n<\/ul>\n<p>[\/vc_column_text][\/vc_column][\/vc_row]<\/p>\n<\/div>","protected":false},"excerpt":{"rendered":"<p>[vc_row][vc_column][vc_column_text]Hoher Durchsatz durch bew\u00e4hrte Technologie.[\/vc_column_text][\/vc_column][\/vc_row][vc_row][vc_column][vc_single_image image=&#8220;32080&#8243; img_size=&#8220;full&#8220; alignment=&#8220;center&#8220; style=&#8220;vc_box_outline&#8220;][\/vc_column][\/vc_row][vc_row][vc_column width=&#8220;1\/6&#8243;][\/vc_column][vc_column width=&#8220;2\/6&#8243;][vc_row_inner][vc_column_inner width=&#8220;1\/4&#8243; css=&#8220;.vc_custom_1619778535631{padding-right: 0px !important;}&#8220; offset=&#8220;vc_col-xs-3&#8243;][vc_single_image image=&#8220;22017&#8243; img_size=&#8220;full&#8220; alignment=&#8220;center&#8220;][\/vc_column_inner][vc_column_inner width=&#8220;3\/4&#8243; css=&#8220;.vc_custom_1620201548132{padding-left: 0px !important;}&#8220; offset=&#8220;vc_col-xs-9&#8243;][vc_column_text] Typische Zykluszeit &lt;6 min [\/vc_column_text][\/vc_column_inner][\/vc_row_inner][\/vc_column][vc_column width=&#8220;2\/6&#8243;][vc_row_inner css=&#8220;.vc_custom_1561537027700{padding-left: 0px !important;}&#8220;][vc_column_inner width=&#8220;1\/4&#8243; css=&#8220;.vc_custom_1619777961928{padding-right: 0px !important;}&#8220; offset=&#8220;vc_col-xs-3&#8243;][vc_single_image image=&#8220;22259&#8243; img_size=&#8220;full&#8220; alignment=&#8220;center&#8220;][\/vc_column_inner][vc_column_inner width=&#8220;3\/4&#8243; offset=&#8220;vc_col-xs-9&#8243; css=&#8220;.vc_custom_1620201559596{padding-left: 0px !important;}&#8220;][vc_column_text] Geeignet f\u00fcr Glas-Folien-, Glas-Glas- und BIPV-Module [\/vc_column_text][\/vc_column_inner][\/vc_row_inner][\/vc_column][vc_column width=&#8220;1\/6&#8243;][\/vc_column][\/vc_row][vc_row full_width=&#8220;stretch_row_content&#8220;][vc_column [&hellip;]<\/p>\n","protected":false},"author":4,"featured_media":0,"parent":27133,"menu_order":0,"comment_status":"closed","ping_status":"closed","template":"sectors.php","meta":{"_lmt_disableupdate":"","_lmt_disable":"","footnotes":""},"yst_prominent_words":[232,305,1079,1214,2181,4467,4482,4674,4759,4790,5095,5096,5097],"class_list":["post-27149","page","type-page","status-publish","hentry"],"acf":[],"_links":{"self":[{"href":"https:\/\/www.mondragon-assembly.com\/de\/wp-json\/wp\/v2\/pages\/27149","targetHints":{"allow":["GET"]}}],"collection":[{"href":"https:\/\/www.mondragon-assembly.com\/de\/wp-json\/wp\/v2\/pages"}],"about":[{"href":"https:\/\/www.mondragon-assembly.com\/de\/wp-json\/wp\/v2\/types\/page"}],"author":[{"embeddable":true,"href":"https:\/\/www.mondragon-assembly.com\/de\/wp-json\/wp\/v2\/users\/4"}],"replies":[{"embeddable":true,"href":"https:\/\/www.mondragon-assembly.com\/de\/wp-json\/wp\/v2\/comments?post=27149"}],"version-history":[{"count":15,"href":"https:\/\/www.mondragon-assembly.com\/de\/wp-json\/wp\/v2\/pages\/27149\/revisions"}],"predecessor-version":[{"id":40314,"href":"https:\/\/www.mondragon-assembly.com\/de\/wp-json\/wp\/v2\/pages\/27149\/revisions\/40314"}],"up":[{"embeddable":true,"href":"https:\/\/www.mondragon-assembly.com\/de\/wp-json\/wp\/v2\/pages\/27133"}],"wp:attachment":[{"href":"https:\/\/www.mondragon-assembly.com\/de\/wp-json\/wp\/v2\/media?parent=27149"}],"wp:term":[{"taxonomy":"yst_prominent_words","embeddable":true,"href":"https:\/\/www.mondragon-assembly.com\/de\/wp-json\/wp\/v2\/yst_prominent_words?post=27149"}],"curies":[{"name":"wp","href":"https:\/\/api.w.org\/{rel}","templated":true}]}}