{"id":27165,"date":"2020-10-25T18:14:38","date_gmt":"2020-10-25T16:14:38","guid":{"rendered":"https:\/\/www.mondragon-assembly.com\/laminators\/mal-flat-press-the-best-solution-for-glass-glass-modules\/"},"modified":"2021-03-24T12:36:03","modified_gmt":"2021-03-24T10:36:03","slug":"mal-flat-press-the-best-solution-for-glass-glass-modules","status":"publish","type":"page","link":"https:\/\/www.mondragon-assembly.com\/de\/solar-automation-solutions\/einzelgeraete-2\/laminators\/mal-flat-press-the-best-solution-for-glass-glass-modules\/","title":{"rendered":"ML FLACHPRESSE: Die optimale L\u00f6sung f\u00fcr Glas-Glas-Module"},"content":{"rendered":"<div class=\"wpb-content-wrapper\"><p>[vc_row][vc_column][vc_column_text el_class=&#8220;icon_list&#8220;]Laminator mit hohem Durchsatz bei minimaler Umweltbelastung.[\/vc_column_text][vc_row_inner][vc_column_inner][vc_single_image image=&#8220;31161&#8243; img_size=&#8220;full&#8220; alignment=&#8220;center&#8220; css_animation=&#8220;fadeIn&#8220;][\/vc_column_inner][\/vc_row_inner][\/vc_column][\/vc_row][vc_row][vc_column][vc_empty_space][\/vc_column][\/vc_row][vc_row][vc_column width=&#8220;1\/3&#8243;][vc_column_text el_class=&#8220;icon-img-laminator&#8220;]<\/p>\n<h4 style=\"text-align: center;\"><img decoding=\"async\" class=\"size-full wp-image-22018 alignleft\" style=\"float: left;\" src=\"https:\/\/www.mondragon-assembly.com\/wp-content\/uploads\/2019\/06\/icon-throughput.jpg\" alt=\"\" width=\"40\" height=\"40\" \/> Typische Zykluszeit &lt;7 min f\u00fcr Glas-Folien-Module &lt; 8 min f\u00fcr Glas-Glas-Module<\/h4>\n<p>[\/vc_column_text][\/vc_column][vc_column width=&#8220;1\/3&#8243;][vc_column_text el_class=&#8220;icon-img-laminator&#8220;]<\/p>\n<h4 style=\"text-align: center;\"><img decoding=\"async\" class=\"alignnone size-full wp-image-22018\" src=\"https:\/\/www.mondragon-assembly.com\/wp-content\/uploads\/2019\/06\/icon-tools.jpg\" alt=\"\" width=\"40\" height=\"40\" \/> <span style=\"margin-left: 10px; line-height: 30px;\">Kundenspezifische Heizplattengr\u00f6\u00dfe<\/span><\/h4>\n<p>[\/vc_column_text][\/vc_column][vc_column width=&#8220;1\/3&#8243;][vc_column_text el_class=&#8220;icon-img-laminator&#8220;]<\/p>\n<h4 style=\"text-align: center;\"><img decoding=\"async\" class=\"size-full wp-image-22018 alignleft\" style=\"float: left; margin-right: 5px;\" src=\"https:\/\/www.mondragon-assembly.com\/wp-content\/uploads\/2019\/06\/icon-check-grey.jpg\" alt=\"\" width=\"40\" height=\"40\" \/> Geeignet f\u00fcr Glas-Folien-, Glas-Glas- und BIPV-Module<\/h4>\n<p>[\/vc_column_text][\/vc_column][\/vc_row][vc_row full_width=&#8220;stretch_row_content&#8220;][vc_column width=&#8220;1\/5&#8243;][\/vc_column][vc_column width=&#8220;2\/5&#8243;][vc_column_text]<\/p>\n<h3><span style=\"color: #e20026;\"><img decoding=\"async\" class=\"alignnone size-full wp-image-22215\" src=\"https:\/\/www.mondragon-assembly.com\/wp-content\/uploads\/2019\/06\/icon-description.jpg\" alt=\"\" width=\"41\" height=\"41\" \/> Beschreibung<\/span><\/h3>\n<p>[\/vc_column_text][vc_column_text]Die Laminierung geh\u00f6rt zu den kritischsten Prozessen der Solarpaneel-Fertigungslinie des PV-Moduls.<br \/>\nSie sorgt f\u00fcr die Qualit\u00e4t und Stabilit\u00e4t des PV-Moduls.[\/vc_column_text][\/vc_column][vc_column width=&#8220;2\/5&#8243;][vc_column_text]<\/p>\n<h3><span style=\"color: #e20026;\"><img decoding=\"async\" class=\"alignnone wp-image-22325 size-full\" src=\"https:\/\/www.mondragon-assembly.com\/wp-content\/uploads\/2019\/06\/icon-advantages.jpg\" alt=\"\" width=\"41\" height=\"41\" \/> Vorteile<\/span><\/h3>\n<p>[\/vc_column_text][vc_column_text el_class=&#8220;icon_list&#8220;]<\/p>\n<ul>\n<li>Kundenspezifische Heizplattengr\u00f6\u00dfen<\/li>\n<li>Genauigkeit &lt; \u00b1 2\u00a0\u00b0C<\/li>\n<li>Verf\u00fcgbare Betriebszeit &gt; 95\u00a0%<\/li>\n<li>Vakuum- und Scrollpumpen von Spitzenmarken<\/li>\n<li>Prozessoptimierung durch den Process Engineering Service von Mondragon Assembly<\/li>\n<\/ul>\n<p>[\/vc_column_text][\/vc_column][\/vc_row][vc_row full_width=&#8220;stretch_row_content&#8220;][vc_column width=&#8220;1\/5&#8243;][\/vc_column][vc_column width=&#8220;2\/5&#8243;][vc_column_text]<\/p>\n<h3><span style=\"color: #e20026;\"><img decoding=\"async\" class=\"alignnone wp-image-22233 size-full\" src=\"https:\/\/www.mondragon-assembly.com\/wp-content\/uploads\/2019\/06\/icon-main-features.jpg\" alt=\"\" width=\"41\" height=\"41\" \/> Wichtigste Eigenschaften<\/span><\/h3>\n<p>[\/vc_column_text][vc_column_text el_class=&#8220;icon_list&#8220;]<\/p>\n<ul>\n<li>Flachpressensystem<\/li>\n<li>Doppelseitige Modulheizung<\/li>\n<li>Elektrisches \u00d6l-Heizsystem<\/li>\n<li>Optionale Stift-Hub-System<\/li>\n<li>Ein- oder Zwei-Schritt-Einstellung<\/li>\n<li>Multistack-Design. Anpassbare Stackzahl<\/li>\n<li>Optionale K\u00fchlpresse<\/li>\n<\/ul>\n<p>[\/vc_column_text][\/vc_column][vc_column width=&#8220;2\/5&#8243;][vc_column_text]<\/p>\n<h3><span style=\"color: #e20026;\"><img decoding=\"async\" class=\"alignnone wp-image-25046 size-full\" src=\"https:\/\/www.mondragon-assembly.com\/wp-content\/uploads\/2020\/10\/icon-module-technology.jpg\" alt=\"\" width=\"41\" height=\"41\" \/> Modultechnologien<\/span><\/h3>\n<p>[\/vc_column_text][vc_column_text el_class=&#8220;icon_list&#8220;]<\/p>\n<ul>\n<li>Geeignet f\u00fcr BIPV-Module<\/li>\n<li>Speziell f\u00fcr Glas-Glas-Module konzipiert<\/li>\n<li>Geeignet f\u00fcr Glas-R\u00fcckfolien-Module<\/li>\n<li>Passend f\u00fcr jede Art von Verkapselung<\/li>\n<\/ul>\n<p>[\/vc_column_text][\/vc_column][\/vc_row]<\/p>\n<\/div>","protected":false},"excerpt":{"rendered":"<p>[vc_row][vc_column][vc_column_text el_class=&#8220;icon_list&#8220;]Laminator mit hohem Durchsatz bei minimaler Umweltbelastung.[\/vc_column_text][vc_row_inner][vc_column_inner][vc_single_image image=&#8220;31161&#8243; img_size=&#8220;full&#8220; alignment=&#8220;center&#8220; css_animation=&#8220;fadeIn&#8220;][\/vc_column_inner][\/vc_row_inner][\/vc_column][\/vc_row][vc_row][vc_column][vc_empty_space][\/vc_column][\/vc_row][vc_row][vc_column width=&#8220;1\/3&#8243;][vc_column_text el_class=&#8220;icon-img-laminator&#8220;] Typische Zykluszeit &lt;7 min f\u00fcr Glas-Folien-Module &lt; 8 min f\u00fcr Glas-Glas-Module [\/vc_column_text][\/vc_column][vc_column width=&#8220;1\/3&#8243;][vc_column_text el_class=&#8220;icon-img-laminator&#8220;] Kundenspezifische Heizplattengr\u00f6\u00dfe [\/vc_column_text][\/vc_column][vc_column width=&#8220;1\/3&#8243;][vc_column_text el_class=&#8220;icon-img-laminator&#8220;] Geeignet f\u00fcr Glas-Folien-, Glas-Glas- und BIPV-Module [\/vc_column_text][\/vc_column][\/vc_row][vc_row full_width=&#8220;stretch_row_content&#8220;][vc_column width=&#8220;1\/5&#8243;][\/vc_column][vc_column width=&#8220;2\/5&#8243;][vc_column_text] Beschreibung [\/vc_column_text][vc_column_text]Die Laminierung geh\u00f6rt zu den kritischsten Prozessen der Solarpaneel-Fertigungslinie des PV-Moduls. [&hellip;]<\/p>\n","protected":false},"author":4,"featured_media":0,"parent":27133,"menu_order":0,"comment_status":"closed","ping_status":"closed","template":"sectors.php","meta":{"_lmt_disableupdate":"","_lmt_disable":"","footnotes":""},"yst_prominent_words":[232,305,1079,1214,2181,4467,4482,4674,4759,4790,5095,5096,5097],"class_list":["post-27165","page","type-page","status-publish","hentry"],"acf":[],"_links":{"self":[{"href":"https:\/\/www.mondragon-assembly.com\/de\/wp-json\/wp\/v2\/pages\/27165","targetHints":{"allow":["GET"]}}],"collection":[{"href":"https:\/\/www.mondragon-assembly.com\/de\/wp-json\/wp\/v2\/pages"}],"about":[{"href":"https:\/\/www.mondragon-assembly.com\/de\/wp-json\/wp\/v2\/types\/page"}],"author":[{"embeddable":true,"href":"https:\/\/www.mondragon-assembly.com\/de\/wp-json\/wp\/v2\/users\/4"}],"replies":[{"embeddable":true,"href":"https:\/\/www.mondragon-assembly.com\/de\/wp-json\/wp\/v2\/comments?post=27165"}],"version-history":[{"count":15,"href":"https:\/\/www.mondragon-assembly.com\/de\/wp-json\/wp\/v2\/pages\/27165\/revisions"}],"predecessor-version":[{"id":37036,"href":"https:\/\/www.mondragon-assembly.com\/de\/wp-json\/wp\/v2\/pages\/27165\/revisions\/37036"}],"up":[{"embeddable":true,"href":"https:\/\/www.mondragon-assembly.com\/de\/wp-json\/wp\/v2\/pages\/27133"}],"wp:attachment":[{"href":"https:\/\/www.mondragon-assembly.com\/de\/wp-json\/wp\/v2\/media?parent=27165"}],"wp:term":[{"taxonomy":"yst_prominent_words","embeddable":true,"href":"https:\/\/www.mondragon-assembly.com\/de\/wp-json\/wp\/v2\/yst_prominent_words?post=27165"}],"curies":[{"name":"wp","href":"https:\/\/api.w.org\/{rel}","templated":true}]}}