{"id":27176,"date":"2020-10-25T14:36:17","date_gmt":"2020-10-25T12:36:17","guid":{"rendered":"https:\/\/www.mondragon-assembly.com\/laminators\/ml-membrane-best-value-laminator\/"},"modified":"2024-01-22T22:42:53","modified_gmt":"2024-01-22T20:42:53","slug":"ml-membrane-best-value-laminator","status":"publish","type":"page","link":"https:\/\/www.mondragon-assembly.com\/de\/solar-automation-solutions\/einzelgeraete-2\/laminators\/ml-membrane-best-value-laminator\/","title":{"rendered":"ML MEMBRANE: Preiswertester Laminator"},"content":{"rendered":"<div class=\"wpb-content-wrapper\"><p>[vc_row][vc_column][vc_column_text]Hoher Durchsatz auf der Grundlage bew\u00e4hrter Technologie.[\/vc_column_text][\/vc_column][\/vc_row][vc_row][vc_column][vc_single_image image=&#8220;45628&#8243; img_size=&#8220;full&#8220; alignment=&#8220;center&#8220; style=&#8220;vc_box_outline&#8220;][\/vc_column][\/vc_row][vc_row][vc_column width=&#8220;1\/4&#8243;][vc_row_inner][vc_column_inner width=&#8220;1\/4&#8243; css=&#8220;.vc_custom_1619778535631{padding-right: 0px !important;}&#8220; offset=&#8220;vc_col-xs-3&#8243;][vc_single_image image=&#8220;22017&#8243; img_size=&#8220;full&#8220; alignment=&#8220;center&#8220;][\/vc_column_inner][vc_column_inner width=&#8220;3\/4&#8243; css=&#8220;.vc_custom_1620201548132{padding-left: 0px !important;}&#8220; offset=&#8220;vc_col-xs-9&#8243;][vc_column_text]<\/p>\n<h4>Typische Zykluszeit &lt; 7 min<\/h4>\n<p>[\/vc_column_text][\/vc_column_inner][\/vc_row_inner][\/vc_column][vc_column width=&#8220;1\/4&#8243;][vc_row_inner][vc_column_inner width=&#8220;1\/4&#8243; css=&#8220;.vc_custom_1619777945487{padding-right: 0px !important;}&#8220; offset=&#8220;vc_col-xs-3&#8243;][vc_single_image image=&#8220;22277&#8243; img_size=&#8220;full&#8220; alignment=&#8220;center&#8220;][\/vc_column_inner][vc_column_inner width=&#8220;3\/4&#8243; css=&#8220;.vc_custom_1620201553885{padding-left: 0px !important;}&#8220; offset=&#8220;vc_col-xs-9&#8243;][vc_column_text]<\/p>\n<h4>Kundenspezifische Heizplattengr\u00f6\u00dfe<\/h4>\n<p>[\/vc_column_text][\/vc_column_inner][\/vc_row_inner][\/vc_column][vc_column width=&#8220;1\/4&#8243;][vc_row_inner css=&#8220;.vc_custom_1561537027700{padding-left: 0px !important;}&#8220;][vc_column_inner width=&#8220;1\/4&#8243; css=&#8220;.vc_custom_1619777961928{padding-right: 0px !important;}&#8220; offset=&#8220;vc_col-xs-3&#8243;][vc_single_image image=&#8220;22259&#8243; img_size=&#8220;full&#8220; alignment=&#8220;center&#8220;][\/vc_column_inner][vc_column_inner width=&#8220;3\/4&#8243; offset=&#8220;vc_col-xs-9&#8243; css=&#8220;.vc_custom_1620201559596{padding-left: 0px !important;}&#8220;][vc_column_text]<\/p>\n<h4>Geeignet f\u00fcr Glas-R\u00fcckwand- und Glas-Glas-Module<\/h4>\n<p>[\/vc_column_text][\/vc_column_inner][\/vc_row_inner][\/vc_column][vc_column width=&#8220;1\/4&#8243;][vc_row_inner css=&#8220;.vc_custom_1561537027700{padding-left: 0px !important;}&#8220;][vc_column_inner width=&#8220;1\/4&#8243; css=&#8220;.vc_custom_1619777961928{padding-right: 0px !important;}&#8220; offset=&#8220;vc_col-xs-3&#8243;][vc_single_image image=&#8220;64184&#8243; img_size=&#8220;full&#8220; alignment=&#8220;center&#8220;][\/vc_column_inner][vc_column_inner width=&#8220;3\/4&#8243; offset=&#8220;vc_col-xs-9&#8243; css=&#8220;.vc_custom_1620201559596{padding-left: 0px !important;}&#8220;][vc_column_text]<\/p>\n<h4>Obere Heizung als Option<\/h4>\n<p>[\/vc_column_text][\/vc_column_inner][\/vc_row_inner][\/vc_column][\/vc_row][vc_row full_width=&#8220;stretch_row_content&#8220;][vc_column width=&#8220;1\/5&#8243;][\/vc_column][vc_column width=&#8220;2\/5&#8243;][vc_column_text]<\/p>\n<h3><span style=\"color: #e20026;\"><img decoding=\"async\" class=\"alignnone size-full wp-image-22215\" src=\"https:\/\/www.mondragon-assembly.com\/wp-content\/uploads\/2019\/06\/icon-description.jpg\" alt=\"\" width=\"41\" height=\"41\" \/> Beschreibung<\/span><\/h3>\n<p>[\/vc_column_text][vc_column_text css=&#8220;.vc_custom_1705955814717{padding-right: 130px !important;}&#8220;]Die Laminierung ist einer der wichtigsten Prozesse in der Fertigungslinie f\u00fcr Solarmodule; sie gew\u00e4hrleistet die Qualit\u00e4t und Haltbarkeit des PV-Moduls. Die entsprechenden Materialien werden auf das Glas des PV-Moduls gelegt, das in den Laminator eingef\u00fchrt wird. In den Kammern des Laminators wird ein Vakuum erzeugt, um die Luft aus dem Modul zu entfernen. In Kombination mit kontrolliertem Druck und homogener Temperatur entsteht so ein kompaktes Laminat mit der besten Zuverl\u00e4ssigkeit auf dem Markt.[\/vc_column_text][\/vc_column][vc_column width=&#8220;2\/5&#8243;][vc_column_text]<\/p>\n<h3><span style=\"color: #e20026;\"><img decoding=\"async\" class=\"alignnone wp-image-22325 size-full\" src=\"https:\/\/www.mondragon-assembly.com\/wp-content\/uploads\/2019\/06\/icon-advantages.jpg\" alt=\"\" width=\"41\" height=\"41\" \/> Vorteile<\/span><\/h3>\n<p>[\/vc_column_text][vc_column_text el_class=&#8220;icon_list&#8220;]<\/p>\n<ul>\n<li>Membranpressen-Laminator<\/li>\n<li>Ma\u00dfgeschneiderte Heizplattengr\u00f6\u00dfen<\/li>\n<li>Genauigkeit &lt; \u00b1 1,5\u00baC<\/li>\n<li>Vakuum- und Root-Pumpen der Spitzenmarken<\/li>\n<li>Beliebteste\u00a0Laminierl\u00f6sung auf dem Solarmarkt<\/li>\n<li>Prozessoptimierung durch den Process Engineering Service<br \/>\nvon Mondragon Assembly<\/li>\n<\/ul>\n<p>[\/vc_column_text][\/vc_column][\/vc_row][vc_row full_width=&#8220;stretch_row_content&#8220;][vc_column width=&#8220;1\/5&#8243;][\/vc_column][vc_column width=&#8220;2\/5&#8243;][vc_column_text]<\/p>\n<h3><span style=\"color: #e20026;\"><img decoding=\"async\" class=\"alignnone wp-image-22233 size-full\" src=\"https:\/\/www.mondragon-assembly.com\/wp-content\/uploads\/2019\/06\/icon-main-features.jpg\" alt=\"\" width=\"41\" height=\"41\" \/> Hauptmerkmale<\/span><\/h3>\n<p>[\/vc_column_text][vc_column_text el_class=&#8220;icon_list&#8220;]<\/p>\n<ul>\n<li>1 oder 2 Laminierstufen\u00a0und\u00a0optionale\u00a0K\u00fchlpresse<\/li>\n<li>Einstapel- oder\u00a0Doppelstapel-Laminator<\/li>\n<li>Homogenit\u00e4t der Heizplattentemperatur \u00b1\u00a01,5\u00baC<\/li>\n<li>Optionales Pin-Lift-System<\/li>\n<li>Einfache\u00a0oder\u00a0doppelte\u00a0\u00d6ffnung<\/li>\n<li>Technische\u00a0Verf\u00fcgbarkeit (VDI 3423) &gt; 95%<\/li>\n<li>Ausbeute &gt; 99,9%<\/li>\n<li>Obere Heizung als Option<\/li>\n<\/ul>\n<p>[\/vc_column_text][\/vc_column][vc_column width=&#8220;2\/5&#8243;][vc_column_text]<\/p>\n<h3><span style=\"color: #e20026;\"><img decoding=\"async\" class=\"alignnone wp-image-25046 size-full\" src=\"https:\/\/www.mondragon-assembly.com\/wp-content\/uploads\/2020\/10\/icon-module-technology.jpg\" alt=\"\" width=\"41\" height=\"41\" \/> Modultechnologien<\/span><\/h3>\n<p>[\/vc_column_text][vc_column_text el_class=&#8220;icon_list&#8220;]<\/p>\n<ul>\n<li>G\u00fcltig f\u00fcr alle Arten von Verkapselungen (EVA, POE, TPO, PBV)<\/li>\n<li>Speziell entwickelt f\u00fcr Glass-Backsheet-Module<\/li>\n<li>Geeignet f\u00fcr BIPV-Module<\/li>\n<li>Alle\u00a0Arten von Zellen (PERC,HJT,CIGS&#8230;)<\/li>\n<li>Flachband\u00a0oder\u00a0Runddraht<\/li>\n<\/ul>\n<p>[\/vc_column_text][\/vc_column][\/vc_row]<\/p>\n<\/div>","protected":false},"excerpt":{"rendered":"<p>[vc_row][vc_column][vc_column_text]Hoher Durchsatz auf der Grundlage bew\u00e4hrter Technologie.[\/vc_column_text][\/vc_column][\/vc_row][vc_row][vc_column][vc_single_image image=&#8220;45628&#8243; img_size=&#8220;full&#8220; alignment=&#8220;center&#8220; style=&#8220;vc_box_outline&#8220;][\/vc_column][\/vc_row][vc_row][vc_column width=&#8220;1\/4&#8243;][vc_row_inner][vc_column_inner width=&#8220;1\/4&#8243; css=&#8220;.vc_custom_1619778535631{padding-right: 0px !important;}&#8220; offset=&#8220;vc_col-xs-3&#8243;][vc_single_image image=&#8220;22017&#8243; img_size=&#8220;full&#8220; alignment=&#8220;center&#8220;][\/vc_column_inner][vc_column_inner width=&#8220;3\/4&#8243; css=&#8220;.vc_custom_1620201548132{padding-left: 0px !important;}&#8220; offset=&#8220;vc_col-xs-9&#8243;][vc_column_text] Typische Zykluszeit &lt; 7 min [\/vc_column_text][\/vc_column_inner][\/vc_row_inner][\/vc_column][vc_column width=&#8220;1\/4&#8243;][vc_row_inner][vc_column_inner width=&#8220;1\/4&#8243; css=&#8220;.vc_custom_1619777945487{padding-right: 0px !important;}&#8220; offset=&#8220;vc_col-xs-3&#8243;][vc_single_image image=&#8220;22277&#8243; img_size=&#8220;full&#8220; alignment=&#8220;center&#8220;][\/vc_column_inner][vc_column_inner width=&#8220;3\/4&#8243; css=&#8220;.vc_custom_1620201553885{padding-left: 0px !important;}&#8220; offset=&#8220;vc_col-xs-9&#8243;][vc_column_text] Kundenspezifische Heizplattengr\u00f6\u00dfe [\/vc_column_text][\/vc_column_inner][\/vc_row_inner][\/vc_column][vc_column width=&#8220;1\/4&#8243;][vc_row_inner css=&#8220;.vc_custom_1561537027700{padding-left: 0px !important;}&#8220;][vc_column_inner width=&#8220;1\/4&#8243; css=&#8220;.vc_custom_1619777961928{padding-right: 0px [&hellip;]<\/p>\n","protected":false},"author":4,"featured_media":0,"parent":27133,"menu_order":0,"comment_status":"closed","ping_status":"closed","template":"sectors.php","meta":{"_lmt_disableupdate":"","_lmt_disable":"","footnotes":""},"yst_prominent_words":[4790,5095,5096,5097,232,305,1079,1214,2181,4467,4482,4674,4759],"class_list":["post-27176","page","type-page","status-publish","hentry"],"acf":[],"_links":{"self":[{"href":"https:\/\/www.mondragon-assembly.com\/de\/wp-json\/wp\/v2\/pages\/27176","targetHints":{"allow":["GET"]}}],"collection":[{"href":"https:\/\/www.mondragon-assembly.com\/de\/wp-json\/wp\/v2\/pages"}],"about":[{"href":"https:\/\/www.mondragon-assembly.com\/de\/wp-json\/wp\/v2\/types\/page"}],"author":[{"embeddable":true,"href":"https:\/\/www.mondragon-assembly.com\/de\/wp-json\/wp\/v2\/users\/4"}],"replies":[{"embeddable":true,"href":"https:\/\/www.mondragon-assembly.com\/de\/wp-json\/wp\/v2\/comments?post=27176"}],"version-history":[{"count":26,"href":"https:\/\/www.mondragon-assembly.com\/de\/wp-json\/wp\/v2\/pages\/27176\/revisions"}],"predecessor-version":[{"id":67005,"href":"https:\/\/www.mondragon-assembly.com\/de\/wp-json\/wp\/v2\/pages\/27176\/revisions\/67005"}],"up":[{"embeddable":true,"href":"https:\/\/www.mondragon-assembly.com\/de\/wp-json\/wp\/v2\/pages\/27133"}],"wp:attachment":[{"href":"https:\/\/www.mondragon-assembly.com\/de\/wp-json\/wp\/v2\/media?parent=27176"}],"wp:term":[{"taxonomy":"yst_prominent_words","embeddable":true,"href":"https:\/\/www.mondragon-assembly.com\/de\/wp-json\/wp\/v2\/yst_prominent_words?post=27176"}],"curies":[{"name":"wp","href":"https:\/\/api.w.org\/{rel}","templated":true}]}}