{"id":27197,"date":"2016-04-15T09:08:31","date_gmt":"2016-04-15T07:08:31","guid":{"rendered":"https:\/\/www.mondragon-assembly.com\/pv-module-testing\/"},"modified":"2021-02-24T11:39:22","modified_gmt":"2021-02-24T09:39:22","slug":"pv-module-testing","status":"publish","type":"page","link":"https:\/\/www.mondragon-assembly.com\/de\/solar-automation-solutions\/einzelgeraete-2\/pv-module-testing\/","title":{"rendered":"PV-Modul-Tester"},"content":{"rendered":"<div class=\"wpb-content-wrapper\"><p>[vc_row][vc_column][vc_column_text css=&#8220;.vc_custom_1604998544842{margin-top: -15px !important;}&#8220;]Unsere L\u00f6sungen nutzen die modernsten Technologien, um eine ideale PV-Modul-Leistung zu garantieren.[\/vc_column_text][\/vc_column][\/vc_row][vc_row][vc_column][vc_column_text el_class=&#8220;icon_list_subt_gr&#8220; css=&#8220;.vc_custom_1610112159039{margin-top: -10px !important;}&#8220;]<\/p>\n<h3 style=\"font-weight: bold;\"><span style=\"color: #3d3d3d;\">Sonnen-Simulator<\/span><\/h3>\n<p>[\/vc_column_text][vc_row_inner][vc_column_inner width=&#8220;1\/2&#8243;][vc_column_text css=&#8220;.vc_custom_1603968427427{margin-top: -10px !important;}&#8220;]<\/p>\n<h3><span style=\"color: #e20026;\"><img decoding=\"async\" class=\"alignnone size-full wp-image-22215\" src=\"https:\/\/www.mondragon-assembly.com\/wp-content\/uploads\/2019\/06\/icon-description.jpg\" alt=\"\" width=\"41\" height=\"41\" \/> Beschreibung<\/span><\/h3>\n<p>[\/vc_column_text][vc_column_text]Diese Maschine f\u00fchrt eine einfache und direkte serielle Widerstandspr\u00fcfung durch, um die Leistung des Moduls zu berechnen. Danach werden die Messungen auf dem Computer der Maschine gespeichert und das Modul-Etikett mit seinem Strichcode und der gemessenen Leistung ausgedruckt.[\/vc_column_text][\/vc_column_inner][vc_column_inner width=&#8220;1\/2&#8243;][vc_single_image image=&#8220;22949&#8243; img_size=&#8220;full&#8220; style=&#8220;vc_box_outline&#8220; css_animation=&#8220;fadeIn&#8220;][\/vc_column_inner][\/vc_row_inner][vc_row_inner][vc_column_inner width=&#8220;1\/2&#8243;][vc_column_text css=&#8220;.vc_custom_1603968431888{margin-top: -10px !important;}&#8220;]<\/p>\n<h3><span style=\"color: #e20026;\"><img decoding=\"async\" class=\"alignnone wp-image-22233 size-full\" src=\"https:\/\/www.mondragon-assembly.com\/wp-content\/uploads\/2019\/06\/icon-main-features.jpg\" alt=\"\" width=\"41\" height=\"41\" \/> Wichtigste Eigenschaften<\/span><\/h3>\n<p>[\/vc_column_text][vc_column_text el_class=&#8220;icon_list&#8220;]<\/p>\n<ul>\n<li>A+A+A+ Simulatoren<\/li>\n<li>Maximaler Spektrumsbereich 300-1200 nm<\/li>\n<li>Xenon oder LED-Technologie<\/li>\n<li>Gesamtstrahlungsbereich 200-1200 W\/m2<\/li>\n<li>IEC Standard<\/li>\n<li>Zykluszeit &lt; 20 Sekunden<\/li>\n<li>Reibungslose Integration in das MES-System<\/li>\n<\/ul>\n<p>[\/vc_column_text][\/vc_column_inner][vc_column_inner width=&#8220;1\/2&#8243;][vc_column_text css=&#8220;.vc_custom_1603968435809{margin-top: -10px !important;}&#8220;]<\/p>\n<h3><span style=\"color: #e20026;\"><img decoding=\"async\" class=\"alignnone wp-image-25046 size-full\" src=\"https:\/\/www.mondragon-assembly.com\/wp-content\/uploads\/2020\/10\/icon-module-technology.jpg\" alt=\"\" width=\"41\" height=\"41\" \/> Modultechnologien<\/span><\/h3>\n<p>[\/vc_column_text][vc_column_text el_class=&#8220;icon_list&#8220;]<\/p>\n<ul>\n<li>Zelltypen: HJT, TopCon, Mono-PERC und POLY<\/li>\n<li>Module mit und ohne Rahmen<\/li>\n<li>Volle und Schnitt-Zelle<\/li>\n<li>Ein- und zweiseitige Module<\/li>\n<\/ul>\n<p>[\/vc_column_text][\/vc_column_inner][\/vc_row_inner][\/vc_column][\/vc_row][vc_row][vc_column][vc_separator][\/vc_column][\/vc_row][vc_row][vc_column][vc_column_text el_class=&#8220;icon_list_subt_gr&#8220; css=&#8220;.vc_custom_1614006582672{margin-top: -10px !important;}&#8220;]<\/p>\n<h3 style=\"font-weight: bold;\"><span style=\"color: #3d3d3d;\">Elektrolumineszenz \/ EL-Maschine<\/span><\/h3>\n<p>[\/vc_column_text][vc_row_inner][vc_column_inner width=&#8220;1\/2&#8243;][vc_column_text css=&#8220;.vc_custom_1603968427427{margin-top: -10px !important;}&#8220;]<\/p>\n<h3><span style=\"color: #e20026;\"><img decoding=\"async\" class=\"alignnone size-full wp-image-22215\" src=\"https:\/\/www.mondragon-assembly.com\/wp-content\/uploads\/2019\/06\/icon-description.jpg\" alt=\"\" width=\"41\" height=\"41\" \/> Beschreibung<\/span><\/h3>\n<p>[\/vc_column_text][vc_column_text]Das EL-Pr\u00fcfsystem ist mit hochaufl\u00f6senden Kameras ausgestattet, die eine einfache Erkennung von Fehlern wie Mikrobr\u00fcchen, dunklen Bereichen, Gefahren f\u00fcr die Kontaktfinger und Kurzschl\u00fcssen erm\u00f6glichen.[\/vc_column_text][\/vc_column_inner][vc_column_inner width=&#8220;1\/2&#8243;][vc_single_image image=&#8220;26763&#8243; img_size=&#8220;full&#8220; style=&#8220;vc_box_outline&#8220; css_animation=&#8220;fadeIn&#8220;][\/vc_column_inner][\/vc_row_inner][vc_row_inner][vc_column_inner width=&#8220;1\/2&#8243;][vc_column_text css=&#8220;.vc_custom_1603968431888{margin-top: -10px !important;}&#8220;]<\/p>\n<h3><span style=\"color: #e20026;\"><img decoding=\"async\" class=\"alignnone wp-image-22233 size-full\" src=\"https:\/\/www.mondragon-assembly.com\/wp-content\/uploads\/2019\/06\/icon-main-features.jpg\" alt=\"\" width=\"41\" height=\"41\" \/> Wichtigste Eigenschaften<\/span><\/h3>\n<p>[\/vc_column_text][vc_column_text el_class=&#8220;icon_list&#8220;]<\/p>\n<ul>\n<li>Schnelle und einfache Bilderfassung<\/li>\n<li>Selbstpr\u00fcfende Software<\/li>\n<li>Zykluszeit &lt; 20 Sekunden<\/li>\n<li>Genauigkeit: 1px = 0,17 mm<\/li>\n<li>Reibungslose Integration in das MES-System<\/li>\n<\/ul>\n<p>[\/vc_column_text][\/vc_column_inner][vc_column_inner width=&#8220;1\/2&#8243;][vc_column_text css=&#8220;.vc_custom_1603968435809{margin-top: -10px !important;}&#8220;]<\/p>\n<h3><span style=\"color: #e20026;\"><img decoding=\"async\" class=\"alignnone wp-image-25046 size-full\" src=\"https:\/\/www.mondragon-assembly.com\/wp-content\/uploads\/2020\/10\/icon-module-technology.jpg\" alt=\"\" width=\"41\" height=\"41\" \/> Modultechnologien<\/span><\/h3>\n<p>[\/vc_column_text][vc_column_text el_class=&#8220;icon_list&#8220;]<\/p>\n<ul>\n<li>Zelltypen: HJT, TopCon, Mono-PERC und POLY<\/li>\n<li>Module mit und ohne Rahmen<\/li>\n<li>Volle und Schnitt-Zelle<\/li>\n<li>Ein- und zweiseitige Module<\/li>\n<\/ul>\n<p>[\/vc_column_text][\/vc_column_inner][\/vc_row_inner][\/vc_column][\/vc_row][vc_row][vc_column][vc_separator][\/vc_column][\/vc_row][vc_row][vc_column][vc_column_text el_class=&#8220;icon_list_subt_gr&#8220; css=&#8220;.vc_custom_1610112339991{margin-top: -10px !important;}&#8220;]<\/p>\n<h3 style=\"font-weight: bold;\"><span style=\"color: #3d3d3d;\">Hipot-Pr\u00fcfung<\/span><\/h3>\n<p>[\/vc_column_text][vc_row_inner][vc_column_inner width=&#8220;1\/2&#8243;][vc_column_text css=&#8220;.vc_custom_1603968427427{margin-top: -10px !important;}&#8220;]<\/p>\n<h3><span style=\"color: #e20026;\"><img decoding=\"async\" class=\"alignnone size-full wp-image-22215\" src=\"https:\/\/www.mondragon-assembly.com\/wp-content\/uploads\/2019\/06\/icon-description.jpg\" alt=\"\" width=\"41\" height=\"41\" \/> Beschreibung<\/span><\/h3>\n<p>[\/vc_column_text][vc_column_text]Dieses Ger\u00e4t f\u00fchrt elektrische Isoliertests an dem Solarmodul aus.[\/vc_column_text][\/vc_column_inner][vc_column_inner width=&#8220;1\/2&#8243;][vc_single_image image=&#8220;25840&#8243; img_size=&#8220;full&#8220; style=&#8220;vc_box_outline&#8220; css_animation=&#8220;fadeIn&#8220;][\/vc_column_inner][\/vc_row_inner][vc_row_inner][vc_column_inner width=&#8220;1\/2&#8243;][vc_column_text css=&#8220;.vc_custom_1603968431888{margin-top: -10px !important;}&#8220;]<\/p>\n<h3><span style=\"color: #e20026;\"><img decoding=\"async\" class=\"alignnone wp-image-22233 size-full\" src=\"https:\/\/www.mondragon-assembly.com\/wp-content\/uploads\/2019\/06\/icon-main-features.jpg\" alt=\"\" width=\"41\" height=\"41\" \/> Wichtigste Eigenschaften<\/span><\/h3>\n<p>[\/vc_column_text][vc_column_text el_class=&#8220;icon_list&#8220;]<\/p>\n<ul>\n<li>IEC Standard<\/li>\n<li>Folgende Testtypen k\u00f6nnen ausgef\u00fchrt werden:\n<ul>\n<li>Dielektrischer Widerstand<\/li>\n<li>Kontinuit\u00e4ts- und Effizienzpr\u00fcfungen<\/li>\n<li>Isolationswiderstand<\/li>\n<\/ul>\n<\/li>\n<li>Reibungslose Integration in das MES-System<\/li>\n<\/ul>\n<p>[\/vc_column_text][\/vc_column_inner][vc_column_inner width=&#8220;1\/2&#8243;][vc_column_text css=&#8220;.vc_custom_1603968435809{margin-top: -10px !important;}&#8220;]<\/p>\n<h3><span style=\"color: #e20026;\"><img decoding=\"async\" class=\"alignnone wp-image-25046 size-full\" src=\"https:\/\/www.mondragon-assembly.com\/wp-content\/uploads\/2020\/10\/icon-module-technology.jpg\" alt=\"\" width=\"41\" height=\"41\" \/> Modultechnologien<\/span><\/h3>\n<p>[\/vc_column_text][vc_column_text el_class=&#8220;icon_list&#8220;]<\/p>\n<ul>\n<li>Module mit und ohne Rahmen<\/li>\n<\/ul>\n<p>[\/vc_column_text][\/vc_column_inner][\/vc_row_inner][\/vc_column][\/vc_row][vc_row][vc_column][vc_separator][\/vc_column][\/vc_row][vc_row][vc_column][vc_column_text el_class=&#8220;icon_list_subt_gr&#8220; css=&#8220;.vc_custom_1610112349276{margin-top: -10px !important;}&#8220;]<\/p>\n<h3 style=\"font-weight: bold;\"><span style=\"color: #3d3d3d;\">Sichtpr\u00fcfung<\/span><\/h3>\n<p>[\/vc_column_text][vc_row_inner][vc_column_inner width=&#8220;1\/2&#8243;][vc_column_text css=&#8220;.vc_custom_1603968427427{margin-top: -10px !important;}&#8220;]<\/p>\n<h3><span style=\"color: #e20026;\"><img decoding=\"async\" class=\"alignnone size-full wp-image-22215\" src=\"https:\/\/www.mondragon-assembly.com\/wp-content\/uploads\/2019\/06\/icon-description.jpg\" alt=\"\" width=\"41\" height=\"41\" \/> Beschreibung<\/span><\/h3>\n<p>[\/vc_column_text][vc_column_text]Automatische oder manuelle Modulpr\u00fcfung zur Qualit\u00e4tssicherung vor dem EOL-Test.[\/vc_column_text][vc_empty_space height=&#8220;15px&#8220;][vc_column_text css=&#8220;.vc_custom_1603968431888{margin-top: -10px !important;}&#8220;]<\/p>\n<h3><span style=\"color: #e20026;\"><img decoding=\"async\" class=\"alignnone wp-image-22233 size-full\" src=\"https:\/\/www.mondragon-assembly.com\/wp-content\/uploads\/2019\/06\/icon-main-features.jpg\" alt=\"\" width=\"41\" height=\"41\" \/> Wichtigste Eigenschaften<\/span><\/h3>\n<p>[\/vc_column_text][vc_column_text el_class=&#8220;icon_list&#8220;]<\/p>\n<ul>\n<li>Manuelle oder automatische Option<\/li>\n<li>Kontrolle der Zell- und String-Codierung<\/li>\n<li>Zellbruch oder Fehlteile<\/li>\n<li>Falsch ausgerichtetes Band oder Drahtm\u00e4ngel<\/li>\n<li>Blasen oder sonstige Laminierfehler<\/li>\n<li>\u00c4u\u00dfere Abmessungen des Moduls und Geradheit des Rahmens<\/li>\n<li>Weitere Eigenschaften auf Anfrage<\/li>\n<li>Reibungslose Integration in das MES-System<\/li>\n<\/ul>\n<p>[\/vc_column_text][\/vc_column_inner][vc_column_inner width=&#8220;1\/2&#8243;][vc_single_image image=&#8220;25411&#8243; img_size=&#8220;full&#8220; style=&#8220;vc_box_outline&#8220; css_animation=&#8220;fadeIn&#8220;][\/vc_column_inner][\/vc_row_inner][vc_row_inner][vc_column_inner][\/vc_column_inner][\/vc_row_inner][\/vc_column][\/vc_row][vc_row][vc_column][vc_empty_space][\/vc_column][\/vc_row]<\/p>\n<\/div>","protected":false},"excerpt":{"rendered":"<p>[vc_row][vc_column][vc_column_text css=&#8220;.vc_custom_1604998544842{margin-top: -15px !important;}&#8220;]Unsere L\u00f6sungen nutzen die modernsten Technologien, um eine ideale PV-Modul-Leistung zu garantieren.[\/vc_column_text][\/vc_column][\/vc_row][vc_row][vc_column][vc_column_text el_class=&#8220;icon_list_subt_gr&#8220; css=&#8220;.vc_custom_1610112159039{margin-top: -10px !important;}&#8220;] Sonnen-Simulator [\/vc_column_text][vc_row_inner][vc_column_inner width=&#8220;1\/2&#8243;][vc_column_text css=&#8220;.vc_custom_1603968427427{margin-top: -10px !important;}&#8220;] Beschreibung [\/vc_column_text][vc_column_text]Diese Maschine f\u00fchrt eine einfache und direkte serielle Widerstandspr\u00fcfung durch, um die Leistung des Moduls zu berechnen. Danach werden die Messungen auf dem Computer der Maschine gespeichert und das [&hellip;]<\/p>\n","protected":false},"author":4,"featured_media":0,"parent":28432,"menu_order":0,"comment_status":"closed","ping_status":"closed","template":"sectors.php","meta":{"_lmt_disableupdate":"","_lmt_disable":"","footnotes":""},"yst_prominent_words":[],"class_list":["post-27197","page","type-page","status-publish","hentry"],"acf":[],"_links":{"self":[{"href":"https:\/\/www.mondragon-assembly.com\/de\/wp-json\/wp\/v2\/pages\/27197","targetHints":{"allow":["GET"]}}],"collection":[{"href":"https:\/\/www.mondragon-assembly.com\/de\/wp-json\/wp\/v2\/pages"}],"about":[{"href":"https:\/\/www.mondragon-assembly.com\/de\/wp-json\/wp\/v2\/types\/page"}],"author":[{"embeddable":true,"href":"https:\/\/www.mondragon-assembly.com\/de\/wp-json\/wp\/v2\/users\/4"}],"replies":[{"embeddable":true,"href":"https:\/\/www.mondragon-assembly.com\/de\/wp-json\/wp\/v2\/comments?post=27197"}],"version-history":[{"count":10,"href":"https:\/\/www.mondragon-assembly.com\/de\/wp-json\/wp\/v2\/pages\/27197\/revisions"}],"predecessor-version":[{"id":34477,"href":"https:\/\/www.mondragon-assembly.com\/de\/wp-json\/wp\/v2\/pages\/27197\/revisions\/34477"}],"up":[{"embeddable":true,"href":"https:\/\/www.mondragon-assembly.com\/de\/wp-json\/wp\/v2\/pages\/28432"}],"wp:attachment":[{"href":"https:\/\/www.mondragon-assembly.com\/de\/wp-json\/wp\/v2\/media?parent=27197"}],"wp:term":[{"taxonomy":"yst_prominent_words","embeddable":true,"href":"https:\/\/www.mondragon-assembly.com\/de\/wp-json\/wp\/v2\/yst_prominent_words?post=27197"}],"curies":[{"name":"wp","href":"https:\/\/api.w.org\/{rel}","templated":true}]}}