{"id":27355,"date":"2019-12-02T13:56:01","date_gmt":"2019-12-02T11:56:01","guid":{"rendered":"https:\/\/www.mondragon-assembly.com\/other-equipment\/curing-line\/"},"modified":"2021-01-15T13:07:26","modified_gmt":"2021-01-15T11:07:26","slug":"curing-line","status":"publish","type":"page","link":"https:\/\/www.mondragon-assembly.com\/de\/solar-automation-solutions\/einzelgeraete-2\/other-equipment\/curing-line\/","title":{"rendered":"Aush\u00e4rtungslinie"},"content":{"rendered":"<div class=\"wpb-content-wrapper\"><p>[vc_row][vc_column][vc_single_image image=&#8220;23723&#8243; img_size=&#8220;full&#8220; alignment=&#8220;center&#8220; style=&#8220;vc_box_shadow_border&#8220; css_animation=&#8220;fadeIn&#8220;][\/vc_column][\/vc_row][vc_row full_width=&#8220;stretch_row_content&#8220;][vc_column width=&#8220;1\/5&#8243;][\/vc_column][vc_column width=&#8220;2\/5&#8243;][vc_column_text]<\/p>\n<h3><span style=\"color: #e20026;\"><img decoding=\"async\" class=\"alignnone size-full wp-image-22215\" src=\"https:\/\/www.mondragon-assembly.com\/wp-content\/uploads\/2019\/06\/icon-description.jpg\" alt=\"\" width=\"41\" height=\"41\" \/> Beschreibung<\/span><\/h3>\n<p>[\/vc_column_text][vc_column_text]Die Aush\u00e4rtungslinie h\u00e4rtet das Silikon aus oder verfestigt es w\u00e4hren dieses Prozesses<br \/>\n, damit die Module bearbeitet werden k\u00f6nnen.[\/vc_column_text][\/vc_column][vc_column width=&#8220;2\/5&#8243;][vc_column_text]<\/p>\n<h3><span style=\"color: #e20026;\"><img decoding=\"async\" class=\"alignnone wp-image-22325 size-full\" src=\"https:\/\/www.mondragon-assembly.com\/wp-content\/uploads\/2019\/06\/icon-advantages.jpg\" alt=\"\" width=\"41\" height=\"41\" \/> Vorteile<\/span><\/h3>\n<p>[\/vc_column_text][vc_column_text el_class=&#8220;icon_list&#8220;]<\/p>\n<ul>\n<li>Anpassbare Aush\u00e4rtzeit<\/li>\n<li>Volles Aush\u00e4rten des Silikons und vollst\u00e4ndige mechanische<br \/>\nStabilisierung des Moduls vor dem Verpacken<\/li>\n<\/ul>\n<p>[\/vc_column_text][\/vc_column][\/vc_row][vc_row full_width=&#8220;stretch_row_content&#8220;][vc_column width=&#8220;1\/5&#8243;][\/vc_column][vc_column width=&#8220;2\/5&#8243;][vc_column_text]<\/p>\n<h3><span style=\"color: #e20026;\"><img decoding=\"async\" class=\"alignnone wp-image-22233 size-full\" src=\"https:\/\/www.mondragon-assembly.com\/wp-content\/uploads\/2019\/06\/icon-main-features.jpg\" alt=\"\" width=\"41\" height=\"41\" \/> Wichtigste Eigenschaften<\/span><\/h3>\n<p>[\/vc_column_text][vc_column_text el_class=&#8220;icon_list&#8220;]<\/p>\n<ul>\n<li>Br\u00fcckensystem<\/li>\n<li>Maximal 28 Module pro Turm<\/li>\n<li>Automatische Modultrennung beim Laden und Abladen rahmenloser Module<\/li>\n<li>Zykluszeit &lt; 22 Sekunden<\/li>\n<\/ul>\n<p>[\/vc_column_text][\/vc_column][vc_column width=&#8220;2\/5&#8243;][\/vc_column][\/vc_row]<\/p>\n<\/div>","protected":false},"excerpt":{"rendered":"<p>[vc_row][vc_column][vc_single_image image=&#8220;23723&#8243; img_size=&#8220;full&#8220; alignment=&#8220;center&#8220; style=&#8220;vc_box_shadow_border&#8220; css_animation=&#8220;fadeIn&#8220;][\/vc_column][\/vc_row][vc_row full_width=&#8220;stretch_row_content&#8220;][vc_column width=&#8220;1\/5&#8243;][\/vc_column][vc_column width=&#8220;2\/5&#8243;][vc_column_text] Beschreibung [\/vc_column_text][vc_column_text]Die Aush\u00e4rtungslinie h\u00e4rtet das Silikon aus oder verfestigt es w\u00e4hren dieses Prozesses , damit die Module bearbeitet werden k\u00f6nnen.[\/vc_column_text][\/vc_column][vc_column width=&#8220;2\/5&#8243;][vc_column_text] Vorteile [\/vc_column_text][vc_column_text el_class=&#8220;icon_list&#8220;] Anpassbare Aush\u00e4rtzeit Volles Aush\u00e4rten des Silikons und vollst\u00e4ndige mechanische Stabilisierung des Moduls vor dem Verpacken [\/vc_column_text][\/vc_column][\/vc_row][vc_row full_width=&#8220;stretch_row_content&#8220;][vc_column width=&#8220;1\/5&#8243;][\/vc_column][vc_column width=&#8220;2\/5&#8243;][vc_column_text] Wichtigste Eigenschaften [\/vc_column_text][vc_column_text [&hellip;]<\/p>\n","protected":false},"author":4,"featured_media":0,"parent":27213,"menu_order":0,"comment_status":"closed","ping_status":"closed","template":"sectors.php","meta":{"_lmt_disableupdate":"","_lmt_disable":"","footnotes":""},"yst_prominent_words":[307,939,986,1079,5043,5153,5154,5155,5156],"class_list":["post-27355","page","type-page","status-publish","hentry"],"acf":[],"_links":{"self":[{"href":"https:\/\/www.mondragon-assembly.com\/de\/wp-json\/wp\/v2\/pages\/27355","targetHints":{"allow":["GET"]}}],"collection":[{"href":"https:\/\/www.mondragon-assembly.com\/de\/wp-json\/wp\/v2\/pages"}],"about":[{"href":"https:\/\/www.mondragon-assembly.com\/de\/wp-json\/wp\/v2\/types\/page"}],"author":[{"embeddable":true,"href":"https:\/\/www.mondragon-assembly.com\/de\/wp-json\/wp\/v2\/users\/4"}],"replies":[{"embeddable":true,"href":"https:\/\/www.mondragon-assembly.com\/de\/wp-json\/wp\/v2\/comments?post=27355"}],"version-history":[{"count":9,"href":"https:\/\/www.mondragon-assembly.com\/de\/wp-json\/wp\/v2\/pages\/27355\/revisions"}],"predecessor-version":[{"id":29413,"href":"https:\/\/www.mondragon-assembly.com\/de\/wp-json\/wp\/v2\/pages\/27355\/revisions\/29413"}],"up":[{"embeddable":true,"href":"https:\/\/www.mondragon-assembly.com\/de\/wp-json\/wp\/v2\/pages\/27213"}],"wp:attachment":[{"href":"https:\/\/www.mondragon-assembly.com\/de\/wp-json\/wp\/v2\/media?parent=27355"}],"wp:term":[{"taxonomy":"yst_prominent_words","embeddable":true,"href":"https:\/\/www.mondragon-assembly.com\/de\/wp-json\/wp\/v2\/yst_prominent_words?post=27355"}],"curies":[{"name":"wp","href":"https:\/\/api.w.org\/{rel}","templated":true}]}}