{"id":28406,"date":"2021-01-21T15:07:25","date_gmt":"2021-01-21T13:07:25","guid":{"rendered":"https:\/\/www.mondragon-assembly.com\/?page_id=28406"},"modified":"2021-07-07T11:04:48","modified_gmt":"2021-07-07T09:04:48","slug":"uber-uns","status":"publish","type":"page","link":"https:\/\/www.mondragon-assembly.com\/de\/uber-uns\/","title":{"rendered":"\u00dcber uns"},"content":{"rendered":"<div class=\"wpb-content-wrapper\"><p>[vc_row][vc_column][vc_column_text]Mondragon Assembly ist eine internationale Gruppe, die sich auf die Entwicklung von Automatisierungs- und Montagel\u00f6sungen spezialisiert hat. Das Mutterunternehmen wurde im Jahr 1977 in Spanien, die eine Genossenschaft ist, gegr\u00fcndet und ist einer der Pioniere in der Entwicklung von Produktions- und Verbindungstechnologien.<\/p>\n<p>Wir sind in drei Gesch\u00e4ftsbereiche unterteilt: Solar, E-Mobilit\u00e4t und Energiespeicherung, sowie Automatisierungstechnologien. Unsere wichtigsten T\u00e4tigkeiten in jedem dieser Gesch\u00e4ftsbereiche umfassen die Entwicklung von schl\u00fcsselfertigen Anlagen und Maschinen, sowie die Auftragsfertigung. Wobei wir mit unseren sechs Produktionsst\u00e4tten und drei Technik- und Vertriebsniederlassungen in der Lage sind, \u00fcberall auf der Welt L\u00f6sungen anzubieten.[\/vc_column_text][\/vc_column][\/vc_row][vc_row][vc_column][vc_single_image image=&#8220;40631&#8243; img_size=&#8220;500&#215;500&#8243; alignment=&#8220;center&#8220;][\/vc_column][\/vc_row][vc_row][vc_column][vc_column_text]Die Leidenschaft f\u00fcr die Automatisierung ist etwas, das uns als Team eint. Bei Mondragon Assembly erleben wir jedes Projekt mit voller Hingabe, denn Automatisierung ist unsere Berufung. Bei der Abwicklung eines jeden Projekts stellen wir unsere ganze Erfahrung in den Dienst des Kunden. Das bedeutet, dass wir unser gesamtes Potenzial aussch\u00f6pfen, um f\u00fcr jeden Kunden die besten und innovativsten L\u00f6sungen anbieten zu k\u00f6nnen, denn <strong><em><span style=\"font-weight: bold;\">wir machen das Unm\u00f6gliche m\u00f6glich<\/span><\/em><\/strong>.[\/vc_column_text][\/vc_column][\/vc_row][vc_row full_width=&#8220;stretch_row&#8220; css=&#8220;.vc_custom_1609836261542{background-color: #f7f7f7 !important;}&#8220;][vc_column width=&#8220;1\/2&#8243;][vc_custom_heading text=&#8220;UNTERNEHMENSVIDEO&#8220; font_container=&#8220;tag:h3|text_align:left&#8220; google_fonts=&#8220;font_family:Roboto%3A100%2C100italic%2C300%2C300italic%2Cregular%2Citalic%2C500%2C500italic%2C700%2C700italic%2C900%2C900italic|font_style:700%20bold%20regular%3A700%3Anormal&#8220; el_class=&#8220;linea_inferior_title&#8220;][vc_column_text]Sehen Sie unser Unternehmensvideo, um mehr \u00fcber uns zu erfahren.[\/vc_column_text][\/vc_column][vc_column width=&#8220;1\/2&#8243;][vc_row_inner][vc_column_inner][vc_video link=&#8220;https:\/\/www.youtube.com\/watch?v=Wufh7QnY9PA&#8220;][\/vc_column_inner][\/vc_row_inner][\/vc_column][\/vc_row][vc_row][vc_column][vc_empty_space][\/vc_column][\/vc_row][vc_row css=&#8220;.vc_custom_1610364024464{background-color: #f7f7f7 !important;}&#8220;][vc_column width=&#8220;2\/5&#8243;][vc_single_image image=&#8220;28422&#8243; img_size=&#8220;full&#8220;][\/vc_column][vc_column width=&#8220;3\/5&#8243; css=&#8220;.vc_custom_1610363925452{background-color: #f7f7f7 !important;}&#8220;][vc_column_text]<\/p>\n<h4 style=\"text-align: center; font-weight: bold; padding: 50px 0;\"><b>WIR SIND TEIL DER WELTWEIT GR\u00d6SSTEN GENOSSENSCHAFTSGRUPPE<\/b><\/h4>\n<p style=\"text-align: center;\">Wir geh\u00f6ren zur Mondragon Corporation, einer der wichtigsten Unternehmensgruppen in Europa. Die 1954 gegr\u00fcndete und st\u00e4ndig wachsende Gruppe umfasst \u00fcber 280 Unternehmen, in denen 81.000 Mitarbeiter besch\u00e4ftigt sind.<\/p>\n<p>[\/vc_column_text][\/vc_column][\/vc_row][vc_row][vc_column][vc_empty_space][\/vc_column][\/vc_row][vc_row css=&#8220;.vc_custom_1610364024464{background-color: #f7f7f7 !important;}&#8220;][vc_column width=&#8220;3\/5&#8243;][vc_column_text]<\/p>\n<h4 style=\"text-align: center; font-weight: bold; padding: 20px 0;\"><b>BEI MONDRAGON ASSEMBLY STEHT DIE QUALIT\u00c4T IM VORDERGRUND<br \/>\n<\/b><\/h4>\n<p style=\"text-align: center;\">Wir entwickeln automatische Produktionslinien, bei denen Qualit\u00e4t ein Schl\u00fcsselfaktor ist. Die Herstellung aller unserer Produkte erfolgt nach h\u00f6chsten Qualit\u00e4tsstandards und unterliegt strengen Qualit\u00e4tskontrollen, wobei die Sicherheit der Menschen, die mit unseren Anlagen arbeiten, sowie die Qualit\u00e4t aller unserer Prozesse durch die Zusammenarbeit mit Unternehmen und Institutionen, die die Qualit\u00e4t unserer Produkte pr\u00fcfen, gew\u00e4hrleistet wird.<\/p>\n<p style=\"text-align: center;\">Wir setzen seit Jahren auf die Umsetzung wirksamer Qualit\u00e4tsprozesse in unserer Organisation, was sich in der Zufriedenheit unserer Mitarbeiter und Kunden widerspiegelt.<\/p>\n<p>[\/vc_column_text][\/vc_column][vc_column width=&#8220;2\/5&#8243; css=&#8220;.vc_custom_1610363925452{background-color: #f7f7f7 !important;}&#8220;][vc_single_image image=&#8220;31277&#8243; img_size=&#8220;full&#8220;][\/vc_column][\/vc_row][vc_row][vc_column][vc_empty_space][\/vc_column][\/vc_row][vc_row css=&#8220;.vc_custom_1610364024464{background-color: #f7f7f7 !important;}&#8220;][vc_column width=&#8220;2\/5&#8243;][vc_single_image image=&#8220;31278&#8243; img_size=&#8220;full&#8220;][\/vc_column][vc_column width=&#8220;3\/5&#8243; css=&#8220;.vc_custom_1610363925452{background-color: #f7f7f7 !important;}&#8220;][vc_column_text css=&#8220;.vc_custom_1613378153655{margin-top: 25px !important;}&#8220;]<\/p>\n<h4 style=\"text-align: center; font-weight: bold; padding: 20px 0;\"><b>UNSERE KUNDEN<br \/>\n<\/b><\/h4>\n<p style=\"text-align: center;\">Durch unsere Innovative, ehrliche, transparente, kundenorientierte und erstklassige Unternehmensf\u00fchrung haben wir das Vertrauen unserer Kunden gewonnen und sind f\u00fcr sie zu einer weltweiten Referenzgruppe geworden. Wir bieten L\u00f6sungen mit einem hohen Ma\u00df an technologischem Know-how, schaffen langfristige Beziehungen zu unseren Kunden und nutzen unsere innovativen Ideen, um ihre Erwartungen zu erf\u00fcllen.<\/p>\n<p>[\/vc_column_text][\/vc_column][\/vc_row]<\/p>\n<\/div>","protected":false},"excerpt":{"rendered":"<p>[vc_row][vc_column][vc_column_text]Mondragon Assembly ist eine internationale Gruppe, die sich auf die Entwicklung von Automatisierungs- und Montagel\u00f6sungen spezialisiert hat. Das Mutterunternehmen wurde im Jahr 1977 in Spanien, die eine Genossenschaft ist, gegr\u00fcndet und ist einer der Pioniere in der Entwicklung von Produktions- und Verbindungstechnologien. Wir sind in drei Gesch\u00e4ftsbereiche unterteilt: Solar, E-Mobilit\u00e4t und Energiespeicherung, sowie Automatisierungstechnologien. Unsere [&hellip;]<\/p>\n","protected":false},"author":4,"featured_media":0,"parent":0,"menu_order":0,"comment_status":"closed","ping_status":"closed","template":"sectors.php","meta":{"_lmt_disableupdate":"","_lmt_disable":"","footnotes":""},"yst_prominent_words":[230,1923,2167,2172,2231,2239,4031,4032],"class_list":["post-28406","page","type-page","status-publish","hentry"],"acf":[],"_links":{"self":[{"href":"https:\/\/www.mondragon-assembly.com\/de\/wp-json\/wp\/v2\/pages\/28406","targetHints":{"allow":["GET"]}}],"collection":[{"href":"https:\/\/www.mondragon-assembly.com\/de\/wp-json\/wp\/v2\/pages"}],"about":[{"href":"https:\/\/www.mondragon-assembly.com\/de\/wp-json\/wp\/v2\/types\/page"}],"author":[{"embeddable":true,"href":"https:\/\/www.mondragon-assembly.com\/de\/wp-json\/wp\/v2\/users\/4"}],"replies":[{"embeddable":true,"href":"https:\/\/www.mondragon-assembly.com\/de\/wp-json\/wp\/v2\/comments?post=28406"}],"version-history":[{"count":14,"href":"https:\/\/www.mondragon-assembly.com\/de\/wp-json\/wp\/v2\/pages\/28406\/revisions"}],"predecessor-version":[{"id":40635,"href":"https:\/\/www.mondragon-assembly.com\/de\/wp-json\/wp\/v2\/pages\/28406\/revisions\/40635"}],"wp:attachment":[{"href":"https:\/\/www.mondragon-assembly.com\/de\/wp-json\/wp\/v2\/media?parent=28406"}],"wp:term":[{"taxonomy":"yst_prominent_words","embeddable":true,"href":"https:\/\/www.mondragon-assembly.com\/de\/wp-json\/wp\/v2\/yst_prominent_words?post=28406"}],"curies":[{"name":"wp","href":"https:\/\/api.w.org\/{rel}","templated":true}]}}