{"id":28432,"date":"2016-04-15T08:54:25","date_gmt":"2016-04-15T07:54:25","guid":{"rendered":"https:\/\/www.mondragon-assembly.com\/solarenergie\/einzelgeraete\/"},"modified":"2025-04-03T11:05:46","modified_gmt":"2025-04-03T10:05:46","slug":"einzelgeraete-2","status":"publish","type":"page","link":"https:\/\/www.mondragon-assembly.com\/de\/solar-automation-solutions\/einzelgeraete-2\/","title":{"rendered":"Einzelger\u00e4te"},"content":{"rendered":"<div class=\"wpb-content-wrapper\"><p>[vc_row][vc_column][vc_column_text]Mondragon Assembly bietet flexible, hochtechnologische und h\u00f6chst effiziente L\u00f6sungen f\u00fcr individuelle Ausr\u00fcstungen. Unsere Maschinen werden nach den strengsten europ\u00e4ischen Standards konstruiert, um die Robustheit, Sicherheit und Langlebigkeit der entwickelten L\u00f6sungen zu gew\u00e4hrleisten.[\/vc_column_text][\/vc_column][\/vc_row][vc_row gap=&#8220;35&#8243;][vc_column width=&#8220;1\/2&#8243; css=&#8220;.vc_custom_1731062278114{padding-top: 150px !important;background-image: url(https:\/\/www.mondragon-assembly.com\/wp-content\/uploads\/2024\/11\/tabber-and-stringers-v2.webp?id=72540) !important;background-position: 0 0 !important;background-repeat: no-repeat !important;}&#8220; el_class=&#8220;columna_margen_izq&#8220;][vc_column_text css=&#8220;.vc_custom_1737538771813{margin-bottom: 15px !important;}&#8220;]<\/p>\n<h2 style=\"font-weight: bold;\"><span style=\"color: #ffffff;\">Tabber &amp; Stringers<\/span><\/h2>\n<p><span style=\"color: #ffffff;\">Eine gro\u00dfe Vielfalt f\u00fcr alle Produktionsanforderungen<\/span>[\/vc_column_text][vc_btn title=&#8220;&gt; Finden Sie Ihren Stringer&#8220; style=&#8220;custom&#8220; custom_background=&#8220;#E20026&#8243; custom_text=&#8220;#FFFFFF&#8220; size=&#8220;sm&#8220; css=&#8220;&#8220; link=&#8220;url:https%3A%2F%2Fwww.mondragon-assembly.com%2Fde%2Fsolar-automation-solutions%2Feinzelgeraete%2Ftabber-and-stringer%2F&#8220; el_class=&#8220;resaltar_texto_btn&#8220;][\/vc_column][vc_column width=&#8220;1\/2&#8243; css=&#8220;.vc_custom_1731062294245{padding-top: 150px !important;background-image: url(https:\/\/www.mondragon-assembly.com\/wp-content\/uploads\/2024\/11\/automatic-lay-up-v2.webp?id=72548) !important;background-position: 0 0 !important;background-repeat: no-repeat !important;}&#8220;][vc_column_text css=&#8220;.vc_custom_1737538825208{margin-bottom: 15px !important;}&#8220;]<\/p>\n<h2 style=\"font-weight: bold;\"><span style=\"color: #ffffff;\">Automatisches Lay-up<\/span><\/h2>\n<p><span style=\"color: #ffffff;\">Hohe Geschwindigkeit und genaues Legen<\/span>[\/vc_column_text][vc_btn title=&#8220;&gt; Finden Sie Ihr Lay-up&#8220; style=&#8220;custom&#8220; custom_background=&#8220;#E20026&#8243; custom_text=&#8220;#FFFFFF&#8220; size=&#8220;sm&#8220; css=&#8220;&#8220; link=&#8220;url:https%3A%2F%2Fwww.mondragon-assembly.com%2Fde%2Fsolar-automation-solutions%2Feinzelgeraete%2Fautomatic-lay-up%2F&#8220; el_class=&#8220;resaltar_texto_btn&#8220;][\/vc_column][\/vc_row][vc_row gap=&#8220;35&#8243;][vc_column width=&#8220;1\/2&#8243; css=&#8220;.vc_custom_1731062307986{padding-top: 150px !important;background-image: url(https:\/\/www.mondragon-assembly.com\/wp-content\/uploads\/2024\/11\/interconnection-machine-v2.webp?id=72575) !important;background-position: 0 0 !important;background-repeat: no-repeat !important;}&#8220; el_class=&#8220;columna_margen_izq&#8220;][vc_column_text css=&#8220;.vc_custom_1737555710729{margin-bottom: 15px !important;}&#8220; el_class=&#8220;txt_interconnection&#8220;]<\/p>\n<h2 style=\"font-weight: bold;\"><span style=\"color: #ffffff;\">Verbindungsmachine machine<\/span><\/h2>\n<p><span style=\"color: #ffffff;\">Die Maschine, die das Farbband automatisch l\u00e4dt, schneidet und faltet<\/span>[\/vc_column_text][vc_btn title=&#8220;&gt; Entdecken Sie Ihr IC-120&#8243; style=&#8220;custom&#8220; custom_background=&#8220;#E20026&#8243; custom_text=&#8220;#FFFFFF&#8220; size=&#8220;sm&#8220; css=&#8220;&#8220; link=&#8220;url:https%3A%2F%2Fwww.mondragon-assembly.com%2Fde%2Fsolar-automation-solutions%2Feinzelgeraete%2Finterconnection-machine%2F&#8220; el_class=&#8220;resaltar_texto_btn&#8220;][\/vc_column][vc_column width=&#8220;1\/2&#8243; css=&#8220;.vc_custom_1731062320794{padding-top: 150px !important;background-image: url(https:\/\/www.mondragon-assembly.com\/wp-content\/uploads\/2024\/11\/laminators-v2.webp?id=72583) !important;background-position: 0 0 !important;background-repeat: no-repeat !important;}&#8220;][vc_column_text css=&#8220;.vc_custom_1737538986179{margin-bottom: 15px !important;}&#8220;]<\/p>\n<h2 style=\"font-weight: bold;\"><span style=\"color: #ffffff;\">Laminatoren<\/span><\/h2>\n<p><span style=\"color: #ffffff;\">Ma\u00dfgeschneiderte Laminatoren f\u00fcr alle Produktionsanforderungen<\/span>[\/vc_column_text][vc_btn title=&#8220;&gt; Entdecken Sie Ihr Laminierger\u00e4t&#8220; style=&#8220;custom&#8220; custom_background=&#8220;#E20026&#8243; custom_text=&#8220;#FFFFFF&#8220; size=&#8220;sm&#8220; css=&#8220;&#8220; link=&#8220;url:https%3A%2F%2Fwww.mondragon-assembly.com%2Fde%2Fsolar-automation-solutions%2Feinzelgeraete%2Flaminators%2F&#8220; el_class=&#8220;resaltar_texto_btn&#8220;][\/vc_column][\/vc_row][vc_row gap=&#8220;35&#8243;][vc_column width=&#8220;1\/2&#8243; css=&#8220;.vc_custom_1731062367966{padding-top: 150px !important;background-image: url(https:\/\/www.mondragon-assembly.com\/wp-content\/uploads\/2024\/11\/pv-module-testing-v2.webp?id=72591) !important;background-position: 0 0 !important;background-repeat: no-repeat !important;}&#8220; el_class=&#8220;columna_margen_izq&#8220;][vc_column_text css=&#8220;.vc_custom_1737556223495{margin-bottom: 15px !important;}&#8220;]<\/p>\n<h2 style=\"font-weight: bold;\"><span style=\"color: #ffffff;\">PV-Modul-Tester<\/span><\/h2>\n<p style=\"font-weight: bold;\"><span style=\"color: #ffffff;\">Um die ideale Leistung der PV-Module zu gew\u00e4hrleisten<\/span><\/p>\n<p>[\/vc_column_text][vc_btn title=&#8220;&gt; Finden Sie Ihre Technologie&#8220; style=&#8220;custom&#8220; custom_background=&#8220;#E20026&#8243; custom_text=&#8220;#FFFFFF&#8220; size=&#8220;sm&#8220; css=&#8220;&#8220; link=&#8220;url:https%3A%2F%2Fwww.mondragon-assembly.com%2Fde%2Fsolar-automation-solutions%2Feinzelgeraete%2Fpv-module-testing%2F&#8220; el_class=&#8220;resaltar_texto_btn&#8220;][\/vc_column][vc_column width=&#8220;1\/2&#8243; css=&#8220;.vc_custom_1731062377285{padding-top: 150px !important;background-image: url(https:\/\/www.mondragon-assembly.com\/wp-content\/uploads\/2024\/11\/second-glass-loading-v2.webp?id=72599) !important;background-position: 0 0 !important;background-repeat: no-repeat !important;}&#8220;][vc_column_text css=&#8220;.vc_custom_1737539104441{margin-bottom: 15px !important;}&#8220;]<\/p>\n<h2 style=\"font-weight: bold;\"><span style=\"color: #ffffff;\">Weitere Ger\u00e4te<\/span><\/h2>\n<p><span style=\"color: #ffffff;\">Alles, was Sie zur Automatisierung Ihrer Produktion ben\u00f6tigen<\/span>[\/vc_column_text][vc_btn title=&#8220;&gt; Finden Sie Ihre Ausr\u00fcstung&#8220; style=&#8220;custom&#8220; custom_background=&#8220;#E20026&#8243; custom_text=&#8220;#FFFFFF&#8220; size=&#8220;sm&#8220; css=&#8220;&#8220; link=&#8220;url:https%3A%2F%2Fwww.mondragon-assembly.com%2Fde%2Fsolar-automation-solutions%2Feinzelgeraete-2%2Fother-equipment%2F&#8220; el_class=&#8220;resaltar_texto_btn&#8220;][\/vc_column][\/vc_row]<\/p>\n<\/div>","protected":false},"excerpt":{"rendered":"<p>[vc_row][vc_column][vc_column_text]Mondragon Assembly bietet flexible, hochtechnologische und h\u00f6chst effiziente L\u00f6sungen f\u00fcr individuelle Ausr\u00fcstungen. Unsere Maschinen werden nach den strengsten europ\u00e4ischen Standards konstruiert, um die Robustheit, Sicherheit und Langlebigkeit der entwickelten L\u00f6sungen zu gew\u00e4hrleisten.[\/vc_column_text][\/vc_column][\/vc_row][vc_row gap=&#8220;35&#8243;][vc_column width=&#8220;1\/2&#8243; css=&#8220;.vc_custom_1731062278114{padding-top: 150px !important;background-image: url(https:\/\/www.mondragon-assembly.com\/wp-content\/uploads\/2024\/11\/tabber-and-stringers-v2.webp?id=72540) !important;background-position: 0 0 !important;background-repeat: no-repeat !important;}&#8220; el_class=&#8220;columna_margen_izq&#8220;][vc_column_text css=&#8220;.vc_custom_1737538771813{margin-bottom: 15px !important;}&#8220;] Tabber &amp; Stringers Eine gro\u00dfe Vielfalt f\u00fcr [&hellip;]<\/p>\n","protected":false},"author":4,"featured_media":0,"parent":31257,"menu_order":0,"comment_status":"closed","ping_status":"closed","template":"sectors.php","meta":{"_lmt_disableupdate":"","_lmt_disable":"","footnotes":""},"yst_prominent_words":[1877,2226,2228,2231,2243,2476,2909],"class_list":["post-28432","page","type-page","status-publish","hentry"],"acf":[],"_links":{"self":[{"href":"https:\/\/www.mondragon-assembly.com\/de\/wp-json\/wp\/v2\/pages\/28432","targetHints":{"allow":["GET"]}}],"collection":[{"href":"https:\/\/www.mondragon-assembly.com\/de\/wp-json\/wp\/v2\/pages"}],"about":[{"href":"https:\/\/www.mondragon-assembly.com\/de\/wp-json\/wp\/v2\/types\/page"}],"author":[{"embeddable":true,"href":"https:\/\/www.mondragon-assembly.com\/de\/wp-json\/wp\/v2\/users\/4"}],"replies":[{"embeddable":true,"href":"https:\/\/www.mondragon-assembly.com\/de\/wp-json\/wp\/v2\/comments?post=28432"}],"version-history":[{"count":29,"href":"https:\/\/www.mondragon-assembly.com\/de\/wp-json\/wp\/v2\/pages\/28432\/revisions"}],"predecessor-version":[{"id":76160,"href":"https:\/\/www.mondragon-assembly.com\/de\/wp-json\/wp\/v2\/pages\/28432\/revisions\/76160"}],"up":[{"embeddable":true,"href":"https:\/\/www.mondragon-assembly.com\/de\/wp-json\/wp\/v2\/pages\/31257"}],"wp:attachment":[{"href":"https:\/\/www.mondragon-assembly.com\/de\/wp-json\/wp\/v2\/media?parent=28432"}],"wp:term":[{"taxonomy":"yst_prominent_words","embeddable":true,"href":"https:\/\/www.mondragon-assembly.com\/de\/wp-json\/wp\/v2\/yst_prominent_words?post=28432"}],"curies":[{"name":"wp","href":"https:\/\/api.w.org\/{rel}","templated":true}]}}