{"id":30035,"date":"2020-11-19T11:49:26","date_gmt":"2020-11-19T09:49:26","guid":{"rendered":"https:\/\/www.mondragon-assembly.com\/energy-storage\/"},"modified":"2021-03-30T22:29:23","modified_gmt":"2021-03-30T20:29:23","slug":"e-mobilitat-und-energiespeicherung","status":"publish","type":"page","link":"https:\/\/www.mondragon-assembly.com\/de\/e-mobilitat-und-energiespeicherung\/","title":{"rendered":"E-Mobilit\u00e4t und Energiespeicherung"},"content":{"rendered":"<div class=\"wpb-content-wrapper\"><p>[vc_row css=&#8220;.vc_custom_1604064744834{margin-top: -25px !important;}&#8220;][vc_column][vc_empty_space height=&#8220;20&#8243;][\/vc_column][\/vc_row][vc_row][vc_column][vc_empty_space][\/vc_column][\/vc_row][vc_row css=&#8220;.vc_custom_1604064744834{margin-top: -25px !important;}&#8220;][vc_column][vc_column_text css_animation=&#8220;appear&#8220; css=&#8220;.vc_custom_1609154212919{padding-top: 7px !important;padding-right: 20px !important;padding-bottom: 20px !important;padding-left: 20px !important;background-color: #f7f7f7 !important;}&#8220;]<\/p>\n<h3 style=\"text-align: center;\"><span style=\"color: #2b3c46;\">Die Nachfrage nach Energiespeichersystemen auf Basis von Lithium-Ionen-Batterien w\u00e4chst rasant, sowohl in der Automobilindustrie als auch f\u00fcr station\u00e4re Energieversorgungen.<\/span><\/h3>\n<p>[\/vc_column_text][\/vc_column][\/vc_row][vc_row][vc_column][vc_column_text]Wir kombinieren unsere mehr als 40-j\u00e4hrige Erfahrung aus Bereichen wie Automotive und Photovoltaik, um automatisierte L\u00f6sungen f\u00fcr die Energiespeicherung bereitzustellen. Wir bieten innovative und flexible Systeml\u00f6sungen zur Herstellung von Batteriemodulen und -packs, sowie Wasserstoffbrennstoffzellen f\u00fcr verschiedene Bereiche wie die Automobilindustrie und station\u00e4re Energieversorgung, immer angepasst an die Bed\u00fcrfnisse unserer Kunden.[\/vc_column_text][\/vc_column][\/vc_row][vc_row][vc_column][vc_column_text el_class=&#8220;icon_list&#8220;]Wir bieten eine breite Palette von L\u00f6sungen f\u00fcr verschiedene Energiespeichertechnologien:<\/p>\n<ul>\n<li>Batteriemodule und -packs\n<ul>\n<li>Lithiumbasierte Technologie<\/li>\n<li>Andere chemische Technologien<\/li>\n<\/ul>\n<\/li>\n<li>Wasserstofftechnologien\n<ul>\n<li>Elektrolyse-Verfahren<\/li>\n<li>Stapel-Fertigungsprozess<\/li>\n<\/ul>\n<\/li>\n<\/ul>\n<p>[\/vc_column_text][\/vc_column][\/vc_row][vc_row][vc_column][vc_empty_space height=&#8220;10px&#8220;][\/vc_column][\/vc_row][vc_row][vc_column][vc_column_text el_class=&#8220;icon_list_subt&#8220;]<\/p>\n<h4 style=\"color: #3d3d3d; font-weight: bold;\">L\u00f6sungen f\u00fcr Batteriepack-Technologien<\/h4>\n<p>[\/vc_column_text][\/vc_column][\/vc_row][vc_row][vc_column width=&#8220;1\/2&#8243;][vc_single_image image=&#8220;26030&#8243; img_size=&#8220;full&#8220; alignment=&#8220;center&#8220; onclick=&#8220;custom_link&#8220; css_animation=&#8220;zoomInUp&#8220; css=&#8220;.vc_custom_1617136026101{border-top-width: 3px !important;border-right-width: 3px !important;border-bottom-width: 3px !important;border-left-width: 3px !important;border-left-color: #fce3e9 !important;border-left-style: solid !important;border-right-color: #fce3e9 !important;border-right-style: solid !important;border-top-color: #fce3e9 !important;border-top-style: solid !important;border-bottom-color: #fce3e9 !important;border-bottom-style: solid !important;}&#8220; link=&#8220;https:\/\/www.mondragon-assembly.com\/de\/e-mobilitat-und-energiespeicherung\/turnkey-lines-for-batteries-modules-packs-assembly\/&#8220;][vc_column_text el_class=&#8220;icon_list_subt&#8220;]<\/p>\n<h4><strong>Schl\u00fcsselfertige Anlagen f\u00fcr die Energiespeicherung<br \/>\n<\/strong><\/h4>\n<p>[\/vc_column_text][\/vc_column][vc_column width=&#8220;1\/2&#8243;][vc_single_image image=&#8220;35925&#8243; img_size=&#8220;full&#8220; alignment=&#8220;center&#8220; onclick=&#8220;custom_link&#8220; css_animation=&#8220;zoomInUp&#8220; css=&#8220;.vc_custom_1617136038277{border-top-width: 3px !important;border-right-width: 3px !important;border-bottom-width: 3px !important;border-left-width: 3px !important;border-left-color: #fce3e9 !important;border-left-style: solid !important;border-right-color: #fce3e9 !important;border-right-style: solid !important;border-top-color: #fce3e9 !important;border-top-style: solid !important;border-bottom-color: #fce3e9 !important;border-bottom-style: solid !important;}&#8220; link=&#8220;https:\/\/www.mondragon-assembly.com\/de\/e-mobilitat-und-energiespeicherung\/energy-estorage-individual-equipment\/&#8220;][vc_toggle title=&#8220;Einzelger\u00e4te&#8220; style=&#8220;simple&#8220;]<\/p>\n<ul>\n<li class=\"icon_list_desplegable\"><a href=\"https:\/\/www.mondragon-assembly.com\/de\/e-mobilitat-und-energiespeicherung\/energy-estorage-individual-equipment\/\">Sortier- und Schwei\u00dfger\u00e4t f\u00fcr Zylinderbatteriepacks<\/a><\/li>\n<li><a href=\"https:\/\/www.mondragon-assembly.com\/de\/e-mobilitat-und-energiespeicherung\/energy-estorage-individual-equipment\/#ancla_prismatic\">Schwei\u00dfmaschine f\u00fcr prismatische Zellen<\/a><\/li>\n<\/ul>\n<p>[\/vc_toggle][\/vc_column][\/vc_row][vc_row][vc_column][vc_separator][\/vc_column][\/vc_row][vc_row][vc_column][vc_column_text el_class=&#8220;icon_list_subt&#8220;]<\/p>\n<h4 style=\"color: #3d3d3d; font-weight: bold;\">L\u00f6sungen f\u00fcr automatische Wasserstofftechnologien<\/h4>\n<p>[\/vc_column_text][\/vc_column][\/vc_row][vc_row][vc_column width=&#8220;1\/2&#8243;][vc_single_image image=&#8220;27632&#8243; img_size=&#8220;full&#8220; alignment=&#8220;center&#8220; onclick=&#8220;custom_link&#8220; css_animation=&#8220;zoomInUp&#8220; css=&#8220;.vc_custom_1617136058470{border-top-width: 3px !important;border-right-width: 3px !important;border-bottom-width: 3px !important;border-left-width: 3px !important;border-left-color: #fce3e9 !important;border-left-style: solid !important;border-right-color: #fce3e9 !important;border-right-style: solid !important;border-top-color: #fce3e9 !important;border-top-style: solid !important;border-bottom-color: #fce3e9 !important;border-bottom-style: solid !important;}&#8220; link=&#8220;https:\/\/www.mondragon-assembly.com\/de\/e-mobilitat-und-energiespeicherung\/turnkey-lines-for-bipolar-plate-fuell-cells\/&#8220;][vc_column_text el_class=&#8220;icon_list_subt&#8220;]<\/p>\n<h4><strong>Schl\u00fcsselfertige Anlagen f\u00fcr Bipolarplatten-Brennstoffzellen<br \/>\n<\/strong><\/h4>\n<p>[\/vc_column_text][\/vc_column][vc_column width=&#8220;1\/2&#8243;][\/vc_column][\/vc_row]<\/p>\n<\/div>","protected":false},"excerpt":{"rendered":"<p>[vc_row css=&#8220;.vc_custom_1604064744834{margin-top: -25px !important;}&#8220;][vc_column][vc_empty_space height=&#8220;20&#8243;][\/vc_column][\/vc_row][vc_row][vc_column][vc_empty_space][\/vc_column][\/vc_row][vc_row css=&#8220;.vc_custom_1604064744834{margin-top: -25px !important;}&#8220;][vc_column][vc_column_text css_animation=&#8220;appear&#8220; css=&#8220;.vc_custom_1609154212919{padding-top: 7px !important;padding-right: 20px !important;padding-bottom: 20px !important;padding-left: 20px !important;background-color: #f7f7f7 !important;}&#8220;] Die Nachfrage nach Energiespeichersystemen auf Basis von Lithium-Ionen-Batterien w\u00e4chst rasant, sowohl in der Automobilindustrie als auch f\u00fcr station\u00e4re Energieversorgungen. [\/vc_column_text][\/vc_column][\/vc_row][vc_row][vc_column][vc_column_text]Wir kombinieren unsere mehr als 40-j\u00e4hrige Erfahrung aus Bereichen wie Automotive und Photovoltaik, um automatisierte L\u00f6sungen [&hellip;]<\/p>\n","protected":false},"author":4,"featured_media":0,"parent":0,"menu_order":0,"comment_status":"closed","ping_status":"closed","template":"sectors.php","meta":{"_lmt_disableupdate":"","_lmt_disable":"","footnotes":""},"yst_prominent_words":[1636,1877,1884,2226,2228,2233,2356,2476],"class_list":["post-30035","page","type-page","status-publish","hentry"],"acf":[],"_links":{"self":[{"href":"https:\/\/www.mondragon-assembly.com\/de\/wp-json\/wp\/v2\/pages\/30035","targetHints":{"allow":["GET"]}}],"collection":[{"href":"https:\/\/www.mondragon-assembly.com\/de\/wp-json\/wp\/v2\/pages"}],"about":[{"href":"https:\/\/www.mondragon-assembly.com\/de\/wp-json\/wp\/v2\/types\/page"}],"author":[{"embeddable":true,"href":"https:\/\/www.mondragon-assembly.com\/de\/wp-json\/wp\/v2\/users\/4"}],"replies":[{"embeddable":true,"href":"https:\/\/www.mondragon-assembly.com\/de\/wp-json\/wp\/v2\/comments?post=30035"}],"version-history":[{"count":16,"href":"https:\/\/www.mondragon-assembly.com\/de\/wp-json\/wp\/v2\/pages\/30035\/revisions"}],"predecessor-version":[{"id":38842,"href":"https:\/\/www.mondragon-assembly.com\/de\/wp-json\/wp\/v2\/pages\/30035\/revisions\/38842"}],"wp:attachment":[{"href":"https:\/\/www.mondragon-assembly.com\/de\/wp-json\/wp\/v2\/media?parent=30035"}],"wp:term":[{"taxonomy":"yst_prominent_words","embeddable":true,"href":"https:\/\/www.mondragon-assembly.com\/de\/wp-json\/wp\/v2\/yst_prominent_words?post=30035"}],"curies":[{"name":"wp","href":"https:\/\/api.w.org\/{rel}","templated":true}]}}