{"id":30051,"date":"2020-12-30T13:08:35","date_gmt":"2020-12-30T11:08:35","guid":{"rendered":"https:\/\/www.mondragon-assembly.com\/automation-technologies\/"},"modified":"2021-03-28T11:59:57","modified_gmt":"2021-03-28T09:59:57","slug":"automation","status":"publish","type":"page","link":"https:\/\/www.mondragon-assembly.com\/de\/automation\/","title":{"rendered":"Automation"},"content":{"rendered":"<div class=\"wpb-content-wrapper\"><p>[vc_row][vc_column][vc_column_text css_animation=&#8220;left-to-right&#8220;]Fertigungsautomatisierung ist ein anhaltender Trend in der Industrie; und die L\u00f6sungen werden von Jahr zu Jahr anspruchsvoller und pr\u00e4ziser. Mondragon Assembly hat sich mit mehr als 40 Jahren Erfahrung und \u00fcber 1000 Projekten, die f\u00fcr 80 Kunden entwickelt wurden, zu einem weltweiten Referenzunternehmen in diesem Bereich entwickelt.<!-- wpml:html_fragment\n\n--><\/p>\n<p>Wir sind in der Lage, die Bed\u00fcrfnisse unserer Kunden zu verstehen, und k\u00f6nnen modulare L\u00f6sungen f\u00fcr unterschiedliche Montageprozesse bei der Herstellung verschiedener Industriekomponenten f\u00fcr eine Vielzahl von Branchen anbieten.[\/vc_column_text][\/vc_column][\/vc_row][vc_row full_width=&#8220;stretch_row_content_no_spaces&#8220;][vc_column][vc_column_text]<div id=\"home-slider-2019\"><div id=\"home-slider-2019-icons\"><ul><li class=\"automotive\" data-target=\"automotive\"><a href=\"https:\/\/www.mondragon-assembly.com\/automotive\/\" title=\"Automated solutions, assembly lines and end of line testers for automotive components.\"><div class=\"imagen\"><\/div><h2>Automotive<\/h2><\/a><\/li><li class=\"electricalcomponents\" data-target=\"electricalcomponents\"><a href=\"https:\/\/www.mondragon-assembly.com\/electrical-components\/\" title=\"Automated turnkey solutions for the manufacturing of electronic components.\"><div class=\"imagen\"><\/div><h2>Electrical Components<\/h2><\/a><\/li><li class=\"medical\" data-target=\"medical\"><a href=\"https:\/\/www.mondragon-assembly.com\/medical\/\" title=\"Automated turnkey solutions for the production of medical devices.\"><div class=\"imagen\"><\/div><h2>Medical<\/h2><\/a><\/li><li class=\"whitegoods\" data-target=\"whitegoods\"><a href=\"https:\/\/www.mondragon-assembly.com\/white-goods\/\" title=\"Assembly lines and automated solutions for manufacturing white goods components.\"><div class=\"imagen\"><\/div><h2>White Goods<\/h2><\/a><\/li><li class=\"cosmetic\" data-target=\"cosmetic\"><a href=\"https:\/\/www.mondragon-assembly.com\/cosmetic\/\" title=\"Automated turnkey solutions for the production of cosmetic products.\"><div class=\"imagen\"><\/div><h2>Cosmetic<\/h2><\/a><\/li><\/ul><\/div><div id=\"home-slider-2019-description\"><h2 class=\"automotive\">Automated solutions, assembly lines and end of line testers for automotive components.<\/h2><h2 class=\"electricalcomponents\">Automated turnkey solutions for the manufacturing of electronic components.<\/h2><h2 class=\"medical\">Automated turnkey solutions for the production of medical devices.<\/h2><h2 class=\"whitegoods\">Assembly lines and automated solutions for manufacturing white goods components.<\/h2><h2 class=\"cosmetic\">Automated turnkey solutions for the production of cosmetic products.<\/h2><\/div><\/div>[\/vc_column_text][\/vc_column][\/vc_row]<!-- wpml:html_fragment\n\n--><\/p>\n<\/div>","protected":false},"excerpt":{"rendered":"<p>[vc_row][vc_column][vc_column_text css_animation=&#8220;left-to-right&#8220;]Fertigungsautomatisierung ist ein anhaltender Trend in der Industrie; und die L\u00f6sungen werden von Jahr zu Jahr anspruchsvoller und pr\u00e4ziser. Mondragon Assembly hat sich mit mehr als 40 Jahren Erfahrung und \u00fcber 1000 Projekten, die f\u00fcr 80 Kunden entwickelt wurden, zu einem weltweiten Referenzunternehmen in diesem Bereich entwickelt. Wir sind in der Lage, die Bed\u00fcrfnisse [&hellip;]<\/p>\n","protected":false},"author":4,"featured_media":0,"parent":0,"menu_order":0,"comment_status":"closed","ping_status":"closed","template":"sectors.php","meta":{"_lmt_disableupdate":"","_lmt_disable":"","footnotes":""},"yst_prominent_words":[839,848,849,853,1016,1216,1588,1818,2195,2202,2303,2542,3282,234,4156,836,837],"class_list":["post-30051","page","type-page","status-publish","hentry"],"acf":[],"_links":{"self":[{"href":"https:\/\/www.mondragon-assembly.com\/de\/wp-json\/wp\/v2\/pages\/30051","targetHints":{"allow":["GET"]}}],"collection":[{"href":"https:\/\/www.mondragon-assembly.com\/de\/wp-json\/wp\/v2\/pages"}],"about":[{"href":"https:\/\/www.mondragon-assembly.com\/de\/wp-json\/wp\/v2\/types\/page"}],"author":[{"embeddable":true,"href":"https:\/\/www.mondragon-assembly.com\/de\/wp-json\/wp\/v2\/users\/4"}],"replies":[{"embeddable":true,"href":"https:\/\/www.mondragon-assembly.com\/de\/wp-json\/wp\/v2\/comments?post=30051"}],"version-history":[{"count":6,"href":"https:\/\/www.mondragon-assembly.com\/de\/wp-json\/wp\/v2\/pages\/30051\/revisions"}],"predecessor-version":[{"id":37489,"href":"https:\/\/www.mondragon-assembly.com\/de\/wp-json\/wp\/v2\/pages\/30051\/revisions\/37489"}],"wp:attachment":[{"href":"https:\/\/www.mondragon-assembly.com\/de\/wp-json\/wp\/v2\/media?parent=30051"}],"wp:term":[{"taxonomy":"yst_prominent_words","embeddable":true,"href":"https:\/\/www.mondragon-assembly.com\/de\/wp-json\/wp\/v2\/yst_prominent_words?post=30051"}],"curies":[{"name":"wp","href":"https:\/\/api.w.org\/{rel}","templated":true}]}}