{"id":30083,"date":"2021-01-02T21:45:55","date_gmt":"2021-01-02T19:45:55","guid":{"rendered":"https:\/\/www.mondragon-assembly.com\/purchasing\/"},"modified":"2024-01-04T12:39:59","modified_gmt":"2024-01-04T10:39:59","slug":"purchasing","status":"publish","type":"page","link":"https:\/\/www.mondragon-assembly.com\/de\/purchasing\/","title":{"rendered":"Einkauf"},"content":{"rendered":"<div class=\"wpb-content-wrapper\"><p>[vc_row css=&#8220;.vc_custom_1604064744834{margin-top: -25px !important;}&#8220;][vc_column][vc_empty_space height=&#8220;40&#8243;][\/vc_column][\/vc_row][vc_row][vc_column][vc_column_text]Wir verf\u00fcgen \u00fcber eine internationale Pr\u00e4senz mit 6 Produktionsst\u00e4tten, die die gesamte Wertsch\u00f6pfungskette abdecken. Deshalb verf\u00fcgen wir jetzt und auch zuk\u00fcnftig \u00fcber ein Netzwerk von Lieferanten, die in der Lage sind, uns immer und \u00fcberall L\u00f6sungen anzubieten. L\u00f6sungen, die unseren Qualit\u00e4tsstandards entsprechen.<\/p>\n<p>Unsere allt\u00e4glichen T\u00e4tigkeiten basieren auf der Zusammenarbeit mit unseren Lieferanten, denn wir wissen, dass sie unser gr\u00f6\u00dfter Verb\u00fcndeter sind, um unseren Kunden die beste L\u00f6sung zu bieten. Wir sind immer auf der Suche nach neuen Partnern, die uns dabei helfen, unseren Kunden L\u00f6sungen von h\u00f6chster Qualit\u00e4t und zu den besten Bedingungen anzubieten.<\/p>\n<p>Wir suchen nicht nur nach Eigenschaften bei unseren Partner, wie z. B. hochwertige L\u00f6sungen, wettbewerbsf\u00e4hige Preise, gut durchdachte Logistik, Zuverl\u00e4ssigkeit und Flexibilit\u00e4t, sondern auch nach Lieferanten, die Verantwortung f\u00fcr ihre Mitarbeiter und ihre Umwelt \u00fcbernehmen. Denn wir sind ein gesellschaftlich verantwortungsbewusster Konzern, der sich f\u00fcr die Menschen, ihre Umwelt und die Gesellschaft einsetzt, und dasselbe erwarten wir auch von unseren Lieferanten.<\/p>\n<p>Unser Ziel ist es, die bei Mondragon Assembly angewandten Grunds\u00e4tze auf unsere Lieferanten zu \u00fcbertragen. Wir suchen die Zusammenarbeit mit Unternehmen, bei denen Gesundheit und Sicherheit am Arbeitsplatz in allen T\u00e4tigkeitsbereichen eine zentrale Rolle spielen und die f\u00fcr einen respektvollen Umgang mit der Umwelt, sowie f\u00fcr ethische und soziale Verantwortung stehen.[\/vc_column_text][\/vc_column][\/vc_row][vc_row][vc_column][vc_text_separator title=&#8220;ALLGEMEINE EINKAUFSBEDINGUNGEN&#8220; el_class=&#8220;title_gr&#8220;][\/vc_column][\/vc_row][vc_row][vc_column][vc_column_text]Dieser Abschnitt enth\u00e4lt die allgemeinen Einkaufsbedingungen in den L\u00e4ndern, in denen die Mondragon Assembly Gruppe vertreten ist.[\/vc_column_text][\/vc_column][\/vc_row][vc_row][vc_column][vc_column_text]<\/p>\n<table width=\"100%\" cellspacing=\"3\" cellpadding=\"3\">\n<tbody>\n<tr style=\"border-bottom: 1px solid #f64747; height: 40px;\">\n<td style=\"text-align: center; font-weight: bold; border-right: 1px solid #f64747; font-size: 14px; border-top: 1px solid #f64747;\" bgcolor=\"#f7f7f7\" width=\"452\">Mondragon Assembly S.Coop Aretxabaleta (Spanien)<\/td>\n<td style=\"text-align: center; border-right: 1px solid #f64747; border-top: 1px solid #f64747;\" bgcolor=\"#f7f7f7\" width=\"452\">\n<p style=\"text-align: center; color: #666666; font-size: 14px;\">Allgemeine Einkaufsbedingungen auf Spanisch<\/p>\n<p style=\"text-align: center; color: #666666; font-size: 14px;\"><span style=\"color: #e40521;\"><a href=\"https:\/\/www.mondragon-assembly.com\/pdf\/condiciones_generales_compra_ES.pdf\" target=\"_blank\" rel=\"noopener noreferrer\"><img decoding=\"async\" class=\"aligncenter wp-image-27924\" style=\"margin-bottom: 5px;\" src=\"https:\/\/www.mondragon-assembly.com\/wp-content\/uploads\/2021\/01\/icon-pdf.png\" alt=\"\" width=\"30\" height=\"37\" \/><\/a><\/span><\/p>\n<\/td>\n<td style=\"text-align: center; border-top: 1px solid #f64747;\" bgcolor=\"#f7f7f7\" width=\"452\">\n<p style=\"color: #e40521;\"><span style=\"text-align: center; color: #666666; font-size: 14px;\">Allgemeine Einkaufsbedingungen auf Englisch<\/span><\/p>\n<p style=\"color: #e40521;\"><span style=\"color: #e40521;\"><a href=\"https:\/\/www.mondragon-assembly.com\/pdf\/en\/General_Purchasing_Conditions_EN.pdf\" target=\"_blank\" rel=\"noopener noreferrer\"><img decoding=\"async\" class=\"aligncenter wp-image-27924\" style=\"margin-bottom: 5px;\" src=\"https:\/\/www.mondragon-assembly.com\/wp-content\/uploads\/2021\/01\/icon-pdf.png\" alt=\"\" width=\"30\" height=\"37\" \/><\/a><\/span><\/p>\n<\/td>\n<\/tr>\n<tr style=\"border-bottom: 1px solid #f64747; height: 40px;\">\n<td style=\"text-align: center; font-weight: bold; border-right: 1px solid #f64747; font-size: 14px;\" bgcolor=\"#dddddd\">Mondragon Assembly Frankreich<\/td>\n<td style=\"text-align: center; border-right: 1px solid #f64747;\" bgcolor=\"#dddddd\">\n<p style=\"text-align: center; color: #666666; font-size: 14px;\">Allgemeine Einkaufsbedingungen auf Franz\u00f6sisch<\/p>\n<p style=\"text-align: center; color: #666666; font-size: 14px;\"><span style=\"color: #e40521;\"><img decoding=\"async\" class=\"wp-image-27924 aligncenter\" style=\"margin-bottom: 5px;\" src=\"https:\/\/www.mondragon-assembly.com\/wp-content\/uploads\/2021\/01\/icon-pdf.png\" alt=\"\" width=\"30\" height=\"37\" \/><\/span><\/p>\n<\/td>\n<td style=\"text-align: center;\" bgcolor=\"#dddddd\">\n<p style=\"color: #e40521;\"><span style=\"text-align: center; color: #666666; font-size: 14px;\">Allgemeine Einkaufsbedingungen auf Englisch<\/span><\/p>\n<p style=\"color: #e40521;\"><span style=\"color: #e40521;\"><a href=\"https:\/\/www.mondragon-assembly.com\/pdf\/purchasing\/CondicionesGeneralesCompraMA_EN.pdf\" target=\"_blank\" rel=\"noopener noreferrer\"><img decoding=\"async\" class=\"aligncenter wp-image-27924\" style=\"margin-bottom: 5px;\" src=\"https:\/\/www.mondragon-assembly.com\/wp-content\/uploads\/2021\/01\/icon-pdf.png\" alt=\"\" width=\"30\" height=\"37\" \/><\/a><\/span><\/p>\n<\/td>\n<\/tr>\n<tr style=\"border-bottom: 1px solid #f64747; height: 40px;\">\n<td style=\"text-align: center; font-weight: bold; border-right: 1px solid #f64747; font-size: 14px;\" bgcolor=\"#f7f7f7\">Mondragon Assembly GmbH<\/td>\n<td style=\"text-align: center; border-right: 1px solid #f64747;\" bgcolor=\"#f7f7f7\">\n<p style=\"text-align: center; color: #666666; font-size: 14px;\">Allgemeine Einkaufsbedingungen auf Deutsch<\/p>\n<p style=\"text-align: center; color: #666666; font-size: 14px;\"><span style=\"color: #e40521;\"><a href=\"https:\/\/www.mondragon-assembly.com\/pdf\/de\/Allgemeine_Einkaufsbedingungen_DE.pdf\" target=\"_blank\" rel=\"noopener noreferrer\"><img decoding=\"async\" class=\"aligncenter wp-image-27924\" style=\"margin-bottom: 5px;\" src=\"https:\/\/www.mondragon-assembly.com\/wp-content\/uploads\/2021\/01\/icon-pdf.png\" alt=\"\" width=\"30\" height=\"37\" \/><\/a><\/span><\/p>\n<\/td>\n<td style=\"text-align: center;\" bgcolor=\"#f7f7f7\">\n<p style=\"color: #e40521;\"><span style=\"text-align: center; color: #666666; font-size: 14px;\">Allgemeine Einkaufsbedingungen auf Englisch<\/span><\/p>\n<p style=\"color: #e40521;\"><span style=\"color: #e40521;\"><a href=\"https:\/\/www.mondragon-assembly.com\/pdf\/de\/General_purchasing_conditions_DE-EN.pdf\" target=\"_blank\" rel=\"noopener noreferrer\"><img decoding=\"async\" class=\"aligncenter wp-image-27924\" style=\"margin-bottom: 5px;\" src=\"https:\/\/www.mondragon-assembly.com\/wp-content\/uploads\/2021\/01\/icon-pdf.png\" alt=\"\" width=\"30\" height=\"37\" \/><\/a><\/span><\/p>\n<\/td>\n<\/tr>\n<tr style=\"border-bottom: 1px solid #f64747; height: 40px;\">\n<td style=\"text-align: center; font-weight: bold; border-right: 1px solid #f64747; font-size: 14px;\" bgcolor=\"#dddddd\">Mondragon Assembly Brasilien<\/td>\n<td style=\"text-align: center; border-right: 1px solid #f64747;\" bgcolor=\"#dddddd\">\n<p style=\"text-align: center; color: #666666; font-size: 14px;\">Allgemeine Einkaufsbedingungen auf Portugiesisch<\/p>\n<p style=\"text-align: center; color: #666666; font-size: 14px;\"><span style=\"color: #e40521;\"><a href=\"https:\/\/www.mondragon-assembly.com\/pdf\/pt\/Condi\u00e7oes_Gerais_De_Compra_BR.pdf\" target=\"_blank\" rel=\"noopener noreferrer\"><img decoding=\"async\" class=\"aligncenter wp-image-27924\" style=\"margin-bottom: 5px;\" src=\"https:\/\/www.mondragon-assembly.com\/wp-content\/uploads\/2021\/01\/icon-pdf.png\" alt=\"\" width=\"30\" height=\"37\" \/><\/a><\/span><\/p>\n<\/td>\n<td style=\"text-align: center;\" bgcolor=\"#dddddd\">\n<p style=\"color: #e40521;\"><span style=\"text-align: center; color: #666666; font-size: 14px;\">Allgemeine Einkaufsbedingungen auf Englisch<\/span><\/p>\n<p style=\"color: #e40521;\"><span style=\"color: #e40521;\"><img decoding=\"async\" class=\"wp-image-27924 aligncenter\" style=\"margin-bottom: 5px;\" src=\"https:\/\/www.mondragon-assembly.com\/wp-content\/uploads\/2021\/01\/icon-pdf.png\" alt=\"\" width=\"30\" height=\"37\" \/><\/span><\/p>\n<\/td>\n<\/tr>\n<tr style=\"border-bottom: 1px solid #f64747; height: 40px;\">\n<td style=\"text-align: center; font-weight: bold; border-right: 1px solid #f64747; font-size: 14px;\" bgcolor=\"#f7f7f7\">Mondragon Assembly S.A. Mexiko<\/td>\n<td style=\"text-align: center; border-right: 1px solid #f64747;\" bgcolor=\"#f7f7f7\">\n<p style=\"text-align: center; color: #666666; font-size: 14px;\">Allgemeine Einkaufsbedingungen auf Spanisch<\/p>\n<p style=\"text-align: center; color: #666666; font-size: 14px;\"><span style=\"color: #e40521;\"><a href=\"https:\/\/www.mondragon-assembly.com\/pdf\/mx\/Condiciones_Generales_De_Compra_ES-MX.pdf\" target=\"_blank\" rel=\"noopener noreferrer\"><img decoding=\"async\" class=\"aligncenter wp-image-27924\" style=\"margin-bottom: 5px;\" src=\"https:\/\/www.mondragon-assembly.com\/wp-content\/uploads\/2021\/01\/icon-pdf.png\" alt=\"\" width=\"30\" height=\"37\" \/><\/a><\/span><\/p>\n<\/td>\n<td style=\"text-align: center;\" bgcolor=\"#f7f7f7\">\n<p style=\"color: #e40521;\"><span style=\"text-align: center; color: #666666; font-size: 14px;\">Allgemeine Einkaufsbedingungen auf Englisch<\/span><\/p>\n<p style=\"color: #e40521;\"><span style=\"color: #e40521;\"><a href=\"https:\/\/www.mondragon-assembly.com\/pdf\/en\/General_Purchasing_Conditions_ES-MX.pdf\" target=\"_blank\" rel=\"noopener noreferrer\"><img decoding=\"async\" class=\"aligncenter wp-image-27924\" style=\"margin-bottom: 5px;\" src=\"https:\/\/www.mondragon-assembly.com\/wp-content\/uploads\/2021\/01\/icon-pdf.png\" alt=\"\" width=\"30\" height=\"37\" \/><\/a><\/span><\/p>\n<\/td>\n<\/tr>\n<tr style=\"border-bottom: 1px solid #f64747; height: 40px;\">\n<td style=\"text-align: center; font-weight: bold; border-right: 1px solid #f64747; font-size: 14px;\" bgcolor=\"#dddddd\">Mondragon Assembly China<\/td>\n<td style=\"text-align: center; border-right: 1px solid #f64747;\" bgcolor=\"#dddddd\">\n<p style=\"text-align: center; color: #666666; font-size: 14px;\">Allgemeine Einkaufsbedingungen auf Chinesisch<\/p>\n<p style=\"text-align: center; color: #666666; font-size: 14px;\"><span style=\"color: #e40521;\"><a href=\"https:\/\/www.mondragon-assembly.com\/pdf\/en\/Gral_Purchases_Conditions_customize_ZH_EN.pdf\" target=\"_blank\" rel=\"noopener noreferrer\"><img decoding=\"async\" class=\"aligncenter wp-image-27924\" style=\"margin-bottom: 5px;\" src=\"https:\/\/www.mondragon-assembly.com\/wp-content\/uploads\/2021\/01\/icon-pdf.png\" alt=\"\" width=\"30\" height=\"37\" \/><\/a><\/span><\/p>\n<\/td>\n<td style=\"text-align: center;\" bgcolor=\"#dddddd\">\n<p style=\"color: #e40521;\"><span style=\"text-align: center; color: #666666; font-size: 14px;\">Allgemeine Einkaufsbedingungen auf Englisch<\/span><\/p>\n<p style=\"color: #e40521;\"><span style=\"color: #e40521;\"><a href=\"https:\/\/www.mondragon-assembly.com\/pdf\/en\/General_Purchasing_Conditions_ZH-HANS-EN.pdf\" target=\"_blank\" rel=\"noopener noreferrer\"><img decoding=\"async\" class=\"aligncenter wp-image-27924\" style=\"margin-bottom: 5px;\" src=\"https:\/\/www.mondragon-assembly.com\/wp-content\/uploads\/2021\/01\/icon-pdf.png\" alt=\"\" width=\"30\" height=\"37\" \/><\/a><\/span><\/p>\n<\/td>\n<\/tr>\n<\/tbody>\n<\/table>\n<p>[\/vc_column_text][\/vc_column][\/vc_row][vc_row][vc_column][vc_text_separator title=&#8220;VERHALTENSKODEX F\u00dcR LIEFERANTEN&#8220; el_class=&#8220;title_gr&#8220;][\/vc_column][\/vc_row][vc_row][vc_column][vc_column_text]<\/p>\n<p style=\"text-align: center;\">In diesem Bereich finden Sie den Verhaltenskodex des Anbieters.<\/p>\n<p>[\/vc_column_text][\/vc_column][\/vc_row][vc_row][vc_column][vc_column_text]<\/p>\n<table width=\"60%\" cellspacing=\"3\" cellpadding=\"3\" align=\"center\">\n<tbody>\n<tr style=\"border-top: 1px solid #f64747; border-bottom: 1px solid #f64747; height: 40px;\">\n<td style=\"text-align: center;\" bgcolor=\"#f7f7f7\" width=\"278\" height=\"55\">Verhaltenskodex f\u00fcr Lieferanten auf Spanisch<\/td>\n<td style=\"font-size: 14px; text-align: center;\" bgcolor=\"#f7f7f7\" width=\"162\"><a href=\"https:\/\/www.mondragon-assembly.com\/pdf\/codigo_de_conducta_ES.pdf\" target=\"_blank\" rel=\"noopener noreferrer\"><img decoding=\"async\" class=\"aligncenter wp-image-27924\" src=\"https:\/\/www.mondragon-assembly.com\/wp-content\/uploads\/2021\/01\/icon-pdf.png\" alt=\"\" width=\"30\" height=\"37\" \/><\/a><\/td>\n<\/tr>\n<tr style=\"border-bottom: 1px solid #f64747; height: 40px;\">\n<td style=\"text-align: center;\" bgcolor=\"#dddddd\" height=\"55\">Verhaltenskodex f\u00fcr Lieferanten auf Englisch<\/td>\n<td style=\"text-align: center;\" bgcolor=\"#dddddd\"><a href=\"https:\/\/www.mondragon-assembly.com\/pdf\/en\/Supplier_Code_Of_Conduct_EN.pdf\" target=\"_blank\" rel=\"noopener noreferrer\"><img decoding=\"async\" class=\"aligncenter wp-image-27924\" src=\"https:\/\/www.mondragon-assembly.com\/wp-content\/uploads\/2021\/01\/icon-pdf.png\" alt=\"\" width=\"30\" height=\"37\" \/><\/a><\/td>\n<\/tr>\n<tr style=\"border-bottom: 1px solid #f64747; height: 40px;\">\n<td style=\"text-align: center;\" bgcolor=\"#f7f7f7\" height=\"55\">Verhaltenskodex f\u00fcr Lieferanten auf Franz\u00f6sisch<\/td>\n<td style=\"text-align: center;\" bgcolor=\"#f7f7f7\"><a href=\"https:\/\/www.mondragon-assembly.com\/pdf\/fr\/Code_De_Conduite_Des_Fournisseurs.pdf\" target=\"_blank\" rel=\"noopener noreferrer\"><img decoding=\"async\" class=\"aligncenter wp-image-27924\" src=\"https:\/\/www.mondragon-assembly.com\/wp-content\/uploads\/2021\/01\/icon-pdf.png\" alt=\"\" width=\"30\" height=\"37\" \/><\/a><\/td>\n<\/tr>\n<tr style=\"border-bottom: 1px solid #f64747; height: 40px;\">\n<td style=\"text-align: center;\" bgcolor=\"#dddddd\" height=\"55\">Verhaltenskodex f\u00fcr Lieferanten auf Deutsch<\/td>\n<td style=\"text-align: center;\" bgcolor=\"#dddddd\"><a href=\"https:\/\/www.mondragon-assembly.com\/pdf\/de\/Verhaltenskodex_F\u00fcr_Lieferanten_DE.pdf\" target=\"_blank\" rel=\"noopener noreferrer\"><img decoding=\"async\" class=\"aligncenter wp-image-27924\" src=\"https:\/\/www.mondragon-assembly.com\/wp-content\/uploads\/2021\/01\/icon-pdf.png\" alt=\"\" width=\"30\" height=\"37\" \/><\/a><\/td>\n<\/tr>\n<tr style=\"border-bottom: 1px solid #f64747; height: 40px;\">\n<td style=\"text-align: center;\" bgcolor=\"#f7f7f7\" height=\"55\">Verhaltenskodex f\u00fcr Lieferanten auf Portugiesisch<\/td>\n<td style=\"text-align: center;\" bgcolor=\"#f7f7f7\"><a href=\"https:\/\/www.mondragon-assembly.com\/pdf\/pt\/Codigo_De_Conducta_Do_Fornecedor_PT-BR.pdf\" target=\"_blank\" rel=\"noopener noreferrer\"><img decoding=\"async\" class=\"aligncenter wp-image-27924\" src=\"https:\/\/www.mondragon-assembly.com\/wp-content\/uploads\/2021\/01\/icon-pdf.png\" alt=\"\" width=\"30\" height=\"37\" \/><\/a><\/td>\n<\/tr>\n<tr style=\"border-bottom: 1px solid #f64747; height: 40px;\">\n<td style=\"text-align: center;\" bgcolor=\"#dddddd\" height=\"55\">Verhaltenskodex des Lieferanten auf Chinesisch<\/td>\n<td style=\"text-align: center;\" bgcolor=\"#dddddd\"><a href=\"https:\/\/www.mondragon-assembly.com\/pdf\/zh\/Supplier_Code_Of_Conduct_ZH-HANS.pdf\" target=\"_blank\" rel=\"noopener noreferrer\"><img decoding=\"async\" class=\"aligncenter wp-image-27924\" src=\"https:\/\/www.mondragon-assembly.com\/wp-content\/uploads\/2021\/01\/icon-pdf.png\" alt=\"\" width=\"30\" height=\"37\" \/><\/a><\/td>\n<\/tr>\n<\/tbody>\n<\/table>\n<p>[\/vc_column_text][\/vc_column][\/vc_row]<\/p>\n<\/div>","protected":false},"excerpt":{"rendered":"<p>[vc_row css=&#8220;.vc_custom_1604064744834{margin-top: -25px !important;}&#8220;][vc_column][vc_empty_space height=&#8220;40&#8243;][\/vc_column][\/vc_row][vc_row][vc_column][vc_column_text]Wir verf\u00fcgen \u00fcber eine internationale Pr\u00e4senz mit 6 Produktionsst\u00e4tten, die die gesamte Wertsch\u00f6pfungskette abdecken. Deshalb verf\u00fcgen wir jetzt und auch zuk\u00fcnftig \u00fcber ein Netzwerk von Lieferanten, die in der Lage sind, uns immer und \u00fcberall L\u00f6sungen anzubieten. L\u00f6sungen, die unseren Qualit\u00e4tsstandards entsprechen. Unsere allt\u00e4glichen T\u00e4tigkeiten basieren auf der Zusammenarbeit mit unseren [&hellip;]<\/p>\n","protected":false},"author":4,"featured_media":0,"parent":0,"menu_order":0,"comment_status":"closed","ping_status":"closed","template":"sectors.php","meta":{"_lmt_disableupdate":"","_lmt_disable":"","footnotes":""},"yst_prominent_words":[230,1963,2476],"class_list":["post-30083","page","type-page","status-publish","hentry"],"acf":[],"_links":{"self":[{"href":"https:\/\/www.mondragon-assembly.com\/de\/wp-json\/wp\/v2\/pages\/30083","targetHints":{"allow":["GET"]}}],"collection":[{"href":"https:\/\/www.mondragon-assembly.com\/de\/wp-json\/wp\/v2\/pages"}],"about":[{"href":"https:\/\/www.mondragon-assembly.com\/de\/wp-json\/wp\/v2\/types\/page"}],"author":[{"embeddable":true,"href":"https:\/\/www.mondragon-assembly.com\/de\/wp-json\/wp\/v2\/users\/4"}],"replies":[{"embeddable":true,"href":"https:\/\/www.mondragon-assembly.com\/de\/wp-json\/wp\/v2\/comments?post=30083"}],"version-history":[{"count":28,"href":"https:\/\/www.mondragon-assembly.com\/de\/wp-json\/wp\/v2\/pages\/30083\/revisions"}],"predecessor-version":[{"id":66347,"href":"https:\/\/www.mondragon-assembly.com\/de\/wp-json\/wp\/v2\/pages\/30083\/revisions\/66347"}],"wp:attachment":[{"href":"https:\/\/www.mondragon-assembly.com\/de\/wp-json\/wp\/v2\/media?parent=30083"}],"wp:term":[{"taxonomy":"yst_prominent_words","embeddable":true,"href":"https:\/\/www.mondragon-assembly.com\/de\/wp-json\/wp\/v2\/yst_prominent_words?post=30083"}],"curies":[{"name":"wp","href":"https:\/\/api.w.org\/{rel}","templated":true}]}}