{"id":30100,"date":"2020-11-29T20:14:18","date_gmt":"2020-11-29T18:14:18","guid":{"rendered":"https:\/\/www.mondragon-assembly.com\/global-projects\/"},"modified":"2021-02-23T10:37:51","modified_gmt":"2021-02-23T08:37:51","slug":"global-projects","status":"publish","type":"page","link":"https:\/\/www.mondragon-assembly.com\/de\/global-projects\/","title":{"rendered":"Weltweite Projekte"},"content":{"rendered":"<div class=\"wpb-content-wrapper\"><p>[vc_row][vc_column][vc_column_text]Die Durchf\u00fchrung von mehr als 1000 Projekten, die F\u00e4higkeit zur F\u00f6rderung einer nachhaltigen Entwicklung und unsere internationale Pr\u00e4senz sind die entscheidenden St\u00e4rken von Mondragon Assembly. Letzteres ist der Grund f\u00fcr die Schaffung eines internationalen Mitarbeiterteams, das nun zwischen unseren sechs Produktionsst\u00e4tten umherreist und f\u00fcr ein einzigartiges Know-how sorgt.[\/vc_column_text][\/vc_column][\/vc_row][vc_row][vc_column][vc_text_separator title=&#8220;WELTWEITE L\u00d6SUNGEN F\u00dcR INTERNATIONALE KUNDEN&#8220; el_class=&#8220;title_gr&#8220;][\/vc_column][\/vc_row][vc_row][vc_column][vc_column_text css_animation=&#8220;fadeIn&#8220; css=&#8220;.vc_custom_1613457981708{border-right-width: 3px !important;border-left-width: 3px !important;padding-top: 7px !important;padding-right: 20px !important;padding-bottom: 20px !important;padding-left: 20px !important;background-color: #f7f7f7 !important;border-left-color: #f7f7f7 !important;border-left-style: solid !important;border-right-color: #f7f7f7 !important;border-right-style: solid !important;border-radius: 35px !important;}&#8220;]<!-- wpml:html_fragment\n\n--><\/p>\n<h4><span style=\"color: #6f6f6f; font-weight: bold;\">INTERNATIONALES TEAM<\/span><\/h4>\n<p>Unser internationales Mitarbeiterteam befasst sich ausschlie\u00dflich mit weltweiten Projekten und dem Know-how-Transfer zwischen den Standorten.[\/vc_column_text][\/vc_column][\/vc_row][vc_row][vc_column][vc_column_text css_animation=&#8220;fadeIn&#8220; css=&#8220;.vc_custom_1608036482991{border-right-width: 3px !important;border-left-width: 3px !important;padding-top: 7px !important;padding-right: 20px !important;padding-bottom: 20px !important;padding-left: 20px !important;background-color: #67686b !important;border-left-color: #f7f7f7 !important;border-left-style: solid !important;border-right-color: #f7f7f7 !important;border-right-style: solid !important;border-radius: 35px !important;}&#8220;]<!-- wpml:html_fragment\n\n--><\/p>\n<h4><span style=\"color: #ffffff; font-weight: bold;\">KOMPETENZ UND KNOW-HOW<\/span><\/h4>\n<p><span style=\"color: #ffffff;\">Wir verf\u00fcgen \u00fcber umfangreiche Erfahrungen und Kenntnisse \u00fcber eine Vielzahl von Produkten und deren Montageprozesse.<\/span>[\/vc_column_text][\/vc_column][\/vc_row][vc_row][vc_column][vc_column_text css_animation=&#8220;fadeIn&#8220; css=&#8220;.vc_custom_1613378741118{border-right-width: 3px !important;border-left-width: 3px !important;padding-top: 7px !important;padding-right: 20px !important;padding-bottom: 20px !important;padding-left: 20px !important;background-color: #f7f7f7 !important;border-left-color: #f7f7f7 !important;border-left-style: solid !important;border-right-color: #f7f7f7 !important;border-right-style: solid !important;border-radius: 35px !important;}&#8220;]<!-- wpml:html_fragment\n\n--><\/p>\n<h4><span style=\"color: #6f6f6f; font-weight: bold;\">EINZIGARTIGES ENGINEERING<\/span><\/h4>\n<p>Mondragon Assembly bietet einzigartiges Engineering nach weltweit einheitlichen Standards mit spezifischer Anpassung an lokale Bed\u00fcrfnisse. Dies erm\u00f6glicht unter anderem Kostenreduzierungen, weniger Verwaltungsaufwand f\u00fcr die Kunden und geringere Reisekosten.[\/vc_column_text][\/vc_column][\/vc_row][vc_row][vc_column][vc_column_text css_animation=&#8220;fadeIn&#8220; css=&#8220;.vc_custom_1613379040677{border-right-width: 3px !important;border-left-width: 3px !important;padding-top: 7px !important;padding-right: 20px !important;padding-bottom: 20px !important;padding-left: 20px !important;background-color: #67686b !important;border-left-color: #f7f7f7 !important;border-left-style: solid !important;border-right-color: #f7f7f7 !important;border-right-style: solid !important;border-radius: 35px !important;}&#8220;]<!-- wpml:html_fragment\n\n--><\/p>\n<h4><span style=\"color: #ffffff; font-weight: bold;\">ANGEPASST AN DIE BED\u00dcRFNISSE UNSERER KUNDEN <\/span><\/h4>\n<p><span style=\"color: #ffffff;\">Wir sind ein weltweiter Ansprechpartner und ein Ingenieurteam, das sich immer an die internationalen und lokalen Anforderungen unserer Kunden anpasst und lokale Fertigung, Installation und Kundendienst mit vor Ort ausgebildeten Technikern anbietet.<\/span><\/p>\n<p><span style=\"color: #ffffff;\">Wir k\u00f6nnen unsere Kunden bei der Konstruktion in \u00dcbereinstimmung mit den europ\u00e4ischen Normen und der anschlie\u00dfenden Anpassung an verschiedene L\u00e4nder und Anlagenkonfigurationen unterst\u00fctzen.<\/span>[\/vc_column_text][\/vc_column][\/vc_row][vc_row][vc_column][vc_column_text css_animation=&#8220;fadeIn&#8220; css=&#8220;.vc_custom_1613379132560{border-right-width: 3px !important;border-left-width: 3px !important;padding-top: 7px !important;padding-right: 20px !important;padding-bottom: 20px !important;padding-left: 20px !important;background-color: #f7f7f7 !important;border-left-color: #f7f7f7 !important;border-left-style: solid !important;border-right-color: #f7f7f7 !important;border-right-style: solid !important;border-radius: 35px !important;}&#8220; el_class=&#8220;icon_list&#8220;]<!-- wpml:html_fragment\n\n--><\/p>\n<h4><span style=\"color: #6f6f6f; font-weight: bold;\">UNTERST\u00dcTZUNG UND ZUSAMMENARBEIT<\/span><\/h4>\n<p>Neben der technischen Planung von Projekten bieten wir unseren Kunden Unterst\u00fctzung und Zusammenarbeit bei:<\/p>\n<ul>\n<li>Beratung f\u00fcr optimale L\u00f6sungen<\/li>\n<li>Entwurf und technische Ausarbeitung von Konzeptvorschl\u00e4gen und<\/li>\n<li>Entwicklung von Prototypen<\/li>\n<\/ul>\n<p>Alle unsere L\u00f6sungen werden vor der endg\u00fcltigen Umsetzung getestet, sodass wir Prototypen f\u00fcr die kritischsten Betriebsabl\u00e4ufe entwickeln k\u00f6nnen.[\/vc_column_text][\/vc_column][\/vc_row][vc_row full_width=&#8220;stretch_row&#8220; css=&#8220;.vc_custom_1609836261542{background-color: #f7f7f7 !important;}&#8220;][vc_column width=&#8220;1\/2&#8243;][vc_custom_heading text=&#8220;VIDEO&#8220; font_container=&#8220;tag:h3|text_align:left&#8220; google_fonts=&#8220;font_family:Roboto%3A100%2C100italic%2C300%2C300italic%2Cregular%2Citalic%2C500%2C500italic%2C700%2C700italic%2C900%2C900italic|font_style:700%20bold%20regular%3A700%3Anormal&#8220; el_class=&#8220;linea_inferior_title&#8220;][vc_column_text]Erfahren Sie mehr dar\u00fcber, was unser internationales Team f\u00fcr Sie leisten kann.[\/vc_column_text][\/vc_column][vc_column width=&#8220;1\/2&#8243;][vc_row_inner][vc_column_inner][vc_video link=&#8220;https:\/\/www.youtube.com\/watch?v=i8Wx03-ilPc&#8220;][\/vc_column_inner][\/vc_row_inner][\/vc_column][\/vc_row][vc_row][vc_column][vc_empty_space][\/vc_column][\/vc_row]<!-- wpml:html_fragment\n\n--><\/p>\n<\/div>","protected":false},"excerpt":{"rendered":"<p>[vc_row][vc_column][vc_column_text]Die Durchf\u00fchrung von mehr als 1000 Projekten, die F\u00e4higkeit zur F\u00f6rderung einer nachhaltigen Entwicklung und unsere internationale Pr\u00e4senz sind die entscheidenden St\u00e4rken von Mondragon Assembly. Letzteres ist der Grund f\u00fcr die Schaffung eines internationalen Mitarbeiterteams, das nun zwischen unseren sechs Produktionsst\u00e4tten umherreist und f\u00fcr ein einzigartiges Know-how sorgt.[\/vc_column_text][\/vc_column][\/vc_row][vc_row][vc_column][vc_text_separator title=&#8220;WELTWEITE L\u00d6SUNGEN F\u00dcR INTERNATIONALE KUNDEN&#8220; el_class=&#8220;title_gr&#8220;][\/vc_column][\/vc_row][vc_row][vc_column][vc_column_text css_animation=&#8220;fadeIn&#8220; [&hellip;]<\/p>\n","protected":false},"author":4,"featured_media":0,"parent":0,"menu_order":0,"comment_status":"closed","ping_status":"closed","template":"sectors.php","meta":{"_lmt_disableupdate":"","_lmt_disable":"","footnotes":""},"yst_prominent_words":[233,234,854,1289,1369,2014,2303,2483,2699,3192,3245,4527],"class_list":["post-30100","page","type-page","status-publish","hentry"],"acf":[],"_links":{"self":[{"href":"https:\/\/www.mondragon-assembly.com\/de\/wp-json\/wp\/v2\/pages\/30100","targetHints":{"allow":["GET"]}}],"collection":[{"href":"https:\/\/www.mondragon-assembly.com\/de\/wp-json\/wp\/v2\/pages"}],"about":[{"href":"https:\/\/www.mondragon-assembly.com\/de\/wp-json\/wp\/v2\/types\/page"}],"author":[{"embeddable":true,"href":"https:\/\/www.mondragon-assembly.com\/de\/wp-json\/wp\/v2\/users\/4"}],"replies":[{"embeddable":true,"href":"https:\/\/www.mondragon-assembly.com\/de\/wp-json\/wp\/v2\/comments?post=30100"}],"version-history":[{"count":5,"href":"https:\/\/www.mondragon-assembly.com\/de\/wp-json\/wp\/v2\/pages\/30100\/revisions"}],"predecessor-version":[{"id":34269,"href":"https:\/\/www.mondragon-assembly.com\/de\/wp-json\/wp\/v2\/pages\/30100\/revisions\/34269"}],"wp:attachment":[{"href":"https:\/\/www.mondragon-assembly.com\/de\/wp-json\/wp\/v2\/media?parent=30100"}],"wp:term":[{"taxonomy":"yst_prominent_words","embeddable":true,"href":"https:\/\/www.mondragon-assembly.com\/de\/wp-json\/wp\/v2\/yst_prominent_words?post=30100"}],"curies":[{"name":"wp","href":"https:\/\/api.w.org\/{rel}","templated":true}]}}