{"id":30116,"date":"2020-11-09T23:21:47","date_gmt":"2020-11-09T21:21:47","guid":{"rendered":"https:\/\/www.mondragon-assembly.com\/energy-storage\/energy-estorage-individual-equipment\/"},"modified":"2022-02-10T12:38:47","modified_gmt":"2022-02-10T10:38:47","slug":"energy-storage-individual-equipment","status":"publish","type":"page","link":"https:\/\/www.mondragon-assembly.com\/de\/e-mobilitat-und-energiespeicherung\/energy-storage-individual-equipment\/","title":{"rendered":"Energiespeicherung \u2013 Einzelger\u00e4te"},"content":{"rendered":"<div class=\"wpb-content-wrapper\"><p>[vc_row][vc_column][vc_empty_space][\/vc_column][\/vc_row][vc_row][vc_column][vc_text_separator title=&#8220;SORTIER- UND SCHWEISSGER\u00c4TE F\u00dcR ZYLINDERBATTERIEPACKS&#8220; el_class=&#8220;title_gr&#8220;][vc_column_text]Einzelne Lithium-Ionen-Zellen werden zu einem Modul in Reihe geschaltet. Wir bieten Montageplattformen f\u00fcr eine pr\u00e4zise Positionierung und sichere Fixierung von Batteriezellen zueinander in einem Modul. Die Maschine testet und gruppiert die Zellen zu einem Hochleistungs-Batteriepack. Diese L\u00f6sung ist auf eine flexible Herstellung von Zylinderbatteriepacks ausgerichtet.[\/vc_column_text][vc_single_image image=&#8220;45564&#8243; img_size=&#8220;500&#215;550&#8243; alignment=&#8220;center&#8220;][\/vc_column][\/vc_row][vc_row full_width=&#8220;stretch_row_content&#8220;][vc_column width=&#8220;1\/6&#8243;][\/vc_column][vc_column width=&#8220;2\/6&#8243;][vc_column_text]<!-- wpml:html_fragment --><\/p>\n<h3><span style=\"color: #e20026;\"><img decoding=\"async\" class=\"alignnone wp-image-22233 size-full\" src=\"https:\/\/www.mondragon-assembly.com\/wp-content\/uploads\/2019\/06\/icon-main-features.jpg\" alt=\"\" width=\"41\" height=\"41\" \/> Wichtigste Eigenschaften<\/span><\/h3>\n<p>[\/vc_column_text][vc_column_text el_class=&#8220;icon_list&#8220;]<!-- wpml:html_fragment --><\/p>\n<ul>\n<li>Zu montierendes Produkt\n<ul>\n<li>Li-Ionen-Zellenmodultyp: 26650 Zellen<\/li>\n<li>Optional: 18650 Zellen oder 21700 Zellen<\/li>\n<\/ul>\n<\/li>\n<li>Zykluszeit: 3 Sekunden\/Zelle<br \/>\n\u200b<\/li>\n<li>Technische Verf\u00fcgbarkeit: 95 %<\/li>\n<li>Drei Zellenzuf\u00fchrungen: 330 Zellen\/Zuf\u00fchrung (26650)<\/li>\n<li>Ein Bediener wird f\u00fcr die Beschickung mit Haltern und Blechen ben\u00f6tigt<\/li>\n<\/ul>\n<p>[\/vc_column_text][\/vc_column][vc_column width=&#8220;3\/6&#8243;][vc_column_text]<!-- wpml:html_fragment --><\/p>\n<h3><span style=\"color: #e20026;\"><img decoding=\"async\" class=\"alignnone wp-image-22334 size-full\" src=\"https:\/\/www.mondragon-assembly.com\/wp-content\/uploads\/2019\/06\/icon-function.jpg\" alt=\"\" width=\"41\" height=\"41\" \/> Montageprozess<\/span><\/h3>\n<p>[\/vc_column_text][vc_column_text el_class=&#8220;icon_list&#8220;]<!-- wpml:html_fragment --><\/p>\n<ul>\n<li>Zuf\u00fchrung von zylindrischen Zellen \u00fcber 3 verschiedene Magazine<\/li>\n<li>Zellenvereinzelung und OCV\/ IR Tests<\/li>\n<li>Zellensortierung nach Innenwiderstand und Spannung<\/li>\n<li>Zellenklassifizierung durch Roboter in einen Zwischenpuffer<\/li>\n<li>Zellenpack-Konfiguration<\/li>\n<li>Widerstandsschwei\u00dfen von Nickelblech<\/li>\n<li>Handbetrieb\n<ul>\n<li>Einsetzen von Nickelblechen in Module<\/li>\n<li>Werkzeugmontage\/-demontage<\/li>\n<li>Wenden (180\u00b0)<\/li>\n<\/ul>\n<\/li>\n<\/ul>\n<p>[\/vc_column_text][\/vc_column][\/vc_row][vc_row][vc_column][vc_empty_space][\/vc_column][\/vc_row][vc_row][vc_column][vc_column_text]<!-- wpml:html_fragment --><\/p>\n<h6 id=\"ancla_prismatic\"><span style=\"color: #ffffff;\">.<\/span><\/h6>\n<p>[\/vc_column_text][vc_text_separator title=&#8220;SCHWEISSMASCHINE F\u00dcR PRISMATISCHE ZELLEN&#8220; el_class=&#8220;title_gr&#8220;][vc_column_text css_animation=&#8220;none&#8220;]Wir haben k\u00fcrzlich eine Schwei\u00dfmaschine f\u00fcr prismatische Zellen entwickelt, die in der Lage ist, 3 verschiedene prismatische Zellenmodule mittels Laserschwei\u00dftechnik zu verschwei\u00dfen.[\/vc_column_text][vc_row_inner][vc_column_inner][vc_single_image image=&#8220;53653&#8243; img_size=&#8220;full&#8220; alignment=&#8220;center&#8220;][\/vc_column_inner][\/vc_row_inner][\/vc_column][\/vc_row][vc_row full_width=&#8220;stretch_row_content&#8220;][vc_column width=&#8220;1\/5&#8243;][\/vc_column][vc_column width=&#8220;2\/5&#8243;][vc_column_text]<!-- wpml:html_fragment --><\/p>\n<h3><span style=\"color: #e20026;\"><img decoding=\"async\" class=\"alignnone wp-image-22233 size-full\" src=\"https:\/\/www.mondragon-assembly.com\/wp-content\/uploads\/2019\/06\/icon-main-features.jpg\" alt=\"\" width=\"41\" height=\"41\" \/> Wichtigste Eigenschaften<\/span><\/h3>\n<p>[\/vc_column_text][vc_column_text el_class=&#8220;icon_list&#8220;]<!-- wpml:html_fragment --><\/p>\n<ul>\n<li>3 verschiedene Module<\/li>\n<li>Zykluszeit: 5 Minuten f\u00fcr vollst\u00e4ndiges Batteriepack<\/li>\n<li>Technische Verf\u00fcgbarkeit: 95 %<\/li>\n<li>4kW-Laserschwei\u00dfen.<\/li>\n<\/ul>\n<p>[\/vc_column_text][\/vc_column][vc_column width=&#8220;2\/5&#8243;][vc_column_text]<!-- wpml:html_fragment --><\/p>\n<h3><span style=\"color: #e20026;\"><img decoding=\"async\" class=\"alignnone wp-image-22334 size-full\" src=\"https:\/\/www.mondragon-assembly.com\/wp-content\/uploads\/2019\/06\/icon-function.jpg\" alt=\"\" width=\"41\" height=\"41\" \/> Montageprozess<\/span><\/h3>\n<p>[\/vc_column_text][vc_column_text el_class=&#8220;icon_list&#8220;]<!-- wpml:html_fragment --><\/p>\n<ul>\n<li>Manuelles Stapeln auf Paletten<\/li>\n<li>Manuelle Polarit\u00e4ts- und Spannungsisolationspr\u00fcfung<\/li>\n<li>Manuelle Sammelschienenbeladung<\/li>\n<li>Automatischer Transfer zwischen Stationen<\/li>\n<li>Automatisches Schwei\u00dfen und visuelle Kontrolle<\/li>\n<li>Automatisches Wenden<\/li>\n<li>Manuelle Endkontrollen<\/li>\n<li>Manuelle Entladung<\/li>\n<\/ul>\n<p>[\/vc_column_text][\/vc_column][\/vc_row][vc_row][vc_column][vc_column_text]<!-- wpml:html_fragment -->[\/vc_column_text][\/vc_column][\/vc_row]<\/p>\n<\/div>","protected":false},"excerpt":{"rendered":"<p>[vc_row][vc_column][vc_empty_space][\/vc_column][\/vc_row][vc_row][vc_column][vc_text_separator title=&#8220;SORTIER- UND SCHWEISSGER\u00c4TE F\u00dcR ZYLINDERBATTERIEPACKS&#8220; el_class=&#8220;title_gr&#8220;][vc_column_text]Einzelne Lithium-Ionen-Zellen werden zu einem Modul in Reihe geschaltet. Wir bieten Montageplattformen f\u00fcr eine pr\u00e4zise Positionierung und sichere Fixierung von Batteriezellen zueinander in einem Modul. Die Maschine testet und gruppiert die Zellen zu einem Hochleistungs-Batteriepack. Diese L\u00f6sung ist auf eine flexible Herstellung von Zylinderbatteriepacks ausgerichtet.[\/vc_column_text][vc_single_image image=&#8220;45564&#8243; img_size=&#8220;500&#215;550&#8243; alignment=&#8220;center&#8220;][\/vc_column][\/vc_row][vc_row full_width=&#8220;stretch_row_content&#8220;][vc_column [&hellip;]<\/p>\n","protected":false},"author":4,"featured_media":0,"parent":30035,"menu_order":0,"comment_status":"closed","ping_status":"closed","template":"sectors.php","meta":{"_lmt_disableupdate":"","_lmt_disable":"","footnotes":""},"yst_prominent_words":[493,2114,2226,2228,2233,2235,2476,2909],"class_list":["post-30116","page","type-page","status-publish","hentry"],"acf":[],"_links":{"self":[{"href":"https:\/\/www.mondragon-assembly.com\/de\/wp-json\/wp\/v2\/pages\/30116","targetHints":{"allow":["GET"]}}],"collection":[{"href":"https:\/\/www.mondragon-assembly.com\/de\/wp-json\/wp\/v2\/pages"}],"about":[{"href":"https:\/\/www.mondragon-assembly.com\/de\/wp-json\/wp\/v2\/types\/page"}],"author":[{"embeddable":true,"href":"https:\/\/www.mondragon-assembly.com\/de\/wp-json\/wp\/v2\/users\/4"}],"replies":[{"embeddable":true,"href":"https:\/\/www.mondragon-assembly.com\/de\/wp-json\/wp\/v2\/comments?post=30116"}],"version-history":[{"count":17,"href":"https:\/\/www.mondragon-assembly.com\/de\/wp-json\/wp\/v2\/pages\/30116\/revisions"}],"predecessor-version":[{"id":53666,"href":"https:\/\/www.mondragon-assembly.com\/de\/wp-json\/wp\/v2\/pages\/30116\/revisions\/53666"}],"up":[{"embeddable":true,"href":"https:\/\/www.mondragon-assembly.com\/de\/wp-json\/wp\/v2\/pages\/30035"}],"wp:attachment":[{"href":"https:\/\/www.mondragon-assembly.com\/de\/wp-json\/wp\/v2\/media?parent=30116"}],"wp:term":[{"taxonomy":"yst_prominent_words","embeddable":true,"href":"https:\/\/www.mondragon-assembly.com\/de\/wp-json\/wp\/v2\/yst_prominent_words?post=30116"}],"curies":[{"name":"wp","href":"https:\/\/api.w.org\/{rel}","templated":true}]}}