{"id":30132,"date":"2020-11-09T22:50:42","date_gmt":"2020-11-09T20:50:42","guid":{"rendered":"https:\/\/www.mondragon-assembly.com\/energy-storage\/turnkey-lines-for-batteries-modules-packs-assembly\/"},"modified":"2024-09-09T10:15:28","modified_gmt":"2024-09-09T08:15:28","slug":"turnkey-lines-for-batteries-modules-packs-assembly","status":"publish","type":"page","link":"https:\/\/www.mondragon-assembly.com\/de\/e-mobilitat-und-energiespeicherung\/turnkey-lines-for-batteries-modules-packs-assembly\/","title":{"rendered":"Schl\u00fcsselfertige Anlagen f\u00fcr die Energiespeicherung"},"content":{"rendered":"<div class=\"wpb-content-wrapper\"><p>[vc_row][vc_column][vc_empty_space][\/vc_column][\/vc_row][vc_row][vc_column][vc_text_separator title=&#8220;SCHL\u00dcSSELFERTIGE LINIEN F\u00dcR DIE MONTAGE VON BATTERIEMODULEN UND -PACKS&#8220; el_class=&#8220;title_gr&#8220; css=&#8220;.vc_custom_1617135339929{padding-right: 10px !important;padding-left: 10px !important;}&#8220;][\/vc_column][\/vc_row][vc_row][vc_column][vc_column_text]Wir bieten modulare und flexible L\u00f6sungen an, um eine Vielzahl von Bereichen, wie z. B. Energiespeichersysteme von Forschungs- und Entwicklungsmaschinen bis hin zu kompletten Montagelinien f\u00fcr die Modul- und Batteriepackproduktion, abzudecken.<\/p>\n<p>Wir sind in der Lage, eine breite Palette von L\u00f6sungen f\u00fcr verschiedene Zelltypen zu liefern, wie z. B.: Herstellung von zylindrischen, prismatischen und Pouch-Zellen.[\/vc_column_text][\/vc_column][\/vc_row][vc_row][vc_column][vc_empty_space][\/vc_column][\/vc_row][vc_row][vc_column][vc_column_text el_class=&#8220;icon_list&#8220;]<\/p>\n<h3 style=\"text-align: center; font-size: 18px; color: #2b3c46; font-weight: bold;\">Die Batteriepack-Montagelinie umfasst verschiedene Montageprozesse:<\/h3>\n<p>[\/vc_column_text][vc_row_inner][vc_column_inner width=&#8220;1\/2&#8243;][vc_single_image image=&#8220;25627&#8243; img_size=&#8220;1074&#215;452&#8243; alignment=&#8220;center&#8220;][\/vc_column_inner][vc_column_inner width=&#8220;1\/4&#8243;][vc_column_text el_class=&#8220;icon_list&#8220;]<\/p>\n<p style=\"font-weight: bold;\">Batteriemodulmontage<\/p>\n<ul>\n<li>Zuf\u00fchrung und Sortierung von Zellen<\/li>\n<li>Zellenpack-Konfiguration<\/li>\n<li>Geh\u00e4use- und Abschlussplatte und Montage<\/li>\n<li>Bonding-Dosierung<\/li>\n<li>Beladen und Schwei\u00dfen von Sammelschienen<\/li>\n<\/ul>\n<p>[\/vc_column_text][\/vc_column_inner][vc_column_inner width=&#8220;1\/4&#8243;][vc_column_text el_class=&#8220;icon_list&#8220;]<\/p>\n<p style=\"font-weight: bold;\">Batteriepackmontage<\/p>\n<ul>\n<li>Geh\u00e4usebeladung<\/li>\n<li>Montage des Thermosystems<\/li>\n<li>Modulbeladung und Montage<\/li>\n<li>Montage des Hoch- und Niederspannungssystems<\/li>\n<li>Beladung und Verlegung BMS + Kabel<\/li>\n<li>Geh\u00e4usemontage<\/li>\n<li>Dichtigkeits- \/ Isolations- \/ EOL-Tests<\/li>\n<\/ul>\n<p>[\/vc_column_text][\/vc_column_inner][\/vc_row_inner][\/vc_column][\/vc_row][vc_row][vc_column][vc_column_text css_animation=&#8220;appear&#8220; css=&#8220;.vc_custom_1609155255799{padding-top: 7px !important;padding-right: 20px !important;padding-bottom: 20px !important;padding-left: 20px !important;background-color: #f7f7f7 !important;}&#8220;]<\/p>\n<h4 style=\"text-align: center;\">Alle unsere L\u00f6sungen k\u00f6nnen kundenspezifisch angepasst werden, und unser erfahrenes Ingenieurteam steht Ihnen mit<br \/>\nseinem Know-how bei der Entwicklung Ihres Projekts zur Verf\u00fcgung.<\/h4>\n<p>[\/vc_column_text][\/vc_column][\/vc_row][vc_row][vc_column][vc_empty_space][\/vc_column][\/vc_row][vc_row][vc_column][vc_text_separator title=&#8220;ZUSATZKOMPONENTEN VON BATTERIEMODULEN&#8220; el_class=&#8220;title_gr&#8220;][\/vc_column][\/vc_row][vc_row][vc_column][vc_column_text el_class=&#8220;icon_list_subt&#8220;]<\/p>\n<h4><span style=\"color: #2b3c46; font-weight: bold;\">BATTERIEMODUL-ZELLENKONTAKTSYSTEM<\/span><\/h4>\n<p>[\/vc_column_text][\/vc_column][\/vc_row][vc_row][vc_column][vc_column_text css_animation=&#8220;none&#8220;]Wir entwickeln auch Montagelinien f\u00fcr Zusatzkomponenten von Batteriemodulen[\/vc_column_text][\/vc_column][\/vc_row][vc_row][vc_column width=&#8220;1\/2&#8243;][vc_column_text]<\/p>\n<h3><span style=\"color: #e20026;\"><img decoding=\"async\" class=\"alignnone wp-image-22233 size-full\" src=\"https:\/\/www.mondragon-assembly.com\/wp-content\/uploads\/2019\/06\/icon-main-features.jpg\" alt=\"\" width=\"41\" height=\"41\" \/> Wichtigste Eigenschaften<\/span><\/h3>\n<p>[\/vc_column_text][vc_column_text el_class=&#8220;icon_list&#8220;]<\/p>\n<ul>\n<li>Produkttransport in Werkst\u00fccktr\u00e4gern \u00fcber einen Schlaufenf\u00f6rderer<\/li>\n<li>Produktr\u00fcckverfolgbarkeit \u00fcber DMC und Barcode<\/li>\n<li>Nachbearbeitungsstation mit grafischer Anzeige f\u00fcr Nachbearbeitungsprozesse<\/li>\n<li>Anbindung an \u00fcbergeordnete MES-Systeme<\/li>\n<\/ul>\n<p>[\/vc_column_text][\/vc_column][vc_column width=&#8220;1\/2&#8243;][vc_column_text]<\/p>\n<h3><span style=\"color: #e20026;\"><img decoding=\"async\" class=\"alignnone wp-image-22334 size-full\" src=\"https:\/\/www.mondragon-assembly.com\/wp-content\/uploads\/2019\/06\/icon-function.jpg\" alt=\"\" width=\"41\" height=\"41\" \/> Montageprozess<\/span><\/h3>\n<p>[\/vc_column_text][vc_column_text el_class=&#8220;icon_list&#8220;]<\/p>\n<ul>\n<li>Beladung von P-Pol, M-Pol und Zellverbinder in den Tr\u00e4ger \u00fcber Palettiersystem mittels SCARA-Roboter. Komponenten werden hei\u00dfverstemmt<\/li>\n<li>Die NTCs auf der Leiterplatte werden von Scara-Robotern mit W\u00e4rmeleitpads best\u00fcckt und die Leiterplatte wird in die Tr\u00e4gerplatte eingesetzt. Die Leiterplatte wird auch hei\u00dfverstemmt<\/li>\n<li>Plasmareinigung aller Verbindungspunkte. Anschlie\u00dfend erfolgt die Herstellung der Bondverbindungen zwischen der Leiterplatte und dem Zellenverbinder<\/li>\n<li>Beschichtung der Bondfl\u00e4chen mit UV-Lack. Aush\u00e4rten der Beschichtung im UV-Ofen<\/li>\n<li>End-of-Line-Pr\u00fcfung: optische Pr\u00fcfung der UV-Beschichtung mittels Kamerasystem, optische Pr\u00fcfung der Verstemmungsstellen mittels Kamerasystem, elektrische Pr\u00fcfungen von Bondverbindungen und NTCs.<\/li>\n<li>Lasermarkierung<\/li>\n<li>Automatische Sortierung von NIO- oder nachbearbeiteten Teilen. IO-Teile werden vom Bedienpersonal entfernt<\/li>\n<\/ul>\n<p>[\/vc_column_text][\/vc_column][\/vc_row]<\/p>\n<\/div>","protected":false},"excerpt":{"rendered":"<p>[vc_row][vc_column][vc_empty_space][\/vc_column][\/vc_row][vc_row][vc_column][vc_text_separator title=&#8220;SCHL\u00dcSSELFERTIGE LINIEN F\u00dcR DIE MONTAGE VON BATTERIEMODULEN UND -PACKS&#8220; el_class=&#8220;title_gr&#8220; css=&#8220;.vc_custom_1617135339929{padding-right: 10px !important;padding-left: 10px !important;}&#8220;][\/vc_column][\/vc_row][vc_row][vc_column][vc_column_text]Wir bieten modulare und flexible L\u00f6sungen an, um eine Vielzahl von Bereichen, wie z. B. Energiespeichersysteme von Forschungs- und Entwicklungsmaschinen bis hin zu kompletten Montagelinien f\u00fcr die Modul- und Batteriepackproduktion, abzudecken. Wir sind in der Lage, eine breite Palette von [&hellip;]<\/p>\n","protected":false},"author":4,"featured_media":0,"parent":30035,"menu_order":0,"comment_status":"closed","ping_status":"closed","template":"sectors.php","meta":{"_lmt_disableupdate":"","_lmt_disable":"","footnotes":""},"yst_prominent_words":[1026,2226,2241,2476],"class_list":["post-30132","page","type-page","status-publish","hentry"],"acf":[],"_links":{"self":[{"href":"https:\/\/www.mondragon-assembly.com\/de\/wp-json\/wp\/v2\/pages\/30132","targetHints":{"allow":["GET"]}}],"collection":[{"href":"https:\/\/www.mondragon-assembly.com\/de\/wp-json\/wp\/v2\/pages"}],"about":[{"href":"https:\/\/www.mondragon-assembly.com\/de\/wp-json\/wp\/v2\/types\/page"}],"author":[{"embeddable":true,"href":"https:\/\/www.mondragon-assembly.com\/de\/wp-json\/wp\/v2\/users\/4"}],"replies":[{"embeddable":true,"href":"https:\/\/www.mondragon-assembly.com\/de\/wp-json\/wp\/v2\/comments?post=30132"}],"version-history":[{"count":21,"href":"https:\/\/www.mondragon-assembly.com\/de\/wp-json\/wp\/v2\/pages\/30132\/revisions"}],"predecessor-version":[{"id":71034,"href":"https:\/\/www.mondragon-assembly.com\/de\/wp-json\/wp\/v2\/pages\/30132\/revisions\/71034"}],"up":[{"embeddable":true,"href":"https:\/\/www.mondragon-assembly.com\/de\/wp-json\/wp\/v2\/pages\/30035"}],"wp:attachment":[{"href":"https:\/\/www.mondragon-assembly.com\/de\/wp-json\/wp\/v2\/media?parent=30132"}],"wp:term":[{"taxonomy":"yst_prominent_words","embeddable":true,"href":"https:\/\/www.mondragon-assembly.com\/de\/wp-json\/wp\/v2\/yst_prominent_words?post=30132"}],"curies":[{"name":"wp","href":"https:\/\/api.w.org\/{rel}","templated":true}]}}