{"id":30148,"date":"2020-11-29T20:01:05","date_gmt":"2020-11-29T18:01:05","guid":{"rendered":"https:\/\/www.mondragon-assembly.com\/contract-manufacturing\/"},"modified":"2021-03-30T17:31:08","modified_gmt":"2021-03-30T15:31:08","slug":"contract-manufacturing","status":"publish","type":"page","link":"https:\/\/www.mondragon-assembly.com\/de\/contract-manufacturing\/","title":{"rendered":"Auftragsfertigung"},"content":{"rendered":"<div class=\"wpb-content-wrapper\"><p>[vc_row][vc_column][vc_column_text css_animation=&#8220;left-to-right&#8220;]Wir sind Spezialisten in der Konstruktion, Herstellung und Montage von Fertigungslinien f\u00fcr die Automatisierung von industriellen Prozessen und dank unserer mehr als vierzigj\u00e4hrigen T\u00e4tigkeit in diesem Markt konnten wir uns als f\u00fchrender Anbieter von Spitzentechnologien f\u00fcr unsere Kunden etablieren.<!-- wpml:html_fragment --><\/p>\n<p>Unser Expertenteam ist mit seinem umfangreichen Know-how und seiner Erfahrung in der Lage, L\u00f6sungen mit hohem technologischem Wert im Bereich Mechanik, Elektrik, Elektronik und Montage f\u00fcr eine Vielzahl von Produkten in verschiedenen Branchen anzubieten.[\/vc_column_text][\/vc_column][\/vc_row][vc_row][vc_column][vc_empty_space][\/vc_column][\/vc_row][vc_row][vc_column width=&#8220;1\/2&#8243;][vc_column_text css_animation=&#8220;left-to-right&#8220; el_class=&#8220;icon_list&#8220;]<!-- wpml:html_fragment --><\/p>\n<h4 style=\"font-weight: bold;\">Bei Mondragon Assembly verf\u00fcgen wir \u00fcber ein hohes Ma\u00df an Erfahrung in:<\/h4>\n<ul>\n<li>Planung und Konstruktion von Fertigungslinien f\u00fcr industrielle Komponenten<\/li>\n<li>Globale Lieferungen durch internationale Partnerschaften mit f\u00fchrenden Erstausr\u00fcstern von Automatisierungsl\u00f6sungen<\/li>\n<li>Montage, Programmierung und Einrichtung von serienm\u00e4\u00dfigen und kundenspezifischen Anlagen<\/li>\n<li>Weltweite Lieferung schl\u00fcsselfertiger L\u00f6sungen direkt an den Kunden<\/li>\n<\/ul>\n<p>[\/vc_column_text][\/vc_column][vc_column width=&#8220;1\/2&#8243;][vc_single_image image=&#8220;26809&#8243; img_size=&#8220;full&#8220; style=&#8220;vc_box_outline&#8220; css_animation=&#8220;fadeIn&#8220;][\/vc_column][\/vc_row][vc_row][vc_column][vc_empty_space][\/vc_column][\/vc_row][vc_row css=&#8220;.vc_custom_1609835791864{border-bottom-width: 3px !important;padding-right: 20px !important;padding-left: 20px !important;background-color: #f7f7f7 !important;}&#8220;][vc_column][vc_column_text css_animation=&#8220;left-to-right&#8220; el_class=&#8220;icon_list&#8220;]<!-- wpml:html_fragment --><\/p>\n<p style=\"text-align: center;\"><strong>Unser weltweites Fertigungsnetz und mehr als 1500 durchgef\u00fchrte Projekte erm\u00f6glichen es uns, L\u00f6sungen f\u00fcr Kunden anzubieten, die unsere Dienstleistungen \u00fcberall auf der Welt in Anspruch nehmen m\u00f6chten, um die Leistungsf\u00e4higkeit ihrer Produktionsprozesse zu erh\u00f6hen und die Komplexit\u00e4t interner Abl\u00e4ufe zu vereinfachen.<\/strong><\/p>\n<p>[\/vc_column_text][\/vc_column][\/vc_row][vc_row][vc_column][vc_column_text]<!-- wpml:html_fragment -->[\/vc_column_text][\/vc_column][\/vc_row]<\/p>\n<\/div>","protected":false},"excerpt":{"rendered":"<p>[vc_row][vc_column][vc_column_text css_animation=&#8220;left-to-right&#8220;]Wir sind Spezialisten in der Konstruktion, Herstellung und Montage von Fertigungslinien f\u00fcr die Automatisierung von industriellen Prozessen und dank unserer mehr als vierzigj\u00e4hrigen T\u00e4tigkeit in diesem Markt konnten wir uns als f\u00fchrender Anbieter von Spitzentechnologien f\u00fcr unsere Kunden etablieren. Unser Expertenteam ist mit seinem umfangreichen Know-how und seiner Erfahrung in der Lage, L\u00f6sungen mit [&hellip;]<\/p>\n","protected":false},"author":4,"featured_media":0,"parent":0,"menu_order":0,"comment_status":"closed","ping_status":"closed","template":"sectors.php","meta":{"_lmt_disableupdate":"","_lmt_disable":"","footnotes":""},"yst_prominent_words":[2888,1023,1877,2226,2228,2231,2233,2241,2476],"class_list":["post-30148","page","type-page","status-publish","hentry"],"acf":[],"_links":{"self":[{"href":"https:\/\/www.mondragon-assembly.com\/de\/wp-json\/wp\/v2\/pages\/30148","targetHints":{"allow":["GET"]}}],"collection":[{"href":"https:\/\/www.mondragon-assembly.com\/de\/wp-json\/wp\/v2\/pages"}],"about":[{"href":"https:\/\/www.mondragon-assembly.com\/de\/wp-json\/wp\/v2\/types\/page"}],"author":[{"embeddable":true,"href":"https:\/\/www.mondragon-assembly.com\/de\/wp-json\/wp\/v2\/users\/4"}],"replies":[{"embeddable":true,"href":"https:\/\/www.mondragon-assembly.com\/de\/wp-json\/wp\/v2\/comments?post=30148"}],"version-history":[{"count":17,"href":"https:\/\/www.mondragon-assembly.com\/de\/wp-json\/wp\/v2\/pages\/30148\/revisions"}],"predecessor-version":[{"id":38820,"href":"https:\/\/www.mondragon-assembly.com\/de\/wp-json\/wp\/v2\/pages\/30148\/revisions\/38820"}],"wp:attachment":[{"href":"https:\/\/www.mondragon-assembly.com\/de\/wp-json\/wp\/v2\/media?parent=30148"}],"wp:term":[{"taxonomy":"yst_prominent_words","embeddable":true,"href":"https:\/\/www.mondragon-assembly.com\/de\/wp-json\/wp\/v2\/yst_prominent_words?post=30148"}],"curies":[{"name":"wp","href":"https:\/\/api.w.org\/{rel}","templated":true}]}}