{"id":31257,"date":"2016-04-04T08:06:25","date_gmt":"2016-04-04T06:06:25","guid":{"rendered":"https:\/\/www.mondragon-assembly.com\/solar-automation-solutions\/"},"modified":"2021-03-28T09:55:21","modified_gmt":"2021-03-28T07:55:21","slug":"solar-automation-solutions","status":"publish","type":"page","link":"https:\/\/www.mondragon-assembly.com\/de\/solar-automation-solutions\/","title":{"rendered":"Solartechnik"},"content":{"rendered":"<div class=\"wpb-content-wrapper\"><p>[vc_row full_width=&#8220;stretch_row_content_no_spaces&#8220;][vc_column][vc_column_text]<div id=\"home-slider-2019\" class=\"homeslidersolar\"><div id=\"home-slider-2019-icons\" class=\"homesolar\"><h3>We are specialist in high added value applications for the solar business sector<\/h3><ul><li class=\"turnkey\" data-target=\"turnkey\"><a href=\"https:\/\/www.mondragon-assembly.com\/solar-automation-solutions\/turnkey-lines-for-pv-module-manufacturing\/\" title=\" \"><div class=\"imagen\"><\/div><h2>Turnkey lines for PV module manufacturing<\/h2><\/a><\/li><li class=\"individual\" data-target=\"individual\"><a href=\"https:\/\/www.mondragon-assembly.com\/solar-automation-solutions\/individual-equipment\/\" title=\" \"><div class=\"imagen\"><\/div><h2>Individual equipment<\/h2><\/a><\/li><li class=\"module\" data-target=\"module\"><a href=\"https:\/\/www.mondragon-assembly.com\/?page_id=775\" title=\" \"><div class=\"imagen\"><\/div><h2>Module Technology<\/h2><\/a><\/li><li class=\"getready\" data-target=\"getready\"><a href=\"https:\/\/www.mondragon-assembly.com\/solar-automation-solutions\/get-ready-for-manufacturing\/\" title=\" \"><div class=\"imagen\"><\/div><h2>Get ready for manufacturing!<\/h2><\/a><\/li><\/ul><\/div><\/div>[\/vc_column_text][\/vc_column][\/vc_row][vc_row][vc_column css=&#8220;.vc_custom_1561111632984{margin-bottom: -20px !important;padding-top: 10px !important;}&#8220;][vc_column_text css_animation=&#8220;appear&#8220; css=&#8220;.vc_custom_1616918118428{padding-top: 7px !important;padding-right: 20px !important;padding-bottom: 20px !important;padding-left: 20px !important;background-color: #f7f7f7 !important;}&#8220;]<\/p>\n<h3 style=\"text-align: center;\"><span style=\"color: #494a4c;\">Mondragon Assembly ist ein europ\u00e4ischer Marktf\u00fchrer in der Produktion von technologischer Ausr\u00fcstung f\u00fcr die Solarmodulherstellung unter Einbeziehung der neuesten Technologien. Wir entwickeln und liefern automatisierte, schl\u00fcsselfertige Hightech-Fertigungslinien und Maschinen f\u00fcr Photovoltaikanlagen.<\/span><\/h3>\n<p>[\/vc_column_text][\/vc_column][\/vc_row][vc_row][vc_column css=&#8220;.vc_custom_1561111632984{margin-bottom: -20px !important;padding-top: 10px !important;}&#8220;][vc_empty_space][\/vc_column][\/vc_row][vc_row full_width=&#8220;stretch_row_content_no_spaces&#8220;][vc_column el_id=&#8220;solarinfigures&#8220;][visualmodo_wpbakery_counter value=&#8220;15&#8243; value_interval=&#8220;1&#8243; el_id=&#8220;countergw&#8220; counter_color=&#8220;#e40521&#8243; value_speed=&#8220;300&#8243;][visualmodo_wpbakery_counter value=&#8220;2001&#8243; value_speed=&#8220;10000&#8243; value_interval=&#8220;50&#8243; el_id=&#8220;counteryear&#8220; counter_color=&#8220;#e40521&#8243;][visualmodo_wpbakery_counter value=&#8220;14&#8243; value_interval=&#8220;1&#8243; el_id=&#8220;counterprojects&#8220; counter_color=&#8220;#e40521&#8243; value_speed=&#8220;300&#8243;][vc_single_image image=&#8220;32777&#8243; img_size=&#8220;full&#8220; alignment=&#8220;center&#8220;][\/vc_column][\/vc_row][vc_row][vc_column css=&#8220;.vc_custom_1561111632984{margin-bottom: -20px !important;padding-top: 10px !important;}&#8220;][vc_empty_space][\/vc_column][\/vc_row][vc_row css_animation=&#8220;fadeIn&#8220;][vc_column][vc_text_separator title=&#8220;MONDRAGON ASSEMBLY SOLAR GESCHICHTE&#8220; el_class=&#8220;title_gr&#8220;][vc_column_text css=&#8220;.vc_custom_1607196485517{margin-top: -20px !important;}&#8220;]<\/p>\n<h3 style=\"text-align: center; font-weight: bold;\">Ein starkes Wachstum im Solarsektor<\/h3>\n<p>[\/vc_column_text][\/vc_column][\/vc_row][vc_row full_width=&#8220;stretch_row_content&#8220;][vc_column][vc_column_text]\t\t<div class=\"wpostahs-slider-wrp \" data-conf=\"{&quot;dots&quot;:&quot;true&quot;,&quot;arrows&quot;:&quot;true&quot;,&quot;loop&quot;:&quot;true&quot;,&quot;autoplay&quot;:&quot;true&quot;,&quot;autoplayInterval&quot;:3000,&quot;speed&quot;:300,&quot;fade&quot;:&quot;false&quot;,&quot;rtl&quot;:&quot;false&quot;,&quot;centermode&quot;:&quot;false&quot;,&quot;slidestoshow&quot;:3,&quot;lazyload&quot;:&quot;&quot;}\">\r\n\t\t\t<div class=\"wpostahs-slider wpostahs-slider-inner-wrp wpostahs-slider-design-2\">\r\n\t\t\t\t\n<div id=\"wpostahs-slider-nav-1\" class=\"wpostahs-slider-nav-1 wpostahs-slider-nav wpostahs-slick-slider\" data-slider-nav-for='wpostahs-slider-for-1'>\n\t\t\t\t<div class=\"wpostahs-slider-nav-title\">\n\t\t\t<div class=\"wpostahs-main-title\">\n\t\t\t\t<button><\/button>\n\t\t\t<\/div>\n\t\t\t<div class=\"wpostahs-title\">2001<\/div>\n\t\t<\/div>\n\t\t\t<div class=\"wpostahs-slider-nav-title\">\n\t\t\t<div class=\"wpostahs-main-title\">\n\t\t\t\t<button><\/button>\n\t\t\t<\/div>\n\t\t\t<div class=\"wpostahs-title\">2002<\/div>\n\t\t<\/div>\n\t\t\t<div class=\"wpostahs-slider-nav-title\">\n\t\t\t<div class=\"wpostahs-main-title\">\n\t\t\t\t<button><\/button>\n\t\t\t<\/div>\n\t\t\t<div class=\"wpostahs-title\">2003<\/div>\n\t\t<\/div>\n\t\t\t<div class=\"wpostahs-slider-nav-title\">\n\t\t\t<div class=\"wpostahs-main-title\">\n\t\t\t\t<button><\/button>\n\t\t\t<\/div>\n\t\t\t<div class=\"wpostahs-title\">2004<\/div>\n\t\t<\/div>\n\t\t\t<div class=\"wpostahs-slider-nav-title\">\n\t\t\t<div class=\"wpostahs-main-title\">\n\t\t\t\t<button><\/button>\n\t\t\t<\/div>\n\t\t\t<div class=\"wpostahs-title\">2015<\/div>\n\t\t<\/div>\n\t\t\t<div class=\"wpostahs-slider-nav-title\">\n\t\t\t<div class=\"wpostahs-main-title\">\n\t\t\t\t<button><\/button>\n\t\t\t<\/div>\n\t\t\t<div class=\"wpostahs-title\">2016<\/div>\n\t\t<\/div>\n\t\t\t<div class=\"wpostahs-slider-nav-title\">\n\t\t\t<div class=\"wpostahs-main-title\">\n\t\t\t\t<button><\/button>\n\t\t\t<\/div>\n\t\t\t<div class=\"wpostahs-title\">2017<\/div>\n\t\t<\/div>\n\t\t\t<div class=\"wpostahs-slider-nav-title\">\n\t\t\t<div class=\"wpostahs-main-title\">\n\t\t\t\t<button><\/button>\n\t\t\t<\/div>\n\t\t\t<div class=\"wpostahs-title\">2018<\/div>\n\t\t<\/div>\n\t\t\t<div class=\"wpostahs-slider-nav-title\">\n\t\t\t<div class=\"wpostahs-main-title\">\n\t\t\t\t<button><\/button>\n\t\t\t<\/div>\n\t\t\t<div class=\"wpostahs-title\">2019<\/div>\n\t\t<\/div>\n\t\t\t<div class=\"wpostahs-slider-nav-title\">\n\t\t\t<div class=\"wpostahs-main-title\">\n\t\t\t\t<button><\/button>\n\t\t\t<\/div>\n\t\t\t<div class=\"wpostahs-title\">2020<\/div>\n\t\t<\/div>\n\t<\/div>\n\n<div class=\"wpostahs-slider-for-1 wpostahs-slider-for wpostahs-slick-slider\">\n\t\t\t\n\t\t<div class=\"wpostahs-slider-nav-content\">\n\t\t<h2 class=\"wpostahs-centent-title\">2001<\/h2>\n\t\t\t<div class=\"wpostahs-centent\">\n\t\t\t\t<div class=\"wpb-content-wrapper\"><p>[vc_row][vc_column][vc_column_text]<\/p>\n<h2 style=\"text-align: center;\"><span style=\"color: #e40521;\">2001<\/span><\/h2>\n<p>[\/vc_column_text][vc_row_inner][vc_column_inner width=&#8220;1\/2&#8243;][vc_single_image image=&#8220;34709&#8243; img_size=&#8220;full&#8220; style=&#8220;vc_box_shadow_3d&#8220;][\/vc_column_inner][vc_column_inner width=&#8220;1\/2&#8243;][vc_column_text el_class=&#8220;frases_histograma&#8220;]<\/p>\n<p style=\"text-align: center;\">Erste erfolgreich bei unserem Kunden installierte PV-Anlage<\/p>\n<p>[\/vc_column_text][\/vc_column_inner][\/vc_row_inner][\/vc_column][\/vc_row]<\/p>\n<\/div>\t\t\t<\/div>\n\n\t\t\t\t<\/div>\n\t\t\t\n\t\t<div class=\"wpostahs-slider-nav-content\">\n\t\t<h2 class=\"wpostahs-centent-title\">2002<\/h2>\n\t\t\t<div class=\"wpostahs-centent\">\n\t\t\t\t<div class=\"wpb-content-wrapper\"><p>[vc_row][vc_column][vc_column_text]<\/p>\n<h2 style=\"text-align: center;\"><span style=\"color: #e40521;\">2002<\/span><\/h2>\n<p>[\/vc_column_text][vc_row_inner][vc_column_inner width=&#8220;1\/2&#8243;][vc_single_image image=&#8220;34710&#8243; img_size=&#8220;full&#8220; style=&#8220;vc_box_shadow_3d&#8220;][\/vc_column_inner][vc_column_inner width=&#8220;1\/2&#8243;][vc_column_text el_class=&#8220;frases_histograma&#8220;]<\/p>\n<p style=\"text-align: center;\">Erste bei unserem Kunden entwickelte und installierte Tabber-Stringer-Anlage<\/p>\n<p>[\/vc_column_text][\/vc_column_inner][\/vc_row_inner][\/vc_column][\/vc_row]<\/p>\n<\/div>\t\t\t<\/div>\n\n\t\t\t\t<\/div>\n\t\t\t\n\t\t<div class=\"wpostahs-slider-nav-content\">\n\t\t<h2 class=\"wpostahs-centent-title\">2003<\/h2>\n\t\t\t<div class=\"wpostahs-centent\">\n\t\t\t\t<div class=\"wpb-content-wrapper\"><p>[vc_row][vc_column][vc_column_text]<\/p>\n<h2 style=\"text-align: center;\"><span style=\"color: #e40521;\">2003<\/span><\/h2>\n<p>[\/vc_column_text][vc_row_inner][vc_column_inner width=&#8220;1\/2&#8243;][vc_single_image image=&#8220;34711&#8243; img_size=&#8220;full&#8220; style=&#8220;vc_box_shadow_3d&#8220;][\/vc_column_inner][vc_column_inner width=&#8220;1\/2&#8243;][vc_column_text el_class=&#8220;frases_histograma&#8220;]<\/p>\n<p style=\"text-align: center;\">Erstes automatisches IC und Auto Framing entwickelt<\/p>\n<p>[\/vc_column_text][\/vc_column_inner][\/vc_row_inner][\/vc_column][\/vc_row]<\/p>\n<\/div>\t\t\t<\/div>\n\n\t\t\t\t<\/div>\n\t\t\t\n\t\t<div class=\"wpostahs-slider-nav-content\">\n\t\t<h2 class=\"wpostahs-centent-title\">2004<\/h2>\n\t\t\t<div class=\"wpostahs-centent\">\n\t\t\t\t<div class=\"wpb-content-wrapper\"><p>[vc_row][vc_column][vc_column_text]<\/p>\n<h2 style=\"text-align: center;\"><span style=\"color: #e40521;\">2004<\/span><\/h2>\n<p>[\/vc_column_text][vc_row_inner][vc_column_inner width=&#8220;1\/2&#8243;][vc_single_image image=&#8220;34712&#8243; img_size=&#8220;full&#8220; style=&#8220;vc_box_shadow_3d&#8220;][\/vc_column_inner][vc_column_inner width=&#8220;1\/2&#8243;][vc_column_text el_class=&#8220;frases_histograma2&#8243;]<\/p>\n<p style=\"text-align: center;\">Erste komplett schl\u00fcsselfertige Linie geliefert<\/p>\n<p>[\/vc_column_text][\/vc_column_inner][\/vc_row_inner][\/vc_column][\/vc_row]<\/p>\n<\/div>\t\t\t<\/div>\n\n\t\t\t\t<\/div>\n\t\t\t\n\t\t<div class=\"wpostahs-slider-nav-content\">\n\t\t<h2 class=\"wpostahs-centent-title\">2015<\/h2>\n\t\t\t<div class=\"wpostahs-centent\">\n\t\t\t\t<div class=\"wpb-content-wrapper\"><p>[vc_row][vc_column][vc_column_text]<\/p>\n<h2 style=\"text-align: center;\"><span style=\"color: #e40521;\">2015<\/span><\/h2>\n<p>[\/vc_column_text][vc_row_inner][vc_column_inner width=&#8220;1\/2&#8243;][vc_single_image image=&#8220;34714&#8243; img_size=&#8220;full&#8220; style=&#8220;vc_box_shadow_3d&#8220;][\/vc_column_inner][vc_column_inner width=&#8220;1\/2&#8243;][vc_column_text el_class=&#8220;frases_histograma2&#8243;]<\/p>\n<p style=\"text-align: center;\">\u00dcbernahme der Solartechniksparte von Gorosabel<\/p>\n<p>[\/vc_column_text][\/vc_column_inner][\/vc_row_inner][\/vc_column][\/vc_row]<\/p>\n<\/div>\t\t\t<\/div>\n\n\t\t\t\t<\/div>\n\t\t\t\n\t\t<div class=\"wpostahs-slider-nav-content\">\n\t\t<h2 class=\"wpostahs-centent-title\">2016<\/h2>\n\t\t\t<div class=\"wpostahs-centent\">\n\t\t\t\t<div class=\"wpb-content-wrapper\"><p>[vc_row][vc_column][vc_column_text]<\/p>\n<h2 style=\"text-align: center;\"><span style=\"color: #e40521;\">2016<\/span><\/h2>\n<p>[\/vc_column_text][vc_row_inner][vc_column_inner width=&#8220;1\/2&#8243;][vc_single_image image=&#8220;34715&#8243; img_size=&#8220;full&#8220; style=&#8220;vc_box_shadow_3d&#8220;][\/vc_column_inner][vc_column_inner width=&#8220;1\/2&#8243;][vc_column_text el_class=&#8220;frases_histograma&#8220;]<\/p>\n<p style=\"text-align: center;\">Gr\u00fcndung von Mondragon Assembly India Pvt. Ltd.<\/p>\n<p>[\/vc_column_text][\/vc_column_inner][\/vc_row_inner][\/vc_column][\/vc_row]<\/p>\n<\/div>\t\t\t<\/div>\n\n\t\t\t\t<\/div>\n\t\t\t\n\t\t<div class=\"wpostahs-slider-nav-content\">\n\t\t<h2 class=\"wpostahs-centent-title\">2017<\/h2>\n\t\t\t<div class=\"wpostahs-centent\">\n\t\t\t\t<div class=\"wpb-content-wrapper\"><p>[vc_row][vc_column][vc_column_text]<\/p>\n<h2 style=\"text-align: center;\"><span style=\"color: #e40521;\">2017<\/span><\/h2>\n<p>[\/vc_column_text][vc_row_inner][vc_column_inner][vc_single_image image=&#8220;34716&#8243; img_size=&#8220;full&#8220; alignment=&#8220;center&#8220; style=&#8220;vc_box_shadow_3d&#8220;][\/vc_column_inner][\/vc_row_inner][vc_row_inner][vc_column_inner][vc_column_text]<\/p>\n<p style=\"text-align: center;\">Neues Tabber-Stringer MTS Konzept mit 2500 Zellen\/Stunde in einer Stunde<\/p>\n<p style=\"text-align: center;\">Umsetzung verschiedener Patente f\u00fcr Stringing- und Verbindungstechnologien<\/p>\n<p style=\"text-align: center;\">Entwicklung gr\u00f6\u00dferer Linien, 500MW-Projekte<\/p>\n<p>[\/vc_column_text][\/vc_column_inner][\/vc_row_inner][\/vc_column][\/vc_row]<\/p>\n<\/div>\t\t\t<\/div>\n\n\t\t\t\t<\/div>\n\t\t\t\n\t\t<div class=\"wpostahs-slider-nav-content\">\n\t\t<h2 class=\"wpostahs-centent-title\">2018<\/h2>\n\t\t\t<div class=\"wpostahs-centent\">\n\t\t\t\t<div class=\"wpb-content-wrapper\"><p>[vc_row][vc_column][vc_column_text]<\/p>\n<h2 style=\"text-align: center;\"><span style=\"color: #e40521;\">2018<\/span><\/h2>\n<p>[\/vc_column_text][vc_row_inner][vc_column_inner][vc_single_image image=&#8220;34717&#8243; img_size=&#8220;full&#8220; alignment=&#8220;center&#8220; style=&#8220;vc_box_shadow_3d&#8220;][\/vc_column_inner][\/vc_row_inner][vc_row_inner][vc_column_inner][vc_column_text]<\/p>\n<p style=\"text-align: center;\">Vertriebsabkommen (&#8222;Preferred Partnership&#8220;) mit Meyer Burger<\/p>\n<p style=\"text-align: center;\">Neue Konzepte f\u00fcr Auto-Framing und Hilfsmaschinen<\/p>\n<p style=\"text-align: center;\">Neues IC-Konzept, Vollautomatisierung, Schnitt-Zelle und Mehrfachsammelschienen-Technologie in einer Maschine<\/p>\n<p style=\"text-align: center;\">Erste bei unserem Kunden installierte Montagelinie f\u00fcr Batteriepacks<\/p>\n<p>[\/vc_column_text][\/vc_column_inner][\/vc_row_inner][\/vc_column][\/vc_row]<\/p>\n<\/div>\t\t\t<\/div>\n\n\t\t\t\t<\/div>\n\t\t\t\n\t\t<div class=\"wpostahs-slider-nav-content\">\n\t\t<h2 class=\"wpostahs-centent-title\">2019<\/h2>\n\t\t\t<div class=\"wpostahs-centent\">\n\t\t\t\t<div class=\"wpb-content-wrapper\"><p>[vc_row][vc_column][vc_column_text]<\/p>\n<h2 style=\"text-align: center;\"><span style=\"color: #e40521;\">2019<\/span><\/h2>\n<p>[\/vc_column_text][vc_row_inner][vc_column_inner width=&#8220;2\/5&#8243;][vc_single_image image=&#8220;37079&#8243; img_size=&#8220;full&#8220; style=&#8220;vc_box_shadow_3d&#8220;][\/vc_column_inner][vc_column_inner width=&#8220;3\/5&#8243;][vc_column_text el_class=&#8220;frases_histograma&#8220;]<\/p>\n<p style=\"text-align: center;\">Gr\u00fcndung von Mondragon Assembly MENA<br \/>\nErste Tabber&amp;Stringer ECA-Maschine entwickelt (GOPV European Project)<\/p>\n<p>[\/vc_column_text][\/vc_column_inner][\/vc_row_inner][\/vc_column][\/vc_row]<\/p>\n<\/div>\t\t\t<\/div>\n\n\t\t\t\t<\/div>\n\t\t\t\n\t\t<div class=\"wpostahs-slider-nav-content\">\n\t\t<h2 class=\"wpostahs-centent-title\">2020<\/h2>\n\t\t\t<div class=\"wpostahs-centent\">\n\t\t\t\t<div class=\"wpb-content-wrapper\"><p>[vc_row][vc_column][vc_column_text]<\/p>\n<h2 style=\"text-align: center;\"><span style=\"color: #e40521;\">2020<\/span><\/h2>\n<p>[\/vc_column_text][vc_row_inner][vc_column_inner width=&#8220;1\/2&#8243;][vc_single_image image=&#8220;34721&#8243; img_size=&#8220;full&#8220; style=&#8220;vc_box_shadow_3d&#8220;][\/vc_column_inner][vc_column_inner width=&#8220;1\/2&#8243;][vc_column_text el_class=&#8220;frases_histograma&#8220;]<\/p>\n<p style=\"text-align: center;\">Erste BIPV-Linie<\/p>\n<p style=\"text-align: center;\">Neuer Tabber &amp; Stringer: MTS 3000<\/p>\n<p>[\/vc_column_text][\/vc_column_inner][\/vc_row_inner][\/vc_column][\/vc_row]<\/p>\n<\/div>\t\t\t<\/div>\n\n\t\t\t\t<\/div>\n\t<\/div>\t\t\t<\/div>\r\n\t\t<\/div>\r\n\t\t[\/vc_column_text][\/vc_column][\/vc_row]<\/p>\n<\/div>","protected":false},"excerpt":{"rendered":"<p>[vc_row full_width=&#8220;stretch_row_content_no_spaces&#8220;][vc_column][vc_column_text][\/vc_column_text][\/vc_column][\/vc_row][vc_row][vc_column css=&#8220;.vc_custom_1561111632984{margin-bottom: -20px !important;padding-top: 10px !important;}&#8220;][vc_column_text css_animation=&#8220;appear&#8220; css=&#8220;.vc_custom_1616918118428{padding-top: 7px !important;padding-right: 20px !important;padding-bottom: 20px !important;padding-left: 20px !important;background-color: #f7f7f7 !important;}&#8220;] Mondragon Assembly ist ein europ\u00e4ischer Marktf\u00fchrer in der Produktion von technologischer Ausr\u00fcstung f\u00fcr die Solarmodulherstellung unter Einbeziehung der neuesten Technologien. Wir entwickeln und liefern automatisierte, schl\u00fcsselfertige Hightech-Fertigungslinien und Maschinen f\u00fcr Photovoltaikanlagen. [\/vc_column_text][\/vc_column][\/vc_row][vc_row][vc_column css=&#8220;.vc_custom_1561111632984{margin-bottom: -20px !important;padding-top: 10px [&hellip;]<\/p>\n","protected":false},"author":4,"featured_media":17044,"parent":0,"menu_order":0,"comment_status":"closed","ping_status":"closed","template":"sectors.php","meta":{"_lmt_disableupdate":"","_lmt_disable":"","footnotes":""},"yst_prominent_words":[230,771,772,1636,2233,3171,5318],"class_list":["post-31257","page","type-page","status-publish","has-post-thumbnail","hentry"],"acf":[],"_links":{"self":[{"href":"https:\/\/www.mondragon-assembly.com\/de\/wp-json\/wp\/v2\/pages\/31257","targetHints":{"allow":["GET"]}}],"collection":[{"href":"https:\/\/www.mondragon-assembly.com\/de\/wp-json\/wp\/v2\/pages"}],"about":[{"href":"https:\/\/www.mondragon-assembly.com\/de\/wp-json\/wp\/v2\/types\/page"}],"author":[{"embeddable":true,"href":"https:\/\/www.mondragon-assembly.com\/de\/wp-json\/wp\/v2\/users\/4"}],"replies":[{"embeddable":true,"href":"https:\/\/www.mondragon-assembly.com\/de\/wp-json\/wp\/v2\/comments?post=31257"}],"version-history":[{"count":10,"href":"https:\/\/www.mondragon-assembly.com\/de\/wp-json\/wp\/v2\/pages\/31257\/revisions"}],"predecessor-version":[{"id":37428,"href":"https:\/\/www.mondragon-assembly.com\/de\/wp-json\/wp\/v2\/pages\/31257\/revisions\/37428"}],"wp:featuredmedia":[{"embeddable":true,"href":"https:\/\/www.mondragon-assembly.com\/de\/wp-json\/wp\/v2\/media\/17044"}],"wp:attachment":[{"href":"https:\/\/www.mondragon-assembly.com\/de\/wp-json\/wp\/v2\/media?parent=31257"}],"wp:term":[{"taxonomy":"yst_prominent_words","embeddable":true,"href":"https:\/\/www.mondragon-assembly.com\/de\/wp-json\/wp\/v2\/yst_prominent_words?post=31257"}],"curies":[{"name":"wp","href":"https:\/\/api.w.org\/{rel}","templated":true}]}}