{"id":33289,"date":"2021-01-07T11:44:38","date_gmt":"2021-01-07T09:44:38","guid":{"rendered":"https:\/\/www.mondragon-assembly.com\/turnkey-lines-for-bipolar-plate-fuell-cells\/"},"modified":"2021-03-30T22:12:05","modified_gmt":"2021-03-30T20:12:05","slug":"turnkey-lines-for-bipolar-plate-fuell-cells","status":"publish","type":"page","link":"https:\/\/www.mondragon-assembly.com\/de\/e-mobilitat-und-energiespeicherung\/turnkey-lines-for-bipolar-plate-fuell-cells\/","title":{"rendered":"Schl\u00fcsselfertige Anlagen f\u00fcr Bipolarplatten-Brennstoffzellen"},"content":{"rendered":"<div class=\"wpb-content-wrapper\"><p>[vc_row][vc_column][vc_empty_space][\/vc_column][\/vc_row][vc_row][vc_column][vc_text_separator title=&#8220;SCHL\u00dcSSELFERTIGE ANLAGE F\u00dcR BIPOLARPLATTEN-BRENNSTOFFZELLEN&#8220; el_class=&#8220;title_gr&#8220;][\/vc_column][\/vc_row][vc_row][vc_column][vc_column_text css_animation=&#8220;none&#8220;]Bei Mondragon Assembly haben wir uns intensiv mit diesem Thema befasst, um hochproduktive L\u00f6sungen f\u00fcr die Massenfertigung von Brennstoffzellen zu entwickeln.[\/vc_column_text][\/vc_column][\/vc_row][vc_row][vc_column width=&#8220;1\/2&#8243;][vc_column_text]<\/p>\n<h3><span style=\"color: #e20026;\"><img decoding=\"async\" class=\"alignnone wp-image-22233 size-full\" src=\"https:\/\/www.mondragon-assembly.com\/wp-content\/uploads\/2019\/06\/icon-main-features.jpg\" alt=\"\" width=\"41\" height=\"41\" \/> Wichtigste Eigenschaften<\/span><\/h3>\n<p>[\/vc_column_text][vc_column_text el_class=&#8220;icon_list&#8220;]<\/p>\n<ul>\n<li>Achsensystem kalibriert nach der TEACH-Methode. Zus\u00e4tzliches Messsystem f\u00fcr pr\u00e4zise Achsenpositionierung<\/li>\n<li>Granitsteine zur Minimierung von Vibrationen beim Laserschwei\u00dfen<\/li>\n<li>KANBAN-Walzensystem<\/li>\n<li>Pr\u00fcfverfahren mittels Kraftkontrolle<\/li>\n<li>Schnelle Handlingsysteme zur Minimierung der Zykluszeiten<\/li>\n<\/ul>\n<p>[\/vc_column_text][\/vc_column][vc_column width=&#8220;1\/2&#8243;][vc_column_text]<\/p>\n<h3><span style=\"color: #e20026;\"><img decoding=\"async\" class=\"alignnone wp-image-22334 size-full\" src=\"https:\/\/www.mondragon-assembly.com\/wp-content\/uploads\/2019\/06\/icon-function.jpg\" alt=\"\" width=\"41\" height=\"41\" \/> Montageprozess<\/span><\/h3>\n<p>[\/vc_column_text][vc_column_text el_class=&#8220;icon_list&#8220;]<\/p>\n<ul>\n<li>Positionierung von Anode und Kathode im Schwei\u00dfwerkzeug<\/li>\n<li>Laserschwei\u00dfen<\/li>\n<li>Elektrische Pr\u00fcfung der Schwei\u00dfn\u00e4hte durch Kraftkontrolle und Widerstandsmessung<\/li>\n<li>Dichtheitspr\u00fcfung der jeweiligen Leitungen<\/li>\n<li>DMC-Lasermarkierung<\/li>\n<li>Abschlie\u00dfendes Entladen und Sortieren<\/li>\n<\/ul>\n<p>[\/vc_column_text][\/vc_column][\/vc_row]<\/p>\n<\/div>","protected":false},"excerpt":{"rendered":"<p>[vc_row][vc_column][vc_empty_space][\/vc_column][\/vc_row][vc_row][vc_column][vc_text_separator title=&#8220;SCHL\u00dcSSELFERTIGE ANLAGE F\u00dcR BIPOLARPLATTEN-BRENNSTOFFZELLEN&#8220; el_class=&#8220;title_gr&#8220;][\/vc_column][\/vc_row][vc_row][vc_column][vc_column_text css_animation=&#8220;none&#8220;]Bei Mondragon Assembly haben wir uns intensiv mit diesem Thema befasst, um hochproduktive L\u00f6sungen f\u00fcr die Massenfertigung von Brennstoffzellen zu entwickeln.[\/vc_column_text][\/vc_column][\/vc_row][vc_row][vc_column width=&#8220;1\/2&#8243;][vc_column_text] Wichtigste Eigenschaften [\/vc_column_text][vc_column_text el_class=&#8220;icon_list&#8220;] Achsensystem kalibriert nach der TEACH-Methode. Zus\u00e4tzliches Messsystem f\u00fcr pr\u00e4zise Achsenpositionierung Granitsteine zur Minimierung von Vibrationen beim Laserschwei\u00dfen KANBAN-Walzensystem Pr\u00fcfverfahren mittels Kraftkontrolle Schnelle Handlingsysteme [&hellip;]<\/p>\n","protected":false},"author":4,"featured_media":0,"parent":30035,"menu_order":0,"comment_status":"closed","ping_status":"closed","template":"sectors.php","meta":{"_lmt_disableupdate":"","_lmt_disable":"","footnotes":""},"yst_prominent_words":[2228,2231,2233,2476,3587],"class_list":["post-33289","page","type-page","status-publish","hentry"],"acf":[],"_links":{"self":[{"href":"https:\/\/www.mondragon-assembly.com\/de\/wp-json\/wp\/v2\/pages\/33289","targetHints":{"allow":["GET"]}}],"collection":[{"href":"https:\/\/www.mondragon-assembly.com\/de\/wp-json\/wp\/v2\/pages"}],"about":[{"href":"https:\/\/www.mondragon-assembly.com\/de\/wp-json\/wp\/v2\/types\/page"}],"author":[{"embeddable":true,"href":"https:\/\/www.mondragon-assembly.com\/de\/wp-json\/wp\/v2\/users\/4"}],"replies":[{"embeddable":true,"href":"https:\/\/www.mondragon-assembly.com\/de\/wp-json\/wp\/v2\/comments?post=33289"}],"version-history":[{"count":11,"href":"https:\/\/www.mondragon-assembly.com\/de\/wp-json\/wp\/v2\/pages\/33289\/revisions"}],"predecessor-version":[{"id":38836,"href":"https:\/\/www.mondragon-assembly.com\/de\/wp-json\/wp\/v2\/pages\/33289\/revisions\/38836"}],"up":[{"embeddable":true,"href":"https:\/\/www.mondragon-assembly.com\/de\/wp-json\/wp\/v2\/pages\/30035"}],"wp:attachment":[{"href":"https:\/\/www.mondragon-assembly.com\/de\/wp-json\/wp\/v2\/media?parent=33289"}],"wp:term":[{"taxonomy":"yst_prominent_words","embeddable":true,"href":"https:\/\/www.mondragon-assembly.com\/de\/wp-json\/wp\/v2\/yst_prominent_words?post=33289"}],"curies":[{"name":"wp","href":"https:\/\/api.w.org\/{rel}","templated":true}]}}