{"id":34184,"date":"2021-01-22T16:37:45","date_gmt":"2021-01-22T14:37:45","guid":{"rendered":"https:\/\/www.mondragon-assembly.com\/schluesselfertige-anlagen-und-maschinen\/"},"modified":"2021-03-12T13:20:54","modified_gmt":"2021-03-12T11:20:54","slug":"schluesselfertige-anlagen-und-maschinen","status":"publish","type":"page","link":"https:\/\/www.mondragon-assembly.com\/de\/schluesselfertige-anlagen-und-maschinen\/","title":{"rendered":"Schl\u00fcsselfertige Anlagen und Maschinen"},"content":{"rendered":"<div class=\"wpb-content-wrapper\"><p>[vc_row][vc_column][vc_column_text]Wir sind Spezialisten f\u00fcr die Herstellung von automatisierten, schl\u00fcsselfertigen Linien und Maschinen f\u00fcr industrielle Komponenten f\u00fcr die anspruchsvollsten Industriebereiche.<\/p>\n<p>Wir bieten vollautomatische Fertigungsl\u00f6sungen, die die fortschrittlichsten Montagetechnologien und Pr\u00fcfger\u00e4te integrieren, immer angepasst an die Bed\u00fcrfnisse unserer Kunden.[\/vc_column_text][\/vc_column][\/vc_row][vc_row][vc_column][vc_single_image image=&#8220;35786&#8243; img_size=&#8220;full&#8220; alignment=&#8220;center&#8220; css_animation=&#8220;left-to-right&#8220;][\/vc_column][\/vc_row][vc_row][vc_column][vc_empty_space][\/vc_column][\/vc_row][vc_row][vc_column][vc_single_image image=&#8220;31154&#8243; img_size=&#8220;full&#8220; alignment=&#8220;center&#8220;][\/vc_column][\/vc_row][vc_row][vc_column][vc_empty_space][\/vc_column][\/vc_row]<\/p>\n<\/div>","protected":false},"excerpt":{"rendered":"<p>[vc_row][vc_column][vc_column_text]Wir sind Spezialisten f\u00fcr die Herstellung von automatisierten, schl\u00fcsselfertigen Linien und Maschinen f\u00fcr industrielle Komponenten f\u00fcr die anspruchsvollsten Industriebereiche. Wir bieten vollautomatische Fertigungsl\u00f6sungen, die die fortschrittlichsten Montagetechnologien und Pr\u00fcfger\u00e4te integrieren, immer angepasst an die Bed\u00fcrfnisse unserer Kunden.[\/vc_column_text][\/vc_column][\/vc_row][vc_row][vc_column][vc_single_image image=&#8220;35786&#8243; img_size=&#8220;full&#8220; alignment=&#8220;center&#8220; css_animation=&#8220;left-to-right&#8220;][\/vc_column][\/vc_row][vc_row][vc_column][vc_empty_space][\/vc_column][\/vc_row][vc_row][vc_column][vc_single_image image=&#8220;31154&#8243; img_size=&#8220;full&#8220; alignment=&#8220;center&#8220;][\/vc_column][\/vc_row][vc_row][vc_column][vc_empty_space][\/vc_column][\/vc_row]<\/p>\n","protected":false},"author":4,"featured_media":0,"parent":0,"menu_order":0,"comment_status":"closed","ping_status":"closed","template":"sectors.php","meta":{"_lmt_disableupdate":"","_lmt_disable":"","footnotes":""},"yst_prominent_words":[1636,2226,2228,2476],"class_list":["post-34184","page","type-page","status-publish","hentry"],"acf":[],"_links":{"self":[{"href":"https:\/\/www.mondragon-assembly.com\/de\/wp-json\/wp\/v2\/pages\/34184","targetHints":{"allow":["GET"]}}],"collection":[{"href":"https:\/\/www.mondragon-assembly.com\/de\/wp-json\/wp\/v2\/pages"}],"about":[{"href":"https:\/\/www.mondragon-assembly.com\/de\/wp-json\/wp\/v2\/types\/page"}],"author":[{"embeddable":true,"href":"https:\/\/www.mondragon-assembly.com\/de\/wp-json\/wp\/v2\/users\/4"}],"replies":[{"embeddable":true,"href":"https:\/\/www.mondragon-assembly.com\/de\/wp-json\/wp\/v2\/comments?post=34184"}],"version-history":[{"count":7,"href":"https:\/\/www.mondragon-assembly.com\/de\/wp-json\/wp\/v2\/pages\/34184\/revisions"}],"predecessor-version":[{"id":35787,"href":"https:\/\/www.mondragon-assembly.com\/de\/wp-json\/wp\/v2\/pages\/34184\/revisions\/35787"}],"wp:attachment":[{"href":"https:\/\/www.mondragon-assembly.com\/de\/wp-json\/wp\/v2\/media?parent=34184"}],"wp:term":[{"taxonomy":"yst_prominent_words","embeddable":true,"href":"https:\/\/www.mondragon-assembly.com\/de\/wp-json\/wp\/v2\/yst_prominent_words?post=34184"}],"curies":[{"name":"wp","href":"https:\/\/api.w.org\/{rel}","templated":true}]}}