{"id":3629,"date":"2016-04-15T08:55:34","date_gmt":"2016-04-15T06:55:34","guid":{"rendered":"https:\/\/www.mondragon-assembly.com\/de\/?page_id=3629"},"modified":"2017-01-16T11:32:30","modified_gmt":"2017-01-16T09:32:30","slug":"tabber-und-stringer-ts1400","status":"publish","type":"page","link":"https:\/\/www.mondragon-assembly.com\/de\/solar-automation-solutions\/einzelgeraete-2\/tabber-and-stringer\/tabber-und-stringer-ts1400\/","title":{"rendered":"Tabber und Stringer TS1400"},"content":{"rendered":"<div class=\"wpb-content-wrapper\"><p>[vc_row][vc_column width=&#8220;1\/2&#8243;][vc_column_text]Hoch flexibler Tabber&amp;Stringer, der f\u00fcr Standardmodule oder Spezialmodule mit geschnittenen Zellen geeignet ist, sehr bedienerfreundlich und kosteng\u00fcnstig, mit einer mittelhohen Produktionskapazit\u00e4t von &gt;40 MW\/Jahr.<\/p>\n<h4><\/h4>\n<p>[\/vc_column_text][vc_column_text el_class=&#8220;title_lineas&#8220;]<\/p>\n<h4><span style=\"color: #e20026;\">Beschreibung<\/span><\/h4>\n<p>[\/vc_column_text][vc_column_text]Diese Tabber&amp;Stringer von Mondragon Assembly sind bedienerfreundlich, pr\u00e4zise und zuverl\u00e4ssig. Einfach ein paar wenige Parameter \u00e4ndern und schon kann man den String \u00e4ndern.<\/p>\n<p>Dank unseres Know-hows und unserer technologischen Erfahrung in Prozessen und Vorrichtungen f\u00fcr den Bereich Solarenergie bietet unsere Anlage modulares Design und moderne Funktionen, ist kosteng\u00fcnstig und leistungsstark.<\/p>\n<p>Diese Tabber&amp;Stringer verf\u00fcgen \u00fcber vier wichtige Elemente: Qualit\u00e4tskontrolle der Zellen mittels Computer-Vision, moderne Prozesskontrolle beim IR-L\u00f6ten, Servoantriebe und Versorgungssysteme der Ribbons mit bis zu 5 Sammelschienen.[\/vc_column_text][\/vc_column][vc_column width=&#8220;1\/2&#8243;][vc_gallery interval=&#8220;3&#8243; images=&#8220;2762&#8243; img_size=&#8220;full&#8220;][vc_column_text el_class=&#8220;youtubemodal&#8220; css=&#8220;.vc_custom_1484559136483{margin-top: -70px !important;}&#8220;]<\/p>\n<h4><a href=\"https:\/\/www.youtube.com\/embed\/-xh1g9Keszc\"><img decoding=\"async\" class=\"alignnone wp-image-15035 size-full\" src=\"https:\/\/www.mondragon-assembly.com\/wp-content\/uploads\/2016\/12\/YouTube-icon.png\" width=\"30\" height=\"21\" \/><\/a>\u00a0<a href=\"https:\/\/www.youtube.com\/embed\/-xh1g9Keszc\">Video<\/a><\/h4>\n<p>[\/vc_column_text][\/vc_column][\/vc_row][vc_row][vc_column][vc_column_text el_class=&#8220;title_lineas&#8220;]<\/p>\n<h4><span style=\"color: #e20026;\">Vorteile<\/span><\/h4>\n<p>[\/vc_column_text][vc_column_text el_class=&#8220;icon_list&#8220;]<\/p>\n<ul>\n<li>Visionssystem zur Qualit\u00e4tskontrolle der Zellen, zum Erkennen und Aussortieren fehlerhafter Teile.<\/li>\n<li>Kontrolle der Zellentemperatur, zum Sicherstellen einer korrekten L\u00f6tung<\/li>\n<li>Kontrolle der Zeit f\u00fcr eine korrekte Selbstdiagnose<\/li>\n<li>Unbegrenzte Anzahl von Prozessrezepturen, bei denen dasselbe Modell\/Modul je nach verwendeten Materialien mit unterschiedlichen Prozessparametern bearbeitet werden kann.<\/li>\n<li>Flexibilit\u00e4t f\u00fcr die Bearbeitung unterschiedlicher Zellenmodelle und -gr\u00f6\u00dfen, sehr geringe Wechselzeiten. Wir arbeiten mit geschnittenen Zellen. Zellen bis 1\/6 von 6\u201d.<\/li>\n<\/ul>\n<p>[\/vc_column_text][vc_column_text el_class=&#8220;title_lineas&#8220;]<\/p>\n<h4><span style=\"color: #e20026;\">Wichtigste Merkmale<\/span><\/h4>\n<p>[\/vc_column_text][vc_column_text el_class=&#8220;icon_list&#8220;]<\/p>\n<ul>\n<li>Kontaktloses IR-L\u00f6ten, damit jede Belastung der Zelle vermieden wird.<\/li>\n<li>Flussmitteldosierung auf die Sammelschiene ohne Kontakt mit der Zelle.<\/li>\n<li>Anti-Camber-Systeme zur Verbesserung der Geradlinigkeit des Ribbon<\/li>\n<li>Computer-Vision<\/li>\n<\/ul>\n<p>[\/vc_column_text][\/vc_column][\/vc_row][vc_row][vc_column][vc_table vc_table_theme=&#8220;classic_pink&#8220;][bg#e20026;b]Zellparameter,[bg#e20026]|Abmessungsbereich%20der%20Zelle,6%22-Zellen%20schneiden%3A%20%C2%BD%E2%80%9D%3B1%2F4%E2%80%9D%2C1%2F6%E2%80%9D.%20Weitere%20Gr%C3%B6%C3%9Fen%20werden%20untersucht|Dickenbereich%20der%20Zelle,[c#5e5e5e]160%20-%20300%20%C2%B5m|Zellgeometrie,Alle|[c#ffffff;bg#e20026;b]Tabs,[bg#e20026]|Anzahl%20der%20Tabs%20pro%20Zelle,2%20-3-4-5|Abstand%20zwischen%20Tabs,Abstand%20zwischen%20Tabs%3A%202BB%3A%2078%20oder%2075%3B%203BB%3A52%3B4BB%3A%2039%3B5BB%3A%2031%2C2%20(Minimum%2025%20mm)|Schwei%C3%9Fprozess%20von%20Tabs,Kontinuierlich|[bg#e20026;c#ffffff;b]Strings,[bg#e20026]|Anzahl%20der%20Zellen%20(125%20x%20125%20mm)%20pro%20String,15|Anzahl%20der%20Zellen%20(156%20x%20156%20mm)%20pro%20String,12|Max.%20String-L%C3%A4nge,1960%20mm|Abstand%20zwischen%20Zellen%20im%20String,2%2C5%20-%20160%20mm%20(gr%C3%B6%C3%9Fer%20auf%20Anfrage)|Max.%20Anzahl%20an%20parallelen%20Strings%20in%20Montageeinheit,8|Max.%20Modulgr%C3%B6%C3%9Fe%20(L%20x%20B),2000%20x%201100%20mm|Min.%20Modulgr%C3%B6%C3%9Fe%20(L%20x%20B),1400%20x%20600%20mm|[bg#e20026;c#ffffff;b]Tabbing%20%26%20Stringing,[bg#e20026]|Ausrichten%20der%20Zellen,Visionssystem|Tabbing-%20und%20Stringing-Prozess,Ein%20Schritt|Methode%20der%20Flussmittelanwendung,Automatisch%2C%20ber%C3%BChrungslos|Schwei%C3%9Fvorgang,IR|[bg#e20026;b;c#ffffff]Transportsystem%20von%20Zellen,[bg#e20026]|Tabbing%20%26%20stringing,Walking%20Beam|[bg#e20026;c#ffffff;b]Be-%20und%20Entladen,[bg#e20026]|Max.%20Anzahl%20an%20Zellen%20pro%20Kassette%20(Buffer),200%20Zellen%20(5%20Kassetten%20pro%20Buffer)|Entladen%20von%20Strings,Adept%20S800%20Scara%20Roboter|Entladen%20von%20Strings,Lay-up%20auf%20Glas|[bg#e20026;c#ffffff;b]Leistungen,[bg#e20026;c#ffffff;b]|Max.%20%2F%20nominale%20Produktion,1400%2F1300%20Zellen%2FStd.|Durchschnittliches%20Zellenbruchverh%C3%A4ltnis,%3C0%2C2%20%25%20(mit%20zertifizierten%20Zellen)|[bg#e20026;c#ffffff;b]Luft-%20und%20Stromversorgung,[bg#e20026;c#ffffff;b]|Druck%20und%20Fluss%20der%20Druckluft,5%20bar%2C%20750%20NL%2Fmin|Installierte%20Leistung,31%20kW%20(3-phasig%2C%20380-420%20V%2C%2050-60%20Hz)|Energieverbrauch%20w%C3%A4hrend%20des%20Aufheizens,12%20kWh|Leistungsaufnahme,6%20kWh|[bg#e20026;c#ffffff;b]Abmessungen,[bg#e20026;c#ffffff;b]|Gewicht,4000%20kg|L%20x%20B%20(%2BTransportb%C3%A4nder)%20x%20H,6%2C5%20x%203%2C2%20x%202%2C1%20m|[bg#e20026;c#ffffff;b]Steuerung%20und%20Software%20des%20Systems,[bg#e20026;c#ffffff;b]|Hardware,SPS%20Beckhoff%20mit%20Touchscreen|Software%20mit%20Ferndiagnosem%C3%B6glichkeit,Ja|Kompatibilit%C3%A4t%20der%20erfassten%20Daten%20mit%20Access%2C%20Excel,Ja[\/vc_table][\/vc_column][\/vc_row]<\/p>\n<\/div>","protected":false},"excerpt":{"rendered":"<p>[vc_row][vc_column width=&#8220;1\/2&#8243;][vc_column_text]Hoch flexibler Tabber&amp;Stringer, der f\u00fcr Standardmodule oder Spezialmodule mit geschnittenen Zellen geeignet ist, sehr bedienerfreundlich und kosteng\u00fcnstig, mit einer mittelhohen Produktionskapazit\u00e4t von &gt;40 MW\/Jahr. [\/vc_column_text][vc_column_text el_class=&#8220;title_lineas&#8220;] Beschreibung [\/vc_column_text][vc_column_text]Diese Tabber&amp;Stringer von Mondragon Assembly sind bedienerfreundlich, pr\u00e4zise und zuverl\u00e4ssig. Einfach ein paar wenige Parameter \u00e4ndern und schon kann man den String \u00e4ndern. Dank unseres Know-hows und [&hellip;]<\/p>\n","protected":false},"author":4,"featured_media":0,"parent":27021,"menu_order":0,"comment_status":"closed","ping_status":"closed","template":"sectors.php","meta":{"_lmt_disableupdate":"","_lmt_disable":"","footnotes":""},"yst_prominent_words":[],"class_list":["post-3629","page","type-page","status-publish","hentry"],"acf":[],"_links":{"self":[{"href":"https:\/\/www.mondragon-assembly.com\/de\/wp-json\/wp\/v2\/pages\/3629","targetHints":{"allow":["GET"]}}],"collection":[{"href":"https:\/\/www.mondragon-assembly.com\/de\/wp-json\/wp\/v2\/pages"}],"about":[{"href":"https:\/\/www.mondragon-assembly.com\/de\/wp-json\/wp\/v2\/types\/page"}],"author":[{"embeddable":true,"href":"https:\/\/www.mondragon-assembly.com\/de\/wp-json\/wp\/v2\/users\/4"}],"replies":[{"embeddable":true,"href":"https:\/\/www.mondragon-assembly.com\/de\/wp-json\/wp\/v2\/comments?post=3629"}],"version-history":[{"count":3,"href":"https:\/\/www.mondragon-assembly.com\/de\/wp-json\/wp\/v2\/pages\/3629\/revisions"}],"predecessor-version":[{"id":15124,"href":"https:\/\/www.mondragon-assembly.com\/de\/wp-json\/wp\/v2\/pages\/3629\/revisions\/15124"}],"up":[{"embeddable":true,"href":"https:\/\/www.mondragon-assembly.com\/de\/wp-json\/wp\/v2\/pages\/27021"}],"wp:attachment":[{"href":"https:\/\/www.mondragon-assembly.com\/de\/wp-json\/wp\/v2\/media?parent=3629"}],"wp:term":[{"taxonomy":"yst_prominent_words","embeddable":true,"href":"https:\/\/www.mondragon-assembly.com\/de\/wp-json\/wp\/v2\/yst_prominent_words?post=3629"}],"curies":[{"name":"wp","href":"https:\/\/api.w.org\/{rel}","templated":true}]}}