{"id":3681,"date":"2016-04-15T09:08:16","date_gmt":"2016-04-15T07:08:16","guid":{"rendered":"https:\/\/www.mondragon-assembly.com\/de\/?page_id=3681"},"modified":"2016-05-17T10:11:30","modified_gmt":"2016-05-17T10:11:30","slug":"hi-pot-pruefung","status":"publish","type":"page","link":"https:\/\/www.mondragon-assembly.com\/de\/solar-automation-solutions\/einzelgeraete-2\/hi-pot-pruefung\/","title":{"rendered":"Hi-Pot-Pr\u00fcfung"},"content":{"rendered":"<div class=\"wpb-content-wrapper\"><p>[vc_row][vc_column width=&#8220;1\/2&#8243;][vc_column_text]Mit diesem Ger\u00e4t wird die elektrische Isolierung des Paneels gepr\u00fcft. Wir erf\u00fcllen die internationale Norm <strong>IEC-61215<\/strong> zur Bauarteignung und Bauartzulassung.[\/vc_column_text][vc_column_text el_class=&#8220;icon_list&#8220;]Das Ger\u00e4t f\u00fchrt folgende Tests aus:<\/p>\n<ul>\n<li>Durchschlagsfestigkeit<\/li>\n<li>Kontinuit\u00e4ts- und Wirkungsgradpr\u00fcfungen<\/li>\n<li>Isolierwiderstand<\/li>\n<\/ul>\n<p>[\/vc_column_text][\/vc_column][vc_column width=&#8220;1\/2&#8243;][vc_gallery type=&#8220;flexslider_slide&#8220; interval=&#8220;3&#8243; images=&#8220;2719,2739&#8243; img_size=&#8220;640&#215;480&#8243;][\/vc_column][vc_column][\/vc_column][\/vc_row]<\/p>\n<\/div>","protected":false},"excerpt":{"rendered":"<p>[vc_row][vc_column width=&#8220;1\/2&#8243;][vc_column_text]Mit diesem Ger\u00e4t wird die elektrische Isolierung des Paneels gepr\u00fcft. Wir erf\u00fcllen die internationale Norm IEC-61215 zur Bauarteignung und Bauartzulassung.[\/vc_column_text][vc_column_text el_class=&#8220;icon_list&#8220;]Das Ger\u00e4t f\u00fchrt folgende Tests aus: Durchschlagsfestigkeit Kontinuit\u00e4ts- und Wirkungsgradpr\u00fcfungen Isolierwiderstand [\/vc_column_text][\/vc_column][vc_column width=&#8220;1\/2&#8243;][vc_gallery type=&#8220;flexslider_slide&#8220; interval=&#8220;3&#8243; images=&#8220;2719,2739&#8243; img_size=&#8220;640&#215;480&#8243;][\/vc_column][vc_column][\/vc_column][\/vc_row]<\/p>\n","protected":false},"author":4,"featured_media":0,"parent":28432,"menu_order":0,"comment_status":"closed","ping_status":"closed","template":"sectors.php","meta":{"_lmt_disableupdate":"","_lmt_disable":"","footnotes":""},"yst_prominent_words":[],"class_list":["post-3681","page","type-page","status-publish","hentry"],"acf":[],"_links":{"self":[{"href":"https:\/\/www.mondragon-assembly.com\/de\/wp-json\/wp\/v2\/pages\/3681","targetHints":{"allow":["GET"]}}],"collection":[{"href":"https:\/\/www.mondragon-assembly.com\/de\/wp-json\/wp\/v2\/pages"}],"about":[{"href":"https:\/\/www.mondragon-assembly.com\/de\/wp-json\/wp\/v2\/types\/page"}],"author":[{"embeddable":true,"href":"https:\/\/www.mondragon-assembly.com\/de\/wp-json\/wp\/v2\/users\/4"}],"replies":[{"embeddable":true,"href":"https:\/\/www.mondragon-assembly.com\/de\/wp-json\/wp\/v2\/comments?post=3681"}],"version-history":[{"count":1,"href":"https:\/\/www.mondragon-assembly.com\/de\/wp-json\/wp\/v2\/pages\/3681\/revisions"}],"predecessor-version":[{"id":3682,"href":"https:\/\/www.mondragon-assembly.com\/de\/wp-json\/wp\/v2\/pages\/3681\/revisions\/3682"}],"up":[{"embeddable":true,"href":"https:\/\/www.mondragon-assembly.com\/de\/wp-json\/wp\/v2\/pages\/28432"}],"wp:attachment":[{"href":"https:\/\/www.mondragon-assembly.com\/de\/wp-json\/wp\/v2\/media?parent=3681"}],"wp:term":[{"taxonomy":"yst_prominent_words","embeddable":true,"href":"https:\/\/www.mondragon-assembly.com\/de\/wp-json\/wp\/v2\/yst_prominent_words?post=3681"}],"curies":[{"name":"wp","href":"https:\/\/api.w.org\/{rel}","templated":true}]}}