{"id":3784,"date":"2016-04-04T08:06:42","date_gmt":"2016-04-04T06:06:42","guid":{"rendered":"https:\/\/www.mondragon-assembly.com\/de\/?page_id=3784"},"modified":"2016-06-02T08:26:02","modified_gmt":"2016-06-02T08:26:02","slug":"automovil","status":"publish","type":"page","link":"https:\/\/www.mondragon-assembly.com\/de\/automovil\/","title":{"rendered":"Automobilindustrie"},"content":{"rendered":"<div class=\"wpb-content-wrapper\"><p>[vc_row][vc_column width=&#8220;1\/2&#8243;][vc_column_text]Mondragon Assembly ist ein marktf\u00fchrendes Unternehmen in der Entwicklung und Herstellung von automatischen L\u00f6sungen f\u00fcr die Montage industrieller Komponenten. Wir liefern automatische L\u00f6sungen, Montagelinien und Tester am Ende der Linie f\u00fcr Komponenten des Kraftfahrzeugsektors.<\/p>\n<p>Die Automobilindustrie ist einer der Schl\u00fcsselsektoren f\u00fcr die Gruppe Mondragon Assembly. 40 Jahre Erfahrung in diesem Sektor haben uns zu einem der Hauptlieferanten von Montagesystemen f\u00fcr Komponenten f\u00fcr die Automobilindustrie gemacht.[\/vc_column_text][vc_column_text el_class=&#8220;icon_list&#8220;]<\/p>\n<ul>\n<li>Schl\u00fcsselfertige L\u00f6sungen ma\u00dfgeschneiderte Maschinerie f\u00fcr automatische L\u00f6sungen<\/li>\n<li>Herstellung von automatischer und\/oder halbautomatischer Maschinerie f\u00fcr Komponenten f\u00fcr die Automobilindustrie<\/li>\n<li>Mit der Entwicklung, Montage, Programmierung und Installation der Herstellungslinie bis zur Endabnahme des Projektes bieten wir unseren Kunden einen umfassenden Service<\/li>\n<li>Hoch produktive und flexible L\u00f6sungen von ausgezeichneter Qualit\u00e4t<\/li>\n<li>Personalisierte L\u00f6sungen: das Engineering-Team von Mondragon Assembly stellt seine ganze Erfahrung in den Dienst Ihres Projektes.<\/li>\n<\/ul>\n<p>[\/vc_column_text][\/vc_column][vc_column width=&#8220;1\/2&#8243;][vc_gallery type=&#8220;flexslider_slide&#8220; interval=&#8220;3&#8243; images=&#8220;10121,11297,11306&#8243; img_size=&#8220;full&#8220;][\/vc_column][\/vc_row]<\/p>\n<\/div>","protected":false},"excerpt":{"rendered":"<p>[vc_row][vc_column width=&#8220;1\/2&#8243;][vc_column_text]Mondragon Assembly ist ein marktf\u00fchrendes Unternehmen in der Entwicklung und Herstellung von automatischen L\u00f6sungen f\u00fcr die Montage industrieller Komponenten. Wir liefern automatische L\u00f6sungen, Montagelinien und Tester am Ende der Linie f\u00fcr Komponenten des Kraftfahrzeugsektors. Die Automobilindustrie ist einer der Schl\u00fcsselsektoren f\u00fcr die Gruppe Mondragon Assembly. 40 Jahre Erfahrung in diesem Sektor haben uns zu [&hellip;]<\/p>\n","protected":false},"author":4,"featured_media":0,"parent":0,"menu_order":0,"comment_status":"closed","ping_status":"closed","template":"sectors.php","meta":{"_lmt_disableupdate":"","_lmt_disable":"","footnotes":""},"yst_prominent_words":[1861,1865,1870,1871,230,1873,233,1877,234,1881,1636,1884,1824,1827,1832,1837,1842,1845,1852,1856],"class_list":["post-3784","page","type-page","status-publish","hentry"],"acf":[],"_links":{"self":[{"href":"https:\/\/www.mondragon-assembly.com\/de\/wp-json\/wp\/v2\/pages\/3784","targetHints":{"allow":["GET"]}}],"collection":[{"href":"https:\/\/www.mondragon-assembly.com\/de\/wp-json\/wp\/v2\/pages"}],"about":[{"href":"https:\/\/www.mondragon-assembly.com\/de\/wp-json\/wp\/v2\/types\/page"}],"author":[{"embeddable":true,"href":"https:\/\/www.mondragon-assembly.com\/de\/wp-json\/wp\/v2\/users\/4"}],"replies":[{"embeddable":true,"href":"https:\/\/www.mondragon-assembly.com\/de\/wp-json\/wp\/v2\/comments?post=3784"}],"version-history":[{"count":4,"href":"https:\/\/www.mondragon-assembly.com\/de\/wp-json\/wp\/v2\/pages\/3784\/revisions"}],"predecessor-version":[{"id":11314,"href":"https:\/\/www.mondragon-assembly.com\/de\/wp-json\/wp\/v2\/pages\/3784\/revisions\/11314"}],"wp:attachment":[{"href":"https:\/\/www.mondragon-assembly.com\/de\/wp-json\/wp\/v2\/media?parent=3784"}],"wp:term":[{"taxonomy":"yst_prominent_words","embeddable":true,"href":"https:\/\/www.mondragon-assembly.com\/de\/wp-json\/wp\/v2\/yst_prominent_words?post=3784"}],"curies":[{"name":"wp","href":"https:\/\/api.w.org\/{rel}","templated":true}]}}