{"id":3789,"date":"2016-04-15T08:58:03","date_gmt":"2016-04-15T06:58:03","guid":{"rendered":"https:\/\/www.mondragon-assembly.com\/de\/?page_id=3789"},"modified":"2016-05-30T09:59:07","modified_gmt":"2016-05-30T09:59:07","slug":"kundendienst","status":"publish","type":"page","link":"https:\/\/www.mondragon-assembly.com\/de\/automovil\/productosservicios\/kundendienst\/","title":{"rendered":"Kundendienst"},"content":{"rendered":"<div class=\"wpb-content-wrapper\"><p>[vc_row][vc_column][vc_gallery type=&#8220;flexslider_slide&#8220; interval=&#8220;3&#8243; images=&#8220;11593,11602&#8243; img_size=&#8220;full&#8220;][\/vc_column][\/vc_row][vc_row][vc_column][vc_column_text]Mondragon Assembly verf\u00fcgt \u00fcber ein umfangreiches und weltweites Netz an Partnern und kann so einen schnellen und effizienten Service anbieten. Innerhalb der letzten Jahre haben wir unser technisches Service-Team erheblich vergr\u00f6\u00dfert und k\u00f6nnen unseren Kunden so einen besseren Service zur Verf\u00fcgung stellen, indem wir den Ausfallzeiten reduzieren und jederzeit die Sicherheit und die Funktionsf\u00e4higkeit unserer Anlagen und Linien gew\u00e4hrleisten.[\/vc_column_text][vc_column_text el_class=&#8220;icon_list&#8220;]<\/p>\n<ul>\n<li>Mehr als 50 Techniker weltweit<\/li>\n<li>Unser Technischer Kundendienst umfasst u.a.:<\/li>\n<li>Ferndiagnose.<\/li>\n<li>Programme zur vorbeugenden Instandhaltung.<\/li>\n<li>Versorgung mit mechanischen, elektrischen Ersatzteilen, etc.<\/li>\n<li>Notfall-Wartung.<\/li>\n<li>Pr\u00fcfungen des Zustands der Installationen.<\/li>\n<li>Unterst\u00fctzung und Hilfe w\u00e4hrend des Starts der Linien.<\/li>\n<li>Sicherheitskontrollen und Risikoanalysen.<\/li>\n<li>Modernisierung von Installationen zur Neubelebung und Steigerung der Produktivit\u00e4t von \u00e4lteren Maschinen.<\/li>\n<li>Umstrukturierung von vorhandenen Linien zur Verbesserung deren Leistung.<\/li>\n<li>Vereinfachung der Anwendung und Wartung von \u00e4lteren Anlagen Einbau von neuen Steuerungen.<\/li>\n<li>Optimierung von Anlagen und Prozessen.<\/li>\n<li>CE-Kennzeichnung von \u00e4lteren Maschinen mittels deren Modernisierung und Anpassung an die Norm.<\/li>\n<li>Schulungsprogramme.<\/li>\n<\/ul>\n<p>[\/vc_column_text][\/vc_column][\/vc_row]<\/p>\n<\/div>","protected":false},"excerpt":{"rendered":"<p>[vc_row][vc_column][vc_gallery type=&#8220;flexslider_slide&#8220; interval=&#8220;3&#8243; images=&#8220;11593,11602&#8243; img_size=&#8220;full&#8220;][\/vc_column][\/vc_row][vc_row][vc_column][vc_column_text]Mondragon Assembly verf\u00fcgt \u00fcber ein umfangreiches und weltweites Netz an Partnern und kann so einen schnellen und effizienten Service anbieten. Innerhalb der letzten Jahre haben wir unser technisches Service-Team erheblich vergr\u00f6\u00dfert und k\u00f6nnen unseren Kunden so einen besseren Service zur Verf\u00fcgung stellen, indem wir den Ausfallzeiten reduzieren und jederzeit die Sicherheit [&hellip;]<\/p>\n","protected":false},"author":4,"featured_media":0,"parent":3786,"menu_order":0,"comment_status":"closed","ping_status":"closed","template":"sectors.php","meta":{"_lmt_disableupdate":"","_lmt_disable":"","footnotes":""},"yst_prominent_words":[],"class_list":["post-3789","page","type-page","status-publish","hentry"],"acf":[],"_links":{"self":[{"href":"https:\/\/www.mondragon-assembly.com\/de\/wp-json\/wp\/v2\/pages\/3789","targetHints":{"allow":["GET"]}}],"collection":[{"href":"https:\/\/www.mondragon-assembly.com\/de\/wp-json\/wp\/v2\/pages"}],"about":[{"href":"https:\/\/www.mondragon-assembly.com\/de\/wp-json\/wp\/v2\/types\/page"}],"author":[{"embeddable":true,"href":"https:\/\/www.mondragon-assembly.com\/de\/wp-json\/wp\/v2\/users\/4"}],"replies":[{"embeddable":true,"href":"https:\/\/www.mondragon-assembly.com\/de\/wp-json\/wp\/v2\/comments?post=3789"}],"version-history":[{"count":5,"href":"https:\/\/www.mondragon-assembly.com\/de\/wp-json\/wp\/v2\/pages\/3789\/revisions"}],"predecessor-version":[{"id":11638,"href":"https:\/\/www.mondragon-assembly.com\/de\/wp-json\/wp\/v2\/pages\/3789\/revisions\/11638"}],"up":[{"embeddable":true,"href":"https:\/\/www.mondragon-assembly.com\/de\/wp-json\/wp\/v2\/pages\/3786"}],"wp:attachment":[{"href":"https:\/\/www.mondragon-assembly.com\/de\/wp-json\/wp\/v2\/media?parent=3789"}],"wp:term":[{"taxonomy":"yst_prominent_words","embeddable":true,"href":"https:\/\/www.mondragon-assembly.com\/de\/wp-json\/wp\/v2\/yst_prominent_words?post=3789"}],"curies":[{"name":"wp","href":"https:\/\/api.w.org\/{rel}","templated":true}]}}