{"id":3793,"date":"2016-04-15T08:57:36","date_gmt":"2016-04-15T06:57:36","guid":{"rendered":"https:\/\/www.mondragon-assembly.com\/de\/?page_id=3793"},"modified":"2016-05-23T09:03:29","modified_gmt":"2016-05-23T09:03:29","slug":"soluciones-de-testing","status":"publish","type":"page","link":"https:\/\/www.mondragon-assembly.com\/de\/automovil\/productosservicios\/soluciones-de-testing\/","title":{"rendered":"Pr\u00fcfl\u00f6sungen"},"content":{"rendered":"<div class=\"wpb-content-wrapper\"><p>[vc_row][vc_column width=&#8220;1\/2&#8243;][vc_column_text el_class=&#8220;title_lineas&#8220;]<\/p>\n<h4><span style=\"color: #e20026;\">Messung und \u00dcberwachung<\/span><\/h4>\n<p>[\/vc_column_text][vc_column_text el_class=&#8220;icon_list&#8220;]<\/p>\n<ul>\n<li>Elektrische Tests: Spannung, Strom, Widerstand, Hi-Pot, kapazitiv, Frequenz u.\u00a0a.<\/li>\n<li>Mechanische Tests: Niederdruck, Hochdruck, Vakuum, Spannung, Kompression, Haltbarkeit u.\u00a0a. &#8230;<\/li>\n<li>Elektronische Tests: Funktionieren von Kommunikationsprotokollen (LIN, CAN), Pr\u00fcfungen im Kreislauf (In-circuit) u.\u00a0a. \u2026<\/li>\n<li>Abschlusspr\u00fcfungen zur Feststellung von Komponenten und f\u00fcr Funktionstests<\/li>\n<\/ul>\n<p>[\/vc_column_text][\/vc_column][vc_column width=&#8220;1\/2&#8243;][vc_column_text el_class=&#8220;title_lineas&#8220;]<\/p>\n<h4><span style=\"color: #e20026;\">Montagenachverfolgung<\/span><\/h4>\n<p>[\/vc_column_text][vc_column_text el_class=&#8220;icon_list&#8220;]<\/p>\n<ul>\n<li>Nachverfolgung \u00fcber Strichcodes oder Datenmatrix<\/li>\n<li>Inline-Nachverfolgung (eingebettete Daten, RFID)<\/li>\n<li>Datenerfassung<\/li>\n<li>Kommunikation mit MES-Systemen (Produktionskontrollsysteme)<\/li>\n<\/ul>\n<p>[\/vc_column_text][\/vc_column][vc_column][vc_separator][\/vc_column][\/vc_row][vc_row][vc_column][vc_column_text css=&#8220;.vc_custom_1463487931646{padding-bottom: 3px !important;padding-left: 15px !important;background-color: #e8e8e8 !important;}&#8220;]<\/p>\n<h3><span style=\"color: #e20026; line-height: 35px;\">Klimaanlage &#8211; Abschlusstest<\/span><\/h3>\n<p>[\/vc_column_text][vc_gallery type=&#8220;image_grid&#8220; images=&#8220;2228,2229,2227&#8243; img_size=&#8220;&#8220; el_class=&#8220;foto_margen&#8220;][vc_row_inner][vc_column_inner width=&#8220;1\/3&#8243;][vc_column_text el_class=&#8220;title_lineas&#8220;]<\/p>\n<h4><span style=\"color: #e20026;\">Ausf\u00fchrung der L\u00f6sung<\/span><\/h4>\n<p>[\/vc_column_text][vc_column_text el_class=&#8220;icon_list&#8220;]<\/p>\n<ul>\n<li>Abschlusstester<\/li>\n<li>Halbautomatische Station<\/li>\n<li>PC-basierte Kontrolle<\/li>\n<\/ul>\n<p>[\/vc_column_text][\/vc_column_inner][vc_column_inner width=&#8220;1\/3&#8243;][vc_column_text el_class=&#8220;title_lineas&#8220;]<\/p>\n<h4><span style=\"color: #e20026;\">Prozess<\/span><\/h4>\n<p>[\/vc_column_text][vc_column_text el_class=&#8220;icon_list&#8220;]<\/p>\n<ul>\n<li>Programmierung von Schrittmotoren mit LIN<\/li>\n<li>Strom- \/ Spannungsmessung<\/li>\n<li>Motortest<\/li>\n<li>Vibrations- und Ger\u00e4uschtest<\/li>\n<li>Durchfluss- und Anschaltpr\u00fcfung des Gebl\u00e4ses<\/li>\n<li>W\u00e4rmewiderstandskurve<\/li>\n<li>Feststellung der Fl\u00fcgelbewegungen<\/li>\n<li>Anwesenheits- und Positionskontrolle von Komponenten<\/li>\n<li>Datenexport (Excel etc\u2026)<\/li>\n<\/ul>\n<p>[\/vc_column_text][\/vc_column_inner][vc_column_inner width=&#8220;1\/3&#8243;][vc_column_text el_class=&#8220;title_lineas&#8220;]<\/p>\n<h4><span style=\"color: #e20026;\">Technische Daten<\/span><\/h4>\n<p>[\/vc_column_text][vc_column_text el_class=&#8220;icon_list&#8220;]<\/p>\n<ul>\n<li>Zykluszeit=45 Sek.<\/li>\n<li>Ethernet-Visionssystem<\/li>\n<li>Profibus f\u00fcr ferngesteuerte Eing\u00e4nge \/ Ausg\u00e4nge<\/li>\n<li>LIN-Bus mit Klimaanlage<\/li>\n<\/ul>\n<p>[\/vc_column_text][\/vc_column_inner][\/vc_row_inner][vc_separator][\/vc_column][\/vc_row][vc_row][vc_column][vc_column_text css=&#8220;.vc_custom_1463488015142{padding-bottom: 3px !important;padding-left: 15px !important;background-color: #e8e8e8 !important;}&#8220;]<\/p>\n<h3><span style=\"color: #e20026; line-height: 35px;\">Bremsassistenzpumpe &#8211; Abschlusstest<\/span><\/h3>\n<p>[\/vc_column_text][vc_gallery type=&#8220;image_grid&#8220; images=&#8220;2236,2237,2238,2235&#8243; img_size=&#8220;&#8220; el_class=&#8220;foto_margen&#8220;][vc_row_inner][vc_column_inner width=&#8220;1\/3&#8243;][vc_column_text el_class=&#8220;title_lineas&#8220;]<\/p>\n<h4><span style=\"color: #e20026;\">Ausf\u00fchrung der L\u00f6sung<\/span><\/h4>\n<p>[\/vc_column_text][vc_column_text el_class=&#8220;icon_list&#8220;]<\/p>\n<ul>\n<li>Abschlusstester<\/li>\n<li>Halbautomatische Station<\/li>\n<li>Elektrische Achse zur Pumpenbet\u00e4tigung<\/li>\n<li>Datenerfassung \u00fcber Ladezelle und lineare Messgeber<\/li>\n<li>PC-basierte Kontrolle<\/li>\n<li>Gleichzeitige Datenerfassung<\/li>\n<li>Simulierung der Ausgangskraft<\/li>\n<li>Eingangs- und Ausgangskraftanalyse<\/li>\n<\/ul>\n<p>[\/vc_column_text][\/vc_column_inner][vc_column_inner width=&#8220;1\/3&#8243;][vc_column_text el_class=&#8220;title_lineas&#8220;]<\/p>\n<h4><span style=\"color: #e20026;\">Prozess<\/span><\/h4>\n<p>[\/vc_column_text][vc_column_text el_class=&#8220;icon_list&#8220;]<\/p>\n<ul>\n<li>Die Maschine bet\u00e4tigt die Pumpe, um evtl. bei der Montage angesammelte Belastungen freizusetzen<\/li>\n<li>Es wird ein Vakuum in der Pumpe erzeugt und w\u00e4hrend des Tests kontrolliert<\/li>\n<li>Die Eingangskraft wird \u00fcber einen Servomotor und eine Ladezelle \u00fcberwacht<\/li>\n<li>Die verst\u00e4rkte Ausgangskraft wird im Vergleich zur Eingangskraft analysiert, um die Leistung an verschiedenen Stellen zu \u00fcberpr\u00fcfen<\/li>\n<\/ul>\n<p>[\/vc_column_text][\/vc_column_inner][vc_column_inner width=&#8220;1\/3&#8243;][vc_column_text el_class=&#8220;title_lineas&#8220;]<\/p>\n<h4><span style=\"color: #e20026;\">Technische Daten<\/span><\/h4>\n<p>[\/vc_column_text][vc_column_text el_class=&#8220;icon_list&#8220;]<\/p>\n<ul>\n<li>Zykluszeit: 35 Sek.<\/li>\n<li>Statischer Lecktest (&lt; 1.33\u00a0mb\/s)<\/li>\n<li>Analyse der Eingangskr\u00e4fte im Vergleich zu den Ausgangskr\u00e4ften<\/li>\n<li>\u00dcberpr\u00fcfung der Verschiebungsgeschwindigkeit der Eingangs- und Ausgangsachsen<\/li>\n<\/ul>\n<p>[\/vc_column_text][\/vc_column_inner][\/vc_row_inner][\/vc_column][\/vc_row][vc_row][vc_column][vc_column_text css=&#8220;.vc_custom_1463488073069{padding-bottom: 3px !important;padding-left: 15px !important;background-color: #e8e8e8 !important;}&#8220;]<\/p>\n<h3><span style=\"color: #e20026; line-height: 35px;\">Anwendung zur r\u00fcckverfolgbarkeit<\/span><\/h3>\n<p>[\/vc_column_text][vc_row_inner][vc_column_inner][vc_single_image image=&#8220;2241&#8243;][\/vc_column_inner][\/vc_row_inner][vc_row_inner][vc_column_inner width=&#8220;1\/3&#8243;][vc_column_text el_class=&#8220;title_lineas&#8220;]<\/p>\n<h4><span style=\"color: #e20026;\">Merkmale<\/span><\/h4>\n<p>[\/vc_column_text][vc_column_text el_class=&#8220;icon_list&#8220;]<\/p>\n<ul>\n<li>R\u00fcckverfolgbarkeit Etikettendruck<\/li>\n<li>\u00dcberwachung des allgemeinen Zustands<\/li>\n<li>Master-Management<\/li>\n<li>Messungen und Poka-Yokes-Speicherung<\/li>\n<li>Durchfluss\u00fcberwachung<\/li>\n<li>Parametereinstellungen Linie<\/li>\n<li>Datenbank produzierte Teile<\/li>\n<li>Kundenspezifische Berichte<\/li>\n<li>Datenexport (Excel etc\u2026)<\/li>\n<\/ul>\n<p>[\/vc_column_text][\/vc_column_inner][\/vc_row_inner][\/vc_column][\/vc_row][vc_row][vc_column][vc_column_text css=&#8220;.vc_custom_1463488104406{padding-bottom: 3px !important;padding-left: 15px !important;background-color: #e8e8e8 !important;}&#8220;]<\/p>\n<h3><span style=\"color: #e20026; line-height: 35px;\">Endpr\u00fcfung z\u00fcndkassette<\/span><\/h3>\n<p>[\/vc_column_text][vc_gallery type=&#8220;image_grid&#8220; images=&#8220;2243,2244&#8243; img_size=&#8220;&#8220; el_class=&#8220;foto_margen&#8220;][vc_row_inner][vc_column_inner width=&#8220;1\/3&#8243;][vc_column_text el_class=&#8220;title_lineas&#8220;]<\/p>\n<h4><span style=\"color: #e20026;\">Ausf\u00fchrung der L\u00f6sung<\/span><\/h4>\n<p>[\/vc_column_text][vc_column_text el_class=&#8220;icon_list&#8220;]<\/p>\n<ul>\n<li>Abschlusstester<\/li>\n<li>Halbautomatische Station<\/li>\n<li>PC-basierte Kontrolle<\/li>\n<li>Gleichzeitige Datenerfassung<\/li>\n<\/ul>\n<p>[\/vc_column_text][\/vc_column_inner][vc_column_inner width=&#8220;1\/3&#8243;][vc_column_text el_class=&#8220;title_lineas&#8220;]<\/p>\n<h4><span style=\"color: #e20026;\">Prozess<\/span><\/h4>\n<p>[\/vc_column_text][vc_column_text el_class=&#8220;icon_list&#8220;]<\/p>\n<ul>\n<li>Spannungs-\/Stromkurvenauswertung<\/li>\n<li>Datenbank produzierte Teile<\/li>\n<li>Einstellung Testparameter<\/li>\n<li>Simultane \u00dcberwachung von 6 Vorg\u00e4ngen<\/li>\n<li>Last, Stresstest, Leistungstest<\/li>\n<li>Lasermarkierung, Pick&amp;Place-Ablage<\/li>\n<\/ul>\n<p>[\/vc_column_text][\/vc_column_inner][vc_column_inner width=&#8220;1\/3&#8243;][vc_column_text el_class=&#8220;title_lineas&#8220;]<\/p>\n<h4><span style=\"color: #e20026;\">Technische Daten<\/span><\/h4>\n<p>[\/vc_column_text][vc_column_text el_class=&#8220;icon_list&#8220;]<\/p>\n<ul>\n<li>\u00dcberwachung der Pr\u00fcfungsabfolge<\/li>\n<li>Instrumenten\u00fcberwachung<\/li>\n<li>Instrumenten\u00fcberwachung<\/li>\n<li>Datenexport (Excel etc\u2026)<\/li>\n<\/ul>\n<p>[\/vc_column_text][\/vc_column_inner][\/vc_row_inner][\/vc_column][\/vc_row][vc_row][vc_column][vc_column_text css=&#8220;.vc_custom_1463488189038{padding-bottom: 3px !important;padding-left: 15px !important;background-color: #e8e8e8 !important;}&#8220;]<\/p>\n<h3><span style=\"color: #e20026; line-height: 35px;\">R\u00fccklicht \u2013 Beleuchungstest und videokamera<br \/>\n<\/span><\/h3>\n<p>[\/vc_column_text][vc_gallery type=&#8220;image_grid&#8220; images=&#8220;2253,2252,2254&#8243; img_size=&#8220;&#8220; el_class=&#8220;foto_margen&#8220;][vc_row_inner][vc_column_inner width=&#8220;1\/3&#8243;][vc_column_text el_class=&#8220;title_lineas&#8220;]<\/p>\n<h4><span style=\"color: #e20026;\">Ausf\u00fchrung der L\u00f6sung<\/span><\/h4>\n<p>[\/vc_column_text][vc_column_text el_class=&#8220;icon_list&#8220;]<\/p>\n<ul>\n<li>Abschlusstester<\/li>\n<li>Halbautomatische Station<\/li>\n<li>Sichtsystem auf servokontrollierter Achse<\/li>\n<li>PC-basierte Kontrolle<\/li>\n<li>Gleichzeitige Datenerfassung<\/li>\n<\/ul>\n<p>[\/vc_column_text][\/vc_column_inner][vc_column_inner width=&#8220;1\/3&#8243;][vc_column_text el_class=&#8220;title_lineas&#8220;]<\/p>\n<h4><span style=\"color: #e20026;\">Prozess<\/span><\/h4>\n<p>[\/vc_column_text][vc_column_text el_class=&#8220;icon_list&#8220;]<\/p>\n<ul>\n<li>R\u00fcckverfolgbarkeit Etikettendruck<\/li>\n<li>Ausgabe von Testparametern<\/li>\n<li>Strom- \/ Spannungskontrolle<\/li>\n<li>Bilderfassung in Echtzeit<\/li>\n<li>Speicherung der Kamerabilder zur R\u00fcckverfolgbarkeit<\/li>\n<li>Datenexport (Excel, csv, etc\u2026)<\/li>\n<\/ul>\n<p>[\/vc_column_text][\/vc_column_inner][vc_column_inner width=&#8220;1\/3&#8243;][vc_column_text el_class=&#8220;title_lineas&#8220;]<\/p>\n<h4><span style=\"color: #e20026;\">Technische Daten<\/span><\/h4>\n<p>[\/vc_column_text][vc_column_text el_class=&#8220;icon_list&#8220;]<\/p>\n<ul>\n<li>Zykluszeit=30 Sek.<\/li>\n<li>Strom- \/ Spannungskontrolle<\/li>\n<li>Funktionspr\u00fcfung der Videokamera<\/li>\n<li>Datenbank MS SQL<\/li>\n<li>Ethernet-Verbindung<\/li>\n<li>Benutzerschnittstelle VB NET<\/li>\n<\/ul>\n<p>[\/vc_column_text][\/vc_column_inner][\/vc_row_inner][\/vc_column][\/vc_row]<\/p>\n<\/div>","protected":false},"excerpt":{"rendered":"<p>[vc_row][vc_column width=&#8220;1\/2&#8243;][vc_column_text el_class=&#8220;title_lineas&#8220;] Messung und \u00dcberwachung [\/vc_column_text][vc_column_text el_class=&#8220;icon_list&#8220;] Elektrische Tests: Spannung, Strom, Widerstand, Hi-Pot, kapazitiv, Frequenz u.\u00a0a. Mechanische Tests: Niederdruck, Hochdruck, Vakuum, Spannung, Kompression, Haltbarkeit u.\u00a0a. &#8230; Elektronische Tests: Funktionieren von Kommunikationsprotokollen (LIN, CAN), Pr\u00fcfungen im Kreislauf (In-circuit) u.\u00a0a. \u2026 Abschlusspr\u00fcfungen zur Feststellung von Komponenten und f\u00fcr Funktionstests [\/vc_column_text][\/vc_column][vc_column width=&#8220;1\/2&#8243;][vc_column_text el_class=&#8220;title_lineas&#8220;] Montagenachverfolgung [\/vc_column_text][vc_column_text el_class=&#8220;icon_list&#8220;] Nachverfolgung [&hellip;]<\/p>\n","protected":false},"author":4,"featured_media":0,"parent":3786,"menu_order":0,"comment_status":"closed","ping_status":"closed","template":"sectors.php","meta":{"_lmt_disableupdate":"","_lmt_disable":"","footnotes":""},"yst_prominent_words":[],"class_list":["post-3793","page","type-page","status-publish","hentry"],"acf":[],"_links":{"self":[{"href":"https:\/\/www.mondragon-assembly.com\/de\/wp-json\/wp\/v2\/pages\/3793","targetHints":{"allow":["GET"]}}],"collection":[{"href":"https:\/\/www.mondragon-assembly.com\/de\/wp-json\/wp\/v2\/pages"}],"about":[{"href":"https:\/\/www.mondragon-assembly.com\/de\/wp-json\/wp\/v2\/types\/page"}],"author":[{"embeddable":true,"href":"https:\/\/www.mondragon-assembly.com\/de\/wp-json\/wp\/v2\/users\/4"}],"replies":[{"embeddable":true,"href":"https:\/\/www.mondragon-assembly.com\/de\/wp-json\/wp\/v2\/comments?post=3793"}],"version-history":[{"count":4,"href":"https:\/\/www.mondragon-assembly.com\/de\/wp-json\/wp\/v2\/pages\/3793\/revisions"}],"predecessor-version":[{"id":9306,"href":"https:\/\/www.mondragon-assembly.com\/de\/wp-json\/wp\/v2\/pages\/3793\/revisions\/9306"}],"up":[{"embeddable":true,"href":"https:\/\/www.mondragon-assembly.com\/de\/wp-json\/wp\/v2\/pages\/3786"}],"wp:attachment":[{"href":"https:\/\/www.mondragon-assembly.com\/de\/wp-json\/wp\/v2\/media?parent=3793"}],"wp:term":[{"taxonomy":"yst_prominent_words","embeddable":true,"href":"https:\/\/www.mondragon-assembly.com\/de\/wp-json\/wp\/v2\/yst_prominent_words?post=3793"}],"curies":[{"name":"wp","href":"https:\/\/api.w.org\/{rel}","templated":true}]}}