{"id":3802,"date":"2016-04-20T09:47:06","date_gmt":"2016-04-20T07:47:06","guid":{"rendered":"https:\/\/www.mondragon-assembly.com\/de\/?page_id=3802"},"modified":"2016-05-30T09:57:26","modified_gmt":"2016-05-30T09:57:26","slug":"elektrische-komponenten","status":"publish","type":"page","link":"https:\/\/www.mondragon-assembly.com\/de\/elektrische-komponenten\/","title":{"rendered":"Elektrische komponenten"},"content":{"rendered":"<div class=\"wpb-content-wrapper\"><p>[vc_row][vc_column width=&#8220;1\/2&#8243;][vc_column_text]<\/p>\n<p>Mondragon Assembly ist ein marktf\u00fchrendes Unternehmen in der Entwicklung und Herstellung von automatischen L\u00f6sungen f\u00fcr die Montage elektrischer Komponenten. Wir sind Spezialisten in der Entwicklung von schnellen Montagelinien von elektrischen Komponenten Wir liefern automatische L\u00f6sungen und Montagelinien mit Spitzentechnologien f\u00fcr elektrische Komponenten.<\/p>\n<p>[\/vc_column_text][vc_column_text el_class=&#8220;icon_list&#8220;]<\/p>\n<ul>\n<li>Schl\u00fcsselfertige L\u00f6sungen ma\u00dfgeschneiderte Maschinerie f\u00fcr automatische L\u00f6sungen<\/li>\n<li>Herstellung von automatischer und\/oder halbautomatischer Maschinerie f\u00fcr verschiedene elektrische Komponenten<\/li>\n<li>Mit der Entwicklung, Montage, Programmierung und Installation der Herstellungslinien bis zur Endabnahme des Projektes bieten wir unseren Kunden einen umfassenden Service<\/li>\n<li>Hoch produktive und flexible L\u00f6sungen von ausgezeichneter Qualit\u00e4t<\/li>\n<li>Hochgeschwindigkeits-L\u00f6sungen f\u00fcr die Montage und Qualit\u00e4tskontrolle verschiedener Produkten<\/li>\n<li>Personalisierte L\u00f6sungen: das Engineering-Team von Mondragon Assembly stellt seine ganze Erfahrung in den Dienst Ihres Projektes.<\/li>\n<\/ul>\n<p>[\/vc_column_text][\/vc_column][vc_column width=&#8220;1\/2&#8243;][vc_gallery type=&#8220;flexslider_slide&#8220; interval=&#8220;3&#8243; images=&#8220;10296,11409,11418&#8243; img_size=&#8220;full&#8220;][\/vc_column][\/vc_row]<\/p>\n<\/div>","protected":false},"excerpt":{"rendered":"<p>[vc_row][vc_column width=&#8220;1\/2&#8243;][vc_column_text] Mondragon Assembly ist ein marktf\u00fchrendes Unternehmen in der Entwicklung und Herstellung von automatischen L\u00f6sungen f\u00fcr die Montage elektrischer Komponenten. Wir sind Spezialisten in der Entwicklung von schnellen Montagelinien von elektrischen Komponenten Wir liefern automatische L\u00f6sungen und Montagelinien mit Spitzentechnologien f\u00fcr elektrische Komponenten. [\/vc_column_text][vc_column_text el_class=&#8220;icon_list&#8220;] Schl\u00fcsselfertige L\u00f6sungen ma\u00dfgeschneiderte Maschinerie f\u00fcr automatische L\u00f6sungen Herstellung von [&hellip;]<\/p>\n","protected":false},"author":4,"featured_media":0,"parent":0,"menu_order":0,"comment_status":"closed","ping_status":"closed","template":"sectors.php","meta":{"_lmt_disableupdate":"","_lmt_disable":"","footnotes":""},"yst_prominent_words":[],"class_list":["post-3802","page","type-page","status-publish","hentry"],"acf":[],"_links":{"self":[{"href":"https:\/\/www.mondragon-assembly.com\/de\/wp-json\/wp\/v2\/pages\/3802","targetHints":{"allow":["GET"]}}],"collection":[{"href":"https:\/\/www.mondragon-assembly.com\/de\/wp-json\/wp\/v2\/pages"}],"about":[{"href":"https:\/\/www.mondragon-assembly.com\/de\/wp-json\/wp\/v2\/types\/page"}],"author":[{"embeddable":true,"href":"https:\/\/www.mondragon-assembly.com\/de\/wp-json\/wp\/v2\/users\/4"}],"replies":[{"embeddable":true,"href":"https:\/\/www.mondragon-assembly.com\/de\/wp-json\/wp\/v2\/comments?post=3802"}],"version-history":[{"count":5,"href":"https:\/\/www.mondragon-assembly.com\/de\/wp-json\/wp\/v2\/pages\/3802\/revisions"}],"predecessor-version":[{"id":11640,"href":"https:\/\/www.mondragon-assembly.com\/de\/wp-json\/wp\/v2\/pages\/3802\/revisions\/11640"}],"wp:attachment":[{"href":"https:\/\/www.mondragon-assembly.com\/de\/wp-json\/wp\/v2\/media?parent=3802"}],"wp:term":[{"taxonomy":"yst_prominent_words","embeddable":true,"href":"https:\/\/www.mondragon-assembly.com\/de\/wp-json\/wp\/v2\/yst_prominent_words?post=3802"}],"curies":[{"name":"wp","href":"https:\/\/api.w.org\/{rel}","templated":true}]}}