{"id":3804,"date":"2016-04-20T09:54:11","date_gmt":"2016-04-20T07:54:11","guid":{"rendered":"https:\/\/www.mondragon-assembly.com\/de\/?page_id=3804"},"modified":"2016-05-27T08:22:42","modified_gmt":"2016-05-27T08:22:42","slug":"komponenten-fuer-haushaltsgeraete","status":"publish","type":"page","link":"https:\/\/www.mondragon-assembly.com\/de\/komponenten-fuer-haushaltsgeraete\/","title":{"rendered":"Komponenten f\u00fcr haushaltsger\u00e4te"},"content":{"rendered":"<div class=\"wpb-content-wrapper\"><p>[vc_row][vc_column width=&#8220;1\/2&#8243;][vc_column_text]<\/p>\n<p>Mondragon Assembly ist ein marktf\u00fchrendes Unternehmen in der Entwicklung und Herstellung von automatischen L\u00f6sungen f\u00fcr die Montage von Komponenten f\u00fcr Haushaltsger\u00e4te. Wir sind Spezialisten in der Entwicklung von ultraschnellen Montagelinien vonKomponenten f\u00fcr Haushaltsger\u00e4te.<\/p>\n<p>[\/vc_column_text][vc_column_text el_class=&#8220;icon_list&#8220;]<\/p>\n<ul>\n<li>Schl\u00fcsselfertige L\u00f6sungen und ma\u00dfgeschneiderte Maschinerie f\u00fcr automatische L\u00f6sungen<\/li>\n<li>Herstellung von automatischer und\/oder halbautomatischer Maschinerie f\u00fcr verschiedene Komponenten f\u00fcr elektrische Haushaltsger\u00e4te<\/li>\n<li>Mit der Entwicklung, Montage, Programmierung und Installation der Herstellungslinien bis zur Endabnahme des Projektes bieten wir unseren Kunden einen umfassenden Service<\/li>\n<li>Hoch produktive und flexible L\u00f6sungen von ausgezeichneter Qualit\u00e4t<\/li>\n<li>Hochgeschwindigkeits-L\u00f6sungen f\u00fcr die Montage und Qualit\u00e4tskontrolle verschiedener Produkten<\/li>\n<li>Individuelle L\u00f6sungen: Das Engineering-Team von Mondragon Assembly stellt seine ganze Erfahrung in den Dienst Ihres Projektes.<\/li>\n<\/ul>\n<p>[\/vc_column_text][\/vc_column][vc_column width=&#8220;1\/2&#8243;][vc_gallery type=&#8220;flexslider_slide&#8220; interval=&#8220;3&#8243; images=&#8220;10296,11409,11418&#8243; img_size=&#8220;full&#8220;][\/vc_column][\/vc_row]<\/p>\n<\/div>","protected":false},"excerpt":{"rendered":"<p>[vc_row][vc_column width=&#8220;1\/2&#8243;][vc_column_text] Mondragon Assembly ist ein marktf\u00fchrendes Unternehmen in der Entwicklung und Herstellung von automatischen L\u00f6sungen f\u00fcr die Montage von Komponenten f\u00fcr Haushaltsger\u00e4te. Wir sind Spezialisten in der Entwicklung von ultraschnellen Montagelinien vonKomponenten f\u00fcr Haushaltsger\u00e4te. [\/vc_column_text][vc_column_text el_class=&#8220;icon_list&#8220;] Schl\u00fcsselfertige L\u00f6sungen und ma\u00dfgeschneiderte Maschinerie f\u00fcr automatische L\u00f6sungen Herstellung von automatischer und\/oder halbautomatischer Maschinerie f\u00fcr verschiedene Komponenten f\u00fcr [&hellip;]<\/p>\n","protected":false},"author":4,"featured_media":0,"parent":0,"menu_order":0,"comment_status":"closed","ping_status":"closed","template":"sectors.php","meta":{"_lmt_disableupdate":"","_lmt_disable":"","footnotes":""},"yst_prominent_words":[],"class_list":["post-3804","page","type-page","status-publish","hentry"],"acf":[],"_links":{"self":[{"href":"https:\/\/www.mondragon-assembly.com\/de\/wp-json\/wp\/v2\/pages\/3804","targetHints":{"allow":["GET"]}}],"collection":[{"href":"https:\/\/www.mondragon-assembly.com\/de\/wp-json\/wp\/v2\/pages"}],"about":[{"href":"https:\/\/www.mondragon-assembly.com\/de\/wp-json\/wp\/v2\/types\/page"}],"author":[{"embeddable":true,"href":"https:\/\/www.mondragon-assembly.com\/de\/wp-json\/wp\/v2\/users\/4"}],"replies":[{"embeddable":true,"href":"https:\/\/www.mondragon-assembly.com\/de\/wp-json\/wp\/v2\/comments?post=3804"}],"version-history":[{"count":3,"href":"https:\/\/www.mondragon-assembly.com\/de\/wp-json\/wp\/v2\/pages\/3804\/revisions"}],"predecessor-version":[{"id":11426,"href":"https:\/\/www.mondragon-assembly.com\/de\/wp-json\/wp\/v2\/pages\/3804\/revisions\/11426"}],"wp:attachment":[{"href":"https:\/\/www.mondragon-assembly.com\/de\/wp-json\/wp\/v2\/media?parent=3804"}],"wp:term":[{"taxonomy":"yst_prominent_words","embeddable":true,"href":"https:\/\/www.mondragon-assembly.com\/de\/wp-json\/wp\/v2\/yst_prominent_words?post=3804"}],"curies":[{"name":"wp","href":"https:\/\/api.w.org\/{rel}","templated":true}]}}