{"id":3806,"date":"2016-04-04T08:07:03","date_gmt":"2016-04-04T06:07:03","guid":{"rendered":"https:\/\/www.mondragon-assembly.com\/de\/?page_id=3806"},"modified":"2016-05-27T09:01:46","modified_gmt":"2016-05-27T09:01:46","slug":"kosmetika","status":"publish","type":"page","link":"https:\/\/www.mondragon-assembly.com\/de\/kosmetika\/","title":{"rendered":"Kosmetika"},"content":{"rendered":"<div class=\"wpb-content-wrapper\"><p>[vc_row][vc_column width=&#8220;1\/2&#8243;][vc_column_text]Mondragon Assembly ist ein marktf\u00fchrendes Unternehmen in der Entwicklung und Herstellung von automatischen L\u00f6sungen f\u00fcr die Montage kosmetischer Produkte.<\/p>\n<p>Wir liefern automatische L\u00f6sungen und Montagelinien mit Spitzentechnologien f\u00fcr Komponenten der Kosmetikindustrie.[\/vc_column_text][vc_column_text el_class=&#8220;icon_list&#8220;]<\/p>\n<ul>\n<li>Schl\u00fcsselfertige L\u00f6sungen und ma\u00dfgeschneiderte Maschinerie f\u00fcr automatische L\u00f6sungen<\/li>\n<li>Herstellung von automatischer und\/oder halbautomatischer Maschinerie f\u00fcr verschiedene Komponenten f\u00fcr die Kosmetikindustrie<\/li>\n<li>Mit der Entwicklung, Montage, Programmierung und Installation der Herstellungslinien bis zur Endabnahme des Projektes bieten wir unseren Kunden einen umfassenden Service<\/li>\n<li>Hoch produktive und flexible L\u00f6sungen von ausgezeichneter Qualit\u00e4t<\/li>\n<li>Hochgeschwindigkeits-L\u00f6sungen f\u00fcr die Montage und Qualit\u00e4tskontrolle verschiedener Produkten<\/li>\n<li>Personalisierte L\u00f6sungen: das Engineering-Team von Mondragon Assembly stellt seine ganze Erfahrung in den Dienst Ihres Projektes<\/li>\n<li>Einhaltung der Norm BPF ISO 22716<\/li>\n<\/ul>\n<p>[\/vc_column_text][\/vc_column][vc_column width=&#8220;1\/2&#8243;][vc_gallery type=&#8220;flexslider_slide&#8220; interval=&#8220;3&#8243; images=&#8220;10178,11437&#8243; img_size=&#8220;full&#8220;][\/vc_column][\/vc_row]<\/p>\n<\/div>","protected":false},"excerpt":{"rendered":"<p>[vc_row][vc_column width=&#8220;1\/2&#8243;][vc_column_text]Mondragon Assembly ist ein marktf\u00fchrendes Unternehmen in der Entwicklung und Herstellung von automatischen L\u00f6sungen f\u00fcr die Montage kosmetischer Produkte. Wir liefern automatische L\u00f6sungen und Montagelinien mit Spitzentechnologien f\u00fcr Komponenten der Kosmetikindustrie.[\/vc_column_text][vc_column_text el_class=&#8220;icon_list&#8220;] Schl\u00fcsselfertige L\u00f6sungen und ma\u00dfgeschneiderte Maschinerie f\u00fcr automatische L\u00f6sungen Herstellung von automatischer und\/oder halbautomatischer Maschinerie f\u00fcr verschiedene Komponenten f\u00fcr die Kosmetikindustrie Mit der [&hellip;]<\/p>\n","protected":false},"author":4,"featured_media":0,"parent":0,"menu_order":0,"comment_status":"closed","ping_status":"closed","template":"sectors.php","meta":{"_lmt_disableupdate":"","_lmt_disable":"","footnotes":""},"yst_prominent_words":[],"class_list":["post-3806","page","type-page","status-publish","hentry"],"acf":[],"_links":{"self":[{"href":"https:\/\/www.mondragon-assembly.com\/de\/wp-json\/wp\/v2\/pages\/3806","targetHints":{"allow":["GET"]}}],"collection":[{"href":"https:\/\/www.mondragon-assembly.com\/de\/wp-json\/wp\/v2\/pages"}],"about":[{"href":"https:\/\/www.mondragon-assembly.com\/de\/wp-json\/wp\/v2\/types\/page"}],"author":[{"embeddable":true,"href":"https:\/\/www.mondragon-assembly.com\/de\/wp-json\/wp\/v2\/users\/4"}],"replies":[{"embeddable":true,"href":"https:\/\/www.mondragon-assembly.com\/de\/wp-json\/wp\/v2\/comments?post=3806"}],"version-history":[{"count":3,"href":"https:\/\/www.mondragon-assembly.com\/de\/wp-json\/wp\/v2\/pages\/3806\/revisions"}],"predecessor-version":[{"id":11446,"href":"https:\/\/www.mondragon-assembly.com\/de\/wp-json\/wp\/v2\/pages\/3806\/revisions\/11446"}],"wp:attachment":[{"href":"https:\/\/www.mondragon-assembly.com\/de\/wp-json\/wp\/v2\/media?parent=3806"}],"wp:term":[{"taxonomy":"yst_prominent_words","embeddable":true,"href":"https:\/\/www.mondragon-assembly.com\/de\/wp-json\/wp\/v2\/yst_prominent_words?post=3806"}],"curies":[{"name":"wp","href":"https:\/\/api.w.org\/{rel}","templated":true}]}}