{"id":3808,"date":"2016-04-04T08:07:20","date_gmt":"2016-04-04T06:07:20","guid":{"rendered":"https:\/\/www.mondragon-assembly.com\/de\/?page_id=3808"},"modified":"2021-02-11T12:44:11","modified_gmt":"2021-02-11T10:44:11","slug":"medizinische-geraete","status":"publish","type":"page","link":"https:\/\/www.mondragon-assembly.com\/de\/medizinische-geraete\/","title":{"rendered":"Medizinische ger\u00e4te"},"content":{"rendered":"<div class=\"wpb-content-wrapper\"><p>[vc_row][vc_column width=&#8220;1\/2&#8243;][vc_column_text]Mondragon Assembly ist ein marktf\u00fchrendes Unternehmen in der Entwicklung und Herstellung von automatischen L\u00f6sungen f\u00fcr die Montage von medizinischen und pharmazeutischen Ger\u00e4ten.<\/p>\n<p>Wir liefern automatische L\u00f6sungen und Montagelinien mit Spitzentechnologien f\u00fcr Komponenten des medizinischen und pharmazeutischen Sektors.[\/vc_column_text][vc_column_text el_class=&#8220;icon_list&#8220;]<\/p>\n<ul>\n<li>Schl\u00fcsselfertige L\u00f6sungen ma\u00dfgeschneiderte Maschinerie f\u00fcr automatische L\u00f6sungen<\/li>\n<li>Herstellung von automatischer und\/oder halbautomatischer Maschinerie f\u00fcr Komponenten von medizinischen und pharmazeutischen Ger\u00e4ten<\/li>\n<li>Mit der Entwicklung, Montage, Programmierung und Installation der Herstellungslinien bis zur Endabnahme des Projektes bieten wir unseren Kunden einen umfassenden Service<\/li>\n<li>Hoch produktive und flexible L\u00f6sungen von ausgezeichneter Qualit\u00e4t<\/li>\n<li>Personalisierte L\u00f6sungen: das Engineering-Team von Mondragon Assembly stellt seine ganze Erfahrung in den Dienst Ihres Projektes.<\/li>\n<li>Einhaltung der internationalen Hygienestandards<\/li>\n<\/ul>\n<p>[\/vc_column_text][\/vc_column][vc_column width=&#8220;1\/2&#8243;][vc_gallery type=&#8220;flexslider_slide&#8220; interval=&#8220;3&#8243; images=&#8220;4986,11381,11390&#8243; img_size=&#8220;640&#215;480&#8243;][\/vc_column][\/vc_row]<\/p>\n<\/div>","protected":false},"excerpt":{"rendered":"<p>[vc_row][vc_column width=&#8220;1\/2&#8243;][vc_column_text]Mondragon Assembly ist ein marktf\u00fchrendes Unternehmen in der Entwicklung und Herstellung von automatischen L\u00f6sungen f\u00fcr die Montage von medizinischen und pharmazeutischen Ger\u00e4ten. Wir liefern automatische L\u00f6sungen und Montagelinien mit Spitzentechnologien f\u00fcr Komponenten des medizinischen und pharmazeutischen Sektors.[\/vc_column_text][vc_column_text el_class=&#8220;icon_list&#8220;] Schl\u00fcsselfertige L\u00f6sungen ma\u00dfgeschneiderte Maschinerie f\u00fcr automatische L\u00f6sungen Herstellung von automatischer und\/oder halbautomatischer Maschinerie f\u00fcr Komponenten von [&hellip;]<\/p>\n","protected":false},"author":4,"featured_media":0,"parent":0,"menu_order":0,"comment_status":"closed","ping_status":"closed","template":"sectors.php","meta":{"_lmt_disableupdate":"","_lmt_disable":"","footnotes":""},"yst_prominent_words":[],"class_list":["post-3808","page","type-page","status-publish","hentry"],"acf":[],"_links":{"self":[{"href":"https:\/\/www.mondragon-assembly.com\/de\/wp-json\/wp\/v2\/pages\/3808","targetHints":{"allow":["GET"]}}],"collection":[{"href":"https:\/\/www.mondragon-assembly.com\/de\/wp-json\/wp\/v2\/pages"}],"about":[{"href":"https:\/\/www.mondragon-assembly.com\/de\/wp-json\/wp\/v2\/types\/page"}],"author":[{"embeddable":true,"href":"https:\/\/www.mondragon-assembly.com\/de\/wp-json\/wp\/v2\/users\/4"}],"replies":[{"embeddable":true,"href":"https:\/\/www.mondragon-assembly.com\/de\/wp-json\/wp\/v2\/comments?post=3808"}],"version-history":[{"count":5,"href":"https:\/\/www.mondragon-assembly.com\/de\/wp-json\/wp\/v2\/pages\/3808\/revisions"}],"predecessor-version":[{"id":32761,"href":"https:\/\/www.mondragon-assembly.com\/de\/wp-json\/wp\/v2\/pages\/3808\/revisions\/32761"}],"wp:attachment":[{"href":"https:\/\/www.mondragon-assembly.com\/de\/wp-json\/wp\/v2\/media?parent=3808"}],"wp:term":[{"taxonomy":"yst_prominent_words","embeddable":true,"href":"https:\/\/www.mondragon-assembly.com\/de\/wp-json\/wp\/v2\/yst_prominent_words?post=3808"}],"curies":[{"name":"wp","href":"https:\/\/api.w.org\/{rel}","templated":true}]}}