{"id":3821,"date":"2016-04-15T08:59:16","date_gmt":"2016-04-15T06:59:16","guid":{"rendered":"https:\/\/www.mondragon-assembly.com\/de\/?page_id=3821"},"modified":"2016-05-20T16:52:39","modified_gmt":"2016-05-20T16:52:39","slug":"powertrain","status":"publish","type":"page","link":"https:\/\/www.mondragon-assembly.com\/de\/automovil\/anwendungen\/powertrain\/","title":{"rendered":"Powertrain"},"content":{"rendered":"<div class=\"wpb-content-wrapper\"><p>[vc_row][vc_column][vc_column_text el_class=&#8220;title_lineas&#8220;]<\/p>\n<h4><span style=\"color: #e20026;\">Produktliste<\/span><\/h4>\n<p>[\/vc_column_text][vc_row_inner][vc_column_inner width=&#8220;1\/2&#8243;][vc_column_text el_class=&#8220;icon_list&#8220;]<\/p>\n<ul>\n<li>EGR (Abgasr\u00fcckf\u00fchrung)<\/li>\n<li>Einspritzsysteme\n<ul>\n<li>Kraftstroffinjektor<\/li>\n<li>Common Rail<\/li>\n<li>Kraftstrofffilter<\/li>\n<li>ECU (Elektronische Steuereinheit)<\/li>\n<\/ul>\n<\/li>\n<li>Z\u00fcndsysteme<\/li>\n<li>Luftabzugsausl\u00f6ser\n<ul>\n<li>Vakuumbetrieben<\/li>\n<li>Elektrisch<\/li>\n<\/ul>\n<\/li>\n<li>R\u00fcckf\u00fchrventil<\/li>\n<li>Vakuumpumpe<\/li>\n<li>\u00d6lmodul<\/li>\n<li>\u00d6lfilter<\/li>\n<li>Katalysefilter<\/li>\n<li>Felgen<\/li>\n<li>Leistungsmodule<\/li>\n<\/ul>\n<p>[\/vc_column_text][\/vc_column_inner][vc_column_inner width=&#8220;1\/2&#8243;][vc_column_text el_class=&#8220;icon_list&#8220;]<\/p>\n<ul>\n<li>Sensor Fahrs\u00e4ule<\/li>\n<li>Elektromotoren<\/li>\n<li>Scheibenwischermotoren<\/li>\n<li>Statoren<\/li>\n<li>Lager:\n<ul>\n<li>Einreihige Kugellager<\/li>\n<li>Kegellager<\/li>\n<li>Zweireihige Rollenlager<\/li>\n<\/ul>\n<\/li>\n<li>ECU (Elektronische Steuereinheit)<\/li>\n<li>Kraftstofftank<\/li>\n<li>Schenkeltr\u00e4ger<\/li>\n<li>\u00dcbertragungsdichtung<\/li>\n<li>Wechselstromerzeuger<\/li>\n<\/ul>\n<p>[\/vc_column_text][\/vc_column_inner][\/vc_row_inner][\/vc_column][\/vc_row][vc_row][vc_column][vc_column_text css=&#8220;.vc_custom_1463562321752{padding-bottom: 3px !important;padding-left: 15px !important;background-color: #e8e8e8 !important;}&#8220;]<\/p>\n<h3><span style=\"color: #e20026; line-height: 35px;\">EGR (Abgasr\u00fcckf\u00fchrung)<\/span><\/h3>\n<p>[\/vc_column_text][vc_row_inner][vc_column_inner][vc_gallery type=&#8220;image_grid&#8220; images=&#8220;2260,2261,2262&#8243; el_class=&#8220;foto_margen&#8220;][\/vc_column_inner][\/vc_row_inner][vc_row_inner][vc_column_inner width=&#8220;1\/3&#8243;][vc_column_text el_class=&#8220;title_lineas&#8220;]<\/p>\n<h4><span style=\"color: #e20026;\">Ausf\u00fchrung der L\u00f6sung<\/span><\/h4>\n<p>[\/vc_column_text][vc_column_text el_class=&#8220;icon_list&#8220;]<\/p>\n<ul>\n<li>2 Flap-Laserschwei\u00dfzellen und Deckel<\/li>\n<li>Robotergef\u00fchrte Laserbewegung \u00fcber Visionskamera<\/li>\n<li>Messung der Schwei\u00dfh\u00f6he \u00fcber linearen Wandler<\/li>\n<\/ul>\n<p>[\/vc_column_text][\/vc_column_inner][vc_column_inner width=&#8220;1\/3&#8243;][vc_column_text el_class=&#8220;title_lineas&#8220;]<\/p>\n<h4><span style=\"color: #e20026;\">Prozess<\/span><\/h4>\n<p>[\/vc_column_text][vc_column_text el_class=&#8220;icon_list&#8220;]<\/p>\n<ul>\n<li>Manuelle Produktzuf\u00fchrung der Maschine<\/li>\n<li>Geometrische Verlaufsrekonstruktion<\/li>\n<li>Abstandsmessung \u00fcber Wandler<\/li>\n<li>Mitteilung des Verlaufs an den Roboter<\/li>\n<li>Verlaufseinstellung<\/li>\n<li>Pr\u00e4zise Laserschwei\u00dfung \u00fcber den Verlauf<\/li>\n<\/ul>\n<p>[\/vc_column_text][\/vc_column_inner][vc_column_inner width=&#8220;1\/3&#8243;][vc_column_text el_class=&#8220;title_lineas&#8220;]<\/p>\n<h4><span style=\"color: #e20026;\">Technische Daten<\/span><\/h4>\n<p>[\/vc_column_text][vc_column_text el_class=&#8220;icon_list&#8220;]<\/p>\n<ul>\n<li>Zykluszeit: 26 Sek.<\/li>\n<li>Roboter mit 6 Achsen<\/li>\n<li>Laser-Durchlaufschwei\u00dfung des Flap<\/li>\n<li>Laser-Punktschwei\u00dfung der Deckel<\/li>\n<li>Sicherheitsgrad f\u00fcr Laser<\/li>\n<li>Geometrische Rekonstruktion \u00fcber Sichtsystem<\/li>\n<\/ul>\n<p>[\/vc_column_text][\/vc_column_inner][\/vc_row_inner][\/vc_column][\/vc_row][vc_row][vc_column][vc_column_text css=&#8220;.vc_custom_1463560000894{padding-bottom: 3px !important;padding-left: 15px !important;background-color: #e8e8e8 !important;}&#8220;]<\/p>\n<h3><span style=\"color: #e20026; line-height: 35px;\">Injektorbasis<\/span><\/h3>\n<p>[\/vc_column_text][vc_gallery type=&#8220;image_grid&#8220; images=&#8220;2264,2266,2265,2263&#8243; img_size=&#8220;&#8220; el_class=&#8220;foto_margen&#8220;][vc_row_inner][vc_column_inner width=&#8220;1\/3&#8243;][vc_column_text el_class=&#8220;title_lineas&#8220;]<\/p>\n<h4><span style=\"color: #e20026;\">Ausf\u00fchrung der L\u00f6sung<\/span><\/h4>\n<p>[\/vc_column_text][vc_column_text el_class=&#8220;icon_list&#8220;]<\/p>\n<ul>\n<li>Lean-Stationen mit halbautomatischen Vorg\u00e4ngen<\/li>\n<li>4 Montagestationen und ein Abschlusstest<\/li>\n<\/ul>\n<p>[\/vc_column_text][\/vc_column_inner][vc_column_inner width=&#8220;1\/3&#8243;][vc_column_text el_class=&#8220;title_lineas&#8220;]<\/p>\n<h4><span style=\"color: #e20026;\">Prozess<\/span><\/h4>\n<p>[\/vc_column_text][vc_column_text el_class=&#8220;icon_list&#8220;]<\/p>\n<ul>\n<li>Verbiegen und Schneiden des Drahts der Motorspule<\/li>\n<li>Schwei\u00dfen der Spule und der B\u00fcrste<\/li>\n<li>Abschlie\u00dfender Einsatz in die Klemmen<\/li>\n<li>Crimping des Drahts in der Klemme<\/li>\n<li>Abschlussschwei\u00dfung und Betriebspr\u00fcfung<\/li>\n<\/ul>\n<p>[\/vc_column_text][\/vc_column_inner][vc_column_inner width=&#8220;1\/3&#8243;][vc_column_text el_class=&#8220;title_lineas&#8220;]<\/p>\n<h4><span style=\"color: #e20026;\">Technische Daten<\/span><\/h4>\n<p>[\/vc_column_text][vc_column_text el_class=&#8220;icon_list&#8220;]<\/p>\n<ul>\n<li>Zykluszeit: 25 Sek.<\/li>\n<li>Pressung mit Kraftmonitoren vs. Abstand<\/li>\n<li>Hochaufl\u00f6sendes Sichtsystem<\/li>\n<li>Hoch pr\u00e4zise Lichtbogenschwei\u00dfung<\/li>\n<li>Widerstandstest<\/li>\n<li>Betriebspr\u00fcfung<\/li>\n<li>Datenbank<\/li>\n<\/ul>\n<p>[\/vc_column_text][\/vc_column_inner][\/vc_row_inner][\/vc_column][\/vc_row][vc_row][vc_column][vc_column_text css=&#8220;.vc_custom_1463560060038{padding-bottom: 3px !important;padding-left: 15px !important;background-color: #e8e8e8 !important;}&#8220;]<\/p>\n<h3><span style=\"color: #e20026; line-height: 35px;\">Vakuumpumpe<\/span><\/h3>\n<p>[\/vc_column_text][vc_gallery type=&#8220;image_grid&#8220; images=&#8220;2270,2269,2272,2271,2273&#8243; img_size=&#8220;&#8220; el_class=&#8220;foto_margen&#8220;][vc_row_inner][vc_column_inner width=&#8220;1\/3&#8243;][vc_column_text el_class=&#8220;title_lineas&#8220;]<\/p>\n<h4><span style=\"color: #e20026;\">Ausf\u00fchrung der L\u00f6sung<\/span><\/h4>\n<p>[\/vc_column_text][vc_column_text el_class=&#8220;icon_list&#8220;]<\/p>\n<ul>\n<li>Lean-Stationen mit halbautomatischen Vorg\u00e4ngen<\/li>\n<li>3 Pressstationen<\/li>\n<li>1 automatische Verschraubung und ein Visionstest<\/li>\n<li>1 Durchlauftest und ein Dichtigkeitstest<\/li>\n<\/ul>\n<p>[\/vc_column_text][\/vc_column_inner][vc_column_inner width=&#8220;1\/3&#8243;][vc_column_text el_class=&#8220;title_lineas&#8220;]<\/p>\n<h4><span style=\"color: #e20026;\">Prozess<\/span><\/h4>\n<p>[\/vc_column_text][vc_column_text el_class=&#8220;icon_list&#8220;]<\/p>\n<ul>\n<li>Manuelles Laden und Entladen der Komponenten<\/li>\n<li>Automatisches Einpressen der Filter und Ventile in den Aluminiumk\u00f6rper<\/li>\n<li>Verschrauben mit automatischer Schraubenladung \u00fcber Gantry XY.<\/li>\n<li>Dichtigkeitstest und Durchlauftest<\/li>\n<li>Inspektion der Komponenten per Sichtsystem<\/li>\n<\/ul>\n<p>[\/vc_column_text][\/vc_column_inner][vc_column_inner width=&#8220;1\/3&#8243;][vc_column_text el_class=&#8220;title_lineas&#8220;]<\/p>\n<h4><span style=\"color: #e20026;\">Technische Daten<\/span><\/h4>\n<p>[\/vc_column_text][vc_column_text el_class=&#8220;icon_list&#8220;]<\/p>\n<ul>\n<li>Zykluszeit: 27 Sek.<\/li>\n<li>Poka Yokes in den Nestern<\/li>\n<li>Erkennung der Anwesenheit von Komponenten<\/li>\n<li>Messung der Ventildicke<\/li>\n<li>Drehmoment- und Winkelkontrolle<\/li>\n<li>Dichtigkeitstest und Durchlauftest<\/li>\n<li>Kontrolle Kraft vs. Abstand<\/li>\n<\/ul>\n<p>[\/vc_column_text][\/vc_column_inner][\/vc_row_inner][\/vc_column][\/vc_row][vc_row][vc_column][vc_column_text css=&#8220;.vc_custom_1463560147497{padding-bottom: 3px !important;padding-left: 15px !important;background-color: #e8e8e8 !important;}&#8220;]<\/p>\n<h3><span style=\"color: #e20026; line-height: 35px;\">Lager<\/span><\/h3>\n<p>[\/vc_column_text][vc_gallery type=&#8220;image_grid&#8220; images=&#8220;5951,8353,8362,8371&#8243;][vc_row_inner][vc_column_inner width=&#8220;1\/3&#8243;][vc_column_text el_class=&#8220;title_lineas&#8220;]<\/p>\n<h4><span style=\"color: #e20026;\">Ausf\u00fchrung der L\u00f6sung<\/span><\/h4>\n<p>[\/vc_column_text][vc_column_text el_class=&#8220;icon_list&#8220;]<\/p>\n<ul>\n<li>Vollautomatische Linien<\/li>\n<li>Mehrere automatische Stationen, die \u00fcber automatische B\u00e4nder miteinander verbunden sind<\/li>\n<li>Automatische Komponentenladung<\/li>\n<li>Roboterzellen f\u00fcr komplexe Vorg\u00e4nge<\/li>\n<\/ul>\n<p>[\/vc_column_text][\/vc_column_inner][vc_column_inner width=&#8220;1\/3&#8243;][vc_column_text el_class=&#8220;title_lineas&#8220;]<\/p>\n<h4><span style=\"color: #e20026;\">Prozess<\/span><\/h4>\n<p>[\/vc_column_text][vc_column_text el_class=&#8220;icon_list&#8220;]<\/p>\n<ul>\n<li>Zuf\u00fchrung Innen- und Au\u00dfenring<\/li>\n<li>Anwesenheits- und Positionskontrolle<\/li>\n<li>H\u00e4rtekontrolle<\/li>\n<li>Messung des Au\u00dfen- und Innendurchmessers<\/li>\n<li>Kontrolle des Laufwegs<\/li>\n<li>Kugel- \/ Rollenmessung und Zuf\u00fchrung im K\u00e4fig (Gr\u00f6\u00dfenpassung)<\/li>\n<li>Schmierung<\/li>\n<li>Robotergest\u00fctzter Ringzusammenbau<\/li>\n<li>Messung des Spiels<\/li>\n<li>Gesamtgewichtmessung<\/li>\n<li>Leistungspr\u00fcfung<\/li>\n<li>Laser-Etikettierung<\/li>\n<li>Abladen<\/li>\n<\/ul>\n<p>[\/vc_column_text][\/vc_column_inner][vc_column_inner width=&#8220;1\/3&#8243;][vc_column_text el_class=&#8220;title_lineas&#8220;]<\/p>\n<h4><span style=\"color: #e20026;\">Technische Daten<\/span><\/h4>\n<p>[\/vc_column_text][vc_column_text el_class=&#8220;icon_list&#8220;]<\/p>\n<ul>\n<li>Zykluszeit: 5,5 \u2013 20 Sek. (je nach Lagertyp)<\/li>\n<li>Zykluszeit: 5,5 \u2013 20 Sek. (je nach Lagertyp)<\/li>\n<li>Zahlreiche Verfahrensrezepturen<\/li>\n<li>Schneller und einfacher Modellwechsel<\/li>\n<li>Einfache Wartung<\/li>\n<\/ul>\n<p>[\/vc_column_text][\/vc_column_inner][\/vc_row_inner][\/vc_column][\/vc_row][vc_row][vc_column][vc_column_text css=&#8220;.vc_custom_1463560685294{padding-bottom: 3px !important;padding-left: 15px !important;background-color: #e8e8e8 !important;}&#8220;]<\/p>\n<h3><span style=\"color: #e20026; line-height: 35px;\">Modul \/ \u00f6lfilter<\/span><\/h3>\n<p>[\/vc_column_text][vc_gallery type=&#8220;image_grid&#8220; images=&#8220;2278,8390,8381,8399,8408&#8243; el_class=&#8220;foto_margen&#8220;][vc_row_inner][vc_column_inner width=&#8220;1\/3&#8243;][vc_column_text el_class=&#8220;title_lineas&#8220;]<\/p>\n<h4><span style=\"color: #e20026;\">Ausf\u00fchrung der L\u00f6sung<\/span><\/h4>\n<p>[\/vc_column_text][vc_column_text el_class=&#8220;icon_list&#8220;]<\/p>\n<ul>\n<li>Montagezelle mit integriertem Handarbeitsplatz<\/li>\n<\/ul>\n<p>[\/vc_column_text][\/vc_column_inner][vc_column_inner width=&#8220;1\/3&#8243;][vc_column_text el_class=&#8220;title_lineas&#8220;]<\/p>\n<h4><span style=\"color: #e20026;\">Prozess<\/span><\/h4>\n<p>[\/vc_column_text][vc_column_text el_class=&#8220;icon_list&#8220;]<\/p>\n<ul>\n<li>Eindr\u00fccken mit Socketw\u00e4rme<\/li>\n<li>Ventilpressung<\/li>\n<li>PVC-Ventilzusammenbau<\/li>\n<li>Schrauber<\/li>\n<li>Dichtigkeitstest<\/li>\n<li>Markierung<\/li>\n<\/ul>\n<p>[\/vc_column_text][\/vc_column_inner][vc_column_inner width=&#8220;1\/3&#8243;][vc_column_text el_class=&#8220;title_lineas&#8220;]<\/p>\n<h4><span style=\"color: #e20026;\">Technische Daten<\/span><\/h4>\n<p>[\/vc_column_text][vc_column_text el_class=&#8220;icon_list&#8220;]<\/p>\n<ul>\n<li>Zykluszeit: 40 Sek.<\/li>\n<li>Schneller und einfacher Modellwechsel<\/li>\n<li>Einfache Wartung<\/li>\n<li>Datenverwaltung<\/li>\n<li>Fernwartung<\/li>\n<\/ul>\n<p>[\/vc_column_text][\/vc_column_inner][\/vc_row_inner][\/vc_column][\/vc_row]<\/p>\n<\/div>","protected":false},"excerpt":{"rendered":"<p>[vc_row][vc_column][vc_column_text el_class=&#8220;title_lineas&#8220;] Produktliste [\/vc_column_text][vc_row_inner][vc_column_inner width=&#8220;1\/2&#8243;][vc_column_text el_class=&#8220;icon_list&#8220;] EGR (Abgasr\u00fcckf\u00fchrung) Einspritzsysteme Kraftstroffinjektor Common Rail Kraftstrofffilter ECU (Elektronische Steuereinheit) Z\u00fcndsysteme Luftabzugsausl\u00f6ser Vakuumbetrieben Elektrisch R\u00fcckf\u00fchrventil Vakuumpumpe \u00d6lmodul \u00d6lfilter Katalysefilter Felgen Leistungsmodule [\/vc_column_text][\/vc_column_inner][vc_column_inner width=&#8220;1\/2&#8243;][vc_column_text el_class=&#8220;icon_list&#8220;] Sensor Fahrs\u00e4ule Elektromotoren Scheibenwischermotoren Statoren Lager: Einreihige Kugellager Kegellager Zweireihige Rollenlager ECU (Elektronische Steuereinheit) Kraftstofftank Schenkeltr\u00e4ger \u00dcbertragungsdichtung Wechselstromerzeuger [\/vc_column_text][\/vc_column_inner][\/vc_row_inner][\/vc_column][\/vc_row][vc_row][vc_column][vc_column_text css=&#8220;.vc_custom_1463562321752{padding-bottom: 3px !important;padding-left: 15px !important;background-color: #e8e8e8 [&hellip;]<\/p>\n","protected":false},"author":4,"featured_media":0,"parent":3816,"menu_order":0,"comment_status":"closed","ping_status":"closed","template":"sectors.php","meta":{"_lmt_disableupdate":"","_lmt_disable":"","footnotes":""},"yst_prominent_words":[],"class_list":["post-3821","page","type-page","status-publish","hentry"],"acf":[],"_links":{"self":[{"href":"https:\/\/www.mondragon-assembly.com\/de\/wp-json\/wp\/v2\/pages\/3821","targetHints":{"allow":["GET"]}}],"collection":[{"href":"https:\/\/www.mondragon-assembly.com\/de\/wp-json\/wp\/v2\/pages"}],"about":[{"href":"https:\/\/www.mondragon-assembly.com\/de\/wp-json\/wp\/v2\/types\/page"}],"author":[{"embeddable":true,"href":"https:\/\/www.mondragon-assembly.com\/de\/wp-json\/wp\/v2\/users\/4"}],"replies":[{"embeddable":true,"href":"https:\/\/www.mondragon-assembly.com\/de\/wp-json\/wp\/v2\/comments?post=3821"}],"version-history":[{"count":5,"href":"https:\/\/www.mondragon-assembly.com\/de\/wp-json\/wp\/v2\/pages\/3821\/revisions"}],"predecessor-version":[{"id":8427,"href":"https:\/\/www.mondragon-assembly.com\/de\/wp-json\/wp\/v2\/pages\/3821\/revisions\/8427"}],"up":[{"embeddable":true,"href":"https:\/\/www.mondragon-assembly.com\/de\/wp-json\/wp\/v2\/pages\/3816"}],"wp:attachment":[{"href":"https:\/\/www.mondragon-assembly.com\/de\/wp-json\/wp\/v2\/media?parent=3821"}],"wp:term":[{"taxonomy":"yst_prominent_words","embeddable":true,"href":"https:\/\/www.mondragon-assembly.com\/de\/wp-json\/wp\/v2\/yst_prominent_words?post=3821"}],"curies":[{"name":"wp","href":"https:\/\/api.w.org\/{rel}","templated":true}]}}