{"id":3822,"date":"2016-04-15T08:59:29","date_gmt":"2016-04-15T06:59:29","guid":{"rendered":"https:\/\/www.mondragon-assembly.com\/de\/?page_id=3822"},"modified":"2016-05-18T08:44:15","modified_gmt":"2016-05-18T08:44:15","slug":"seguridad","status":"publish","type":"page","link":"https:\/\/www.mondragon-assembly.com\/de\/automovil\/anwendungen\/seguridad\/","title":{"rendered":"Sicherheit"},"content":{"rendered":"<div class=\"wpb-content-wrapper\"><p>[vc_row][vc_column][vc_column_text el_class=&#8220;title_lineas&#8220;]<\/p>\n<h4><span style=\"color: #e20026;\">Produktliste<\/span><\/h4>\n<p>[\/vc_column_text][vc_row_inner][vc_column_inner width=&#8220;1\/2&#8243;][vc_column_text el_class=&#8220;icon_list&#8220;]<\/p>\n<ul>\n<li>Bremssattel<\/li>\n<li>Bremshilfspumpe<\/li>\n<li>ABS-Steuerung<\/li>\n<li>Airbags<\/li>\n<li>Sto\u00dfd\u00e4mpfer<\/li>\n<\/ul>\n<p>[\/vc_column_text][\/vc_column_inner][\/vc_row_inner][\/vc_column][\/vc_row][vc_row][vc_column][vc_column_text css=&#8220;.vc_custom_1463560821574{padding-bottom: 3px !important;padding-left: 15px !important;background-color: #e8e8e8 !important;}&#8220;]<\/p>\n<h3><span style=\"color: #e20026; line-height: 35px;\">Bremsklemme<\/span><\/h3>\n<p>[\/vc_column_text][vc_row_inner][vc_column_inner][vc_gallery type=&#8220;image_grid&#8220; images=&#8220;2285,2286,2287,2288&#8243; el_class=&#8220;foto_margen&#8220;][\/vc_column_inner][\/vc_row_inner][vc_row_inner][vc_column_inner width=&#8220;1\/3&#8243;][vc_column_text el_class=&#8220;title_lineas&#8220;]<\/p>\n<h4><span style=\"color: #e20026;\">Ausf\u00fchrung der L\u00f6sung<\/span><\/h4>\n<p>[\/vc_column_text][vc_column_text el_class=&#8220;icon_list&#8220;]<\/p>\n<ul>\n<li>3 halbautomatische Montagestationen<\/li>\n<li>Dichtigkeitspr\u00fcfungsstation<\/li>\n<li>Abschlussstation Funktionspr\u00fcfung<\/li>\n<\/ul>\n<p>[\/vc_column_text][\/vc_column_inner][vc_column_inner width=&#8220;1\/3&#8243;][vc_column_text el_class=&#8220;title_lineas&#8220;]<\/p>\n<h4><span style=\"color: #e20026;\">Prozess<\/span><\/h4>\n<p>[\/vc_column_text][vc_column_text el_class=&#8220;icon_list&#8220;]<\/p>\n<ul>\n<li>Pr\u00fcfung auf Sp\u00e4nefreiheit<\/li>\n<li>Montage von Kolben und Dichtungen<\/li>\n<li>Hoch- und Niederdrucktest<\/li>\n<li>Kontaktstift-Schmierung<\/li>\n<li>Klemmermontage und Modellpr\u00fcfung<\/li>\n<li>Abschlie\u00dfende Verschiebekraft und Profiltest<\/li>\n<\/ul>\n<p>[\/vc_column_text][\/vc_column_inner][vc_column_inner width=&#8220;1\/3&#8243;][vc_column_text el_class=&#8220;title_lineas&#8220;]<\/p>\n<h4><span style=\"color: #e20026;\">Technische Daten<\/span><\/h4>\n<p>[\/vc_column_text][vc_column_text el_class=&#8220;icon_list&#8220;]<\/p>\n<ul>\n<li>Zykluszeit: 48 Sek.<\/li>\n<li>Sichtsystem, um zu pr\u00fcfen, dass keine Markierungen vorhanden sind<\/li>\n<li>Hochdruck-Dichtigkeitstest (250 Bar)<\/li>\n<li>Unterdruck-Dichtigkeitstest<\/li>\n<li>(6\u00a0Bar)<\/li>\n<li>Anwesenheits- und Modell\u00fcberp\u00fcfung von Komponenten \u00fcber Kameras<\/li>\n<li>Kolben- und Dichtungsmontage mittels Servomechanismus<\/li>\n<li>Messung der Kurve Kraft vs. Abstand<\/li>\n<\/ul>\n<p>[\/vc_column_text][\/vc_column_inner][\/vc_row_inner][\/vc_column][\/vc_row][vc_row][vc_column][vc_column_text css=&#8220;.vc_custom_1463560924927{padding-bottom: 3px !important;padding-left: 15px !important;background-color: #e8e8e8 !important;}&#8220;]<\/p>\n<h3><span style=\"color: #e20026; line-height: 35px;\">Sto\u00dfd\u00e4mpfer<\/span><\/h3>\n<p>[\/vc_column_text][vc_gallery type=&#8220;image_grid&#8220; images=&#8220;2289,2290,2291,2292,2293&#8243; img_size=&#8220;&#8220; el_class=&#8220;foto_margen&#8220;][vc_row_inner][vc_column_inner width=&#8220;1\/3&#8243;][vc_column_text el_class=&#8220;title_lineas&#8220;]<\/p>\n<h4><span style=\"color: #e20026;\">Ausf\u00fchrung der L\u00f6sung<\/span><\/h4>\n<p>[\/vc_column_text][vc_column_text el_class=&#8220;icon_list&#8220;]<\/p>\n<ul>\n<li>Vollautomatische Maschine<\/li>\n<li>Bef\u00f6rderung der Teile in RFID-Tellern<\/li>\n<li>Modulare und flexible Zusammenstellung aller Stationen (verbundene, unabh\u00e4ngige Stationen)<\/li>\n<li>Getrennte Bearbeitung von guten \/ schlechten Teilen<\/li>\n<li>Nacharbeitsstation<\/li>\n<\/ul>\n<p>[\/vc_column_text][\/vc_column_inner][vc_column_inner width=&#8220;1\/3&#8243;][vc_column_text el_class=&#8220;title_lineas&#8220;]<\/p>\n<h4><span style=\"color: #e20026;\">Prozess<\/span><\/h4>\n<p>[\/vc_column_text][vc_column_text el_class=&#8220;icon_list&#8220;]<\/p>\n<ul>\n<li>\u00d6labgabe<\/li>\n<li>Servohydraulisches Testsystem mit Datenverwaltung<\/li>\n<li>Orbitales Schlie\u00dfsystem<\/li>\n<li>Gaskraftpr\u00fcfung<\/li>\n<li>Zusammenbau von Schutzvorrichtung und Kontrolle der Gesamth\u00f6he<\/li>\n<li>Etikettendruck und -Anbringung<\/li>\n<\/ul>\n<p>[\/vc_column_text][\/vc_column_inner][vc_column_inner width=&#8220;1\/3&#8243;][vc_column_text el_class=&#8220;title_lineas&#8220;]<\/p>\n<h4><span style=\"color: #e20026;\">Technische Daten<\/span><\/h4>\n<p>[\/vc_column_text][vc_column_text el_class=&#8220;icon_list&#8220;]<\/p>\n<ul>\n<li>Zykluszeit: 6,7 Sek.<\/li>\n<li>\u00d6labgabe mit cpk 1.3<\/li>\n<li>Funktions- und Gaskraftpr\u00fcfung<\/li>\n<li>Bearbeitung zahlreicher Modelle<\/li>\n<li>Schneller und einfacher Modellwechsel<\/li>\n<li>Einfache Wartung<\/li>\n<\/ul>\n<p>[\/vc_column_text][\/vc_column_inner][\/vc_row_inner][\/vc_column][\/vc_row][vc_row][vc_column][vc_column_text css=&#8220;.vc_custom_1462265423757{padding-bottom: 3px !important;padding-left: 15px !important;background-color: #e8e8e8 !important;}&#8220;]<\/p>\n<h3><span style=\"color: #e20026; line-height: 35px;\">Airbag<\/span><\/h3>\n<p>[\/vc_column_text][vc_gallery type=&#8220;image_grid&#8220; images=&#8220;2294,2295&#8243; img_size=&#8220;&#8220; el_class=&#8220;foto_margen&#8220;][vc_row_inner][vc_column_inner width=&#8220;1\/3&#8243;][vc_column_text el_class=&#8220;title_lineas&#8220;]<\/p>\n<h4><span style=\"color: #e20026;\">Ausf\u00fchrung der L\u00f6sung<\/span><\/h4>\n<p>[\/vc_column_text][vc_column_text el_class=&#8220;icon_list&#8220;]<\/p>\n<ul>\n<li>4 halbautomatische Stationen f\u00fcr Zusammenbau, Falten und Endkontrolle<\/li>\n<li>Volle R\u00fcckverfolgbarkeit<\/li>\n<\/ul>\n<p>[\/vc_column_text][\/vc_column_inner][vc_column_inner width=&#8220;1\/3&#8243;][vc_column_text el_class=&#8220;title_lineas&#8220;]<\/p>\n<h4><span style=\"color: #e20026;\">Prozess<\/span><\/h4>\n<p>[\/vc_column_text][vc_column_text el_class=&#8220;icon_list&#8220;]<\/p>\n<ul>\n<li>Zusammenbau von Generator und Deckel an K\u00f6rper Mit Einsetzkontrolle<\/li>\n<li>Anklipsen des Beutels am Geh\u00e4use und analoge Kontrolle<\/li>\n<li>Falten des Beutels Falteinstellung f\u00fcr alle Modelle von der Steuertafel aus<\/li>\n<li>Tyvek-Kontrolle und Einpacken<\/li>\n<\/ul>\n<p>[\/vc_column_text][\/vc_column_inner][vc_column_inner width=&#8220;1\/3&#8243;][vc_column_text el_class=&#8220;title_lineas&#8220;]<\/p>\n<h4><span style=\"color: #e20026;\">Technische Daten<\/span><\/h4>\n<p>[\/vc_column_text][vc_column_text el_class=&#8220;icon_list&#8220;]<\/p>\n<ul>\n<li>Zykluszeit: 25 Sek.<\/li>\n<li>Pokayokes bei allen Arbeitsschritten<\/li>\n<li>Schneller und einfacher Modellwechsel<\/li>\n<li>Einfache Wartung<\/li>\n<\/ul>\n<p>[\/vc_column_text][\/vc_column_inner][\/vc_row_inner][\/vc_column][\/vc_row]<\/p>\n<\/div>","protected":false},"excerpt":{"rendered":"<p>[vc_row][vc_column][vc_column_text el_class=&#8220;title_lineas&#8220;] Produktliste [\/vc_column_text][vc_row_inner][vc_column_inner width=&#8220;1\/2&#8243;][vc_column_text el_class=&#8220;icon_list&#8220;] Bremssattel Bremshilfspumpe ABS-Steuerung Airbags Sto\u00dfd\u00e4mpfer [\/vc_column_text][\/vc_column_inner][\/vc_row_inner][\/vc_column][\/vc_row][vc_row][vc_column][vc_column_text css=&#8220;.vc_custom_1463560821574{padding-bottom: 3px !important;padding-left: 15px !important;background-color: #e8e8e8 !important;}&#8220;] Bremsklemme [\/vc_column_text][vc_row_inner][vc_column_inner][vc_gallery type=&#8220;image_grid&#8220; images=&#8220;2285,2286,2287,2288&#8243; el_class=&#8220;foto_margen&#8220;][\/vc_column_inner][\/vc_row_inner][vc_row_inner][vc_column_inner width=&#8220;1\/3&#8243;][vc_column_text el_class=&#8220;title_lineas&#8220;] Ausf\u00fchrung der L\u00f6sung [\/vc_column_text][vc_column_text el_class=&#8220;icon_list&#8220;] 3 halbautomatische Montagestationen Dichtigkeitspr\u00fcfungsstation Abschlussstation Funktionspr\u00fcfung [\/vc_column_text][\/vc_column_inner][vc_column_inner width=&#8220;1\/3&#8243;][vc_column_text el_class=&#8220;title_lineas&#8220;] Prozess [\/vc_column_text][vc_column_text el_class=&#8220;icon_list&#8220;] Pr\u00fcfung auf Sp\u00e4nefreiheit Montage von Kolben und Dichtungen Hoch- und Niederdrucktest Kontaktstift-Schmierung [&hellip;]<\/p>\n","protected":false},"author":4,"featured_media":0,"parent":3816,"menu_order":0,"comment_status":"closed","ping_status":"closed","template":"sectors.php","meta":{"_lmt_disableupdate":"","_lmt_disable":"","footnotes":""},"yst_prominent_words":[],"class_list":["post-3822","page","type-page","status-publish","hentry"],"acf":[],"_links":{"self":[{"href":"https:\/\/www.mondragon-assembly.com\/de\/wp-json\/wp\/v2\/pages\/3822","targetHints":{"allow":["GET"]}}],"collection":[{"href":"https:\/\/www.mondragon-assembly.com\/de\/wp-json\/wp\/v2\/pages"}],"about":[{"href":"https:\/\/www.mondragon-assembly.com\/de\/wp-json\/wp\/v2\/types\/page"}],"author":[{"embeddable":true,"href":"https:\/\/www.mondragon-assembly.com\/de\/wp-json\/wp\/v2\/users\/4"}],"replies":[{"embeddable":true,"href":"https:\/\/www.mondragon-assembly.com\/de\/wp-json\/wp\/v2\/comments?post=3822"}],"version-history":[{"count":1,"href":"https:\/\/www.mondragon-assembly.com\/de\/wp-json\/wp\/v2\/pages\/3822\/revisions"}],"predecessor-version":[{"id":3827,"href":"https:\/\/www.mondragon-assembly.com\/de\/wp-json\/wp\/v2\/pages\/3822\/revisions\/3827"}],"up":[{"embeddable":true,"href":"https:\/\/www.mondragon-assembly.com\/de\/wp-json\/wp\/v2\/pages\/3816"}],"wp:attachment":[{"href":"https:\/\/www.mondragon-assembly.com\/de\/wp-json\/wp\/v2\/media?parent=3822"}],"wp:term":[{"taxonomy":"yst_prominent_words","embeddable":true,"href":"https:\/\/www.mondragon-assembly.com\/de\/wp-json\/wp\/v2\/yst_prominent_words?post=3822"}],"curies":[{"name":"wp","href":"https:\/\/api.w.org\/{rel}","templated":true}]}}