{"id":3823,"date":"2016-04-15T08:59:57","date_gmt":"2016-04-15T06:59:57","guid":{"rendered":"https:\/\/www.mondragon-assembly.com\/de\/?page_id=3823"},"modified":"2016-05-18T08:59:57","modified_gmt":"2016-05-18T08:59:57","slug":"sistema-termico","status":"publish","type":"page","link":"https:\/\/www.mondragon-assembly.com\/de\/automovil\/anwendungen\/sistema-termico\/","title":{"rendered":"Heizsystem"},"content":{"rendered":"<div class=\"wpb-content-wrapper\"><p>[vc_row][vc_column][vc_column_text el_class=&#8220;title_lineas&#8220;]<\/p>\n<h4><span style=\"color: #e20026;\">Produktliste<\/span><\/h4>\n<p>[\/vc_column_text][vc_row_inner][vc_column_inner width=&#8220;1\/2&#8243;][vc_column_text el_class=&#8220;icon_list&#8220;]<\/p>\n<ul>\n<li>Klimaanlage<\/li>\n<li>Steuermodul der Klimaanlage<\/li>\n<li>Luftfilter<\/li>\n<li>K\u00fchler<\/li>\n<li>Thermostate<\/li>\n<li>Heizschl\u00e4uche<\/li>\n<li>W\u00e4rmeaustauscher<\/li>\n<\/ul>\n<p>[\/vc_column_text][\/vc_column_inner][\/vc_row_inner][\/vc_column][\/vc_row][vc_row][vc_column][vc_column_text css=&#8220;.vc_custom_1463561792744{padding-bottom: 3px !important;padding-left: 15px !important;background-color: #e8e8e8 !important;}&#8220;]<\/p>\n<h3><span style=\"color: #e20026; line-height: 35px;\">Klimaanlage<\/span><\/h3>\n<p>[\/vc_column_text][vc_row_inner][vc_column_inner][vc_gallery type=&#8220;image_grid&#8220; images=&#8220;2426,2424,2425,2427&#8243; el_class=&#8220;foto_margen&#8220;][\/vc_column_inner][\/vc_row_inner][vc_row_inner][vc_column_inner width=&#8220;1\/3&#8243;][vc_column_text el_class=&#8220;title_lineas&#8220;]<\/p>\n<h4><span style=\"color: #e20026;\">Ausf\u00fchrung der L\u00f6sung<\/span><\/h4>\n<p>[\/vc_column_text][vc_column_text el_class=&#8220;icon_list&#8220;]<\/p>\n<ul>\n<li>Teilef\u00fchrung \u00fcber Handwagen<\/li>\n<li>\u00dcber die Produktionsreihenfolge kontrollierte Sequenz<\/li>\n<li>Leuchtf\u00fchrung f\u00fcr manuelle Arbeiten, mit Fehlermanagement<\/li>\n<li>7 Montageschritte<\/li>\n<li>1 Abschlusstest<\/li>\n<li>Volle R\u00fcckverfolgbarkeit<\/li>\n<\/ul>\n<p>[\/vc_column_text][\/vc_column_inner][vc_column_inner width=&#8220;1\/3&#8243;][vc_column_text el_class=&#8220;title_lineas&#8220;]<\/p>\n<h4><span style=\"color: #e20026;\">Prozess<\/span><\/h4>\n<p>[\/vc_column_text][vc_column_text el_class=&#8220;icon_list&#8220;]<\/p>\n<ul>\n<li>Der Arbeiter beginnt die Sequenz mit seiner Arbeitskarte<\/li>\n<li>Volle Kontrolle der Montagesequenz<\/li>\n<li>Ein Licht gibt an, wenn der Arbeiter ein Teil aufnehmen muss<\/li>\n<li>Fettdosierung<\/li>\n<li>Dichtigkeitstest<\/li>\n<li>Abschlusstest, Funktionstext des Produktes<\/li>\n<\/ul>\n<p>[\/vc_column_text][\/vc_column_inner][vc_column_inner width=&#8220;1\/3&#8243;][vc_column_text el_class=&#8220;title_lineas&#8220;]<\/p>\n<h4><span style=\"color: #e20026;\">Technische Daten<\/span><\/h4>\n<p>[\/vc_column_text][vc_column_text el_class=&#8220;icon_list&#8220;]<\/p>\n<ul>\n<li>Zykluszeit: 90 Sek.<\/li>\n<li>TESTER\n<ul>\n<li>LIN-Programmierung der Schrittmotoren<\/li>\n<li>Strom- \/ Spannungsmessung<\/li>\n<li>Motortest<\/li>\n<li>L\u00e4rm- und Schwingungstest<\/li>\n<li>Kontrollmesser<\/li>\n<li>Pr\u00e4senzerkennung von Teilen<\/li>\n<li>Datenexport (Excel etc\u2026)<\/li>\n<\/ul>\n<\/li>\n<\/ul>\n<p>[\/vc_column_text][\/vc_column_inner][\/vc_row_inner][\/vc_column][\/vc_row][vc_row][vc_column][vc_column_text css=&#8220;.vc_custom_1463561881942{padding-bottom: 3px !important;padding-left: 15px !important;background-color: #e8e8e8 !important;}&#8220;]<\/p>\n<h3><span style=\"color: #e20026; line-height: 35px;\">Luftfilter<\/span><\/h3>\n<p>[\/vc_column_text][vc_gallery type=&#8220;image_grid&#8220; images=&#8220;2433,2434&#8243; img_size=&#8220;&#8220; el_class=&#8220;foto_margen&#8220;][vc_row_inner][vc_column_inner width=&#8220;1\/3&#8243;][vc_column_text el_class=&#8220;title_lineas&#8220;]<\/p>\n<h4><span style=\"color: #e20026;\">Ausf\u00fchrung der L\u00f6sung<\/span><\/h4>\n<p>[\/vc_column_text][vc_column_text el_class=&#8220;icon_list&#8220;]<\/p>\n<ul>\n<li>Roboterzelle mit integriertem Handarbeitsplatz<\/li>\n<li>Austauschbares Werkzeug f\u00fcr verschiedene Produktmodelle<\/li>\n<\/ul>\n<p>[\/vc_column_text][\/vc_column_inner][vc_column_inner width=&#8220;1\/3&#8243;][vc_column_text el_class=&#8220;title_lineas&#8220;]<\/p>\n<h4><span style=\"color: #e20026;\">Prozess<\/span><\/h4>\n<p>[\/vc_column_text][vc_column_text el_class=&#8220;icon_list&#8220;]<\/p>\n<ul>\n<li>Montage von Sicherungsscheiben<\/li>\n<li>Montage von Buchsen<\/li>\n<li>Montage von Temperatursensoren<\/li>\n<li>Verschrauben Deckel<\/li>\n<li>Clip-Montage<\/li>\n<li>Dichtigkeitstest<\/li>\n<li>Markierung<\/li>\n<\/ul>\n<p>[\/vc_column_text][\/vc_column_inner][vc_column_inner width=&#8220;1\/3&#8243;][vc_column_text el_class=&#8220;title_lineas&#8220;]<\/p>\n<h4><span style=\"color: #e20026;\">Technische Daten<\/span><\/h4>\n<p>[\/vc_column_text][vc_column_text el_class=&#8220;icon_list&#8220;]<\/p>\n<ul>\n<li>Zykluszeit: 50 Sek.<\/li>\n<li>Schneller und einfacher Modellwechsel<\/li>\n<li>Einfache Wartung<\/li>\n<\/ul>\n<p>[\/vc_column_text][\/vc_column_inner][\/vc_row_inner][\/vc_column][\/vc_row][vc_row][vc_column][vc_column_text css=&#8220;.vc_custom_1463561936559{padding-bottom: 3px !important;padding-left: 15px !important;background-color: #e8e8e8 !important;}&#8220;]<\/p>\n<h3><span style=\"color: #e20026; line-height: 35px;\">K\u00fchler<\/span><\/h3>\n<p>[\/vc_column_text][vc_gallery type=&#8220;image_grid&#8220; images=&#8220;2436,2437&#8243; img_size=&#8220;&#8220; el_class=&#8220;foto_margen&#8220;][vc_row_inner][vc_column_inner width=&#8220;1\/3&#8243;][vc_column_text el_class=&#8220;title_lineas&#8220;]<\/p>\n<h4><span style=\"color: #e20026;\">Ausf\u00fchrung der L\u00f6sung<\/span><\/h4>\n<p>[\/vc_column_text][vc_column_text el_class=&#8220;icon_list&#8220;]<\/p>\n<ul>\n<li>2 Montagestationen<\/li>\n<li>2 Abschlusstests<\/li>\n<\/ul>\n<p>[\/vc_column_text][\/vc_column_inner][vc_column_inner width=&#8220;1\/3&#8243;][vc_column_text el_class=&#8220;title_lineas&#8220;]<\/p>\n<h4><span style=\"color: #e20026;\">Prozess<\/span><\/h4>\n<p>[\/vc_column_text][vc_column_text el_class=&#8220;icon_list&#8220;]<\/p>\n<ul>\n<li>Bef\u00f6rderung von Teilen<\/li>\n<li>Clipping<\/li>\n<li>Anschrauben<\/li>\n<li>Mechanischer Test<\/li>\n<li>Dichtigkeitstest<\/li>\n<\/ul>\n<p>[\/vc_column_text][\/vc_column_inner][vc_column_inner width=&#8220;1\/3&#8243;][vc_column_text el_class=&#8220;title_lineas&#8220;]<\/p>\n<h4><span style=\"color: #e20026;\">Technische Daten<\/span><\/h4>\n<p>[\/vc_column_text][vc_column_text el_class=&#8220;icon_list&#8220;]<\/p>\n<ul>\n<li>Zykluszeit: 20 Sek.<\/li>\n<li>Schneller und einfacher Modellwechsel<\/li>\n<li>Einfache Wartung<\/li>\n<\/ul>\n<p>[\/vc_column_text][\/vc_column_inner][\/vc_row_inner][\/vc_column][\/vc_row]<\/p>\n<\/div>","protected":false},"excerpt":{"rendered":"<p>[vc_row][vc_column][vc_column_text el_class=&#8220;title_lineas&#8220;] Produktliste [\/vc_column_text][vc_row_inner][vc_column_inner width=&#8220;1\/2&#8243;][vc_column_text el_class=&#8220;icon_list&#8220;] Klimaanlage Steuermodul der Klimaanlage Luftfilter K\u00fchler Thermostate Heizschl\u00e4uche W\u00e4rmeaustauscher [\/vc_column_text][\/vc_column_inner][\/vc_row_inner][\/vc_column][\/vc_row][vc_row][vc_column][vc_column_text css=&#8220;.vc_custom_1463561792744{padding-bottom: 3px !important;padding-left: 15px !important;background-color: #e8e8e8 !important;}&#8220;] Klimaanlage [\/vc_column_text][vc_row_inner][vc_column_inner][vc_gallery type=&#8220;image_grid&#8220; images=&#8220;2426,2424,2425,2427&#8243; el_class=&#8220;foto_margen&#8220;][\/vc_column_inner][\/vc_row_inner][vc_row_inner][vc_column_inner width=&#8220;1\/3&#8243;][vc_column_text el_class=&#8220;title_lineas&#8220;] Ausf\u00fchrung der L\u00f6sung [\/vc_column_text][vc_column_text el_class=&#8220;icon_list&#8220;] Teilef\u00fchrung \u00fcber Handwagen \u00dcber die Produktionsreihenfolge kontrollierte Sequenz Leuchtf\u00fchrung f\u00fcr manuelle Arbeiten, mit Fehlermanagement 7 Montageschritte 1 Abschlusstest Volle R\u00fcckverfolgbarkeit [&hellip;]<\/p>\n","protected":false},"author":4,"featured_media":0,"parent":3816,"menu_order":0,"comment_status":"closed","ping_status":"closed","template":"sectors.php","meta":{"_lmt_disableupdate":"","_lmt_disable":"","footnotes":""},"yst_prominent_words":[],"class_list":["post-3823","page","type-page","status-publish","hentry"],"acf":[],"_links":{"self":[{"href":"https:\/\/www.mondragon-assembly.com\/de\/wp-json\/wp\/v2\/pages\/3823","targetHints":{"allow":["GET"]}}],"collection":[{"href":"https:\/\/www.mondragon-assembly.com\/de\/wp-json\/wp\/v2\/pages"}],"about":[{"href":"https:\/\/www.mondragon-assembly.com\/de\/wp-json\/wp\/v2\/types\/page"}],"author":[{"embeddable":true,"href":"https:\/\/www.mondragon-assembly.com\/de\/wp-json\/wp\/v2\/users\/4"}],"replies":[{"embeddable":true,"href":"https:\/\/www.mondragon-assembly.com\/de\/wp-json\/wp\/v2\/comments?post=3823"}],"version-history":[{"count":1,"href":"https:\/\/www.mondragon-assembly.com\/de\/wp-json\/wp\/v2\/pages\/3823\/revisions"}],"predecessor-version":[{"id":3830,"href":"https:\/\/www.mondragon-assembly.com\/de\/wp-json\/wp\/v2\/pages\/3823\/revisions\/3830"}],"up":[{"embeddable":true,"href":"https:\/\/www.mondragon-assembly.com\/de\/wp-json\/wp\/v2\/pages\/3816"}],"wp:attachment":[{"href":"https:\/\/www.mondragon-assembly.com\/de\/wp-json\/wp\/v2\/media?parent=3823"}],"wp:term":[{"taxonomy":"yst_prominent_words","embeddable":true,"href":"https:\/\/www.mondragon-assembly.com\/de\/wp-json\/wp\/v2\/yst_prominent_words?post=3823"}],"curies":[{"name":"wp","href":"https:\/\/api.w.org\/{rel}","templated":true}]}}