{"id":3857,"date":"2016-04-20T10:48:37","date_gmt":"2016-04-20T08:48:37","guid":{"rendered":"https:\/\/www.mondragon-assembly.com\/de\/?page_id=3857"},"modified":"2016-05-23T09:02:44","modified_gmt":"2016-05-23T09:02:44","slug":"soluciones-de-automatizacion","status":"publish","type":"page","link":"https:\/\/www.mondragon-assembly.com\/de\/medizinische-geraete\/productosservicios\/soluciones-de-automatizacion\/","title":{"rendered":"Automobill\u00f6sungen"},"content":{"rendered":"<div class=\"wpb-content-wrapper\"><p>[vc_row][vc_column][vc_column_text css=&#8220;.vc_custom_1463487706685{padding-bottom: 3px !important;padding-left: 15px !important;background-color: #e8e8e8 !important;}&#8220;]<\/p>\n<h3><span style=\"color: #e20026; line-height: 35px;\">Automatische montagelinien<\/span><\/h3>\n<p>[\/vc_column_text][\/vc_column][\/vc_row][vc_row][vc_column width=&#8220;1\/2&#8243;][vc_column_text]Schl\u00fcsselfertige automatische Montagelinien zur Montage und Kontrolle einer gro\u00dfen Produktvielfalt. Unsere L\u00f6sungen reichen von der Zuf\u00fchrung einzelner Teile bis zum Verpacken von Endprodukten zusammen mit allen erforderlichen Qualit\u00e4tskontrollen. Die Produktion kann dauerhaft \u00fcberwacht werden,\u00a0 und die Daten k\u00f6nnen in MES-Systemen (Produktionskontrollsystemen) gespeichert werden.<\/p>\n<p>Mondragon Assembly gew\u00e4hrt dem Kunden die g\u00fcnstigste, effizientestes und servicefreundlichste L\u00f6sung.[\/vc_column_text][\/vc_column][vc_column width=&#8220;1\/2&#8243;][vc_single_image image=&#8220;2213&#8243; img_size=&#8220;&#8220; onclick=&#8220;link_image&#8220;][\/vc_column][\/vc_row][vc_row][vc_column][vc_column_text css=&#8220;.vc_custom_1463487735229{padding-bottom: 3px !important;padding-left: 15px !important;background-color: #e8e8e8 !important;}&#8220;]<\/p>\n<h3><span style=\"color: #e20026; line-height: 35px;\">Lineare module<\/span><\/h3>\n<p>[\/vc_column_text][\/vc_column][\/vc_row][vc_row][vc_column][vc_gallery type=&#8220;image_grid&#8220; images=&#8220;8181,8172,8163,8154,8145&#8243;][vc_column_text]Vollautomatische lineare Module mit integriertem schnellen Transfer von Mondragon. Unsere linearen Module umfassen die modernsten Zuf\u00fchrungs-, Bearbeitungs-, Produktions- und Kontrolltechnologien<\/p>\n<p>Mondragon Assembly gew\u00e4hrt dem Kunden die g\u00fcnstigste, effizientestes und servicefreundlichste L\u00f6sung.[\/vc_column_text][\/vc_column][\/vc_row][vc_row][vc_column][vc_column_text css=&#8220;.vc_custom_1463487763014{padding-bottom: 3px !important;padding-left: 15px !important;background-color: #e8e8e8 !important;}&#8220;]<\/p>\n<h3><span style=\"color: #e20026; line-height: 35px;\">Rotationsmodule<\/span><\/h3>\n<p>[\/vc_column_text][\/vc_column][\/vc_row][vc_row][vc_column][vc_gallery type=&#8220;image_grid&#8220; images=&#8220;8218,8209,8200,8191&#8243;][vc_column_text]Vollautomatische Rotationsmodule mit indexierten oder kontinuierlichen Tellern. Unsere Rotationsmodule umfassen die modernsten Zuf\u00fchrungs-, Bearbeitungs-, Produktions- und Kontrolltechnologien<\/p>\n<p>Mondragon Assembly gew\u00e4hrt dem Kunden die g\u00fcnstigste, effizientestes und servicefreundlichste L\u00f6sung.[\/vc_column_text][\/vc_column][\/vc_row][vc_row][vc_column][vc_column_text css=&#8220;.vc_custom_1463487782278{padding-bottom: 3px !important;padding-left: 15px !important;background-color: #e8e8e8 !important;}&#8220;]<\/p>\n<h3><span style=\"color: #e20026; line-height: 35px;\">Roboterzellen<\/span><\/h3>\n<p>[\/vc_column_text][\/vc_column][\/vc_row][vc_row][vc_column][vc_gallery type=&#8220;image_grid&#8220; images=&#8220;2214,2215,2216,2217,2218&#8243; img_size=&#8220;&#8220; el_class=&#8220;foto_margen&#8220;][vc_column_text]Hochflexible und integrative Komplettl\u00f6sungen f\u00fcr Aufgaben wie die Zuf\u00fchrung, Bearbeitung, Palettierung, Pr\u00e4zisionsfertigung u.\u00a0a.\u2026<\/p>\n<p>Mondragon Assembly gew\u00e4hrt dem Kunden die g\u00fcnstigste, effizientestes und servicefreundlichste L\u00f6sung.[\/vc_column_text][\/vc_column][\/vc_row][vc_row][vc_column][vc_column_text css=&#8220;.vc_custom_1463487809879{padding-bottom: 3px !important;padding-left: 15px !important;background-color: #e8e8e8 !important;}&#8220;]<\/p>\n<h3><span style=\"color: #e20026; line-height: 35px;\">Lean-produktionssysteme<\/span><\/h3>\n<p>[\/vc_column_text][\/vc_column][\/vc_row][vc_row][vc_column][vc_gallery type=&#8220;image_grid&#8220; images=&#8220;2219,2220,2221,8279&#8243; img_size=&#8220;&#8220; el_class=&#8220;foto_margen&#8220;][vc_column_text]Montagelinien mit halbautomatischen Arbeitsstationen f\u00fcr die Serienproduktion von Teilen.<\/p>\n<p>Mondragon Assembly gew\u00e4hrt dem Kunden die g\u00fcnstigste, effizientestes und servicefreundlichste L\u00f6sung.[\/vc_column_text][\/vc_column][\/vc_row]<\/p>\n<\/div>","protected":false},"excerpt":{"rendered":"<p>[vc_row][vc_column][vc_column_text css=&#8220;.vc_custom_1463487706685{padding-bottom: 3px !important;padding-left: 15px !important;background-color: #e8e8e8 !important;}&#8220;] Automatische montagelinien [\/vc_column_text][\/vc_column][\/vc_row][vc_row][vc_column width=&#8220;1\/2&#8243;][vc_column_text]Schl\u00fcsselfertige automatische Montagelinien zur Montage und Kontrolle einer gro\u00dfen Produktvielfalt. Unsere L\u00f6sungen reichen von der Zuf\u00fchrung einzelner Teile bis zum Verpacken von Endprodukten zusammen mit allen erforderlichen Qualit\u00e4tskontrollen. Die Produktion kann dauerhaft \u00fcberwacht werden,\u00a0 und die Daten k\u00f6nnen in MES-Systemen (Produktionskontrollsystemen) gespeichert werden. Mondragon [&hellip;]<\/p>\n","protected":false},"author":4,"featured_media":0,"parent":3841,"menu_order":0,"comment_status":"closed","ping_status":"closed","template":"sectors.php","meta":{"_lmt_disableupdate":"","_lmt_disable":"","footnotes":""},"yst_prominent_words":[],"class_list":["post-3857","page","type-page","status-publish","hentry"],"acf":[],"_links":{"self":[{"href":"https:\/\/www.mondragon-assembly.com\/de\/wp-json\/wp\/v2\/pages\/3857","targetHints":{"allow":["GET"]}}],"collection":[{"href":"https:\/\/www.mondragon-assembly.com\/de\/wp-json\/wp\/v2\/pages"}],"about":[{"href":"https:\/\/www.mondragon-assembly.com\/de\/wp-json\/wp\/v2\/types\/page"}],"author":[{"embeddable":true,"href":"https:\/\/www.mondragon-assembly.com\/de\/wp-json\/wp\/v2\/users\/4"}],"replies":[{"embeddable":true,"href":"https:\/\/www.mondragon-assembly.com\/de\/wp-json\/wp\/v2\/comments?post=3857"}],"version-history":[{"count":5,"href":"https:\/\/www.mondragon-assembly.com\/de\/wp-json\/wp\/v2\/pages\/3857\/revisions"}],"predecessor-version":[{"id":9304,"href":"https:\/\/www.mondragon-assembly.com\/de\/wp-json\/wp\/v2\/pages\/3857\/revisions\/9304"}],"up":[{"embeddable":true,"href":"https:\/\/www.mondragon-assembly.com\/de\/wp-json\/wp\/v2\/pages\/3841"}],"wp:attachment":[{"href":"https:\/\/www.mondragon-assembly.com\/de\/wp-json\/wp\/v2\/media?parent=3857"}],"wp:term":[{"taxonomy":"yst_prominent_words","embeddable":true,"href":"https:\/\/www.mondragon-assembly.com\/de\/wp-json\/wp\/v2\/yst_prominent_words?post=3857"}],"curies":[{"name":"wp","href":"https:\/\/api.w.org\/{rel}","templated":true}]}}