{"id":3862,"date":"2016-04-20T10:21:22","date_gmt":"2016-04-20T08:21:22","guid":{"rendered":"https:\/\/www.mondragon-assembly.com\/de\/?page_id=3862"},"modified":"2017-04-10T09:58:50","modified_gmt":"2017-04-10T07:58:50","slug":"technologien","status":"publish","type":"page","link":"https:\/\/www.mondragon-assembly.com\/de\/elektrische-komponenten\/productosservicios\/technologien\/","title":{"rendered":"Technologien"},"content":{"rendered":"<div class=\"wpb-content-wrapper\"><p>[vc_row][vc_column][vc_gallery type=&#8220;flexslider_slide&#8220; interval=&#8220;3&#8243; images=&#8220;10867,10858,10849&#8243; img_size=&#8220;full&#8220;][vc_separator color=&#8220;black&#8220;][\/vc_column][\/vc_row][vc_row][vc_column][vc_tta_accordion style=&#8220;flat&#8220; color=&#8220;white&#8220; c_position=&#8220;right&#8220; active_section=&#8220;0&#8243; collapsible_all=&#8220;true&#8220;][vc_tta_section title=&#8220;Zuf\u00fchrung&#8220; tab_id=&#8220;1461053881569-94715fc9-4ef7&#8243;][vc_column_text css_animation=&#8220;top-to-bottom&#8220; el_class=&#8220;icon_list&#8220;]<\/p>\n<ul>\n<li>Zuf\u00fchrung durch Vibrationsbeh\u00e4lter<\/li>\n<li>Zentrifugalzuf\u00fchrung<\/li>\n<li>Andere L\u00f6sungen (stufenweise Zuf\u00fchrung&#8230;)<\/li>\n<\/ul>\n<p>[\/vc_column_text][vc_gallery type=&#8220;image_grid&#8220; images=&#8220;1879&#8243; img_size=&#8220;&#8220; el_class=&#8220;foto_margen&#8220;][\/vc_tta_section][vc_tta_section title=&#8220;Manipulationssysteme&#8220; tab_id=&#8220;1461053881626-7a57108e-5a37&#8243;][vc_column_text css_animation=&#8220;top-to-bottom&#8220; el_class=&#8220;icon_list&#8220;]<\/p>\n<ul>\n<li>Pneumatisches Pick-and-Place<\/li>\n<li>Elektrisches Pick-and-Place (Servomotoren)<\/li>\n<li>Elektrisches Pick-and-Place (lineare Motoren)<\/li>\n<\/ul>\n<p>[\/vc_column_text][vc_gallery type=&#8220;image_grid&#8220; images=&#8220;11903,11894,11885,11876&#8243; img_size=&#8220;&#8220; el_class=&#8220;foto_margen&#8220;][\/vc_tta_section][vc_tta_section title=&#8220;Robotik&#8220; tab_id=&#8220;1461054147928-cf873369-b862&#8243;][vc_column_text css_animation=&#8220;top-to-bottom&#8220; el_class=&#8220;icon_list&#8220;]<\/p>\n<ul>\n<li>SCARA<\/li>\n<li>Delta Roboter<\/li>\n<li>Kartesische Roboter<\/li>\n<li>6-Achsen-Roboter + 7. Achse<\/li>\n<\/ul>\n<p>[\/vc_column_text][vc_gallery type=&#8220;image_grid&#8220; images=&#8220;1891,1896,1899&#8243; img_size=&#8220;&#8220; el_class=&#8220;foto_margen&#8220;][\/vc_tta_section][vc_tta_section title=&#8220;Verbindungs- und Formtechnik&#8220; tab_id=&#8220;1461661663306-37d24182-9735&#8243;][vc_column_text css_animation=&#8220;top-to-bottom&#8220; el_class=&#8220;icon_list&#8220;]<\/p>\n<ul>\n<li>Anschrauben\n<ul>\n<li>Pneumatisch<\/li>\n<li>Elektrisch<\/li>\n<\/ul>\n<\/li>\n<li>Presseformen\n<ul>\n<li>Presseformen<\/li>\n<li>\u00d6l-pneumatisch<\/li>\n<li>Hydraulisch<\/li>\n<li>Servopressen<\/li>\n<\/ul>\n<\/li>\n<li>Nieten\n<ul>\n<li>Lochen<\/li>\n<li>Stanzen<\/li>\n<li>Verbinden<\/li>\n<li>Plasma-Reinigung<\/li>\n<li>Drahtformen<\/li>\n<li>Abstanzen<\/li>\n<li>Clinchen<\/li>\n<\/ul>\n<\/li>\n<\/ul>\n<p>[\/vc_column_text][vc_gallery type=&#8220;image_grid&#8220; images=&#8220;1901,1902,1903,1904&#8243; img_size=&#8220;&#8220; el_class=&#8220;foto_margen&#8220;][\/vc_tta_section][vc_tta_section title=&#8220;Verteilung&#8220; tab_id=&#8220;1461661696633-02d7a033-545c&#8220;][vc_column_text css_animation=&#8220;top-to-bottom&#8220; el_class=&#8220;icon_list&#8220;]<\/p>\n<ul class=\"inactive\">\n<li class=\"inactive\">Technologien\n<ul>\n<li>Volumetrik<\/li>\n<li>Spindel<\/li>\n<li>Zeituhr<\/li>\n<\/ul>\n<\/li>\n<li class=\"inactive\">Materialien\n<ul>\n<li>Fett<\/li>\n<li>\u00d6l<\/li>\n<li>Zyanoakrylat<\/li>\n<li>Primer<\/li>\n<li>Hei\u00dfschmelzmassen<\/li>\n<li>Silikon<\/li>\n<li>Flussmittel<\/li>\n<li>Beschichtungen<\/li>\n<li>Farve<\/li>\n<li>\u2026<\/li>\n<\/ul>\n<\/li>\n<\/ul>\n<p>[\/vc_column_text][vc_gallery type=&#8220;image_grid&#8220; images=&#8220;1939,1940,1941,1942&#8243; img_size=&#8220;&#8220; el_class=&#8220;foto_margen&#8220;][\/vc_tta_section][vc_tta_section title=&#8220;Kennzeichnung und Identifizierung&#8220; tab_id=&#8220;1461661711789-174b4c5a-704c&#8220;][vc_column_text css_animation=&#8220;top-to-bottom&#8220; el_class=&#8220;icon_list&#8220;]<\/p>\n<ul>\n<li>Laser<\/li>\n<li>Tintenstrahl<\/li>\n<li>Pin-Markierung<\/li>\n<li>Drucken und Etikettieren<\/li>\n<li>Farbpunktmalen<\/li>\n<li>Einzelpunktmarkierung<\/li>\n<li>Hei\u00dfstempeln<\/li>\n<\/ul>\n<p>[\/vc_column_text][vc_gallery type=&#8220;image_grid&#8220; images=&#8220;1906&#8243;][\/vc_tta_section][vc_tta_section title=&#8220;Transfer-Systeme&#8220; tab_id=&#8220;1461661734077-46f76d34-21bc&#8220;][vc_column_text css_animation=&#8220;top-to-bottom&#8220; el_class=&#8220;icon_list&#8220;]<\/p>\n<ul>\n<li>Lean Cell<\/li>\n<li>Kart-Loop Cells<\/li>\n<li>Drehsysteme (mechanisch, frei programmierbar, rotierend: feste Geschwindigkeit&#8230;)<\/li>\n<li>Lineare Systeme (FMS-Systeme, starre lineare \u00dcbertragung 12, 18, und 22 Positionen)<\/li>\n<li>Roboterzellen<\/li>\n<\/ul>\n<p>[\/vc_column_text][\/vc_tta_section][vc_tta_section title=&#8220;Visionssysteme&#8220; tab_id=&#8220;1461661747961-f7d3080e-0192&#8243;][vc_column_text css_animation=&#8220;top-to-bottom&#8220; el_class=&#8220;icon_list&#8220;]<\/p>\n<ul>\n<li>Hochaufl\u00f6sende Kameras<\/li>\n<li>Hochgeschwindigkeitskameras<\/li>\n<li>Sichtpr\u00fcfer<\/li>\n<li>Sichtsensoren<\/li>\n<li>\u2026<\/li>\n<\/ul>\n<p>[\/vc_column_text][vc_gallery type=&#8220;image_grid&#8220; images=&#8220;1943,1944,1945,1946,1947&#8243; img_size=&#8220;&#8220; el_class=&#8220;foto_margen&#8220;][\/vc_tta_section][vc_tta_section title=&#8220;Messung und \u00dcberwachung&#8220; tab_id=&#8220;1461661774750-4dfb97a3-5862&#8243;][vc_column_text css_animation=&#8220;top-to-bottom&#8220; el_class=&#8220;icon_list&#8220;]<\/p>\n<ul class=\"inactive\">\n<li class=\"inactive\">Dichtigkeitstester\n<ul>\n<li>Druckabfall (Hoch- und Niederdruck)<\/li>\n<li>Vakuum<\/li>\n<li>Helium<\/li>\n<\/ul>\n<\/li>\n<li>Durchflusstester<\/li>\n<li>Lineare Wandler<\/li>\n<li>Drehwandler<\/li>\n<li>Ladezellen (Spannung, Kompression, Drehmoment)<\/li>\n<li>Sichtkameras<\/li>\n<li>Beschleunigungsmesser<\/li>\n<li>HiPot-test<\/li>\n<li>Spannungs-\/Stromkurvenbewertung<\/li>\n<li>Stromverbrauch<\/li>\n<li>Schwei\u00dfpr\u00fcfung<\/li>\n<li>Dosierungspr\u00fcfung<\/li>\n<li>Linbus-\/CAN-basierte Protokollkommunikation mit den Produkten<\/li>\n<li>Isolierung<\/li>\n<li>Hall-Effekt-Pr\u00fcfung<\/li>\n<\/ul>\n<p>[\/vc_column_text][vc_gallery type=&#8220;image_grid&#8220; images=&#8220;1948,1949&#8243; img_size=&#8220;&#8220; el_class=&#8220;foto_margen&#8220;][\/vc_tta_section][vc_tta_section title=&#8220;L\u00f6ten und Schwei\u00dfen&#8220; tab_id=&#8220;1461661814225-4add7de5-726f&#8220;][vc_column_text css_animation=&#8220;top-to-bottom&#8220; el_class=&#8220;icon_list&#8220;]<\/p>\n<ul>\n<li>Laser<\/li>\n<li>IR-Strahlen<\/li>\n<li>Induktion<\/li>\n<li>Ultraschall<\/li>\n<li>Vibration<\/li>\n<li>Automatisches oder halbautomatisches Schwei\u00dfen mit Gasschutz (TIG, MIG, MAG)<\/li>\n<li>Hei\u00dfschwei\u00dfen<\/li>\n<\/ul>\n<p>[\/vc_column_text][vc_gallery type=&#8220;image_grid&#8220; images=&#8220;1950,1951,1952,1953,1954&#8243; img_size=&#8220;&#8220; el_class=&#8220;foto_margen&#8220;][\/vc_tta_section][vc_tta_section title=&#8220;Produktnachverfolgungssysteme&#8220; tab_id=&#8220;1461661830670-b97f5611-f49d&#8220;][vc_column_text css_animation=&#8220;top-to-bottom&#8220; el_class=&#8220;icon_list&#8220;]<\/p>\n<ul>\n<li>Datenbanken<\/li>\n<li>Anschluss an Herstellungsausf\u00fchrungssystemen<\/li>\n<\/ul>\n<p>[\/vc_column_text][\/vc_tta_section][vc_tta_section title=&#8220;Netzwerke&#8220; tab_id=&#8220;1463488920831-fc3d1d70-2676&#8243;][vc_column_text]<\/p>\n<ul>\n<li>PROFIBUS<\/li>\n<li>DeviceNet<\/li>\n<li>EtherNet\/IP<\/li>\n<li>EtherCAT<\/li>\n<li>CANopen<\/li>\n<li>SAI<\/li>\n<\/ul>\n<p>[\/vc_column_text][\/vc_tta_section][\/vc_tta_accordion][\/vc_column][\/vc_row]<\/p>\n<\/div>","protected":false},"excerpt":{"rendered":"<p>[vc_row][vc_column][vc_gallery type=&#8220;flexslider_slide&#8220; interval=&#8220;3&#8243; images=&#8220;10867,10858,10849&#8243; img_size=&#8220;full&#8220;][vc_separator color=&#8220;black&#8220;][\/vc_column][\/vc_row][vc_row][vc_column][vc_tta_accordion style=&#8220;flat&#8220; color=&#8220;white&#8220; c_position=&#8220;right&#8220; active_section=&#8220;0&#8243; collapsible_all=&#8220;true&#8220;][vc_tta_section title=&#8220;Zuf\u00fchrung&#8220; tab_id=&#8220;1461053881569-94715fc9-4ef7&#8243;][vc_column_text css_animation=&#8220;top-to-bottom&#8220; el_class=&#8220;icon_list&#8220;] Zuf\u00fchrung durch Vibrationsbeh\u00e4lter Zentrifugalzuf\u00fchrung Andere L\u00f6sungen (stufenweise Zuf\u00fchrung&#8230;) [\/vc_column_text][vc_gallery type=&#8220;image_grid&#8220; images=&#8220;1879&#8243; img_size=&#8220;&#8220; el_class=&#8220;foto_margen&#8220;][\/vc_tta_section][vc_tta_section title=&#8220;Manipulationssysteme&#8220; tab_id=&#8220;1461053881626-7a57108e-5a37&#8243;][vc_column_text css_animation=&#8220;top-to-bottom&#8220; el_class=&#8220;icon_list&#8220;] Pneumatisches Pick-and-Place Elektrisches Pick-and-Place (Servomotoren) Elektrisches Pick-and-Place (lineare Motoren) [\/vc_column_text][vc_gallery type=&#8220;image_grid&#8220; images=&#8220;11903,11894,11885,11876&#8243; img_size=&#8220;&#8220; el_class=&#8220;foto_margen&#8220;][\/vc_tta_section][vc_tta_section title=&#8220;Robotik&#8220; tab_id=&#8220;1461054147928-cf873369-b862&#8243;][vc_column_text css_animation=&#8220;top-to-bottom&#8220; el_class=&#8220;icon_list&#8220;] SCARA Delta Roboter Kartesische Roboter [&hellip;]<\/p>\n","protected":false},"author":4,"featured_media":0,"parent":3838,"menu_order":0,"comment_status":"closed","ping_status":"closed","template":"sectors.php","meta":{"_lmt_disableupdate":"","_lmt_disable":"","footnotes":""},"yst_prominent_words":[],"class_list":["post-3862","page","type-page","status-publish","hentry"],"acf":[],"_links":{"self":[{"href":"https:\/\/www.mondragon-assembly.com\/de\/wp-json\/wp\/v2\/pages\/3862","targetHints":{"allow":["GET"]}}],"collection":[{"href":"https:\/\/www.mondragon-assembly.com\/de\/wp-json\/wp\/v2\/pages"}],"about":[{"href":"https:\/\/www.mondragon-assembly.com\/de\/wp-json\/wp\/v2\/types\/page"}],"author":[{"embeddable":true,"href":"https:\/\/www.mondragon-assembly.com\/de\/wp-json\/wp\/v2\/users\/4"}],"replies":[{"embeddable":true,"href":"https:\/\/www.mondragon-assembly.com\/de\/wp-json\/wp\/v2\/comments?post=3862"}],"version-history":[{"count":5,"href":"https:\/\/www.mondragon-assembly.com\/de\/wp-json\/wp\/v2\/pages\/3862\/revisions"}],"predecessor-version":[{"id":15951,"href":"https:\/\/www.mondragon-assembly.com\/de\/wp-json\/wp\/v2\/pages\/3862\/revisions\/15951"}],"up":[{"embeddable":true,"href":"https:\/\/www.mondragon-assembly.com\/de\/wp-json\/wp\/v2\/pages\/3838"}],"wp:attachment":[{"href":"https:\/\/www.mondragon-assembly.com\/de\/wp-json\/wp\/v2\/media?parent=3862"}],"wp:term":[{"taxonomy":"yst_prominent_words","embeddable":true,"href":"https:\/\/www.mondragon-assembly.com\/de\/wp-json\/wp\/v2\/yst_prominent_words?post=3862"}],"curies":[{"name":"wp","href":"https:\/\/api.w.org\/{rel}","templated":true}]}}