{"id":3897,"date":"2016-04-22T11:56:18","date_gmt":"2016-04-22T09:56:18","guid":{"rendered":"https:\/\/www.mondragon-assembly.com\/de\/?page_id=3897"},"modified":"2016-05-23T09:00:04","modified_gmt":"2016-05-23T09:00:04","slug":"anwendungen","status":"publish","type":"page","link":"https:\/\/www.mondragon-assembly.com\/de\/komponenten-fuer-haushaltsgeraete\/anwendungen\/","title":{"rendered":"Anwendungen"},"content":{"rendered":"<div class=\"wpb-content-wrapper\"><p>[vc_row][vc_column][vc_column_text el_class=&#8220;title_lineas&#8220;]<\/p>\n<h4><span style=\"color: #e20026;\">Produktliste<\/span><\/h4>\n<p>[\/vc_column_text][vc_row_inner][vc_column_inner width=&#8220;1\/2&#8243;][vc_column_text el_class=&#8220;icon_list&#8220;]<\/p>\n<ul>\n<li>Gasventil<\/li>\n<li>Draht-Thermoelemente<\/li>\n<li>Magnetische Sicherheit<\/li>\n<li>Wasserpumpe<\/li>\n<li>Glaskeramik<\/li>\n<\/ul>\n<p>[\/vc_column_text][\/vc_column_inner][vc_column_inner width=&#8220;1\/2&#8243;][\/vc_column_inner][\/vc_row_inner][\/vc_column][\/vc_row][vc_row][vc_column][vc_column_text css=&#8220;.vc_custom_1463564902239{padding-bottom: 3px !important;padding-left: 15px !important;background-color: #e8e8e8 !important;}&#8220;]<\/p>\n<h3><span style=\"color: #e20026; line-height: 35px;\">Gasventil<\/span><\/h3>\n<p>[\/vc_column_text][vc_row_inner][vc_column_inner][vc_gallery type=&#8220;image_grid&#8220; images=&#8220;2581,2582&#8243; el_class=&#8220;foto_margen&#8220;][\/vc_column_inner][\/vc_row_inner][vc_row_inner][vc_column_inner width=&#8220;1\/3&#8243;][vc_column_text el_class=&#8220;title_lineas&#8220;]<\/p>\n<h4><span style=\"color: #e20026;\">Ausf\u00fchrung der L\u00f6sung<\/span><\/h4>\n<p>[\/vc_column_text][vc_column_text el_class=&#8220;icon_list&#8220;]<\/p>\n<ul>\n<li>Automatische Montagemaschine<\/li>\n<li>Bef\u00f6rderung der Teile auf RFID-Tellern<\/li>\n<li>Testdrehteller mit 8 Positionen<\/li>\n<\/ul>\n<p>[\/vc_column_text][\/vc_column_inner][vc_column_inner width=&#8220;1\/3&#8243;][vc_column_text el_class=&#8220;title_lineas&#8220;]<\/p>\n<h4><span style=\"color: #e20026;\">Prozess<\/span><\/h4>\n<p>[\/vc_column_text][vc_column_text el_class=&#8220;icon_list&#8220;]<\/p>\n<ul>\n<li>Manuelle und automatische Zuf\u00fchrung<\/li>\n<li>Schmierung<\/li>\n<li>Anschrauben<\/li>\n<li>Visuelle Modell\u00fcberpr\u00fcfung<\/li>\n<li>Visuelle Schraub\u00fcberpr\u00fcfung<\/li>\n<li>Federtest<\/li>\n<li>Automatische Ventileichung<\/li>\n<li>Automatische Tests: 2 Dichtigkeitstest und 2 Durchlauftest<\/li>\n<li>Tintenstrahlmarkierung und Entladung<\/li>\n<\/ul>\n<p>[\/vc_column_text][\/vc_column_inner][vc_column_inner width=&#8220;1\/3&#8243;][vc_column_text el_class=&#8220;title_lineas&#8220;]<\/p>\n<h4><span style=\"color: #e20026;\">Technische Daten<\/span><\/h4>\n<p>[\/vc_column_text][vc_column_text el_class=&#8220;icon_list&#8220;]<\/p>\n<ul>\n<li>Zykluszeit: 3,5 Sek.<\/li>\n<li>Mehr als 300 Modelle<\/li>\n<li>Elektrische und pneumatische Verschraubung<\/li>\n<li>Sichtpr\u00fcfungen<\/li>\n<li>Durchflussmesser<\/li>\n<li>Dichtigkeitstests<\/li>\n<li>Tintenstrahlmarkierung<\/li>\n<\/ul>\n<p>[\/vc_column_text][\/vc_column_inner][\/vc_row_inner][\/vc_column][\/vc_row][vc_row][vc_column][vc_column_text css=&#8220;.vc_custom_1463564977662{padding-bottom: 3px !important;padding-left: 15px !important;background-color: #e8e8e8 !important;}&#8220;]<\/p>\n<h3><span style=\"color: #e20026; line-height: 35px;\">Draht-thermoelemente<\/span><\/h3>\n<p>[\/vc_column_text][vc_gallery type=&#8220;image_grid&#8220; images=&#8220;2683,2685,2684&#8243; img_size=&#8220;&#8220; el_class=&#8220;foto_margen&#8220;][vc_row_inner][vc_column_inner width=&#8220;1\/3&#8243;][vc_column_text el_class=&#8220;title_lineas&#8220;]<\/p>\n<h4><span style=\"color: #e20026;\">Ausf\u00fchrung der L\u00f6sung<\/span><\/h4>\n<p>[\/vc_column_text][vc_column_text el_class=&#8220;icon_list&#8220;]<\/p>\n<ul>\n<li>68 automatische Stationen<\/li>\n<li>2 Stationen zum Drahtwickeln, -schneiden und -laden<\/li>\n<li>2 Stationen zur Drahtklemmeneinstellung<\/li>\n<li>1 Station zum Wickeln, Schneiden und H\u00fclseneinsatz<\/li>\n<li>1 Laserschwei\u00dfung und 2 TIG-Schwei\u00dfungsstationen<\/li>\n<li>Alle Leitungsmodelle durch intelligente Vision geladen<\/li>\n<li>2 servo-\u00fcberwachte Pressen<\/li>\n<li>2 Traktionskontrollen<\/li>\n<\/ul>\n<p>[\/vc_column_text][\/vc_column_inner][vc_column_inner width=&#8220;1\/3&#8243;][vc_column_text el_class=&#8220;title_lineas&#8220;]<\/p>\n<h4><span style=\"color: #e20026;\">Technische Daten<\/span><\/h4>\n<p>[\/vc_column_text][vc_column_text el_class=&#8220;icon_list&#8220;]<\/p>\n<ul>\n<li>Zykluszeit: 1.4 Sek.<\/li>\n<li>Bearbeitung mit linearen Motoren<\/li>\n<li>Verschiedene \u00dcberpr\u00fcfungen durch k\u00fcnstliche Vision: Abmessungen, Positionierung, Schwei\u00dfung u.\u00a0a. &#8230;<\/li>\n<li>Integriertes Produktions\u00fcberwachungssystem<\/li>\n<li>Schneller und einfacher Modellwechsel<\/li>\n<li>Einfache Wartung<\/li>\n<\/ul>\n<p>[\/vc_column_text][\/vc_column_inner][vc_column_inner width=&#8220;1\/3&#8243;][\/vc_column_inner][\/vc_row_inner][\/vc_column][\/vc_row][vc_row][vc_column][vc_column_text css=&#8220;.vc_custom_1463565028022{padding-bottom: 3px !important;padding-left: 15px !important;background-color: #e8e8e8 !important;}&#8220;]<\/p>\n<h3><span style=\"color: #e20026; line-height: 35px;\">Magnetische sicherheit<\/span><\/h3>\n<p>[\/vc_column_text][vc_gallery type=&#8220;image_grid&#8220; images=&#8220;2687,2688,2689&#8243; img_size=&#8220;&#8220; el_class=&#8220;foto_margen&#8220;][vc_row_inner][vc_column_inner width=&#8220;1\/3&#8243;][vc_column_text el_class=&#8220;title_lineas&#8220;]<\/p>\n<h4><span style=\"color: #e20026;\">Ausf\u00fchrung der L\u00f6sung<\/span><\/h4>\n<p>[\/vc_column_text][vc_column_text el_class=&#8220;icon_list&#8220;]<\/p>\n<ul>\n<li>Nockenmaschinen<\/li>\n<li>110 automatische Stationen<\/li>\n<li>12 automatische Zuf\u00fchrungen<\/li>\n<li>2 automatische Entpalletisierungen mit intelligenter Vision<\/li>\n<li>Integrierte Beladung und Spulenbildung<\/li>\n<li>2 Widerstandschwei\u00dfungen<\/li>\n<li>2 Plasmaschwei\u00dfungsstationen<\/li>\n<li>Teilereinigungssystem<\/li>\n<\/ul>\n<p>[\/vc_column_text][\/vc_column_inner][vc_column_inner width=&#8220;1\/3&#8243;][vc_column_text el_class=&#8220;title_lineas&#8220;]<\/p>\n<h4><span style=\"color: #e20026;\">Technische Daten<\/span><\/h4>\n<p>[\/vc_column_text][vc_column_text el_class=&#8220;icon_list&#8220;]<\/p>\n<ul>\n<li>Zykluszeit: 0.5 Sek.<\/li>\n<li>Verschiedene \u00dcberpr\u00fcfungen durch k\u00fcnstliche Vision: Abmessungen, Position, Schock, Umriss, Kennzeichnung u.\u00a0a. &#8230;<\/li>\n<li>Dichtigkeitstest<\/li>\n<li>Verschiedene Betriebssteuerungen: Widerstand, Einkuppeln, Entkuppeln \u2026<\/li>\n<li>Integriertes Produktions\u00fcberwachungssystem<\/li>\n<li>Schneller und einfacher Modellwechsel<\/li>\n<li>Einfache Wartung<\/li>\n<\/ul>\n<p>[\/vc_column_text][\/vc_column_inner][\/vc_row_inner][\/vc_column][\/vc_row][vc_row][vc_column][vc_column_text css=&#8220;.vc_custom_1462364520217{padding-bottom: 3px !important;padding-left: 15px !important;background-color: #e8e8e8 !important;}&#8220;]<\/p>\n<h3><span style=\"color: #e20026; line-height: 35px;\">Bypass<\/span><\/h3>\n<p>[\/vc_column_text][vc_gallery type=&#8220;image_grid&#8220; images=&#8220;2586,2585,2587&#8243; el_class=&#8220;foto_margen&#8220;][vc_row_inner][vc_column_inner width=&#8220;1\/3&#8243;][vc_column_text el_class=&#8220;title_lineas&#8220;]<\/p>\n<h4><span style=\"color: #e20026;\">Ausf\u00fchrung der L\u00f6sung<\/span><\/h4>\n<p>[\/vc_column_text][vc_column_text el_class=&#8220;icon_list&#8220;]<\/p>\n<ul>\n<li>Automatische Komponentenzuf\u00fchrung<\/li>\n<li>W\u00e4hlscheibe mit 4 Positionen<\/li>\n<\/ul>\n<p>[\/vc_column_text][\/vc_column_inner][vc_column_inner width=&#8220;1\/3&#8243;][vc_column_text el_class=&#8220;title_lineas&#8220;]<\/p>\n<h4><span style=\"color: #e20026;\">Prozess<\/span><\/h4>\n<p>[\/vc_column_text][vc_column_text el_class=&#8220;icon_list&#8220;]<\/p>\n<ul>\n<li>Automatische Bypass-Ladung<\/li>\n<li>Automatischer Einsatz von Metallringen<\/li>\n<li>Montage von Ringen in \u00d6ffnungen<\/li>\n<li>Durchmesserpr\u00fcfung<\/li>\n<li>Automatische Ablehnung<\/li>\n<li>Farbliche Markierung und Entladung korrekter Montagen<\/li>\n<\/ul>\n<p>[\/vc_column_text][\/vc_column_inner][vc_column_inner width=&#8220;1\/3&#8243;][vc_column_text el_class=&#8220;title_lineas&#8220;]<\/p>\n<h4><span style=\"color: #e20026;\">Technische Daten<\/span><\/h4>\n<p>[\/vc_column_text][vc_column_text el_class=&#8220;icon_list&#8220;]<\/p>\n<ul>\n<li>Zykluszeit: 1,2 Sek.<\/li>\n<li>Mehr als 300 Modelle<\/li>\n<li>Eine Stunde komplett selbst\u00e4ndiges Arbeiten<\/li>\n<li>0,03\u00a0mm Roboter-Wiederholbarkeit<\/li>\n<li>0,001 Zoll Kamerapr\u00e4zision<\/li>\n<\/ul>\n<p>[\/vc_column_text][\/vc_column_inner][\/vc_row_inner][\/vc_column][\/vc_row]<\/p>\n<\/div>","protected":false},"excerpt":{"rendered":"<p>[vc_row][vc_column][vc_column_text el_class=&#8220;title_lineas&#8220;] Produktliste [\/vc_column_text][vc_row_inner][vc_column_inner width=&#8220;1\/2&#8243;][vc_column_text el_class=&#8220;icon_list&#8220;] Gasventil Draht-Thermoelemente Magnetische Sicherheit Wasserpumpe Glaskeramik [\/vc_column_text][\/vc_column_inner][vc_column_inner width=&#8220;1\/2&#8243;][\/vc_column_inner][\/vc_row_inner][\/vc_column][\/vc_row][vc_row][vc_column][vc_column_text css=&#8220;.vc_custom_1463564902239{padding-bottom: 3px !important;padding-left: 15px !important;background-color: #e8e8e8 !important;}&#8220;] Gasventil [\/vc_column_text][vc_row_inner][vc_column_inner][vc_gallery type=&#8220;image_grid&#8220; images=&#8220;2581,2582&#8243; el_class=&#8220;foto_margen&#8220;][\/vc_column_inner][\/vc_row_inner][vc_row_inner][vc_column_inner width=&#8220;1\/3&#8243;][vc_column_text el_class=&#8220;title_lineas&#8220;] Ausf\u00fchrung der L\u00f6sung [\/vc_column_text][vc_column_text el_class=&#8220;icon_list&#8220;] Automatische Montagemaschine Bef\u00f6rderung der Teile auf RFID-Tellern Testdrehteller mit 8 Positionen [\/vc_column_text][\/vc_column_inner][vc_column_inner width=&#8220;1\/3&#8243;][vc_column_text el_class=&#8220;title_lineas&#8220;] Prozess [\/vc_column_text][vc_column_text el_class=&#8220;icon_list&#8220;] Manuelle und automatische Zuf\u00fchrung Schmierung [&hellip;]<\/p>\n","protected":false},"author":4,"featured_media":0,"parent":3804,"menu_order":0,"comment_status":"closed","ping_status":"closed","template":"sectors.php","meta":{"_lmt_disableupdate":"","_lmt_disable":"","footnotes":""},"yst_prominent_words":[],"class_list":["post-3897","page","type-page","status-publish","hentry"],"acf":[],"_links":{"self":[{"href":"https:\/\/www.mondragon-assembly.com\/de\/wp-json\/wp\/v2\/pages\/3897","targetHints":{"allow":["GET"]}}],"collection":[{"href":"https:\/\/www.mondragon-assembly.com\/de\/wp-json\/wp\/v2\/pages"}],"about":[{"href":"https:\/\/www.mondragon-assembly.com\/de\/wp-json\/wp\/v2\/types\/page"}],"author":[{"embeddable":true,"href":"https:\/\/www.mondragon-assembly.com\/de\/wp-json\/wp\/v2\/users\/4"}],"replies":[{"embeddable":true,"href":"https:\/\/www.mondragon-assembly.com\/de\/wp-json\/wp\/v2\/comments?post=3897"}],"version-history":[{"count":4,"href":"https:\/\/www.mondragon-assembly.com\/de\/wp-json\/wp\/v2\/pages\/3897\/revisions"}],"predecessor-version":[{"id":9292,"href":"https:\/\/www.mondragon-assembly.com\/de\/wp-json\/wp\/v2\/pages\/3897\/revisions\/9292"}],"up":[{"embeddable":true,"href":"https:\/\/www.mondragon-assembly.com\/de\/wp-json\/wp\/v2\/pages\/3804"}],"wp:attachment":[{"href":"https:\/\/www.mondragon-assembly.com\/de\/wp-json\/wp\/v2\/media?parent=3897"}],"wp:term":[{"taxonomy":"yst_prominent_words","embeddable":true,"href":"https:\/\/www.mondragon-assembly.com\/de\/wp-json\/wp\/v2\/yst_prominent_words?post=3897"}],"curies":[{"name":"wp","href":"https:\/\/api.w.org\/{rel}","templated":true}]}}