{"id":3899,"date":"2016-04-22T12:02:41","date_gmt":"2016-04-22T10:02:41","guid":{"rendered":"https:\/\/www.mondragon-assembly.com\/de\/?page_id=3899"},"modified":"2016-05-23T09:00:13","modified_gmt":"2016-05-23T09:00:13","slug":"anwendungen","status":"publish","type":"page","link":"https:\/\/www.mondragon-assembly.com\/de\/kosmetika\/anwendungen\/","title":{"rendered":"Anwendungen"},"content":{"rendered":"<div class=\"wpb-content-wrapper\"><p>[vc_row][vc_column][vc_column_text el_class=&#8220;title_lineas&#8220;]<\/p>\n<h4><span style=\"color: #e20026;\">Produktliste<\/span><\/h4>\n<p>[\/vc_column_text][vc_row_inner][vc_column_inner width=&#8220;1\/2&#8243;][vc_column_text el_class=&#8220;icon_list&#8220;]<\/p>\n<ul>\n<li>Parf\u00fcm<\/li>\n<li>Lippenstift<\/li>\n<li>Kosmetikbeh\u00e4lter<\/li>\n<\/ul>\n<p>[\/vc_column_text][\/vc_column_inner][vc_column_inner width=&#8220;1\/2&#8243;][\/vc_column_inner][\/vc_row_inner][vc_gallery type=&#8220;image_grid&#8220; images=&#8220;2817,2818&#8243; el_class=&#8220;foto_margen&#8220;][\/vc_column][\/vc_row][vc_row][vc_column][vc_column_text css=&#8220;.vc_custom_1463565181709{padding-bottom: 3px !important;padding-left: 15px !important;background-color: #e8e8e8 !important;}&#8220;]<\/p>\n<h3><span style=\"color: #e20026; line-height: 35px;\">Parf\u00fcm<\/span><\/h3>\n<p>[\/vc_column_text][vc_row_inner][vc_column_inner][vc_gallery type=&#8220;image_grid&#8220; images=&#8220;2783,2784&#8243; el_class=&#8220;foto_margen&#8220;][\/vc_column_inner][\/vc_row_inner][vc_row_inner][vc_column_inner width=&#8220;1\/3&#8243;][vc_column_text el_class=&#8220;title_lineas&#8220;]<\/p>\n<h4><span style=\"color: #e20026;\">Ausf\u00fchrung der L\u00f6sung<\/span><\/h4>\n<p>[\/vc_column_text][vc_column_text el_class=&#8220;icon_list&#8220;]<\/p>\n<ul>\n<li>Vollautomatische Linie<\/li>\n<li>Automatische Komponentenladung<\/li>\n<li>Bef\u00f6rderung des Produktes \u00fcber das Band<\/li>\n<\/ul>\n<p>[\/vc_column_text][\/vc_column_inner][vc_column_inner width=&#8220;1\/3&#8243;][vc_column_text el_class=&#8220;title_lineas&#8220;]<\/p>\n<h4><span style=\"color: #e20026;\">Prozess<\/span><\/h4>\n<p>[\/vc_column_text][vc_column_text el_class=&#8220;icon_list&#8220;]<\/p>\n<ul>\n<li>Aufnahme der Flasche: mit Ablage oder mit Boxen und Trennelementen<\/li>\n<li>Verteilung und Auswahl von Pumpe, Deckel, Verk\u00fcrzung: Vibrationsbeh\u00e4lter, Blames Aufzug u.\u00a0a. \u2026<\/li>\n<li>Crimping und Pumpenzusammenbau<\/li>\n<li>Deckelzusammenbau<\/li>\n<li>Visionskontrolle<\/li>\n<li>Etikettierung<\/li>\n<li>Laser-Etikettierung: YAG, CO\u00b2, UV\u2026<\/li>\n<\/ul>\n<p>[\/vc_column_text][\/vc_column_inner][vc_column_inner width=&#8220;1\/3&#8243;][vc_column_text el_class=&#8220;title_lineas&#8220;]<\/p>\n<h4><span style=\"color: #e20026;\">Technische Daten<\/span><\/h4>\n<p>[\/vc_column_text][vc_column_text el_class=&#8220;icon_list&#8220;]<\/p>\n<ul>\n<li>Produktion: 40 St\u00fcck\/Min.<\/li>\n<li>Schneller und einfacher Modellwechsel<\/li>\n<li>Einfache Wartung<\/li>\n<\/ul>\n<p>[\/vc_column_text][\/vc_column_inner][\/vc_row_inner][\/vc_column][\/vc_row][vc_row][vc_column][vc_column_text css=&#8220;.vc_custom_1463565252008{padding-bottom: 3px !important;padding-left: 15px !important;background-color: #e8e8e8 !important;}&#8220;]<\/p>\n<h3><span style=\"color: #e20026; line-height: 35px;\">Kosmetikbeh\u00e4lter<\/span><\/h3>\n<p>[\/vc_column_text][vc_gallery type=&#8220;image_grid&#8220; images=&#8220;2786&#8243; img_size=&#8220;&#8220; el_class=&#8220;foto_margen&#8220;][vc_row_inner][vc_column_inner width=&#8220;1\/3&#8243;][vc_column_text el_class=&#8220;title_lineas&#8220;]<\/p>\n<h4><span style=\"color: #e20026;\">Ausf\u00fchrung der L\u00f6sung<\/span><\/h4>\n<p>[\/vc_column_text][vc_column_text el_class=&#8220;icon_list&#8220;]<\/p>\n<ul>\n<li>Automatische Linie<\/li>\n<li>Automatische Komponentenladung<\/li>\n<li>Bef\u00f6rderung des Produktes auf Paletten \u00fcber das Band<\/li>\n<\/ul>\n<p>[\/vc_column_text][\/vc_column_inner][vc_column_inner width=&#8220;1\/3&#8243;][vc_column_text el_class=&#8220;title_lineas&#8220;]<\/p>\n<h4><span style=\"color: #e20026;\">Prozess<\/span><\/h4>\n<p>[\/vc_column_text][vc_column_text el_class=&#8220;icon_list&#8220;]<\/p>\n<ul>\n<li>Robotergest\u00fctzte Beladung der K\u00e4sten.<\/li>\n<li>Automatisches \u00d6ffnen der K\u00e4sten<\/li>\n<li>Kleberdosierung zur Befestigung des Make-ups<\/li>\n<li>Robotergest\u00fctzte Beladung mit Schminkeinheien: 1, 2, 3, 4 oder 5<\/li>\n<li>Best\u00fccken von Spender, B\u00fcrste, Schwamm<\/li>\n<li>Automatisches Beladen der transparenten Folie<\/li>\n<li>Automatisches Schlie\u00dfen der K\u00e4sten<\/li>\n<li>Automatische Etikettierung<\/li>\n<li>Tamponkennzeichnung<\/li>\n<li>Automatisches Verpacken<\/li>\n<\/ul>\n<p>[\/vc_column_text][\/vc_column_inner][vc_column_inner width=&#8220;1\/3&#8243;][vc_column_text el_class=&#8220;title_lineas&#8220;]<\/p>\n<h4><span style=\"color: #e20026;\">Technische Daten<\/span><\/h4>\n<p>[\/vc_column_text][vc_column_text el_class=&#8220;icon_list&#8220;]<\/p>\n<ul>\n<li>Produktion: 40 St\u00fcck\/Min.<\/li>\n<li>100 verschiedene Bestellnummern<\/li>\n<li>Qualit\u00e4tskontrolle: Sichtsysteme, H\u00f6hen\u00fcberwachung u.\u00a0a. &#8230;<\/li>\n<li>Schneller und einfacher Modellwechsel<\/li>\n<li>Einfache Wartung<\/li>\n<\/ul>\n<p>[\/vc_column_text][\/vc_column_inner][\/vc_row_inner][\/vc_column][\/vc_row][vc_row][vc_column][vc_column_text css=&#8220;.vc_custom_1463565324449{padding-bottom: 3px !important;padding-left: 15px !important;background-color: #e8e8e8 !important;}&#8220;]<\/p>\n<h3><span style=\"color: #e20026; line-height: 35px;\">Lippenstift<\/span><\/h3>\n<p>[\/vc_column_text][vc_gallery type=&#8220;image_grid&#8220; images=&#8220;2790,2788,2789&#8243; img_size=&#8220;&#8220; el_class=&#8220;foto_margen&#8220;][vc_row_inner][vc_column_inner width=&#8220;1\/3&#8243;][vc_column_text el_class=&#8220;title_lineas&#8220;]<\/p>\n<h4><span style=\"color: #e20026;\">Ausf\u00fchrung der L\u00f6sung<\/span><\/h4>\n<p>[\/vc_column_text][vc_column_text el_class=&#8220;icon_list&#8220;]<\/p>\n<ul>\n<li>Roboterzelle zum Laden des Mechanismus und des Geh\u00e4uses<\/li>\n<li>Lager f\u00fcr W\u00e4rmeformung f\u00fcr Mechanismen<\/li>\n<li>Zuf\u00fchrung von Mechanismen zum losen Sch\u00fcttgut<\/li>\n<li>Montagedrehteller Nr.\u00a01.<\/li>\n<li>Roboterzelle zum Anbringen des des Deckels und Entladen<\/li>\n<li>Lager f\u00fcr W\u00e4rmeformung f\u00fcr Geh\u00e4use und Deckel<\/li>\n<\/ul>\n<p>[\/vc_column_text][\/vc_column_inner][vc_column_inner width=&#8220;1\/3&#8243;][vc_column_text el_class=&#8220;title_lineas&#8220;]<\/p>\n<h4><span style=\"color: #e20026;\">Prozess<\/span><\/h4>\n<p>[\/vc_column_text][vc_column_text el_class=&#8220;icon_list&#8220;]<\/p>\n<ul>\n<li>Integration der NANYO-F\u00fcllmaschine: F\u00fcllung von oben und\/oder hinten<\/li>\n<li>Verteilung und Auswahl des Mechanismus: durch Vibrationsbeh\u00e4lter, Blames Aufzug u.\u00a0a. &#8230;<\/li>\n<li>Zusammenbau des Stifts mit dem Mechanismus<\/li>\n<li>Zusammenbau des Lippenstifts: Clipper und Anschrauben<\/li>\n<li>Lasermarkierung<\/li>\n<li>Kennzeichnungsetikett<\/li>\n<li>Automatisches Verpacken<\/li>\n<\/ul>\n<p>[\/vc_column_text][\/vc_column_inner][vc_column_inner width=&#8220;1\/3&#8243;][vc_column_text el_class=&#8220;title_lineas&#8220;]<\/p>\n<h4><span style=\"color: #e20026;\">Technische Daten<\/span><\/h4>\n<p>[\/vc_column_text][vc_column_text el_class=&#8220;icon_list&#8220;]<\/p>\n<ul>\n<li>Produktion: 50 St\u00fcck\/Min.<\/li>\n<li>Qualit\u00e4tskontrolle: Sichtsysteme, H\u00f6hen\u00fcberwachung, Anzugsdrehmoment u.\u00a0a. \u2026<\/li>\n<li>95 verschiedene Bestellnummern<\/li>\n<li>Schneller und einfacher Modellwechsel<\/li>\n<li>Einfache Wartung<\/li>\n<\/ul>\n<p>[\/vc_column_text][\/vc_column_inner][\/vc_row_inner][\/vc_column][\/vc_row]<\/p>\n<\/div>","protected":false},"excerpt":{"rendered":"<p>[vc_row][vc_column][vc_column_text el_class=&#8220;title_lineas&#8220;] Produktliste [\/vc_column_text][vc_row_inner][vc_column_inner width=&#8220;1\/2&#8243;][vc_column_text el_class=&#8220;icon_list&#8220;] Parf\u00fcm Lippenstift Kosmetikbeh\u00e4lter [\/vc_column_text][\/vc_column_inner][vc_column_inner width=&#8220;1\/2&#8243;][\/vc_column_inner][\/vc_row_inner][vc_gallery type=&#8220;image_grid&#8220; images=&#8220;2817,2818&#8243; el_class=&#8220;foto_margen&#8220;][\/vc_column][\/vc_row][vc_row][vc_column][vc_column_text css=&#8220;.vc_custom_1463565181709{padding-bottom: 3px !important;padding-left: 15px !important;background-color: #e8e8e8 !important;}&#8220;] Parf\u00fcm [\/vc_column_text][vc_row_inner][vc_column_inner][vc_gallery type=&#8220;image_grid&#8220; images=&#8220;2783,2784&#8243; el_class=&#8220;foto_margen&#8220;][\/vc_column_inner][\/vc_row_inner][vc_row_inner][vc_column_inner width=&#8220;1\/3&#8243;][vc_column_text el_class=&#8220;title_lineas&#8220;] Ausf\u00fchrung der L\u00f6sung [\/vc_column_text][vc_column_text el_class=&#8220;icon_list&#8220;] Vollautomatische Linie Automatische Komponentenladung Bef\u00f6rderung des Produktes \u00fcber das Band [\/vc_column_text][\/vc_column_inner][vc_column_inner width=&#8220;1\/3&#8243;][vc_column_text el_class=&#8220;title_lineas&#8220;] Prozess [\/vc_column_text][vc_column_text el_class=&#8220;icon_list&#8220;] Aufnahme der Flasche: mit Ablage oder [&hellip;]<\/p>\n","protected":false},"author":4,"featured_media":0,"parent":3806,"menu_order":0,"comment_status":"closed","ping_status":"closed","template":"sectors.php","meta":{"_lmt_disableupdate":"","_lmt_disable":"","footnotes":""},"yst_prominent_words":[],"class_list":["post-3899","page","type-page","status-publish","hentry"],"acf":[],"_links":{"self":[{"href":"https:\/\/www.mondragon-assembly.com\/de\/wp-json\/wp\/v2\/pages\/3899","targetHints":{"allow":["GET"]}}],"collection":[{"href":"https:\/\/www.mondragon-assembly.com\/de\/wp-json\/wp\/v2\/pages"}],"about":[{"href":"https:\/\/www.mondragon-assembly.com\/de\/wp-json\/wp\/v2\/types\/page"}],"author":[{"embeddable":true,"href":"https:\/\/www.mondragon-assembly.com\/de\/wp-json\/wp\/v2\/users\/4"}],"replies":[{"embeddable":true,"href":"https:\/\/www.mondragon-assembly.com\/de\/wp-json\/wp\/v2\/comments?post=3899"}],"version-history":[{"count":4,"href":"https:\/\/www.mondragon-assembly.com\/de\/wp-json\/wp\/v2\/pages\/3899\/revisions"}],"predecessor-version":[{"id":9293,"href":"https:\/\/www.mondragon-assembly.com\/de\/wp-json\/wp\/v2\/pages\/3899\/revisions\/9293"}],"up":[{"embeddable":true,"href":"https:\/\/www.mondragon-assembly.com\/de\/wp-json\/wp\/v2\/pages\/3806"}],"wp:attachment":[{"href":"https:\/\/www.mondragon-assembly.com\/de\/wp-json\/wp\/v2\/media?parent=3899"}],"wp:term":[{"taxonomy":"yst_prominent_words","embeddable":true,"href":"https:\/\/www.mondragon-assembly.com\/de\/wp-json\/wp\/v2\/yst_prominent_words?post=3899"}],"curies":[{"name":"wp","href":"https:\/\/api.w.org\/{rel}","templated":true}]}}