{"id":3901,"date":"2016-04-22T11:33:14","date_gmt":"2016-04-22T09:33:14","guid":{"rendered":"https:\/\/www.mondragon-assembly.com\/de\/?page_id=3901"},"modified":"2016-05-23T09:00:15","modified_gmt":"2016-05-23T09:00:15","slug":"anwendungen","status":"publish","type":"page","link":"https:\/\/www.mondragon-assembly.com\/de\/medizinische-geraete\/anwendungen\/","title":{"rendered":"Anwendungen"},"content":{"rendered":"<div class=\"wpb-content-wrapper\"><p>[vc_row][vc_column][vc_column_text el_class=&#8220;title_lineas&#8220;]<\/p>\n<h4><span style=\"color: #e20026;\">Produktliste<\/span><\/h4>\n<p>[\/vc_column_text][vc_row_inner][vc_column_inner width=&#8220;1\/2&#8243;][vc_column_text el_class=&#8220;icon_list&#8220;]<\/p>\n<ul>\n<li>Konvexhalter<\/li>\n<li>Kathetersicherungsvorrichtung<\/li>\n<li>Reinigungsvorrichtung<\/li>\n<li>Saugtupfer<\/li>\n<li>Zahnb\u00fcrste<\/li>\n<li>Hochvakuumflasche<\/li>\n<li>Sterile Glasfl\u00e4schchen<\/li>\n<li>Blutreinigungsrohre<\/li>\n<\/ul>\n<p>[\/vc_column_text][\/vc_column_inner][vc_column_inner width=&#8220;1\/2&#8243;][\/vc_column_inner][\/vc_row_inner][\/vc_column][\/vc_row][vc_row][vc_column][vc_column_text css=&#8220;.vc_custom_1463565440209{padding-bottom: 3px !important;padding-left: 15px !important;background-color: #e8e8e8 !important;}&#8220;]<\/p>\n<h3><span style=\"color: #e20026; line-height: 35px;\">Konvexhalter<\/span><\/h3>\n<p>[\/vc_column_text][vc_row_inner][vc_column_inner][vc_gallery type=&#8220;image_grid&#8220; images=&#8220;2569,2568,2672&#8243; el_class=&#8220;foto_margen&#8220;][\/vc_column_inner][\/vc_row_inner][vc_row_inner][vc_column_inner width=&#8220;1\/3&#8243;][vc_column_text el_class=&#8220;title_lineas&#8220;]<\/p>\n<h4><span style=\"color: #e20026;\">Ausf\u00fchrung der L\u00f6sung<\/span><\/h4>\n<p>[\/vc_column_text][vc_column_text el_class=&#8220;icon_list&#8220;]<\/p>\n<ul>\n<li>Vollautomatische Maschine<\/li>\n<li>Automatische Komponentenzuf\u00fchrung<\/li>\n<li>Bef\u00f6rderung des Produktes auf Tellern \u00fcber das sevorgesteuerte Band<\/li>\n<\/ul>\n<p>[\/vc_column_text][\/vc_column_inner][vc_column_inner width=&#8220;1\/3&#8243;][vc_column_text el_class=&#8220;title_lineas&#8220;]<\/p>\n<h4><span style=\"color: #e20026;\">Prozess<\/span><\/h4>\n<p>[\/vc_column_text][vc_column_text el_class=&#8220;icon_list&#8220;]<\/p>\n<ul>\n<li>Automatische Kunststoffhalterzuf\u00fchrung<\/li>\n<li>Zyanoakrylat-Spendereinheiten \u00fcber kartesischen Roboter<\/li>\n<li>Primerspender-Inspektion mit einer Kamera<\/li>\n<li>Dimensionale Sichtpr\u00fcfung der Einzelteile mit einer Kamera<\/li>\n<\/ul>\n<p>[\/vc_column_text][\/vc_column_inner][vc_column_inner width=&#8220;1\/3&#8243;][vc_column_text el_class=&#8220;title_lineas&#8220;]<\/p>\n<h4><span style=\"color: #e20026;\">Technische Daten<\/span><\/h4>\n<p>[\/vc_column_text][vc_column_text el_class=&#8220;icon_list&#8220;]<\/p>\n<ul>\n<li>Zykluszeit: 2 Sek.<\/li>\n<li>Sichtpr\u00fcfung gute \/ schlechte Teile<\/li>\n<li>F\u00fcr Reinraumbedingungen ausgelegt<\/li>\n<\/ul>\n<p>[\/vc_column_text][\/vc_column_inner][\/vc_row_inner][\/vc_column][\/vc_row][vc_row][vc_column][vc_column_text css=&#8220;.vc_custom_1463565532743{padding-bottom: 3px !important;padding-left: 15px !important;background-color: #e8e8e8 !important;}&#8220;]<\/p>\n<h3><span style=\"color: #e20026; line-height: 35px;\">Reinigungsvorrichtung<\/span><\/h3>\n<p>[\/vc_column_text][vc_gallery type=&#8220;image_grid&#8220; images=&#8220;2574,2572,2573,2575&#8243; img_size=&#8220;&#8220; el_class=&#8220;foto_margen&#8220;][vc_row_inner][vc_column_inner width=&#8220;1\/3&#8243;][vc_column_text el_class=&#8220;title_lineas&#8220;]<\/p>\n<h4><span style=\"color: #e20026;\">Ausf\u00fchrung der L\u00f6sung<\/span><\/h4>\n<p>[\/vc_column_text][vc_column_text el_class=&#8220;icon_list&#8220;]<\/p>\n<ul>\n<li>Vollautomatische Maschine<\/li>\n<li>Automatische Teilezuf\u00fchrung<\/li>\n<li>Bef\u00f6rderung der Teile auf Tellern \u00fcber das sevorgesteuerte Band<\/li>\n<li>Hebelgef\u00fchrte Stationen f\u00fcr eine perfekte Synchronisierung<\/li>\n<\/ul>\n<p>[\/vc_column_text][\/vc_column_inner][vc_column_inner width=&#8220;1\/3&#8243;][vc_column_text el_class=&#8220;title_lineas&#8220;]<\/p>\n<h4><span style=\"color: #e20026;\">Prozess<\/span><\/h4>\n<p>[\/vc_column_text][vc_column_text el_class=&#8220;icon_list&#8220;]<\/p>\n<ul>\n<li>Kunststoffnapf und Schaumzuf\u00fchrung \u00fcber Vibrationsbeh\u00e4lter<\/li>\n<li>Trennung durch Spindel f\u00fcr Schnellladung des Beh\u00e4lters<\/li>\n<li>2 (parallele) Deltaroboter bearbeiten 80 St\u00fcck\/Minute, mit Positionierung durch Visionierung und Tracking<\/li>\n<li>Alkoholdosierung<\/li>\n<li>Zuf\u00fchrung von Kunststoffpapier und Datumsaufdruck<\/li>\n<li>Verschwei\u00dfen von Kunststoffnapf und Papier<\/li>\n<li>Ausstanzen von Kunststoffpapier<\/li>\n<li>Endabladen<\/li>\n<\/ul>\n<p>[\/vc_column_text][\/vc_column_inner][vc_column_inner width=&#8220;1\/3&#8243;][vc_column_text el_class=&#8220;title_lineas&#8220;]<\/p>\n<h4><span style=\"color: #e20026;\">Technische Daten<\/span><\/h4>\n<p>[\/vc_column_text][vc_column_text el_class=&#8220;icon_list&#8220;]<\/p>\n<ul>\n<li>Produktion: 160 St\u00fcck\/Min.<\/li>\n<li>Genaue Ausgabe von 0,2 ml IPA mit cpk 1.3<\/li>\n<li>Dynamische Korrektur der Verschlussposition, je nach Position der Folienmarke auf der bedruckten Folie<\/li>\n<li>Stanzung mit 2 Mikron Spiel<\/li>\n<li>F\u00fcr Reinraumbedingungen ausgelegt<\/li>\n<\/ul>\n<p>[\/vc_column_text][\/vc_column_inner][\/vc_row_inner][\/vc_column][\/vc_row][vc_row][vc_column][vc_column_text css=&#8220;.vc_custom_1463565588055{padding-bottom: 3px !important;padding-left: 15px !important;background-color: #e8e8e8 !important;}&#8220;]<\/p>\n<h3><span style=\"color: #e20026; line-height: 35px;\">Vorbereitung von pharmaprodukten<\/span><\/h3>\n<p>[\/vc_column_text][vc_gallery type=&#8220;image_grid&#8220; images=&#8220;2766,2767,2768&#8243; img_size=&#8220;&#8220; el_class=&#8220;foto_margen&#8220;][vc_row_inner][vc_column_inner width=&#8220;1\/3&#8243;][vc_column_text el_class=&#8220;title_lineas&#8220;]<\/p>\n<h4><span style=\"color: #e20026;\">Ausf\u00fchrung der L\u00f6sung<\/span><\/h4>\n<p>[\/vc_column_text][vc_column_text el_class=&#8220;icon_list&#8220;]<\/p>\n<ul>\n<li>Prozesspr\u00fcfung und R\u00fcckverfolgbarkeit von behandelten Produkten<\/li>\n<li>Hohe Flexibilit\u00e4t und optimale Geschwindigkeit f\u00fcr einfache und komplexe Prozesse<\/li>\n<li>Interkonnektivit\u00e4t mit diversen Informationssystemen von Krankenh\u00e4usern und Laboratorien<\/li>\n<\/ul>\n<p>[\/vc_column_text][\/vc_column_inner][vc_column_inner width=&#8220;1\/3&#8243;][vc_column_text el_class=&#8220;title_lineas&#8220;]<\/p>\n<h4><span style=\"color: #e20026;\">Prozess<\/span><\/h4>\n<p>[\/vc_column_text][vc_column_text el_class=&#8220;icon_list&#8220;]<\/p>\n<ul>\n<li>2 Roboterarme<\/li>\n<li>Teller mit 12 Positionen f\u00fcr die verwendeten Glasfl\u00e4schchen<\/li>\n<li>Vorbereitung f\u00fcr bis zu 8 Infusionsbeutel, Kassetten oder Elastomerpumpen<\/li>\n<li>Stauraum f\u00fcr bis zu 8 Spritzen<\/li>\n<li>Station zum Anbringen der Spritzendeckel mit 4 verschiedenen Deckeln<\/li>\n<li>Provisorisches Lager f\u00fcr bis zu 10 Glasfl\u00e4schchen im Prozess<\/li>\n<li>Gewichtsanalysevorrichtung zum Wiegen in der Linie<\/li>\n<li>2 Schlauchradpumpen zum Ausgeben von L\u00f6sungsmittel und Wiederherstellung<\/li>\n<li>2 Kameras zur Erkennung von Spritze und Glasflasche<\/li>\n<li>Strichcodeleser zur Produkterkennung<\/li>\n<\/ul>\n<p>[\/vc_column_text][\/vc_column_inner][vc_column_inner width=&#8220;1\/3&#8243;][vc_column_text el_class=&#8220;title_lineas&#8220;]<\/p>\n<h4><span style=\"color: #e20026;\">Technische Daten<\/span><\/h4>\n<p>[\/vc_column_text][vc_column_text el_class=&#8220;icon_list&#8220;]<\/p>\n<ul>\n<li>Arbeiten in sauberen Umgebungen ISO5 \/ mikrobiologische Reinigung<\/li>\n<li>Umweltschutz \u00fcber HEPA-Filter und Negativdruck in der Umw\u00e4lzkammer<\/li>\n<li>Anwenderschutz durch Bearbeitungsumgebung mit Negativdruck<\/li>\n<li>Einhaltung internationaler Standards<\/li>\n<\/ul>\n<p>[\/vc_column_text][\/vc_column_inner][\/vc_row_inner][\/vc_column][\/vc_row][vc_row][vc_column][vc_column_text css=&#8220;.vc_custom_1463565692471{padding-bottom: 3px !important;padding-left: 15px !important;background-color: #e8e8e8 !important;}&#8220;]<\/p>\n<h3><span style=\"color: #e20026; line-height: 35px;\">Konvexhalter<\/span><\/h3>\n<p>[\/vc_column_text][vc_gallery type=&#8220;image_grid&#8220; images=&#8220;2676,2680,2678,2677,2679&#8243; el_class=&#8220;foto_margen&#8220;][vc_row_inner][vc_column_inner width=&#8220;1\/3&#8243;][vc_column_text el_class=&#8220;title_lineas&#8220;]<\/p>\n<h4><span style=\"color: #e20026;\">Ausf\u00fchrung der L\u00f6sung<\/span><\/h4>\n<p>[\/vc_column_text][vc_column_text el_class=&#8220;icon_list&#8220;]<\/p>\n<ul>\n<li>Lade- und Entlade-Transportb\u00e4nder<\/li>\n<li>Drehtisch mit 2 Robotern und 2 Sichtsystemen<\/li>\n<\/ul>\n<p>[\/vc_column_text][\/vc_column_inner][vc_column_inner width=&#8220;1\/3&#8243;][vc_column_text el_class=&#8220;title_lineas&#8220;]<\/p>\n<h4><span style=\"color: #e20026;\">Prozess<\/span><\/h4>\n<p>[\/vc_column_text][vc_column_text el_class=&#8220;icon_list&#8220;]<\/p>\n<ul>\n<li>Infrarot-Vorheizsystem<\/li>\n<li>Kunststoffschwei\u00dfen<\/li>\n<li>Servopresse f\u00fcr den Gummizuschnitt<\/li>\n<li>Sichtsystem f\u00fcr die Gr\u00f6\u00dfenkontrolle<\/li>\n<li>Individueller Etikettendruck<\/li>\n<\/ul>\n<p>[\/vc_column_text][\/vc_column_inner][vc_column_inner width=&#8220;1\/3&#8243;][vc_column_text el_class=&#8220;title_lineas&#8220;]<\/p>\n<h4><span style=\"color: #e20026;\">Technische Daten<\/span><\/h4>\n<p>[\/vc_column_text][vc_column_text el_class=&#8220;icon_list&#8220;]<\/p>\n<ul>\n<li>Produktion: 4 Sek.<\/li>\n<li>12 verschiedene Referenzen und 3 Modelle<\/li>\n<li>F\u00fcr Reinraumbedingungen ausgelegt<\/li>\n<li>Schneller und einfacher Modellwechsel<\/li>\n<li>Einfache Wartung<\/li>\n<\/ul>\n<p>[\/vc_column_text][\/vc_column_inner][\/vc_row_inner][\/vc_column][\/vc_row][vc_row][vc_column][vc_column_text css=&#8220;.vc_custom_1463565778471{padding-bottom: 3px !important;padding-left: 15px !important;background-color: #e8e8e8 !important;}&#8220;]<\/p>\n<h3><span style=\"color: #e20026; line-height: 35px;\">Nachgeschaltete lecktestmaschine f\u00fcr Blow-Fill-Seal-Beh\u00e4lter<br \/>\n<\/span><\/h3>\n<p>[\/vc_column_text][vc_gallery type=&#8220;image_grid&#8220; images=&#8220;2770,2772,2778,2777,2578&#8243; el_class=&#8220;foto_margen&#8220;][vc_row_inner][vc_column_inner width=&#8220;1\/3&#8243;][vc_column_text el_class=&#8220;title_lineas&#8220;]<\/p>\n<h4><span style=\"color: #e20026;\">Ausf\u00fchrung der L\u00f6sung<\/span><\/h4>\n<p>[\/vc_column_text][vc_column_text el_class=&#8220;icon_list&#8220;]<\/p>\n<ul>\n<li>Die LT25 ist eine lineare, indexierende, zerst\u00f6rungsfreie Lecktestmaschine f\u00fcr kleine und gro\u00dfe BFS-Produkte.<\/li>\n<li>Das modulare Design ist eine skalierbare L\u00f6sung, die sich perfekt an den Kundenbedarf anpasst.<\/li>\n<li>Die Beh\u00e4lter werden in die Testmaschine \u00fcber ein Transportband eingef\u00fchrt. Ein sichtgef\u00fchrtes Roboter-Aufnahmesystem l\u00e4dt die BFS-Beh\u00e4lter in die Testkammern. Nachdem sie geladen wurden, stellt ein Lecktest durch Vakuum-Abfall fest, ob es an den Beh\u00e4ltern Leckstellen gibt. Nach der Pr\u00fcfung legt ein Robotersystem die korrekten Teile auf das Austrittsband. Beh\u00e4lter, die nicht in Ordnung sind, werden in einen separaten Auffangbeh\u00e4lter gebracht.<\/li>\n<\/ul>\n<p>[\/vc_column_text][\/vc_column_inner][vc_column_inner width=&#8220;1\/3&#8243;][vc_column_text el_class=&#8220;title_lineas&#8220;]<\/p>\n<h4><span style=\"color: #e20026;\">Prozess<\/span><\/h4>\n<p>[\/vc_column_text][vc_column_text el_class=&#8220;icon_list&#8220;]<\/p>\n<ul>\n<li>Geeignetes System auch bei geringen Formver\u00e4nderungen<\/li>\n<li>Wird mit Master-Teilen f\u00fcr Selbst\u00fcberwachungsverfahren der Maschine geliefert<\/li>\n<li>Hohe Leckfeststellungsf\u00e4higkeit Das Zwei-Schritt-Verfahren verhindert die Kontaminierung der Kammer w\u00e4hrend der Leckfeststellung mit unserem optionalen Inline-Sichtpr\u00fcfungsmodul<\/li>\n<\/ul>\n<p>[\/vc_column_text][\/vc_column_inner][vc_column_inner width=&#8220;1\/3&#8243;][vc_column_text el_class=&#8220;title_lineas&#8220;]<\/p>\n<h4><span style=\"color: #e20026;\">Technische Daten<\/span><\/h4>\n<p>[\/vc_column_text][vc_column_text el_class=&#8220;icon_list&#8220;]<\/p>\n<ul>\n<li>Hohe Flexibilit\u00e4t<\/li>\n<li>Besonders platzsparend<\/li>\n<li>Gro\u00dfe Feststellungsempfindlichkeit, da die Testk\u00f6pfe nicht beweglich sind<\/li>\n<li>SMED-System f\u00fcr ein schnelles und einfaches Wechseln der gesamten Testmodule<\/li>\n<li>ATEQ-Lecktestsystem Nach COFRAC zertifizierte Eichung der Testger\u00e4te, auf Anfrage verf\u00fcgbar.<\/li>\n<li>Echtzeit-HMI-Plotfunktionen zur Validierung und der Produktr\u00fcckverfolgung<\/li>\n<\/ul>\n<p>[\/vc_column_text][\/vc_column_inner][\/vc_row_inner][\/vc_column][\/vc_row]<\/p>\n<\/div>","protected":false},"excerpt":{"rendered":"<p>[vc_row][vc_column][vc_column_text el_class=&#8220;title_lineas&#8220;] Produktliste [\/vc_column_text][vc_row_inner][vc_column_inner width=&#8220;1\/2&#8243;][vc_column_text el_class=&#8220;icon_list&#8220;] Konvexhalter Kathetersicherungsvorrichtung Reinigungsvorrichtung Saugtupfer Zahnb\u00fcrste Hochvakuumflasche Sterile Glasfl\u00e4schchen Blutreinigungsrohre [\/vc_column_text][\/vc_column_inner][vc_column_inner width=&#8220;1\/2&#8243;][\/vc_column_inner][\/vc_row_inner][\/vc_column][\/vc_row][vc_row][vc_column][vc_column_text css=&#8220;.vc_custom_1463565440209{padding-bottom: 3px !important;padding-left: 15px !important;background-color: #e8e8e8 !important;}&#8220;] Konvexhalter [\/vc_column_text][vc_row_inner][vc_column_inner][vc_gallery type=&#8220;image_grid&#8220; images=&#8220;2569,2568,2672&#8243; el_class=&#8220;foto_margen&#8220;][\/vc_column_inner][\/vc_row_inner][vc_row_inner][vc_column_inner width=&#8220;1\/3&#8243;][vc_column_text el_class=&#8220;title_lineas&#8220;] Ausf\u00fchrung der L\u00f6sung [\/vc_column_text][vc_column_text el_class=&#8220;icon_list&#8220;] Vollautomatische Maschine Automatische Komponentenzuf\u00fchrung Bef\u00f6rderung des Produktes auf Tellern \u00fcber das sevorgesteuerte Band [\/vc_column_text][\/vc_column_inner][vc_column_inner width=&#8220;1\/3&#8243;][vc_column_text el_class=&#8220;title_lineas&#8220;] Prozess [\/vc_column_text][vc_column_text el_class=&#8220;icon_list&#8220;] [&hellip;]<\/p>\n","protected":false},"author":4,"featured_media":0,"parent":3808,"menu_order":0,"comment_status":"closed","ping_status":"closed","template":"sectors.php","meta":{"_lmt_disableupdate":"","_lmt_disable":"","footnotes":""},"yst_prominent_words":[],"class_list":["post-3901","page","type-page","status-publish","hentry"],"acf":[],"_links":{"self":[{"href":"https:\/\/www.mondragon-assembly.com\/de\/wp-json\/wp\/v2\/pages\/3901","targetHints":{"allow":["GET"]}}],"collection":[{"href":"https:\/\/www.mondragon-assembly.com\/de\/wp-json\/wp\/v2\/pages"}],"about":[{"href":"https:\/\/www.mondragon-assembly.com\/de\/wp-json\/wp\/v2\/types\/page"}],"author":[{"embeddable":true,"href":"https:\/\/www.mondragon-assembly.com\/de\/wp-json\/wp\/v2\/users\/4"}],"replies":[{"embeddable":true,"href":"https:\/\/www.mondragon-assembly.com\/de\/wp-json\/wp\/v2\/comments?post=3901"}],"version-history":[{"count":4,"href":"https:\/\/www.mondragon-assembly.com\/de\/wp-json\/wp\/v2\/pages\/3901\/revisions"}],"predecessor-version":[{"id":9294,"href":"https:\/\/www.mondragon-assembly.com\/de\/wp-json\/wp\/v2\/pages\/3901\/revisions\/9294"}],"up":[{"embeddable":true,"href":"https:\/\/www.mondragon-assembly.com\/de\/wp-json\/wp\/v2\/pages\/3808"}],"wp:attachment":[{"href":"https:\/\/www.mondragon-assembly.com\/de\/wp-json\/wp\/v2\/media?parent=3901"}],"wp:term":[{"taxonomy":"yst_prominent_words","embeddable":true,"href":"https:\/\/www.mondragon-assembly.com\/de\/wp-json\/wp\/v2\/yst_prominent_words?post=3901"}],"curies":[{"name":"wp","href":"https:\/\/api.w.org\/{rel}","templated":true}]}}