{"id":53985,"date":"2022-02-24T10:59:17","date_gmt":"2022-02-24T08:59:17","guid":{"rendered":"https:\/\/www.mondragon-assembly.com\/?page_id=53985"},"modified":"2023-10-06T12:30:23","modified_gmt":"2023-10-06T10:30:23","slug":"stellenausschreibungen","status":"publish","type":"page","link":"https:\/\/www.mondragon-assembly.com\/de\/stellenausschreibungen\/","title":{"rendered":"Stellenausschreibungen"},"content":{"rendered":"<div class=\"wpb-content-wrapper\"><p>[vc_row][vc_column][vc_text_separator title=&#8220;STELLENAUSSCHREIBUNGEN&#8220; el_class=&#8220;title_gr&#8220;][\/vc_column][\/vc_row][vc_row css=&#8220;.vc_custom_1636715033983{background-color: #e7e6e6 !important;}&#8220;][vc_column][vc_text_separator title=&#8220;wir&#8220; color=&#8220;custom&#8220; style=&#8220;dashed&#8220; border_width=&#8220;2&#8243; el_class=&#8220;.title_wearejoinus&#8220; accent_color=&#8220;#494a4c&#8220;][vc_row_inner css=&#8220;.vc_custom_1636723576050{margin-top: -45px !important;margin-right: 1px !important;margin-bottom: 15px !important;margin-left: 0px !important;border-right-width: 2px !important;border-bottom-width: 2px !important;border-left-width: 2px !important;border-left-style: dashed !important;border-right-style: dashed !important;border-bottom-style: dashed !important;}&#8220;][vc_column_inner][vc_single_image image=&#8220;53986&#8243; img_size=&#8220;full&#8220; alignment=&#8220;center&#8220; css=&#8220;.vc_custom_1645008589709{margin-top: -25px !important;}&#8220;][vc_raw_html css=&#8220;.vc_custom_1642064723317{margin-top: -35px !important;}&#8220;]JTNDZGl2JTIwaWQlM0QlMjJ0Yy1qc3dpZGdldCUyMiUyMGRhdGEtY2xpZW50LWlkJTNEJTIyMDUyYWUzMjc5YWI5YzYzYjJkNmY3ODczZDYzMGI4MGIlMjIlMjBkYXRhLWxhbmclM0QlMjJlcyUyMiUyMGRhdGEtam9iLWxpc3RpbmclM0QlMjIxJTIyJTNFJTNDJTJGZGl2JTNFJTBBJTNDc2NyaXB0JTIwaWQlM0QlMjJ0Yy1qc3dpZGdldC1zY3JpcHQlMjIlMjB0eXBlJTNEJTIyYXBwbGljYXRpb24lMkZqYXZhc2NyaXB0JTIyJTIwc3JjJTNEJTIyaHR0cHMlM0ElMkYlMkZjYXJlZXJzLnRhbGVudGNsdWUuY29tJTJGc2l0ZXMlMkZzdGF0aWMlMkZ3aWRnZXQlMkZqc3dpZGdldC5taW4uanMlMjIlM0UlM0MlMkZzY3JpcHQlM0U=[\/vc_raw_html][\/vc_column_inner][\/vc_row_inner][\/vc_column][\/vc_row][vc_row][vc_column][vc_empty_space][\/vc_column][\/vc_row][vc_row css=&#8220;.vc_custom_1634896311650{background-color: #595959 !important;}&#8220;][vc_column width=&#8220;4\/6&#8243;][vc_column_text css=&#8220;.vc_custom_1645693377185{margin-left: 20px !important;}&#8220;]<\/p>\n<h4 style=\"font-size: 19px; text-align: center;\"><span style=\"color: #ffffff;\">Wenn Ihr Profil nicht zu den aktuellen Stellenangeboten passt, k\u00f6nnen Sie uns gerne Ihren Lebenslauf f\u00fcr zuk\u00fcnftige Ausschreibungen zusenden.<br \/>\n<\/span><\/h4>\n<p>[\/vc_column_text][\/vc_column][vc_column width=&#8220;2\/6&#8243;][vc_btn title=&#8220;Meinen Lebenslauf senden&#8220; shape=&#8220;square&#8220; size=&#8220;lg&#8220; link=&#8220;url:https%3A%2F%2Fmondragonassembly.talentclue.com%2Fde%2Fnode%2Fadd%2Fcv%2Fjob%2F101367703%2Fcompany%2F29663897%2F%3Fclicked_button%3Dapply_manually|target:_blank&#8220;][\/vc_column][\/vc_row]<\/p>\n<\/div>","protected":false},"excerpt":{"rendered":"<p>[vc_row][vc_column][vc_text_separator title=&#8220;STELLENAUSSCHREIBUNGEN&#8220; el_class=&#8220;title_gr&#8220;][\/vc_column][\/vc_row][vc_row css=&#8220;.vc_custom_1636715033983{background-color: #e7e6e6 !important;}&#8220;][vc_column][vc_text_separator title=&#8220;wir&#8220; color=&#8220;custom&#8220; style=&#8220;dashed&#8220; border_width=&#8220;2&#8243; el_class=&#8220;.title_wearejoinus&#8220; accent_color=&#8220;#494a4c&#8220;][vc_row_inner css=&#8220;.vc_custom_1636723576050{margin-top: -45px !important;margin-right: 1px !important;margin-bottom: 15px !important;margin-left: 0px !important;border-right-width: 2px !important;border-bottom-width: 2px !important;border-left-width: 2px !important;border-left-style: dashed !important;border-right-style: dashed !important;border-bottom-style: dashed !important;}&#8220;][vc_column_inner][vc_single_image image=&#8220;53986&#8243; img_size=&#8220;full&#8220; alignment=&#8220;center&#8220; css=&#8220;.vc_custom_1645008589709{margin-top: -25px !important;}&#8220;][vc_raw_html css=&#8220;.vc_custom_1642064723317{margin-top: -35px !important;}&#8220;]JTNDZGl2JTIwaWQlM0QlMjJ0Yy1qc3dpZGdldCUyMiUyMGRhdGEtY2xpZW50LWlkJTNEJTIyMDUyYWUzMjc5YWI5YzYzYjJkNmY3ODczZDYzMGI4MGIlMjIlMjBkYXRhLWxhbmclM0QlMjJlcyUyMiUyMGRhdGEtam9iLWxpc3RpbmclM0QlMjIxJTIyJTNFJTNDJTJGZGl2JTNFJTBBJTNDc2NyaXB0JTIwaWQlM0QlMjJ0Yy1qc3dpZGdldC1zY3JpcHQlMjIlMjB0eXBlJTNEJTIyYXBwbGljYXRpb24lMkZqYXZhc2NyaXB0JTIyJTIwc3JjJTNEJTIyaHR0cHMlM0ElMkYlMkZjYXJlZXJzLnRhbGVudGNsdWUuY29tJTJGc2l0ZXMlMkZzdGF0aWMlMkZ3aWRnZXQlMkZqc3dpZGdldC5taW4uanMlMjIlM0UlM0MlMkZzY3JpcHQlM0U=[\/vc_raw_html][\/vc_column_inner][\/vc_row_inner][\/vc_column][\/vc_row][vc_row][vc_column][vc_empty_space][\/vc_column][\/vc_row][vc_row css=&#8220;.vc_custom_1634896311650{background-color: #595959 !important;}&#8220;][vc_column width=&#8220;4\/6&#8243;][vc_column_text css=&#8220;.vc_custom_1645693377185{margin-left: 20px !important;}&#8220;] Wenn Ihr Profil nicht zu den [&hellip;]<\/p>\n","protected":false},"author":4,"featured_media":0,"parent":0,"menu_order":0,"comment_status":"closed","ping_status":"closed","template":"sectors.php","meta":{"_lmt_disableupdate":"","_lmt_disable":"","footnotes":""},"yst_prominent_words":[],"class_list":["post-53985","page","type-page","status-publish","hentry"],"acf":[],"_links":{"self":[{"href":"https:\/\/www.mondragon-assembly.com\/de\/wp-json\/wp\/v2\/pages\/53985","targetHints":{"allow":["GET"]}}],"collection":[{"href":"https:\/\/www.mondragon-assembly.com\/de\/wp-json\/wp\/v2\/pages"}],"about":[{"href":"https:\/\/www.mondragon-assembly.com\/de\/wp-json\/wp\/v2\/types\/page"}],"author":[{"embeddable":true,"href":"https:\/\/www.mondragon-assembly.com\/de\/wp-json\/wp\/v2\/users\/4"}],"replies":[{"embeddable":true,"href":"https:\/\/www.mondragon-assembly.com\/de\/wp-json\/wp\/v2\/comments?post=53985"}],"version-history":[{"count":10,"href":"https:\/\/www.mondragon-assembly.com\/de\/wp-json\/wp\/v2\/pages\/53985\/revisions"}],"predecessor-version":[{"id":65493,"href":"https:\/\/www.mondragon-assembly.com\/de\/wp-json\/wp\/v2\/pages\/53985\/revisions\/65493"}],"wp:attachment":[{"href":"https:\/\/www.mondragon-assembly.com\/de\/wp-json\/wp\/v2\/media?parent=53985"}],"wp:term":[{"taxonomy":"yst_prominent_words","embeddable":true,"href":"https:\/\/www.mondragon-assembly.com\/de\/wp-json\/wp\/v2\/yst_prominent_words?post=53985"}],"curies":[{"name":"wp","href":"https:\/\/api.w.org\/{rel}","templated":true}]}}