{"id":54006,"date":"2021-10-21T17:57:00","date_gmt":"2021-10-21T15:57:00","guid":{"rendered":"https:\/\/www.mondragon-assembly.com\/?page_id=54006"},"modified":"2023-10-06T13:37:21","modified_gmt":"2023-10-06T11:37:21","slug":"arbeiten-sie-bei-uns","status":"publish","type":"page","link":"https:\/\/www.mondragon-assembly.com\/de\/arbeiten-sie-bei-uns\/","title":{"rendered":"Arbeiten sie bei uns"},"content":{"rendered":"<div class=\"wpb-content-wrapper\"><p>[vc_row full_width=&#8220;stretch_row_content_no_spaces&#8220;][vc_column][rev_slider_vc alias=&#8220;join-us-video&#8220;][\/vc_column][\/vc_row][vc_row full_width=&#8220;stretch_row&#8220; css=&#8220;.vc_custom_1635321373767{padding-right: 50px !important;padding-left: 50px !important;background-color: #f7f7f7 !important;}&#8220;][vc_column][vc_row_inner][vc_column_inner width=&#8220;1\/4&#8243;][\/vc_column_inner][vc_column_inner width=&#8220;1\/2&#8243;][vc_single_image image=&#8220;53784&#8243; img_size=&#8220;full&#8220; alignment=&#8220;center&#8220;][\/vc_column_inner][vc_column_inner width=&#8220;1\/4&#8243;][\/vc_column_inner][\/vc_row_inner][vc_row_inner][vc_column_inner width=&#8220;1\/4&#8243;][\/vc_column_inner][vc_column_inner width=&#8220;1\/2&#8243;][vc_column_text]Bei Mondragon Assembly glauben wir an Talente. Wir arbeiten f\u00fcr und mit Menschen, wir engagieren uns f\u00fcr Sie und Ihr Talent.<br \/>\nUnser Engagement f\u00fcr Menschen ist echt, wir engagieren uns f\u00fcr Ihre berufliche Entwicklung in einem einzigartigen Unternehmen, das Ihnen gro\u00dfe Chancen bietet.[\/vc_column_text][\/vc_column_inner][vc_column_inner width=&#8220;1\/4&#8243;][\/vc_column_inner][\/vc_row_inner][\/vc_column][\/vc_row][vc_row full_width=&#8220;stretch_row&#8220; css=&#8220;.vc_custom_1639657531387{padding-right: 50px !important;padding-left: 50px !important;}&#8220;][vc_column][vc_row_inner][vc_column_inner width=&#8220;1\/4&#8243;][\/vc_column_inner][vc_column_inner width=&#8220;1\/2&#8243;][vc_column_text]<\/p>\n<h3 style=\"font-weight: bold;\">M\u00d6CHTEN SIE AN DIESEM ABENTEUER TEILHABEN?<\/h3>\n<p>[\/vc_column_text][\/vc_column_inner][vc_column_inner width=&#8220;1\/4&#8243;][\/vc_column_inner][\/vc_row_inner][\/vc_column][\/vc_row][vc_row][vc_column][vc_row_inner][vc_column_inner width=&#8220;1\/4&#8243;][\/vc_column_inner][vc_column_inner width=&#8220;1\/4&#8243;][vc_btn title=&#8220;Stellenausschreibungen&#8220; style=&#8220;custom&#8220; custom_background=&#8220;#e40521&#8243; custom_text=&#8220;#ffffff&#8220; align=&#8220;center&#8220; button_block=&#8220;true&#8220; link=&#8220;url:https%3A%2F%2Fwww.mondragon-assembly.com%2Fde%2Fstellenausschreibungen%2F&#8220; css=&#8220;.vc_custom_1646064582982{padding-right: 20px !important;padding-left: 20px !important;}&#8220;][\/vc_column_inner][vc_column_inner width=&#8220;1\/4&#8243;][vc_btn title=&#8220;Praktika und Abschlussarbeiten&#8220; style=&#8220;custom&#8220; custom_background=&#8220;#e40521&#8243; custom_text=&#8220;#ffffff&#8220; align=&#8220;center&#8220; button_block=&#8220;true&#8220; link=&#8220;url:https%3A%2F%2Fmondragonassembly.talentclue.com%2Fde%2Fnode%2Fadd%2Fcv%2Fjob%2F101368239%2Fcompany%2F29663897%2F%3Fclicked_button%3Dapply_manually|target:_blank&#8220;][\/vc_column_inner][vc_column_inner width=&#8220;1\/4&#8243;][\/vc_column_inner][\/vc_row_inner][\/vc_column][\/vc_row][vc_row][vc_column][vc_empty_space height=&#8220;45px&#8220;][\/vc_column][\/vc_row][vc_row][vc_column][vc_text_separator title=&#8220;ENTDECKEN SIE DIE WICHTIGSTEN BERUFSBILDER, DIE UNSERE PROJEKTE UMSETZEN&#8220; el_class=&#8220;title_gr&#8220;][\/vc_column][\/vc_row][vc_row el_class=&#8220;ocultar_banner&#8220;][vc_column width=&#8220;1\/3&#8243;][vc_video link=&#8220;https:\/\/youtu.be\/cV8H3ACr3qM&#8220;][vc_column_text css=&#8220;.vc_custom_1645447909123{margin-top: -10px !important;}&#8220;]<span style=\"font-weight: bold;\">SOFTWARE-ENTWICKLER.<\/span><br \/>\nInnovationen. Kundenorientierung.[\/vc_column_text][\/vc_column][vc_column width=&#8220;1\/3&#8243;][vc_video link=&#8220;https:\/\/youtu.be\/PGNmeLZnbOU&#8220;][vc_column_text css=&#8220;.vc_custom_1645037188577{margin-top: -10px !important;}&#8220;]<span style=\"font-weight: bold;\">KONSTRUKTEUR.<br \/>\n<\/span>Eigeninitiative und Kreativit\u00e4t.[\/vc_column_text][\/vc_column][vc_column width=&#8220;1\/3&#8243;][vc_video link=&#8220;https:\/\/youtu.be\/akFcVHNJy6Q&#8220;][vc_column_text css=&#8220;.vc_custom_1645037204618{margin-top: -10px !important;}&#8220;]<span style=\"font-weight: bold;\">INDUSTRIE-MECHANIKER.<br \/>\n<\/span>Ergebnisorientiertes Arbeiten und kontinuierliche Verbesserung.[\/vc_column_text][\/vc_column][\/vc_row][vc_row][vc_column][vc_column_text]<\/p>\n<h4>Wir glauben an die pers\u00f6nliche Weiterentwicklung. Alle unsere Stellen sind der Talentpool unserer zuk\u00fcnftigen F\u00fchrungskr\u00e4fte, die das Projekt Mondragon Assembly vorantreiben.<\/h4>\n<h4 style=\"line-height: 50px;\">Um die Projekte zu verwirklichen, ist die Zusammenarbeit mit anderen Stellen zus\u00e4tzlich zu den oben genannten unerl\u00e4sslich.<\/h4>\n<p>[\/vc_column_text][\/vc_column][\/vc_row][vc_row][vc_column][vc_empty_space height=&#8220;45px&#8220;][\/vc_column][\/vc_row][vc_row][vc_column][vc_single_image image=&#8220;53802&#8243; img_size=&#8220;full&#8220; alignment=&#8220;center&#8220;][\/vc_column][\/vc_row][vc_row][vc_column][vc_text_separator title=&#8220;PROJEKTMANAGEMENT BEI MONDRAGON ASSEMBLY&#8220; el_class=&#8220;title_gr&#8220;][\/vc_column][\/vc_row][vc_row][vc_column][vc_column_text css=&#8220;.vc_custom_1645037262021{margin-top: -30px !important;}&#8220;]<\/p>\n<h3 style=\"text-align: center;\">So gehen wir das an<\/h3>\n<p>[\/vc_column_text][\/vc_column][\/vc_row][vc_row][vc_column][vc_single_image image=&#8220;53812&#8243; img_size=&#8220;full&#8220; alignment=&#8220;center&#8220; css_animation=&#8220;fadeIn&#8220;][\/vc_column][\/vc_row][vc_row][vc_column][vc_text_separator title=&#8220;UNSERE MITARBEITER&#8220; el_class=&#8220;title_gr&#8220;][\/vc_column][\/vc_row][vc_row][vc_column][rev_slider_vc alias=&#8220;our-people-de&#8220;][\/vc_column][\/vc_row][vc_row gap=&#8220;30&#8243; css=&#8220;.vc_custom_1637836480076{margin-top: 25px !important;padding-right: 50px !important;padding-bottom: 20px !important;padding-left: 50px !important;background-color: #f7f7f7 !important;}&#8220;][vc_column width=&#8220;1\/2&#8243;][vc_single_image image=&#8220;52290&#8243; img_size=&#8220;full&#8220; onclick=&#8220;custom_link&#8220; css=&#8220;.vc_custom_1646064569529{border-top-width: 3px !important;border-right-width: 3px !important;border-bottom-width: 3px !important;border-left-width: 3px !important;border-left-color: #fce3e9 !important;border-left-style: solid !important;border-right-color: #fce3e9 !important;border-right-style: solid !important;border-top-color: #fce3e9 !important;border-top-style: solid !important;border-bottom-color: #fce3e9 !important;border-bottom-style: solid !important;}&#8220; link=&#8220;https:\/\/www.mondragon-assembly.com\/de\/stellenausschreibungen\/&#8220;][vc_custom_heading text=&#8220;STELLENAUSSCHREIBUNGEN&#8220; font_container=&#8220;tag:h3|text_align:left&#8220; google_fonts=&#8220;font_family:Roboto%3A100%2C100italic%2C300%2C300italic%2Cregular%2Citalic%2C500%2C500italic%2C700%2C700italic%2C900%2C900italic|font_style:700%20bold%20regular%3A700%3Anormal&#8220; el_class=&#8220;linea_inferior_title&#8220; link=&#8220;url:https%3A%2F%2Fwww.mondragon-assembly.com%2Fde%2Fstellenausschreibungen%2F&#8220;][\/vc_column][vc_column width=&#8220;1\/2&#8243;][vc_single_image image=&#8220;52282&#8243; img_size=&#8220;full&#8220; onclick=&#8220;custom_link&#8220; img_link_target=&#8220;_blank&#8220; css=&#8220;.vc_custom_1696592232604{border-top-width: 3px !important;border-right-width: 3px !important;border-bottom-width: 3px !important;border-left-width: 3px !important;border-left-color: #fce3e9 !important;border-left-style: solid !important;border-right-color: #fce3e9 !important;border-right-style: solid !important;border-top-color: #fce3e9 !important;border-top-style: solid !important;border-bottom-color: #fce3e9 !important;border-bottom-style: solid !important;}&#8220; link=&#8220;https:\/\/mondragonassembly.talentclue.com\/de\/node\/add\/cv\/job\/101368239\/company\/29663897\/?clicked_button=apply_manually&#8220;][vc_custom_heading text=&#8220;PRAKTIKA UND ABSCHLUSSARBEITEN&#8220; font_container=&#8220;tag:h3|text_align:left&#8220; google_fonts=&#8220;font_family:Roboto%3A100%2C100italic%2C300%2C300italic%2Cregular%2Citalic%2C500%2C500italic%2C700%2C700italic%2C900%2C900italic|font_style:700%20bold%20regular%3A700%3Anormal&#8220; el_class=&#8220;linea_inferior_title&#8220; link=&#8220;url:https%3A%2F%2Fmondragonassembly.talentclue.com%2Fde%2Fnode%2Fadd%2Fcv%2Fjob%2F101368239%2Fcompany%2F29663897%2F%3Fclicked_button%3Dapply_manually|target:_blank&#8220;][\/vc_column][\/vc_row]<\/p>\n<\/div>","protected":false},"excerpt":{"rendered":"<p>[vc_row full_width=&#8220;stretch_row_content_no_spaces&#8220;][vc_column][rev_slider_vc alias=&#8220;join-us-video&#8220;][\/vc_column][\/vc_row][vc_row full_width=&#8220;stretch_row&#8220; css=&#8220;.vc_custom_1635321373767{padding-right: 50px !important;padding-left: 50px !important;background-color: #f7f7f7 !important;}&#8220;][vc_column][vc_row_inner][vc_column_inner width=&#8220;1\/4&#8243;][\/vc_column_inner][vc_column_inner width=&#8220;1\/2&#8243;][vc_single_image image=&#8220;53784&#8243; img_size=&#8220;full&#8220; alignment=&#8220;center&#8220;][\/vc_column_inner][vc_column_inner width=&#8220;1\/4&#8243;][\/vc_column_inner][\/vc_row_inner][vc_row_inner][vc_column_inner width=&#8220;1\/4&#8243;][\/vc_column_inner][vc_column_inner width=&#8220;1\/2&#8243;][vc_column_text]Bei Mondragon Assembly glauben wir an Talente. Wir arbeiten f\u00fcr und mit Menschen, wir engagieren uns f\u00fcr Sie und Ihr Talent. Unser Engagement f\u00fcr Menschen ist echt, wir engagieren uns f\u00fcr Ihre berufliche Entwicklung in einem einzigartigen [&hellip;]<\/p>\n","protected":false},"author":4,"featured_media":0,"parent":0,"menu_order":0,"comment_status":"closed","ping_status":"closed","template":"sectors.php","meta":{"_lmt_disableupdate":"","_lmt_disable":"","footnotes":""},"yst_prominent_words":[2908,230,233,234,2226,2228,2241,2476,2888],"class_list":["post-54006","page","type-page","status-publish","hentry"],"acf":[],"_links":{"self":[{"href":"https:\/\/www.mondragon-assembly.com\/de\/wp-json\/wp\/v2\/pages\/54006","targetHints":{"allow":["GET"]}}],"collection":[{"href":"https:\/\/www.mondragon-assembly.com\/de\/wp-json\/wp\/v2\/pages"}],"about":[{"href":"https:\/\/www.mondragon-assembly.com\/de\/wp-json\/wp\/v2\/types\/page"}],"author":[{"embeddable":true,"href":"https:\/\/www.mondragon-assembly.com\/de\/wp-json\/wp\/v2\/users\/4"}],"replies":[{"embeddable":true,"href":"https:\/\/www.mondragon-assembly.com\/de\/wp-json\/wp\/v2\/comments?post=54006"}],"version-history":[{"count":20,"href":"https:\/\/www.mondragon-assembly.com\/de\/wp-json\/wp\/v2\/pages\/54006\/revisions"}],"predecessor-version":[{"id":65510,"href":"https:\/\/www.mondragon-assembly.com\/de\/wp-json\/wp\/v2\/pages\/54006\/revisions\/65510"}],"wp:attachment":[{"href":"https:\/\/www.mondragon-assembly.com\/de\/wp-json\/wp\/v2\/media?parent=54006"}],"wp:term":[{"taxonomy":"yst_prominent_words","embeddable":true,"href":"https:\/\/www.mondragon-assembly.com\/de\/wp-json\/wp\/v2\/yst_prominent_words?post=54006"}],"curies":[{"name":"wp","href":"https:\/\/api.w.org\/{rel}","templated":true}]}}