{"id":66938,"date":"2022-01-10T13:30:56","date_gmt":"2022-01-10T11:30:56","guid":{"rendered":"https:\/\/www.mondragon-assembly.com\/?page_id=66938"},"modified":"2024-10-10T11:12:34","modified_gmt":"2024-10-10T09:12:34","slug":"mts-eca-die-beste-loesung-fuer-hjt-zellverbindungen","status":"publish","type":"page","link":"https:\/\/www.mondragon-assembly.com\/de\/solar-automation-solutions\/einzelgeraete-2\/tabber-and-stringer\/mts-eca-die-beste-loesung-fuer-hjt-zellverbindungen\/","title":{"rendered":"MTS ECA: Die beste L\u00f6sung f\u00fcr HJT-Zellverbindungen"},"content":{"rendered":"<div class=\"wpb-content-wrapper\"><p>[vc_row][vc_column][vc_column_text]Hochgeschwindigkeits-Tabber &amp; Stringer mit einer Kapazit\u00e4t von 1600 Zellen\/Stunde.[\/vc_column_text][\/vc_column][\/vc_row][vc_row][vc_column][vc_single_image image=&#8220;52626&#8243; img_size=&#8220;full&#8220; alignment=&#8220;center&#8220; style=&#8220;vc_box_outline&#8220; css_animation=&#8220;fadeIn&#8220;][\/vc_column][\/vc_row][vc_row full_width=&#8220;stretch_row_content&#8220; css=&#8220;.vc_custom_1705577278886{padding-right: 70px !important;padding-left: 70px !important;}&#8220;][vc_column width=&#8220;1\/6&#8243;][vc_row_inner][vc_column_inner width=&#8220;1\/4&#8243; css=&#8220;.vc_custom_1619414773728{padding-right: 0px !important;}&#8220; offset=&#8220;vc_col-xs-3&#8243;][vc_single_image image=&#8220;22017&#8243; img_size=&#8220;full&#8220;][\/vc_column_inner][vc_column_inner width=&#8220;3\/4&#8243; css=&#8220;.vc_custom_1619414782465{padding-left: 3px !important;}&#8220; offset=&#8220;vc_col-xs-9&#8243;][vc_column_text]<\/p>\n<h4><strong>1600<\/strong> Zellen\/Stunde<\/h4>\n<p>[\/vc_column_text][\/vc_column_inner][\/vc_row_inner][\/vc_column][vc_column width=&#8220;1\/6&#8243;][vc_row_inner][vc_column_inner width=&#8220;1\/4&#8243; css=&#8220;.vc_custom_1619414817940{padding-right: 0px !important;}&#8220; offset=&#8220;vc_col-xs-3&#8243;][vc_single_image image=&#8220;22277&#8243; img_size=&#8220;full&#8220;][\/vc_column_inner][vc_column_inner width=&#8220;3\/4&#8243; css=&#8220;.vc_custom_1619414825937{padding-left: 3px !important;}&#8220; offset=&#8220;vc_col-xs-9&#8243;][vc_column_text css=&#8220;&#8220;]<\/p>\n<h4><strong>Bis zu 22<\/strong>BB<\/h4>\n<p>[\/vc_column_text][\/vc_column_inner][\/vc_row_inner][\/vc_column][vc_column width=&#8220;1\/6&#8243;][vc_row_inner css=&#8220;.vc_custom_1561537027700{padding-left: 0px !important;}&#8220;][vc_column_inner width=&#8220;1\/4&#8243; css=&#8220;.vc_custom_1619414832767{padding-right: 0px !important;}&#8220; offset=&#8220;vc_col-xs-3&#8243;][vc_single_image image=&#8220;22268&#8243; img_size=&#8220;full&#8220;][\/vc_column_inner][vc_column_inner width=&#8220;3\/4&#8243; css=&#8220;.vc_custom_1620117252978{padding-left: 3px !important;}&#8220; offset=&#8220;vc_col-xs-9&#8243;][vc_column_text]<\/p>\n<h4><strong>Eine Bahn<\/strong><\/h4>\n<p>[\/vc_column_text][\/vc_column_inner][\/vc_row_inner][\/vc_column][vc_column width=&#8220;1\/6&#8243;][vc_row_inner][vc_column_inner width=&#8220;1\/4&#8243; css=&#8220;.vc_custom_1619414773728{padding-right: 0px !important;}&#8220; offset=&#8220;vc_col-xs-3&#8243;][vc_single_image image=&#8220;22259&#8243; img_size=&#8220;full&#8220;][\/vc_column_inner][vc_column_inner width=&#8220;3\/4&#8243; css=&#8220;.vc_custom_1619414782465{padding-left: 3px !important;}&#8220; offset=&#8220;vc_col-xs-9&#8243;][vc_column_text]<\/p>\n<h4>Geeignet f\u00fcr<br \/>\nSchnitt-Zellen<\/h4>\n<p>[\/vc_column_text][\/vc_column_inner][\/vc_row_inner][\/vc_column][vc_column width=&#8220;1\/6&#8243;][vc_row_inner][vc_column_inner width=&#8220;1\/5&#8243; css=&#8220;.vc_custom_1619414773728{padding-right: 0px !important;}&#8220; offset=&#8220;vc_col-xs-3&#8243;][vc_single_image image=&#8220;52642&#8243; img_size=&#8220;full&#8220;][\/vc_column_inner][vc_column_inner width=&#8220;4\/5&#8243; css=&#8220;.vc_custom_1619414782465{padding-left: 3px !important;}&#8220; offset=&#8220;vc_col-xs-9&#8243;][vc_column_text]<\/p>\n<h4>Patentiertes kontinuierliches Stringing-Verfahren<\/h4>\n<p>[\/vc_column_text][\/vc_column_inner][\/vc_row_inner][\/vc_column][vc_column width=&#8220;1\/6&#8243;][vc_row_inner][vc_column_inner width=&#8220;1\/5&#8243; css=&#8220;.vc_custom_1619414773728{padding-right: 0px !important;}&#8220; offset=&#8220;vc_col-xs-3&#8243;][vc_single_image image=&#8220;66860&#8243; img_size=&#8220;full&#8220;][\/vc_column_inner][vc_column_inner width=&#8220;4\/5&#8243; css=&#8220;.vc_custom_1619414782465{padding-left: 3px !important;}&#8220; offset=&#8220;vc_col-xs-9&#8243;][vc_column_text]<\/p>\n<h4>Aufr\u00fcstbar zum L\u00f6ten<\/h4>\n<p>[\/vc_column_text][\/vc_column_inner][\/vc_row_inner][\/vc_column][\/vc_row][vc_row full_width=&#8220;stretch_row_content&#8220;][vc_column width=&#8220;1\/5&#8243;][\/vc_column][vc_column width=&#8220;2\/5&#8243;][vc_column_text]<\/p>\n<h3><span style=\"color: #e20026;\"><img decoding=\"async\" class=\"alignnone size-full wp-image-22215\" src=\"https:\/\/www.mondragon-assembly.com\/wp-content\/uploads\/2019\/06\/icon-description.jpg\" alt=\"\" width=\"41\" height=\"41\" \/> Beschreibung<\/span><\/h3>\n<p>[\/vc_column_text][vc_column_text]<\/p>\n<ul>\n<li>Pr\u00e4zise Zellenverbindungen mit elektrisch leitf\u00e4higem Klebstoff (ECA).<\/li>\n<li>Bereit f\u00fcr ein einfaches Upgrade von ECA auf L\u00f6tstringer.<\/li>\n<\/ul>\n<p>[\/vc_column_text][\/vc_column][vc_column width=&#8220;2\/5&#8243;][vc_column_text]<\/p>\n<h3><span style=\"color: #e20026;\"><img decoding=\"async\" class=\"alignnone wp-image-22325 size-full\" src=\"https:\/\/www.mondragon-assembly.com\/wp-content\/uploads\/2019\/06\/icon-advantages.jpg\" alt=\"\" width=\"41\" height=\"41\" \/> Vorteile<\/span><\/h3>\n<p>[\/vc_column_text][vc_column_text el_class=&#8220;icon_list&#8220;]<\/p>\n<ul>\n<li>Sichtkontrolle der Zellposition und -qualit\u00e4t zur<br \/>\nErh\u00f6hung der Maschinenbetriebszeit<\/li>\n<li>\u00dcberwachter Dosiertechnik und<br \/>\nAutokorrektursystem<\/li>\n<li>Einfache Nachr\u00fcstung von L\u00f6tstringern<\/li>\n<li>Einfache Integration in das MES-System<\/li>\n<li>Minimierter Platzbedarf in der Fabrik<\/li>\n<li>Zeitsteuerung f\u00fcr Autodiagnose<\/li>\n<li>Modularer Aufbau mit verschiedenen Optionen<\/li>\n<li>Patentierter kontinuierlicher Stringing-Prozess<\/li>\n<\/ul>\n<p>[\/vc_column_text][\/vc_column][\/vc_row][vc_row full_width=&#8220;stretch_row_content&#8220;][vc_column width=&#8220;1\/5&#8243;][\/vc_column][vc_column width=&#8220;2\/5&#8243;][vc_column_text]<\/p>\n<h3><span style=\"color: #e20026;\"><img decoding=\"async\" class=\"alignnone wp-image-22233 size-full\" src=\"https:\/\/www.mondragon-assembly.com\/wp-content\/uploads\/2019\/06\/icon-main-features.jpg\" alt=\"\" width=\"41\" height=\"41\" \/> Wichtigste Eigenschaften<\/span><\/h3>\n<p>[\/vc_column_text][vc_column_text el_class=&#8220;icon_list&#8220;]<\/p>\n<ul>\n<li>Aush\u00e4rtung: Heizplatten von unten oder optionaler IR-Heizung von oben<\/li>\n<li>Anti-Bombierungssysteme zur Verbesserung der Geradheit des Tabs<\/li>\n<li>Flexibilit\u00e4t f\u00fcr die Verarbeitung unterschiedlicher Zellmodelle und<br \/>\nAbmessungen mit minimaler Umr\u00fcstzeit<\/li>\n<li>Pr\u00e4zise Dosiertechnik f\u00fcr die Vorder- und R\u00fcckseite der Zelle<\/li>\n<li>Kontrolle von Position und Qualit\u00e4t der Zelle. Automatischer Stopp,<br \/>\nwenn Zellbruch erkannt wird, Unterst\u00fctzung bei der Ausrichtung<\/li>\n<li>Temperaturkontrolle der Zelle mit mehreren Stufen<\/li>\n<li>Bruchrate &lt; 0,2 %<\/li>\n<li>Verf\u00fcgbarkeit (VDI 3423) &gt; 95%<\/li>\n<\/ul>\n<p>[\/vc_column_text][\/vc_column][vc_column width=&#8220;2\/5&#8243;][vc_column_text]<\/p>\n<h3><span style=\"color: #e20026;\"><img decoding=\"async\" class=\"alignnone wp-image-25046 size-full\" src=\"https:\/\/www.mondragon-assembly.com\/wp-content\/uploads\/2020\/10\/icon-module-technology.jpg\" alt=\"\" width=\"41\" height=\"41\" \/> Modultechnologien<\/span><\/h3>\n<p>[\/vc_column_text][vc_column_text css=&#8220;&#8220; el_class=&#8220;icon_list&#8220;]<\/p>\n<ul>\n<li>Zellengr\u00f6\u00dfe bis zu M12+<\/li>\n<li>Bis zu 22BB<\/li>\n<li>Flachband oder Runddraht<\/li>\n<li>Geeignet f\u00fcr geschnittene Zellen<\/li>\n<li>Zelltypen: HJT, Tandem, Perowskite<\/li>\n<li>Geeignet f\u00fcr BIPV-Module<\/li>\n<\/ul>\n<p>[\/vc_column_text][\/vc_column][\/vc_row]<\/p>\n<\/div>","protected":false},"excerpt":{"rendered":"<p>[vc_row][vc_column][vc_column_text]Hochgeschwindigkeits-Tabber &amp; Stringer mit einer Kapazit\u00e4t von 1600 Zellen\/Stunde.[\/vc_column_text][\/vc_column][\/vc_row][vc_row][vc_column][vc_single_image image=&#8220;52626&#8243; img_size=&#8220;full&#8220; alignment=&#8220;center&#8220; style=&#8220;vc_box_outline&#8220; css_animation=&#8220;fadeIn&#8220;][\/vc_column][\/vc_row][vc_row full_width=&#8220;stretch_row_content&#8220; css=&#8220;.vc_custom_1705577278886{padding-right: 70px !important;padding-left: 70px !important;}&#8220;][vc_column width=&#8220;1\/6&#8243;][vc_row_inner][vc_column_inner width=&#8220;1\/4&#8243; css=&#8220;.vc_custom_1619414773728{padding-right: 0px !important;}&#8220; offset=&#8220;vc_col-xs-3&#8243;][vc_single_image image=&#8220;22017&#8243; img_size=&#8220;full&#8220;][\/vc_column_inner][vc_column_inner width=&#8220;3\/4&#8243; css=&#8220;.vc_custom_1619414782465{padding-left: 3px !important;}&#8220; offset=&#8220;vc_col-xs-9&#8243;][vc_column_text] 1600 Zellen\/Stunde [\/vc_column_text][\/vc_column_inner][\/vc_row_inner][\/vc_column][vc_column width=&#8220;1\/6&#8243;][vc_row_inner][vc_column_inner width=&#8220;1\/4&#8243; css=&#8220;.vc_custom_1619414817940{padding-right: 0px !important;}&#8220; offset=&#8220;vc_col-xs-3&#8243;][vc_single_image image=&#8220;22277&#8243; img_size=&#8220;full&#8220;][\/vc_column_inner][vc_column_inner width=&#8220;3\/4&#8243; css=&#8220;.vc_custom_1619414825937{padding-left: 3px !important;}&#8220; offset=&#8220;vc_col-xs-9&#8243;][vc_column_text css=&#8220;&#8220;] Bis zu 22BB [\/vc_column_text][\/vc_column_inner][\/vc_row_inner][\/vc_column][vc_column width=&#8220;1\/6&#8243;][vc_row_inner [&hellip;]<\/p>\n","protected":false},"author":4,"featured_media":0,"parent":27021,"menu_order":0,"comment_status":"closed","ping_status":"closed","template":"sectors.php","meta":{"_lmt_disableupdate":"","_lmt_disable":"","footnotes":""},"yst_prominent_words":[],"class_list":["post-66938","page","type-page","status-publish","hentry"],"acf":[],"_links":{"self":[{"href":"https:\/\/www.mondragon-assembly.com\/de\/wp-json\/wp\/v2\/pages\/66938","targetHints":{"allow":["GET"]}}],"collection":[{"href":"https:\/\/www.mondragon-assembly.com\/de\/wp-json\/wp\/v2\/pages"}],"about":[{"href":"https:\/\/www.mondragon-assembly.com\/de\/wp-json\/wp\/v2\/types\/page"}],"author":[{"embeddable":true,"href":"https:\/\/www.mondragon-assembly.com\/de\/wp-json\/wp\/v2\/users\/4"}],"replies":[{"embeddable":true,"href":"https:\/\/www.mondragon-assembly.com\/de\/wp-json\/wp\/v2\/comments?post=66938"}],"version-history":[{"count":7,"href":"https:\/\/www.mondragon-assembly.com\/de\/wp-json\/wp\/v2\/pages\/66938\/revisions"}],"predecessor-version":[{"id":71896,"href":"https:\/\/www.mondragon-assembly.com\/de\/wp-json\/wp\/v2\/pages\/66938\/revisions\/71896"}],"up":[{"embeddable":true,"href":"https:\/\/www.mondragon-assembly.com\/de\/wp-json\/wp\/v2\/pages\/27021"}],"wp:attachment":[{"href":"https:\/\/www.mondragon-assembly.com\/de\/wp-json\/wp\/v2\/media?parent=66938"}],"wp:term":[{"taxonomy":"yst_prominent_words","embeddable":true,"href":"https:\/\/www.mondragon-assembly.com\/de\/wp-json\/wp\/v2\/yst_prominent_words?post=66938"}],"curies":[{"name":"wp","href":"https:\/\/api.w.org\/{rel}","templated":true}]}}