{"id":12639,"date":"2016-05-26T08:17:37","date_gmt":"2016-05-26T07:17:37","guid":{"rendered":"https:\/\/www.mondragon-assembly.com\/es-mx\/?page_id=12639"},"modified":"2016-06-27T10:07:08","modified_gmt":"2016-06-27T08:07:08","slug":"politica-de-cookies","status":"publish","type":"page","link":"https:\/\/www.mondragon-assembly.com\/es-mx\/politica-de-cookies\/","title":{"rendered":"Pol\u00edtica de cookies"},"content":{"rendered":"<div class=\"wpb-content-wrapper\"><p>[vc_row][vc_column][vc_separator][vc_column_text]<\/p>\n<h3>INFORMACI\u00d3N \u00daTIL SOBRE EL USO DE COOKIES EN ESTE SITIO WEB<\/h3>\n<p>En cumplimiento con lo establecido en el art\u00edculo 22.2 de la Ley de Servicios de la Sociedad de la Informaci\u00f3n y del Comercio Electr\u00f3nico (LSSI) y en adecuaci\u00f3n con la Directiva Europea 2009\/136\/CE, MONDRAGON ASSEMBLY, S.COOP. le informa que este sitio Web acepta el uso de cookies.<\/p>\n<h4><span style=\"text-decoration: underline; color: #e20026;\">\u00bfQu\u00e9 son las cookies?<\/span><\/h4>\n<p>Una cookie es un peque\u00f1o fichero de texto que almacena informaci\u00f3n \u00fatil en el disco duro de su ordenador. Cada vez que visite este sitio Web, nuestro servidor reconocer\u00e1 la cookie y nos proporcionar\u00e1 informaci\u00f3n sobre su \u00faltima visita.<\/p>\n<h4><span style=\"text-decoration: underline; color: #e20026;\">\u00bfPuedo evitar el almacenamiento de cookies en mi ordenador?<\/span><\/h4>\n<p>La mayor\u00eda de los navegadores aceptan la utilizaci\u00f3n de cookies de forma autom\u00e1tica, pero usted puede modificar la configuraci\u00f3n del navegador para que no lo haga.<\/p>\n<h4><span style=\"text-decoration: underline;\"><span style=\"color: #e20026; text-decoration: underline;\">\u00bfQu\u00e9 tipo de cookies utiliza este sitio Web?<\/span><\/span><\/h4>\n<p>En concreto, MONDRAGON ASSEMBLY, S.COOP. utiliza las siguientes cookies:<\/p>\n<p><strong>Cookies anal\u00edticas<\/strong>.- Las cookies anal\u00edticas recogen informaci\u00f3n para evaluar el uso que usted hace de la Web y la actividad general de la misma. La anal\u00edtica de la Web es la medida, recolecci\u00f3n, an\u00e1lisis y creaci\u00f3n de informes de los datos de Internet con el prop\u00f3sito de entender y optimizar el uso de sitio Web. Este tipo de cookies se utilizan en el dominio \u201cmondragon-assembly.com\u201d.<\/p>\n<p><strong>Cookies sociales<\/strong>.- Las cookies sociales son necesarias para las redes sociales externas (Facebook, Google y Twitter). Su funci\u00f3n es controlar la interacci\u00f3n con los widgets sociales dentro de la p\u00e1gina. Este tipo de cookies se utilizan en los dominios \u201cfacebook.com\u201d, \u201cgoogle.com\u201d y \u201ctwitter.com\u201d.<\/p>\n<p><strong>Cookies t\u00e9cnicas<\/strong>.- Las cookies t\u00e9cnicas son las estrictamente necesarias para el uso de este sitio Web. Este tipo de cookies se utilizan en el dominio \u201cmondragon-assembly.com\u201d.<\/p>\n<p><strong>Cookies funcionales<\/strong>.- Las cookies funcionales son las estrictamente necesarias para proporcionar los servicios solicitados por los usuarios en este sitio Web. Este tipo de cookies se utilizan en el dominio \u201cmondragon-assembly.com\u201d.<\/p>\n<p>Si en alg\u00fan momento desea hacernos llegar alg\u00fan comentario o solicitar m\u00e1s informaci\u00f3n sobre el uso de cookies en nuestro sitio Web, puede notific\u00e1rnoslo por correo electr\u00f3nico a la direcci\u00f3n\u00a0<a href=\"mailto:info@mondragon-assembly.com\">info@mondragon-assembly.com<\/a>[\/vc_column_text][\/vc_column][\/vc_row]<\/p>\n<\/div>","protected":false},"excerpt":{"rendered":"<p>[vc_row][vc_column][vc_separator][vc_column_text] INFORMACI\u00d3N \u00daTIL SOBRE EL USO DE COOKIES EN ESTE SITIO WEB En cumplimiento con lo establecido en el art\u00edculo 22.2 de la Ley de Servicios de la Sociedad de la Informaci\u00f3n y del Comercio Electr\u00f3nico (LSSI) y en adecuaci\u00f3n con la Directiva Europea 2009\/136\/CE, MONDRAGON ASSEMBLY, S.COOP. le informa que este sitio Web acepta [&hellip;]<\/p>\n","protected":false},"author":4,"featured_media":0,"parent":0,"menu_order":0,"comment_status":"closed","ping_status":"closed","template":"sectors.php","meta":{"_lmt_disableupdate":"","_lmt_disable":"","footnotes":""},"yst_prominent_words":[],"class_list":["post-12639","page","type-page","status-publish","hentry"],"acf":[],"_links":{"self":[{"href":"https:\/\/www.mondragon-assembly.com\/es-mx\/wp-json\/wp\/v2\/pages\/12639","targetHints":{"allow":["GET"]}}],"collection":[{"href":"https:\/\/www.mondragon-assembly.com\/es-mx\/wp-json\/wp\/v2\/pages"}],"about":[{"href":"https:\/\/www.mondragon-assembly.com\/es-mx\/wp-json\/wp\/v2\/types\/page"}],"author":[{"embeddable":true,"href":"https:\/\/www.mondragon-assembly.com\/es-mx\/wp-json\/wp\/v2\/users\/4"}],"replies":[{"embeddable":true,"href":"https:\/\/www.mondragon-assembly.com\/es-mx\/wp-json\/wp\/v2\/comments?post=12639"}],"version-history":[{"count":1,"href":"https:\/\/www.mondragon-assembly.com\/es-mx\/wp-json\/wp\/v2\/pages\/12639\/revisions"}],"predecessor-version":[{"id":12648,"href":"https:\/\/www.mondragon-assembly.com\/es-mx\/wp-json\/wp\/v2\/pages\/12639\/revisions\/12648"}],"wp:attachment":[{"href":"https:\/\/www.mondragon-assembly.com\/es-mx\/wp-json\/wp\/v2\/media?parent=12639"}],"wp:term":[{"taxonomy":"yst_prominent_words","embeddable":true,"href":"https:\/\/www.mondragon-assembly.com\/es-mx\/wp-json\/wp\/v2\/yst_prominent_words?post=12639"}],"curies":[{"name":"wp","href":"https:\/\/api.w.org\/{rel}","templated":true}]}}