{"id":12652,"date":"2016-05-26T08:17:09","date_gmt":"2016-05-26T06:17:09","guid":{"rendered":"https:\/\/www.mondragon-assembly.com\/es-mx\/?page_id=12652"},"modified":"2016-06-27T10:11:36","modified_gmt":"2016-06-27T08:11:36","slug":"politica-de-privacidad","status":"publish","type":"page","link":"https:\/\/www.mondragon-assembly.com\/es-mx\/politica-de-privacidad\/","title":{"rendered":"Pol\u00edtica de privacidad"},"content":{"rendered":"<div class=\"wpb-content-wrapper\"><p>[vc_row][vc_column][vc_separator][vc_column_text]<span style=\"text-decoration: underline; color: #e20026;\">PROTECCI\u00d3N DATOS PERSONALES<\/span><br \/>\nA trav\u00e9s de la p\u00e1gina Web de Mondragon Assembly S.Coop. no se recoge ning\u00fan Dato Personal sin su conocimiento, ni se ceden a terceros.<\/p>\n<p><span style=\"text-decoration: underline; color: #e20026;\">CONTACTOS<\/span><br \/>\nEn Mondragon Assembly S.Coop. estamos especialmente preocupados por la Seguridad y por asegurar la Confidencialidad de los datos aportados por nuestros clientes\/usuarios; por ello garantizamos la Seguridad y Confidencialidad de la informaci\u00f3n que nos facilite.<br \/>\nLos Datos de car\u00e1cter personal que se facilitan por correo electr\u00f3nico mediante el formulario disponible en la secci\u00f3n Contactos no quedan registrados en Ficheros o Bases de Datos alguna, recogi\u00e9ndose \u00fanicamente con la finalidad de dar respuesta a la solicitud.<br \/>\nEn cumplimiento del art\u00edculo 4 de la Ley Org\u00e1nica 15\/1999, del 13 de Diciembre, de Protecci\u00f3n de Datos de Car\u00e1cter Personal (LOPD), estos datos se cancelar\u00e1n una vez cumplida la finalidad para la cual han sido recabados.<\/p>\n<p><span style=\"text-decoration: underline; color: #e20026;\">ENLACES<\/span><br \/>\nLa Pol\u00edtica de Privacidad aqu\u00ed expuesta es de aplicaci\u00f3n a la p\u00e1gina Web de Mondragon Assembly S.Coop. y no se garantiza en los accesos a trav\u00e9s de enlaces con este sitio, ni a los enlaces desde este sitio con otras webs.[\/vc_column_text][\/vc_column][\/vc_row]<\/p>\n<\/div>","protected":false},"excerpt":{"rendered":"<p>[vc_row][vc_column][vc_separator][vc_column_text]PROTECCI\u00d3N DATOS PERSONALES A trav\u00e9s de la p\u00e1gina Web de Mondragon Assembly S.Coop. no se recoge ning\u00fan Dato Personal sin su conocimiento, ni se ceden a terceros. CONTACTOS En Mondragon Assembly S.Coop. estamos especialmente preocupados por la Seguridad y por asegurar la Confidencialidad de los datos aportados por nuestros clientes\/usuarios; por ello garantizamos la Seguridad [&hellip;]<\/p>\n","protected":false},"author":4,"featured_media":0,"parent":0,"menu_order":0,"comment_status":"closed","ping_status":"closed","template":"sectors.php","meta":{"_lmt_disableupdate":"","_lmt_disable":"","footnotes":""},"yst_prominent_words":[],"class_list":["post-12652","page","type-page","status-publish","hentry"],"acf":[],"_links":{"self":[{"href":"https:\/\/www.mondragon-assembly.com\/es-mx\/wp-json\/wp\/v2\/pages\/12652","targetHints":{"allow":["GET"]}}],"collection":[{"href":"https:\/\/www.mondragon-assembly.com\/es-mx\/wp-json\/wp\/v2\/pages"}],"about":[{"href":"https:\/\/www.mondragon-assembly.com\/es-mx\/wp-json\/wp\/v2\/types\/page"}],"author":[{"embeddable":true,"href":"https:\/\/www.mondragon-assembly.com\/es-mx\/wp-json\/wp\/v2\/users\/4"}],"replies":[{"embeddable":true,"href":"https:\/\/www.mondragon-assembly.com\/es-mx\/wp-json\/wp\/v2\/comments?post=12652"}],"version-history":[{"count":1,"href":"https:\/\/www.mondragon-assembly.com\/es-mx\/wp-json\/wp\/v2\/pages\/12652\/revisions"}],"predecessor-version":[{"id":12653,"href":"https:\/\/www.mondragon-assembly.com\/es-mx\/wp-json\/wp\/v2\/pages\/12652\/revisions\/12653"}],"wp:attachment":[{"href":"https:\/\/www.mondragon-assembly.com\/es-mx\/wp-json\/wp\/v2\/media?parent=12652"}],"wp:term":[{"taxonomy":"yst_prominent_words","embeddable":true,"href":"https:\/\/www.mondragon-assembly.com\/es-mx\/wp-json\/wp\/v2\/yst_prominent_words?post=12652"}],"curies":[{"name":"wp","href":"https:\/\/api.w.org\/{rel}","templated":true}]}}