{"id":14893,"date":"2016-12-21T12:04:11","date_gmt":"2016-12-21T10:04:11","guid":{"rendered":"https:\/\/www.mondragon-assembly.com\/?page_id=14893\/"},"modified":"2017-10-11T12:04:22","modified_gmt":"2017-10-11T10:04:22","slug":"tabber-stringer-single-track-mts-2500","status":"publish","type":"page","link":"https:\/\/www.mondragon-assembly.com\/es-mx\/tabber-stringer-single-track-mts-2500\/","title":{"rendered":"Tabber and Stringer Single Track MTS 2500"},"content":{"rendered":"<div class=\"wpb-content-wrapper\"><p>[vc_row][vc_column width=&#8221;1\/2&#8243;][vc_column_text]Tabber and Stringer de alto rendimiento equipada con una \u00fanica cinta de soldadura (Single Track).<\/p>\n<h4><\/h4>\n<p>[\/vc_column_text][vc_column_text el_class=&#8221;title_lineas&#8221;]<\/p>\n<h4><span style=\"color: #e20026;\">Descripci\u00f3n<\/span><\/h4>\n<p>[\/vc_column_text][vc_column_text]Su innovador sistema de interconexi\u00f3n permite a la Tabber MTS 2500 alcanzar una capacidad de producci\u00f3n neta de 2400 c\u00e9lulas\/hora, lo que la convierte en la m\u00e1s r\u00e1pida del mercado.<\/p>\n<p>La Tabber MTS 2500 est\u00e1 dise\u00f1ada para procesar c\u00e9lulas de distintas tecnolog\u00edas y tama\u00f1os, y es capaz de soldar c\u00e9lulas de hasta 8 bus bar. Gracias a su compacto dise\u00f1o solo requiere de 7.5m<sup>2<\/sup>.<\/p>\n<p>Disponible la soluci\u00f3n MTS 5000 para conseguir una producci\u00f3n neta de 4800 c\u00e9lulas\/hora, m\u00e1s de 180Mw\/a\u00f1o.[\/vc_column_text][\/vc_column][vc_column width=&#8221;1\/2&#8243;][vc_gallery interval=&#8221;3&#8243; images=&#8221;14822&#8243; img_size=&#8221;full&#8221;][vc_column_text css=&#8221;.vc_custom_1507716256608{margin-top: -70px !important;}&#8221; el_class=&#8221;youtubemodal&#8221;]<\/p>\n<h4><a href=\"https:\/\/www.youtube.com\/embed\/nrRoODpzbqA\"><img decoding=\"async\" class=\"alignnone wp-image-15035 size-full\" src=\"https:\/\/www.mondragon-assembly.com\/wp-content\/uploads\/2016\/12\/YouTube-icon.png\" width=\"30\" height=\"21\" \/><\/a>\u00a0<a href=\"https:\/\/www.youtube.com\/embed\/nrRoODpzbqA\">V\u00eddeo<\/a><\/h4>\n<p>[\/vc_column_text][\/vc_column][\/vc_row][vc_row][vc_column][vc_column_text el_class=&#8221;title_lineas&#8221;]<\/p>\n<h4><span style=\"color: #e20026;\">Ventajas<\/span><\/h4>\n<p>[\/vc_column_text][vc_column_text el_class=&#8221;icon_list&#8221;]<\/p>\n<ul>\n<li>Alta producci\u00f3n, con una \u00fanica Tabber 90 MW\/a\u00f1o.<\/li>\n<li>Maquina compacta solo requiere de 7,5 m2. Permite al usuario optimizar el espacio de producci\u00f3n.<\/li>\n<li>Producci\u00f3n homog\u00e9nea y estable, todos los strings son fabricados en un una \u00fanica cinta de soldadura.<\/li>\n<li>Capaz de solar c\u00e9lulas de hasta 8BB.<\/li>\n<li>Compatible con distintas tecnolog\u00edas de c\u00e9lulas y tama\u00f1os.<\/li>\n<li>\u00cdndice de ruptura menor al 0,2%<\/li>\n<\/ul>\n<p>[\/vc_column_text][vc_column_text el_class=&#8221;title_lineas&#8221;]<\/p>\n<h4><span style=\"color: #e20026;\">Caracter\u00edsticas principales<\/span><\/h4>\n<p>[\/vc_column_text][vc_column_text el_class=&#8221;icon_list&#8221;]<\/p>\n<ul>\n<li>Soldadura IR sin contacto para no generar stress en la c\u00e9lula<\/li>\n<li>Control de temperatura de c\u00e9lulas para asegurar una buena soldadura<\/li>\n<li>Control inteligente del proceso: los diferentes par\u00e1metros se ajustan autom\u00e1ticamente<\/li>\n<li>Sistema de control de visi\u00f3n para chequear la calidad de c\u00e9lulas y apartar las defectuosas.<\/li>\n<\/ul>\n<p>[\/vc_column_text][\/vc_column][\/vc_row][vc_row][vc_column][vc_table vc_table_theme=&#8221;classic_pink&#8221;][bg#e20026;b]Par%C3%A1metros%20de%20la%20c%C3%A9lula,[bg#e20026]|Rango%20de%20dimensiones%20de%20la%20c%C3%A9lula,156%20%C3%97%20156%20mm.%20Es%20posible%20incorporar%20mejoras%20para%20el%20corte%20de%20c%C3%A9lulas%20de%20%C2%BD|Rango%20de%20espesores%20de%20la%20c%C3%A9lula,[c#5e5e5e]160%20-%20300%20%C2%B5m|Geometr%C3%ADa%20de%20la%20c%C3%A9lula,Cuadrada%20o%20pseudocuadrada%20(otras%20bajo%20pedido)%0ALa%20m%C3%A1quina%20se%20ajustar%C3%A1%20para%20una%20sola%20referencia|[c#ffffff;bg#e20026;b]Tabs,[bg#e20026]|N%C3%BAmero%20de%20tabs%20por%20c%C3%A9lula,2-3-4-5-6%20(hardware%20y%20ajuste%20para%20un%20solo%20tipo%20de%20c%C3%A9lula)(se%20a%C3%B1adir%C3%A1n%20opciones%20en%20caso%20de%20que%20sea%20necesario%205BB%20o%206BB)|Espacio%20entre%20tabs,2BB%3A%2078%20o%2075%3B%203BB%3A52%3B4BB%3A%2039%3B5BB%3B31%2C5%3B6BB%3A26|Ancho%20de%20tabs,%3E1%20mm|[bg#e20026;c#ffffff;b]Strings,[bg#e20026]|Longitud%20m%C3%A1x.%20de%20string,1960%20mm.|Distancia%20entre%20c%C3%A9lulas%20dentro%20del%20string,2%20-%2010%20mm%20(mayor%20bajo%20pedido)|Tab%20%2B%20longitud%20(trailing%20tab)%20(mm)(D),25-10|Tab%20%E2%80%93%20longitud%20(leading%20tab)%20(mm)%C2%A9,25-10|Tab%20a%20borde%20delantero%20de%20la%20c%C3%A9lula%20(mm)(F),4-2|Tab%20a%20borde%20posterior%20de%20la%20c%C3%A9lula%20(mm)(E),10-2|[bg#e20026;c#ffffff;b]Tabbing%20%26%20Stringing,[bg#e20026]|Alineaci%C3%B3n%20de%20c%C3%A9lulas,Sistema%20Visi%C3%B3n|M%C3%A9todo%20de%20aplicaci%C3%B3n%20de%20flujo,Autom%C3%A1tico%2C%20sin%20contacto|Proceso%20de%20soldadura,IR%20%2B%20placas%20calefactoras|[bg#e20026;b;c#ffffff]Prestaciones,[bg#e20026]|Producci%C3%B3n%20m%C3%A1x.%20%2F%20nominal,2400%2F2300%20c%C3%A9lulas%2Fh*|Relaci%C3%B3n%20promedio%20de%20rotura%20de%20c%C3%A9lulas,%3C0%2C2%20%25%20(con%20c%C3%A9lulas%20certificadas)|*%20Con%20condiciones%20de%20trabajo%20y%20materiales%20certificados%20por%20Mondragon%20Assembly.,|[bg#e20026;c#ffffff;b]Suministro%20de%20aire%20y%20electricidad,[bg#e20026]|Presi%C3%B3n%20y%20flujo%20de%20aire%20comprimido,5%20bares%20%20600%20Nl%2Fmin|Potencia%20instalada,40%20kW%20(trif%C3%A1sica%2C%20380-420%20V%2C%2050-60%20Hz)|Consumo%20de%20energ%C3%ADa%20durante%20el%20calentamiento.,Variable|Consumo%20de%20energ%C3%ADa.,13%20kWh%2Fh|Nivel%20de%20ruido,%3C80%20dB|[bg#e20026;c#ffffff;b]Dimensiones%20del%20sistema%20%2B,[bg#e20026;c#ffffff;b]|Peso,3000%20kg|L%20x%20A%20%C3%97%20H%20(ver%20p%C3%A1g.%2027),7%2C7%20%C3%97%201%2C6%20%C3%97%202%2C1%20m|[bg#e20026;c#ffffff;b]Control%20y%20software%20del%20sistema,[bg#e20026;c#ffffff;b]|Hardware,PLC%20Beckhoff%20con%20pantalla%20t%C3%A1ctil|Software%20que%20permite%20el%20diagn%C3%B3stico%20remoto%20,S%C3%AD[\/vc_table][\/vc_column][\/vc_row]<\/p>\n<\/div>","protected":false},"excerpt":{"rendered":"<p>[vc_row][vc_column width=&#8221;1\/2&#8243;][vc_column_text]Tabber and Stringer de alto rendimiento equipada con una \u00fanica cinta de soldadura (Single Track). [\/vc_column_text][vc_column_text el_class=&#8221;title_lineas&#8221;] Descripci\u00f3n [\/vc_column_text][vc_column_text]Su innovador sistema de interconexi\u00f3n permite a la Tabber MTS 2500 alcanzar una capacidad de producci\u00f3n neta de 2400 c\u00e9lulas\/hora, lo que la convierte en la m\u00e1s r\u00e1pida del mercado. La Tabber MTS 2500 est\u00e1 dise\u00f1ada [&hellip;]<\/p>\n","protected":false},"author":4,"featured_media":0,"parent":0,"menu_order":0,"comment_status":"closed","ping_status":"closed","template":"sectors.php","meta":{"_lmt_disableupdate":"","_lmt_disable":"","footnotes":""},"yst_prominent_words":[566,567,568,569,570,571,572,284,573,297,574,545,578,556,582,557,558,559,561,565],"class_list":["post-14893","page","type-page","status-publish","hentry"],"acf":[],"_links":{"self":[{"href":"https:\/\/www.mondragon-assembly.com\/es-mx\/wp-json\/wp\/v2\/pages\/14893","targetHints":{"allow":["GET"]}}],"collection":[{"href":"https:\/\/www.mondragon-assembly.com\/es-mx\/wp-json\/wp\/v2\/pages"}],"about":[{"href":"https:\/\/www.mondragon-assembly.com\/es-mx\/wp-json\/wp\/v2\/types\/page"}],"author":[{"embeddable":true,"href":"https:\/\/www.mondragon-assembly.com\/es-mx\/wp-json\/wp\/v2\/users\/4"}],"replies":[{"embeddable":true,"href":"https:\/\/www.mondragon-assembly.com\/es-mx\/wp-json\/wp\/v2\/comments?post=14893"}],"version-history":[{"count":5,"href":"https:\/\/www.mondragon-assembly.com\/es-mx\/wp-json\/wp\/v2\/pages\/14893\/revisions"}],"predecessor-version":[{"id":16636,"href":"https:\/\/www.mondragon-assembly.com\/es-mx\/wp-json\/wp\/v2\/pages\/14893\/revisions\/16636"}],"wp:attachment":[{"href":"https:\/\/www.mondragon-assembly.com\/es-mx\/wp-json\/wp\/v2\/media?parent=14893"}],"wp:term":[{"taxonomy":"yst_prominent_words","embeddable":true,"href":"https:\/\/www.mondragon-assembly.com\/es-mx\/wp-json\/wp\/v2\/yst_prominent_words?post=14893"}],"curies":[{"name":"wp","href":"https:\/\/api.w.org\/{rel}","templated":true}]}}