{"id":27012,"date":"2016-04-15T08:01:33","date_gmt":"2016-04-15T07:01:33","guid":{"rendered":"https:\/\/www.mondragon-assembly.com\/solar\/turnkey-lines-for-pv-module-manufacturing\/"},"modified":"2025-04-16T13:14:56","modified_gmt":"2025-04-16T12:14:56","slug":"turnkey-lines-for-pv-module-manufacturing","status":"publish","type":"page","link":"https:\/\/www.mondragon-assembly.com\/es-mx\/solar-automation-solutions\/turnkey-lines-for-pv-module-manufacturing\/","title":{"rendered":"L\u00edneas de producci\u00f3n llave en mano de m\u00f3dulos fotovoltaicos"},"content":{"rendered":"<div class=\"wpb-content-wrapper\"><p>[vc_row content_placement=&#8221;top&#8221; parallax=&#8221;content-moving&#8221; parallax_image=&#8221;25465&#8243; parallax_speed_bg=&#8221;1&#8243; css=&#8221;.vc_custom_1604313685741{margin-top: -25px !important;padding-top: 90px !important;padding-bottom: 110px !important;}&#8221;][vc_column][vc_row_inner][vc_column_inner][vc_column_text css=&#8221;.vc_custom_1618313319172{background-color: #ffffff !important;}&#8221; el_class=&#8221;txt_encima_foto&#8221;]<\/p>\n<h2 style=\"text-align: center;\"><strong>L\u00cdNEAS DE FABRICACI\u00d3N LLAVE EN MANO DE M\u00d3DULOS FOTOVOLTAICOS<\/strong><\/h2>\n<p>[\/vc_column_text][\/vc_column_inner][\/vc_row_inner][\/vc_column][\/vc_row][vc_row css=&#8221;.vc_custom_1604064744834{margin-top: -25px !important;}&#8221;][vc_column][vc_empty_space height=&#8221;20&#8243;][\/vc_column][\/vc_row][vc_row css=&#8221;.vc_custom_1604064744834{margin-top: -25px !important;}&#8221;][vc_column][vc_column_text css_animation=&#8221;appear&#8221; css=&#8221;.vc_custom_1616585582488{padding-top: 7px !important;padding-right: 20px !important;padding-bottom: 20px !important;padding-left: 20px !important;background-color: #f7f7f7 !important;}&#8221;]<\/p>\n<h3 style=\"text-align: center;\"><span style=\"color: #e40521;\">Somos los mejores colaboradores para ayudar a nuestros socios a competir en el Negocio Solar<\/span><\/h3>\n<h4 style=\"text-align: center;\">Las l\u00edneas llave en mano se ajustan a las necesidades de producci\u00f3n de cada cliente, ofreciendo soluciones dirigidas tanto a peque\u00f1os<br \/>\ncomo a grandes productores combinando distintos niveles de automatizaci\u00f3n.<\/h4>\n<p>[\/vc_column_text][\/vc_column][\/vc_row][vc_row][vc_column width=&#8221;2\/3&#8243;][vc_column_text el_class=&#8221;icon_list&#8221;]<\/p>\n<h4><span style=\"color: #2b3c46; font-weight: bold;\">Apropiadas para las arquitecturas de m\u00f3dulos fotovoltaicos y procesos de fabricaci\u00f3n de strings tanto presentes como futuros:<\/span><\/h4>\n<ul>\n<li>Tama\u00f1os de c\u00e9lulas: hasta M12 (210 mm)<\/li>\n<li>Soldadura y tecnolog\u00edas adhesivas<\/li>\n<li>BIPV<\/li>\n<li>Shingling<\/li>\n<li>Ribbon plano o hilo cil\u00edndrico<\/li>\n<li>C\u00e9lulas enteras y cortadas<\/li>\n<li>M\u00f3dulos monofaciales y bifaciales<\/li>\n<li>M\u00f3dulos de Cristal-Backsheet y de Cristal-Cristal<\/li>\n<\/ul>\n<p>[\/vc_column_text][\/vc_column][vc_column width=&#8221;1\/3&#8243;][vc_column_text el_class=&#8221;icon_list&#8221;]<\/p>\n<h4><span style=\"color: #2b3c46; font-weight: bold;\">Id\u00f3nea para cualquier tecnolog\u00eda de c\u00e9lula:<\/span><\/h4>\n<ul>\n<li>HJT (duplicidad de tecnolog\u00edas: soldadura y adhesivos conductivos)<\/li>\n<li>TOPCON<\/li>\n<li>PERT<\/li>\n<li>PERL<\/li>\n<li>PERC<\/li>\n<li>BSF<\/li>\n<li>Back contact<\/li>\n<\/ul>\n<p>[\/vc_column_text][\/vc_column][\/vc_row][vc_row][vc_column width=&#8221;2\/3&#8243;][vc_column_text el_class=&#8221;icon_list&#8221;]<\/p>\n<h4><span style=\"color: #2b3c46; font-weight: bold;\">Pueden ser adaptadas a cualquier soluci\u00f3n de fabricaci\u00f3n de m\u00f3dulos fotovoltaicos:<\/span><\/h4>\n<ul>\n<li>L\u00edneas modulares, de f\u00e1cil actualizaci\u00f3n a las nuevas tecnolog\u00edas, con una capacidad productiva f\u00e1cilmente escalable<\/li>\n<li>L\u00edneas flexibles de producci\u00f3n para una gran variedad de m\u00f3dulos solares y de tecnolog\u00edas c\u00e9lula<\/li>\n<\/ul>\n<p>[\/vc_column_text][\/vc_column][vc_column width=&#8221;1\/3&#8243;][vc_column_text el_class=&#8221;icon_list&#8221;]<\/p>\n<h4><span style=\"color: #2b3c46; font-weight: bold;\">Nuestras l\u00edneas llave en mano destacan por:<\/span><\/h4>\n<ul>\n<li>Ser l\u00edneas compactas que presentan una gran optimizaci\u00f3n del espacio necesario<\/li>\n<li>Disponer de un dise\u00f1o robusto que les permite funcionar las 24 horas del d\u00eda, 365 d\u00edas al a\u00f1o<\/li>\n<li>Ofrecer un bajo consumo de energ\u00eda y un mantenimiento sencillo<\/li>\n<li>Requerir una menor mano de obra para su operaci\u00f3n<\/li>\n<li>Incorporar un sistema integral de control de producci\u00f3n y de calidad<\/li>\n<\/ul>\n<p>[\/vc_column_text][\/vc_column][\/vc_row][vc_row][vc_column][vc_column_text css_animation=&#8221;appear&#8221; css=&#8221;.vc_custom_1611837454110{padding-top: 7px !important;padding-right: 20px !important;padding-bottom: 20px !important;padding-left: 20px !important;background-color: #f7f7f7 !important;}&#8221;]<\/p>\n<h3 style=\"text-align: center;\"><span style=\"color: #2b3c46; font-weight: bold;\">M\u00e1s de 20 a\u00f1os de excelente fiabilidad y apoyo estrecho garantizado<\/span><\/h3>\n<p>[\/vc_column_text][\/vc_column][\/vc_row][vc_row][vc_column][vc_empty_space height=&#8221;20px&#8221;][\/vc_column][\/vc_row][vc_row][vc_column width=&#8221;1\/2&#8243;][vc_column_text el_class=&#8221;icon_list_subt_gr&#8221;]<\/p>\n<h3><strong>L\u00cdNEA 50 MW<\/strong><\/h3>\n<p>[\/vc_column_text][vc_single_image image=&#8221;21895&#8243; img_size=&#8221;full&#8221; onclick=&#8221;custom_link&#8221; css_animation=&#8221;zoomInUp&#8221; css=&#8221;.vc_custom_1744805617608{border-top-width: 3px !important;border-right-width: 3px !important;border-bottom-width: 3px !important;border-left-width: 3px !important;border-left-style: solid !important;border-right-style: solid !important;border-top-style: solid !important;border-bottom-style: solid !important;border-color: #fce3e9 !important;}&#8221; link=&#8221;https:\/\/www.mondragon-assembly.com\/es-mx\/solar-automation-solutions\/turnkey-lines-for-pv-module-manufacturing\/50-mw-line\/&#8221;][\/vc_column][vc_column width=&#8221;1\/2&#8243;][vc_column_text el_class=&#8221;icon_list_subt_gr&#8221;]<\/p>\n<h3><strong>L\u00cdNEA 100 MW<\/strong><\/h3>\n<p>[\/vc_column_text][vc_single_image image=&#8221;25278&#8243; img_size=&#8221;full&#8221; onclick=&#8221;custom_link&#8221; css_animation=&#8221;zoomInUp&#8221; css=&#8221;.vc_custom_1744805632266{border-top-width: 3px !important;border-right-width: 3px !important;border-bottom-width: 3px !important;border-left-width: 3px !important;border-left-style: solid !important;border-right-style: solid !important;border-top-style: solid !important;border-bottom-style: solid !important;border-color: #fce3e9 !important;}&#8221; link=&#8221;https:\/\/www.mondragon-assembly.com\/es-mx\/solar-automation-solutions\/turnkey-lines-for-pv-module-manufacturing\/100-mw-line\/&#8221;][\/vc_column][\/vc_row][vc_row][vc_column][vc_empty_space][\/vc_column][\/vc_row][vc_row][vc_column width=&#8221;1\/2&#8243;][vc_column_text el_class=&#8221;icon_list_subt_gr&#8221;]<\/p>\n<h3><strong>L\u00cdNEA 150 MW<\/strong><\/h3>\n<p>[\/vc_column_text][vc_single_image image=&#8221;25296&#8243; img_size=&#8221;full&#8221; onclick=&#8221;custom_link&#8221; css_animation=&#8221;zoomInUp&#8221; css=&#8221;.vc_custom_1744805645887{border-top-width: 3px !important;border-right-width: 3px !important;border-bottom-width: 3px !important;border-left-width: 3px !important;border-left-style: solid !important;border-right-style: solid !important;border-top-style: solid !important;border-bottom-style: solid !important;border-color: #fce3e9 !important;}&#8221; link=&#8221;https:\/\/www.mondragon-assembly.com\/es-mx\/solar-automation-solutions\/turnkey-lines-for-pv-module-manufacturing\/150-mw-line\/&#8221;][\/vc_column][vc_column width=&#8221;1\/2&#8243;][vc_column_text el_class=&#8221;icon_list_subt_gr&#8221;]<\/p>\n<h3><strong>L\u00cdNEA 300 MW<\/strong><\/h3>\n<p>[\/vc_column_text][vc_single_image image=&#8221;25314&#8243; img_size=&#8221;full&#8221; onclick=&#8221;custom_link&#8221; css_animation=&#8221;zoomInUp&#8221; css=&#8221;.vc_custom_1744805658455{border-top-width: 3px !important;border-right-width: 3px !important;border-bottom-width: 3px !important;border-left-width: 3px !important;border-left-style: solid !important;border-right-style: solid !important;border-top-style: solid !important;border-bottom-style: solid !important;border-color: #fce3e9 !important;}&#8221; link=&#8221;https:\/\/www.mondragon-assembly.com\/es-mx\/solar-automation-solutions\/turnkey-lines-for-pv-module-manufacturing\/300-mw-line\/&#8221;][\/vc_column][\/vc_row][vc_row][vc_column][vc_empty_space][\/vc_column][\/vc_row][vc_row][vc_column width=&#8221;1\/2&#8243;][vc_column_text el_class=&#8221;icon_list_subt_gr&#8221;]<\/p>\n<h3><strong>L\u00cdNEA 600 MW<\/strong><\/h3>\n<p>[\/vc_column_text][vc_single_image image=&#8221;25332&#8243; img_size=&#8221;full&#8221; onclick=&#8221;custom_link&#8221; css_animation=&#8221;zoomInUp&#8221; css=&#8221;.vc_custom_1744805674996{border-top-width: 3px !important;border-right-width: 3px !important;border-bottom-width: 3px !important;border-left-width: 3px !important;border-left-style: solid !important;border-right-style: solid !important;border-top-style: solid !important;border-bottom-style: solid !important;border-color: #fce3e9 !important;}&#8221; link=&#8221;https:\/\/www.mondragon-assembly.com\/es-mx\/solar-automation-solutions\/turnkey-lines-for-pv-module-manufacturing\/600-mw-line\/&#8221;][\/vc_column][vc_column width=&#8221;1\/2&#8243;][vc_column_text el_class=&#8221;icon_list_subt_gr&#8221;]<\/p>\n<h3><strong>L\u00cdNEA 1200 MW<\/strong><\/h3>\n<p>[\/vc_column_text][vc_single_image image=&#8221;25350&#8243; img_size=&#8221;full&#8221; onclick=&#8221;custom_link&#8221; css_animation=&#8221;zoomInUp&#8221; css=&#8221;.vc_custom_1744805689930{border-top-width: 3px !important;border-right-width: 3px !important;border-bottom-width: 3px !important;border-left-width: 3px !important;border-left-style: solid !important;border-right-style: solid !important;border-top-style: solid !important;border-bottom-style: solid !important;border-color: #fce3e9 !important;}&#8221; link=&#8221;https:\/\/www.mondragon-assembly.com\/es-mx\/solar-automation-solutions\/turnkey-lines-for-pv-module-manufacturing\/1200-mw-line\/&#8221;][\/vc_column][\/vc_row][vc_row][vc_column][vc_empty_space][\/vc_column][\/vc_row]<\/p>\n<\/div>","protected":false},"excerpt":{"rendered":"<p>[vc_row content_placement=&#8221;top&#8221; parallax=&#8221;content-moving&#8221; parallax_image=&#8221;25465&#8243; parallax_speed_bg=&#8221;1&#8243; css=&#8221;.vc_custom_1604313685741{margin-top: -25px !important;padding-top: 90px !important;padding-bottom: 110px !important;}&#8221;][vc_column][vc_row_inner][vc_column_inner][vc_column_text css=&#8221;.vc_custom_1618313319172{background-color: #ffffff !important;}&#8221; el_class=&#8221;txt_encima_foto&#8221;] L\u00cdNEAS DE FABRICACI\u00d3N LLAVE EN MANO DE M\u00d3DULOS FOTOVOLTAICOS [\/vc_column_text][\/vc_column_inner][\/vc_row_inner][\/vc_column][\/vc_row][vc_row css=&#8221;.vc_custom_1604064744834{margin-top: -25px !important;}&#8221;][vc_column][vc_empty_space height=&#8221;20&#8243;][\/vc_column][\/vc_row][vc_row css=&#8221;.vc_custom_1604064744834{margin-top: -25px !important;}&#8221;][vc_column][vc_column_text css_animation=&#8221;appear&#8221; css=&#8221;.vc_custom_1616585582488{padding-top: 7px !important;padding-right: 20px !important;padding-bottom: 20px !important;padding-left: 20px !important;background-color: #f7f7f7 !important;}&#8221;] Somos los mejores colaboradores para ayudar a nuestros socios a [&hellip;]<\/p>\n","protected":false},"author":4,"featured_media":0,"parent":31258,"menu_order":0,"comment_status":"closed","ping_status":"closed","template":"sectors.php","meta":{"_lmt_disableupdate":"","_lmt_disable":"","footnotes":""},"yst_prominent_words":[260,261,746,996,997,998,1004,1006,1012,1867,2148,3204,3483,254,259],"class_list":["post-27012","page","type-page","status-publish","hentry"],"acf":[],"_links":{"self":[{"href":"https:\/\/www.mondragon-assembly.com\/es-mx\/wp-json\/wp\/v2\/pages\/27012","targetHints":{"allow":["GET"]}}],"collection":[{"href":"https:\/\/www.mondragon-assembly.com\/es-mx\/wp-json\/wp\/v2\/pages"}],"about":[{"href":"https:\/\/www.mondragon-assembly.com\/es-mx\/wp-json\/wp\/v2\/types\/page"}],"author":[{"embeddable":true,"href":"https:\/\/www.mondragon-assembly.com\/es-mx\/wp-json\/wp\/v2\/users\/4"}],"replies":[{"embeddable":true,"href":"https:\/\/www.mondragon-assembly.com\/es-mx\/wp-json\/wp\/v2\/comments?post=27012"}],"version-history":[{"count":12,"href":"https:\/\/www.mondragon-assembly.com\/es-mx\/wp-json\/wp\/v2\/pages\/27012\/revisions"}],"predecessor-version":[{"id":76503,"href":"https:\/\/www.mondragon-assembly.com\/es-mx\/wp-json\/wp\/v2\/pages\/27012\/revisions\/76503"}],"up":[{"embeddable":true,"href":"https:\/\/www.mondragon-assembly.com\/es-mx\/wp-json\/wp\/v2\/pages\/31258"}],"wp:attachment":[{"href":"https:\/\/www.mondragon-assembly.com\/es-mx\/wp-json\/wp\/v2\/media?parent=27012"}],"wp:term":[{"taxonomy":"yst_prominent_words","embeddable":true,"href":"https:\/\/www.mondragon-assembly.com\/es-mx\/wp-json\/wp\/v2\/yst_prominent_words?post=27012"}],"curies":[{"name":"wp","href":"https:\/\/api.w.org\/{rel}","templated":true}]}}