{"id":27022,"date":"2016-04-15T08:54:41","date_gmt":"2016-04-15T07:54:41","guid":{"rendered":"https:\/\/www.mondragon-assembly.com\/tabber-and-stringer\/"},"modified":"2025-05-14T10:55:58","modified_gmt":"2025-05-14T09:55:58","slug":"tabber-and-stringer","status":"publish","type":"page","link":"https:\/\/www.mondragon-assembly.com\/es-mx\/solar-automation-solutions\/individual-equipment-2\/tabber-and-stringer\/","title":{"rendered":"Tabber &#038; Stringers"},"content":{"rendered":"<div class=\"wpb-content-wrapper\"><p>[vc_row][vc_column][vc_column_text]Nuestras Tabber &amp; Stringers son precisas, fiables y f\u00e1ciles de manejar. Nuestra bien acreditada tecnolog\u00eda, combinada con un dise\u00f1o modular, y unas caracter\u00edsticas avanzadas, son factores clave que proporcionan un costo total de propiedad muy reducido combinado con una elevada productividad.<\/p>\n<p>Disponemos de una amplia variedad de Tabber &amp; Stringers que se adaptan a cualquier necesidad productiva.[\/vc_column_text][\/vc_column][\/vc_row][vc_row][vc_column][vc_single_image image=&#8221;45781&#8243; img_size=&#8221;full&#8221; alignment=&#8221;center&#8221; style=&#8221;vc_box_outline&#8221; onclick=&#8221;custom_link&#8221; css_animation=&#8221;fadeIn&#8221;][\/vc_column][\/vc_row][vc_row full_width=&#8221;stretch_row_content&#8221; css=&#8221;.vc_custom_1605009570719{margin-top: -25px !important;}&#8221;][vc_column width=&#8221;1\/5&#8243;][\/vc_column][vc_column width=&#8221;2\/5&#8243;][vc_column_text]<\/p>\n<h3><span style=\"color: #e20026;\"><img decoding=\"async\" class=\"alignnone size-full wp-image-22215\" src=\"https:\/\/www.mondragon-assembly.com\/wp-content\/uploads\/2019\/06\/icon-description.jpg\" alt=\"\" width=\"41\" height=\"41\" \/> Descripci\u00f3n<\/span><\/h3>\n<p>[\/vc_column_text][vc_column_text]Nuestras Tabber &amp; Stringers sueldan c\u00e9lulas fotovoltaicas con ribbon plano o hilo para interconectarlas el\u00e9ctricamente y crear strings. Posteriormente se colocar\u00e1n en el lay-up inmediatamente despu\u00e9s del proceso de stringing.[\/vc_column_text][\/vc_column][vc_column width=&#8221;2\/5&#8243;][vc_column_text]<\/p>\n<h3><span style=\"color: #e20026;\"><img decoding=\"async\" class=\"alignnone wp-image-22325 size-full\" src=\"https:\/\/www.mondragon-assembly.com\/wp-content\/uploads\/2019\/06\/icon-advantages.jpg\" alt=\"\" width=\"41\" height=\"41\" \/> Ventajas<\/span><\/h3>\n<p>[\/vc_column_text][vc_column_text el_class=&#8221;icon_list&#8221;]<\/p>\n<ul>\n<li>M\u00ednimo tiempo de cambio<\/li>\n<li>Control de calidad avanzado de las c\u00e9lulas y los strings<\/li>\n<li>F\u00e1cil integraci\u00f3n con el sistema MES<\/li>\n<li>Autodiagn\u00f3stico<\/li>\n<li>Ergon\u00f3mico, f\u00e1cil acceso a todas las piezas de la m\u00e1quina<\/li>\n<li>Una m\u00e1quina peque\u00f1a f\u00e1cil de montar y que optimiza el espacio<\/li>\n<li>Proceso patentado de string continuo<\/li>\n<\/ul>\n<p>[\/vc_column_text][\/vc_column][\/vc_row][vc_row full_width=&#8221;stretch_row_content&#8221;][vc_column width=&#8221;1\/5&#8243;][\/vc_column][vc_column width=&#8221;2\/5&#8243;][vc_column_text]<\/p>\n<h3><span style=\"color: #e20026;\"><img decoding=\"async\" class=\"alignnone wp-image-22233 size-full\" src=\"https:\/\/www.mondragon-assembly.com\/wp-content\/uploads\/2019\/06\/icon-main-features.jpg\" alt=\"\" width=\"41\" height=\"41\" \/> Caracter\u00edsticas principales<\/span><\/h3>\n<p>[\/vc_column_text][vc_column_text el_class=&#8221;icon_list&#8221;]<\/p>\n<ul>\n<li>Tecnolog\u00eda de soldadura IR sin contacto<\/li>\n<li>Sistema de distribuci\u00f3n de flux sin contacto<\/li>\n<li>Cinta servomotorizada<\/li>\n<li>Sistemas anti-camber para mejorar la rigidez del ribbon<\/li>\n<li>Multiplicidad de recetas para diferentes procesos<\/li>\n<li>Control de posicionamiento de las c\u00e9lulas y verificaci\u00f3n por visi\u00f3n del string<\/li>\n<li>Control de temperatura de las c\u00e9lulas en varias fases<\/li>\n<\/ul>\n<p>[\/vc_column_text][\/vc_column][vc_column width=&#8221;2\/5&#8243;][vc_column_text]<\/p>\n<h3><span style=\"color: #e20026;\"><img decoding=\"async\" class=\"alignnone wp-image-25046 size-full\" src=\"https:\/\/www.mondragon-assembly.com\/wp-content\/uploads\/2020\/10\/icon-module-technology.jpg\" alt=\"\" width=\"41\" height=\"41\" \/> Tecnolog\u00eda de m\u00f3dulos<\/span><\/h3>\n<p>[\/vc_column_text][vc_column_text el_class=&#8221;icon_list&#8221;]<\/p>\n<ul>\n<li>Tama\u00f1o de c\u00e9lula hasta M12 (210 mm)<\/li>\n<li>Hasta 16 BB<\/li>\n<li>Adecuado para m\u00f3dulos BIPV<\/li>\n<li>Tipos de c\u00e9lulas: Poly, Mono, Mono PERC y TOPCON<\/li>\n<li>C\u00e9lulas cortadas y c\u00e9lulas bifaciales<\/li>\n<\/ul>\n<p>[\/vc_column_text][\/vc_column][\/vc_row][vc_row][vc_column][vc_separator][\/vc_column][\/vc_row][vc_row][vc_column width=&#8221;1\/2&#8243;][vc_single_image image=&#8221;52795&#8243; img_size=&#8221;full&#8221; onclick=&#8221;custom_link&#8221; css_animation=&#8221;fadeIn&#8221; css=&#8221;.vc_custom_1706042588455{border-top-width: 3px !important;border-right-width: 3px !important;border-bottom-width: 3px !important;border-left-width: 3px !important;border-left-color: #fce3e9 !important;border-left-style: solid !important;border-right-color: #fce3e9 !important;border-right-style: solid !important;border-top-color: #fce3e9 !important;border-top-style: solid !important;border-bottom-color: #fce3e9 !important;border-bottom-style: solid !important;}&#8221; link=&#8221;https:\/\/www.mondragon-assembly.com\/es-mx\/solar-automation-solutions\/individual-equipment\/tabber-and-stringer\/mts-eca-la-mejor-solucion-para-conexiones-de-celdas-hjt\/&#8221;][vc_column_text css=&#8221;.vc_custom_1705664760831{margin-top: -10px !important;}&#8221; el_class=&#8221;icon_list_subt&#8221;]<\/p>\n<h4>MTS ECA: La mejor soluci\u00f3n para conexiones de celdas HJT<\/h4>\n<p>[\/vc_column_text][vc_column_text css=&#8221;.vc_custom_1705664771752{margin-top: -19px !important;}&#8221;]Tabber &amp; Stringer de alta velocidad con capacidad de 1600 c\u00e9lulas\/hora.[\/vc_column_text][\/vc_column][vc_column width=&#8221;1\/2&#8243;][vc_single_image image=&#8221;22581&#8243; img_size=&#8221;full&#8221; onclick=&#8221;custom_link&#8221; css_animation=&#8221;fadeIn&#8221; css=&#8221;.vc_custom_1745922269140{border-top-width: 3px !important;border-right-width: 3px !important;border-bottom-width: 3px !important;border-left-width: 3px !important;border-left-style: solid !important;border-right-style: solid !important;border-top-style: solid !important;border-bottom-style: solid !important;border-color: #fce3e9 !important;}&#8221; link=&#8221;https:\/\/www.mondragon-assembly.com\/es-mx\/solar-automation-solutions\/individual-equipment-2\/tabber-and-stringer\/mts-3000-2\/&#8221;][vc_column_text css=&#8221;.vc_custom_1616357540160{margin-top: -10px !important;}&#8221; el_class=&#8221;icon_list_subt&#8221;]<\/p>\n<h4>MTS 3000: La Tabber &amp; Stringer m\u00e1s r\u00e1pida del mundo de un s\u00f3lo track<\/h4>\n<p>[\/vc_column_text][vc_column_text css=&#8221;.vc_custom_1616957519797{margin-top: -19px !important;}&#8221;]Tabber &amp; Stringer de alta velocidad con una capacidad de hasta 3000 c\u00e9lulas por hora.[\/vc_column_text][\/vc_column][\/vc_row][vc_row][vc_column width=&#8221;1\/2&#8243;][vc_single_image image=&#8221;25062&#8243; img_size=&#8221;full&#8221; onclick=&#8221;custom_link&#8221; css_animation=&#8221;fadeIn&#8221; css=&#8221;.vc_custom_1747216558909{border-top-width: 3px !important;border-right-width: 3px !important;border-bottom-width: 3px !important;border-left-width: 3px !important;border-left-style: solid !important;border-right-style: solid !important;border-top-style: solid !important;border-bottom-style: solid !important;border-color: #fce3e9 !important;}&#8221; link=&#8221;https:\/\/www.mondragon-assembly.com\/es-mx\/solar-automation-solutions\/individual-equipment-2\/tabber-and-stringer\/mts-6000\/&#8221;][vc_column_text css=&#8221;.vc_custom_1739904975143{margin-top: -10px !important;}&#8221; el_class=&#8221;icon_list_subt&#8221;]<\/p>\n<h4>MTS 6000: La Tabber &amp; Stringer de alto rendimiento con la m\u00e1xima eficiencia<\/h4>\n<p>[\/vc_column_text][vc_column_text css=&#8221;.vc_custom_1739904981547{margin-top: -19px !important;}&#8221;]<\/p>\n<div class=\"vc_row wpb_row vc_row-fluid\">\n<div class=\"wpb_column vc_column_container vc_col-sm-12\">\n<div class=\"vc_column-inner\">\n<div class=\"wpb_wrapper\">\n<div class=\"wpb_text_column wpb_content_element \">\n<div class=\"wpb_wrapper\">\n<p>Tabber &amp; Stringers de alta velocidad con una capacidad de hasta 6000 c\u00e9lulas por hora.<\/p>\n<\/div>\n<\/div>\n<\/div>\n<\/div>\n<\/div>\n<\/div>\n<p>[\/vc_column_text][\/vc_column][vc_column width=&#8221;1\/2&#8243;][\/vc_column][\/vc_row]<\/p>\n<\/div>","protected":false},"excerpt":{"rendered":"<p>[vc_row][vc_column][vc_column_text]Nuestras Tabber &amp; Stringers son precisas, fiables y f\u00e1ciles de manejar. Nuestra bien acreditada tecnolog\u00eda, combinada con un dise\u00f1o modular, y unas caracter\u00edsticas avanzadas, son factores clave que proporcionan un costo total de propiedad muy reducido combinado con una elevada productividad. Disponemos de una amplia variedad de Tabber &amp; Stringers que se adaptan a cualquier [&hellip;]<\/p>\n","protected":false},"author":4,"featured_media":0,"parent":29933,"menu_order":0,"comment_status":"closed","ping_status":"closed","template":"sectors.php","meta":{"_lmt_disableupdate":"no","_lmt_disable":"","footnotes":""},"yst_prominent_words":[510,403],"class_list":["post-27022","page","type-page","status-publish","hentry"],"acf":[],"_links":{"self":[{"href":"https:\/\/www.mondragon-assembly.com\/es-mx\/wp-json\/wp\/v2\/pages\/27022","targetHints":{"allow":["GET"]}}],"collection":[{"href":"https:\/\/www.mondragon-assembly.com\/es-mx\/wp-json\/wp\/v2\/pages"}],"about":[{"href":"https:\/\/www.mondragon-assembly.com\/es-mx\/wp-json\/wp\/v2\/types\/page"}],"author":[{"embeddable":true,"href":"https:\/\/www.mondragon-assembly.com\/es-mx\/wp-json\/wp\/v2\/users\/4"}],"replies":[{"embeddable":true,"href":"https:\/\/www.mondragon-assembly.com\/es-mx\/wp-json\/wp\/v2\/comments?post=27022"}],"version-history":[{"count":61,"href":"https:\/\/www.mondragon-assembly.com\/es-mx\/wp-json\/wp\/v2\/pages\/27022\/revisions"}],"predecessor-version":[{"id":77741,"href":"https:\/\/www.mondragon-assembly.com\/es-mx\/wp-json\/wp\/v2\/pages\/27022\/revisions\/77741"}],"up":[{"embeddable":true,"href":"https:\/\/www.mondragon-assembly.com\/es-mx\/wp-json\/wp\/v2\/pages\/29933"}],"wp:attachment":[{"href":"https:\/\/www.mondragon-assembly.com\/es-mx\/wp-json\/wp\/v2\/media?parent=27022"}],"wp:term":[{"taxonomy":"yst_prominent_words","embeddable":true,"href":"https:\/\/www.mondragon-assembly.com\/es-mx\/wp-json\/wp\/v2\/yst_prominent_words?post=27022"}],"curies":[{"name":"wp","href":"https:\/\/api.w.org\/{rel}","templated":true}]}}