{"id":27070,"date":"2020-10-24T22:36:20","date_gmt":"2020-10-24T20:36:20","guid":{"rendered":"https:\/\/www.mondragon-assembly.com\/tabber-and-stringer\/mts-3000\/"},"modified":"2024-10-16T21:45:50","modified_gmt":"2024-10-16T19:45:50","slug":"mts-3000-2","status":"publish","type":"page","link":"https:\/\/www.mondragon-assembly.com\/es-mx\/solar-automation-solutions\/individual-equipment-2\/tabber-and-stringer\/mts-3000-2\/","title":{"rendered":"MTS 3000: La Tabber &#038; Stringer m\u00e1s r\u00e1pida del mundo de un s\u00f3lo track"},"content":{"rendered":"<div class=\"wpb-content-wrapper\"><p>[vc_row][vc_column][vc_column_text]Tabber &amp; Stringer de alta velocidad con una capacidad de hasta 3000 c\u00e9lulas por hora.[\/vc_column_text][\/vc_column][\/vc_row][vc_row][vc_column][vc_single_image image=&#8221;22581&#8243; img_size=&#8221;full&#8221; alignment=&#8221;center&#8221; style=&#8221;vc_box_outline&#8221; css_animation=&#8221;fadeIn&#8221;][\/vc_column][\/vc_row][vc_row][vc_column width=&#8221;1\/5&#8243;][vc_row_inner][vc_column_inner width=&#8221;1\/4&#8243; css=&#8221;.vc_custom_1620114260140{padding-right: 0px !important;}&#8221; offset=&#8221;vc_col-xs-3&#8243;][vc_single_image image=&#8221;22018&#8243; img_size=&#8221;full&#8221;][\/vc_column_inner][vc_column_inner width=&#8221;3\/4&#8243; css=&#8221;.vc_custom_1620114266646{padding-left: 3px !important;}&#8221; offset=&#8221;vc_col-xs-9&#8243;][vc_column_text]<\/p>\n<h4><strong>3000<\/strong> c\u00e9lulas\/hora<\/h4>\n<p>[\/vc_column_text][\/vc_column_inner][\/vc_row_inner][\/vc_column][vc_column width=&#8221;1\/5&#8243;][vc_row_inner][vc_column_inner width=&#8221;1\/4&#8243; css=&#8221;.vc_custom_1620114273420{padding-right: 0px !important;}&#8221; offset=&#8221;vc_col-xs-3&#8243;][vc_single_image image=&#8221;22278&#8243; img_size=&#8221;full&#8221;][\/vc_column_inner][vc_column_inner width=&#8221;3\/4&#8243; css=&#8221;.vc_custom_1620114280581{padding-left: 3px !important;}&#8221; offset=&#8221;vc_col-xs-9&#8243;][vc_column_text css=&#8221;&#8221;]<\/p>\n<h4>Hasta 22BB<\/h4>\n<p>[\/vc_column_text][\/vc_column_inner][\/vc_row_inner][\/vc_column][vc_column width=&#8221;1\/5&#8243;][vc_row_inner css=&#8221;.vc_custom_1561537027700{padding-left: 0px !important;}&#8221;][vc_column_inner width=&#8221;1\/4&#8243; css=&#8221;.vc_custom_1620114287398{padding-right: 0px !important;}&#8221; offset=&#8221;vc_col-xs-3&#8243;][vc_single_image image=&#8221;22269&#8243; img_size=&#8221;full&#8221;][\/vc_column_inner][vc_column_inner width=&#8221;3\/4&#8243; css=&#8221;.vc_custom_1620117386281{padding-left: 3px !important;}&#8221; offset=&#8221;vc_col-xs-9&#8243;][vc_column_text]<\/p>\n<h4>Single track<\/h4>\n<p>[\/vc_column_text][\/vc_column_inner][\/vc_row_inner][\/vc_column][vc_column width=&#8221;1\/5&#8243; css=&#8221;.vc_custom_1620114397300{padding-right: 0px !important;}&#8221;][vc_row_inner][vc_column_inner width=&#8221;1\/4&#8243; css=&#8221;.vc_custom_1620114273420{padding-right: 0px !important;}&#8221; offset=&#8221;vc_col-xs-3&#8243;][vc_single_image image=&#8221;22260&#8243; img_size=&#8221;full&#8221;][\/vc_column_inner][vc_column_inner width=&#8221;3\/4&#8243; css=&#8221;.vc_custom_1620117456538{padding-left: 0px !important;}&#8221; offset=&#8221;vc_col-xs-9&#8243;][vc_column_text]<\/p>\n<h4>Adecuado para c\u00e9lulas cortadas<\/h4>\n<p>[\/vc_column_text][\/vc_column_inner][\/vc_row_inner][\/vc_column][vc_column width=&#8221;1\/5&#8243;][vc_row_inner][vc_column_inner width=&#8221;1\/4&#8243; css=&#8221;.vc_custom_1620114273420{padding-right: 0px !important;}&#8221; offset=&#8221;vc_col-xs-3&#8243;][vc_single_image image=&#8221;52643&#8243; img_size=&#8221;full&#8221; css=&#8221;&#8221;][\/vc_column_inner][vc_column_inner width=&#8221;3\/4&#8243; css=&#8221;.vc_custom_1620117456538{padding-left: 0px !important;}&#8221; offset=&#8221;vc_col-xs-9&#8243;][vc_column_text css=&#8221;&#8221;]<\/p>\n<h4>Proceso patentado de Continuous Stringing<\/h4>\n<p>[\/vc_column_text][\/vc_column_inner][\/vc_row_inner][\/vc_column][\/vc_row][vc_row full_width=&#8221;stretch_row_content&#8221;][vc_column width=&#8221;1\/6&#8243;][\/vc_column][vc_column width=&#8221;2\/6&#8243;][vc_column_text]<\/p>\n<h3><span style=\"color: #e20026;\"><img decoding=\"async\" class=\"alignnone size-full wp-image-22215\" src=\"https:\/\/www.mondragon-assembly.com\/wp-content\/uploads\/2019\/06\/icon-description.jpg\" alt=\"\" width=\"41\" height=\"41\" \/> Descripci\u00f3n<\/span><\/h3>\n<p>[\/vc_column_text][vc_column_text]Conexiones precisas entre c\u00e9lulas por medio de ribbon plano<br \/>\no hilo para formar strings.[\/vc_column_text][\/vc_column][vc_column width=&#8221;2\/6&#8243;][vc_column_text]<\/p>\n<h3><span style=\"color: #e20026;\"><img decoding=\"async\" class=\"alignnone wp-image-22325 size-full\" src=\"https:\/\/www.mondragon-assembly.com\/wp-content\/uploads\/2019\/06\/icon-advantages.jpg\" alt=\"\" width=\"41\" height=\"41\" \/> Ventajas<\/span><\/h3>\n<p>[\/vc_column_text][vc_column_text css=&#8221;&#8221; el_class=&#8221;icon_list&#8221;]<\/p>\n<ul>\n<li>Reducido tiempo de cambio<\/li>\n<li>Control de calidad avanzado de las c\u00e9lulas y los strings<\/li>\n<li>F\u00e1cil integraci\u00f3n con el sistema MES<\/li>\n<li>Autodiagn\u00f3stico<\/li>\n<li>M\u00ednimo espacio requerido<\/li>\n<li>Bajo coste de mantenimiento<\/li>\n<li>Ergon\u00f3mico, f\u00e1cil acceso a todas las piezas de la m\u00e1quina<\/li>\n<li>Proceso patentado de string continuo<\/li>\n<\/ul>\n<p>[\/vc_column_text][\/vc_column][vc_column width=&#8221;1\/6&#8243;][\/vc_column][\/vc_row][vc_row full_width=&#8221;stretch_row_content&#8221;][vc_column width=&#8221;1\/6&#8243;][\/vc_column][vc_column width=&#8221;2\/6&#8243;][vc_column_text]<\/p>\n<h3><span style=\"color: #e20026;\"><img decoding=\"async\" class=\"alignnone wp-image-22233 size-full\" src=\"https:\/\/www.mondragon-assembly.com\/wp-content\/uploads\/2019\/06\/icon-main-features.jpg\" alt=\"\" width=\"41\" height=\"41\" \/> Caracter\u00edsticas principales<\/span><\/h3>\n<p>[\/vc_column_text][vc_column_text css=&#8221;&#8221; el_class=&#8221;icon_list&#8221;]<\/p>\n<ul>\n<li>Tecnolog\u00eda de soldadura IR sin contacto<\/li>\n<li>Verificaci\u00f3n por visi\u00f3n de las c\u00e9lulas y los strings<\/li>\n<li>Roturas &lt; 0.2%<\/li>\n<li>Disponibilidad t\u00e9cnica (VDI 3423) &gt; 95%<\/li>\n<li>Control de temperatura de las c\u00e9lulas en varias fases<\/li>\n<li>Sistemas anti-camber para mejorar la rigidez del ribbon<\/li>\n<\/ul>\n<p>[\/vc_column_text][\/vc_column][vc_column width=&#8221;2\/6&#8243;][vc_column_text]<\/p>\n<h3><span style=\"color: #e20026;\"><img decoding=\"async\" class=\"alignnone wp-image-25046 size-full\" src=\"https:\/\/www.mondragon-assembly.com\/wp-content\/uploads\/2020\/10\/icon-module-technology.jpg\" alt=\"\" width=\"41\" height=\"41\" \/> Tecnolog\u00eda de m\u00f3dulos<\/span><\/h3>\n<p>[\/vc_column_text][vc_column_text css=&#8221;&#8221; el_class=&#8221;icon_list&#8221;]<\/p>\n<ul>\n<li>Tama\u00f1os de c\u00e9lula hasta M12+<\/li>\n<li>Hasta 22 BB<\/li>\n<li>Adecuado para m\u00f3dulos BIPV<\/li>\n<li>Tipos de c\u00e9lulas: Poly, Mono PERC y TOPCON<\/li>\n<li>C\u00e9lulas cortadas y c\u00e9lulas bifaciales<\/li>\n<li>Ribbon plano o hilo redondo<\/li>\n<\/ul>\n<p>[\/vc_column_text][\/vc_column][vc_column width=&#8221;1\/6&#8243;][\/vc_column][\/vc_row]<\/p>\n<\/div>","protected":false},"excerpt":{"rendered":"<p>[vc_row][vc_column][vc_column_text]Tabber &amp; Stringer de alta velocidad con una capacidad de hasta 3000 c\u00e9lulas por hora.[\/vc_column_text][\/vc_column][\/vc_row][vc_row][vc_column][vc_single_image image=&#8221;22581&#8243; img_size=&#8221;full&#8221; alignment=&#8221;center&#8221; style=&#8221;vc_box_outline&#8221; css_animation=&#8221;fadeIn&#8221;][\/vc_column][\/vc_row][vc_row][vc_column width=&#8221;1\/5&#8243;][vc_row_inner][vc_column_inner width=&#8221;1\/4&#8243; css=&#8221;.vc_custom_1620114260140{padding-right: 0px !important;}&#8221; offset=&#8221;vc_col-xs-3&#8243;][vc_single_image image=&#8221;22018&#8243; img_size=&#8221;full&#8221;][\/vc_column_inner][vc_column_inner width=&#8221;3\/4&#8243; css=&#8221;.vc_custom_1620114266646{padding-left: 3px !important;}&#8221; offset=&#8221;vc_col-xs-9&#8243;][vc_column_text] 3000 c\u00e9lulas\/hora [\/vc_column_text][\/vc_column_inner][\/vc_row_inner][\/vc_column][vc_column width=&#8221;1\/5&#8243;][vc_row_inner][vc_column_inner width=&#8221;1\/4&#8243; css=&#8221;.vc_custom_1620114273420{padding-right: 0px !important;}&#8221; offset=&#8221;vc_col-xs-3&#8243;][vc_single_image image=&#8221;22278&#8243; img_size=&#8221;full&#8221;][\/vc_column_inner][vc_column_inner width=&#8221;3\/4&#8243; css=&#8221;.vc_custom_1620114280581{padding-left: 3px !important;}&#8221; offset=&#8221;vc_col-xs-9&#8243;][vc_column_text css=&#8221;&#8221;] Hasta 22BB [\/vc_column_text][\/vc_column_inner][\/vc_row_inner][\/vc_column][vc_column width=&#8221;1\/5&#8243;][vc_row_inner css=&#8221;.vc_custom_1561537027700{padding-left: [&hellip;]<\/p>\n","protected":false},"author":4,"featured_media":0,"parent":27022,"menu_order":0,"comment_status":"closed","ping_status":"closed","template":"sectors.php","meta":{"_lmt_disableupdate":"","_lmt_disable":"","footnotes":""},"yst_prominent_words":[2179,2181,4493,4500,4507,4674,5381,249,253,756],"class_list":["post-27070","page","type-page","status-publish","hentry"],"acf":[],"_links":{"self":[{"href":"https:\/\/www.mondragon-assembly.com\/es-mx\/wp-json\/wp\/v2\/pages\/27070","targetHints":{"allow":["GET"]}}],"collection":[{"href":"https:\/\/www.mondragon-assembly.com\/es-mx\/wp-json\/wp\/v2\/pages"}],"about":[{"href":"https:\/\/www.mondragon-assembly.com\/es-mx\/wp-json\/wp\/v2\/types\/page"}],"author":[{"embeddable":true,"href":"https:\/\/www.mondragon-assembly.com\/es-mx\/wp-json\/wp\/v2\/users\/4"}],"replies":[{"embeddable":true,"href":"https:\/\/www.mondragon-assembly.com\/es-mx\/wp-json\/wp\/v2\/comments?post=27070"}],"version-history":[{"count":40,"href":"https:\/\/www.mondragon-assembly.com\/es-mx\/wp-json\/wp\/v2\/pages\/27070\/revisions"}],"predecessor-version":[{"id":72012,"href":"https:\/\/www.mondragon-assembly.com\/es-mx\/wp-json\/wp\/v2\/pages\/27070\/revisions\/72012"}],"up":[{"embeddable":true,"href":"https:\/\/www.mondragon-assembly.com\/es-mx\/wp-json\/wp\/v2\/pages\/27022"}],"wp:attachment":[{"href":"https:\/\/www.mondragon-assembly.com\/es-mx\/wp-json\/wp\/v2\/media?parent=27070"}],"wp:term":[{"taxonomy":"yst_prominent_words","embeddable":true,"href":"https:\/\/www.mondragon-assembly.com\/es-mx\/wp-json\/wp\/v2\/yst_prominent_words?post=27070"}],"curies":[{"name":"wp","href":"https:\/\/api.w.org\/{rel}","templated":true}]}}