{"id":27102,"date":"2016-04-15T08:56:00","date_gmt":"2016-04-15T06:56:00","guid":{"rendered":"https:\/\/www.mondragon-assembly.com\/automatic-lay-up\/"},"modified":"2024-10-18T13:34:21","modified_gmt":"2024-10-18T11:34:21","slug":"automatic-lay-up","status":"publish","type":"page","link":"https:\/\/www.mondragon-assembly.com\/es-mx\/solar-automation-solutions\/individual-equipment-2\/automatic-lay-up\/","title":{"rendered":"Lay-up autom\u00e1tico: Producci\u00f3n elevada con una huella m\u00ednima"},"content":{"rendered":"<div class=\"wpb-content-wrapper\"><p>[vc_row][vc_column][vc_column_text]Lay-up de alta velocidad y precisi\u00f3n con capacidad de hasta 600 strings\/hora.[\/vc_column_text][\/vc_column][\/vc_row][vc_row][vc_column][vc_single_image image=&#8221;72064&#8243; img_size=&#8221;full&#8221; alignment=&#8221;center&#8221; style=&#8221;vc_box_outline&#8221; css_animation=&#8221;fadeIn&#8221; css=&#8221;&#8221;][\/vc_column][\/vc_row][vc_row][vc_column width=&#8221;1\/4&#8243;][\/vc_column][vc_column width=&#8221;1\/4&#8243;][vc_row_inner css=&#8221;.vc_custom_1561537027700{padding-left: 0px !important;}&#8221;][vc_column_inner width=&#8221;1\/4&#8243; css=&#8221;.vc_custom_1620121876754{padding-right: 0px !important;}&#8221; offset=&#8221;vc_col-xs-3&#8243;][vc_single_image image=&#8221;22269&#8243; img_size=&#8221;full&#8221;][\/vc_column_inner][vc_column_inner width=&#8221;3\/4&#8243; css=&#8221;.vc_custom_1620121884793{padding-right: 0px !important;padding-left: 0px !important;}&#8221; offset=&#8221;vc_col-xs-9&#8243;][vc_column_text]<\/p>\n<h4>Visi\u00f3n + test EL integrado<\/h4>\n<p>[\/vc_column_text][\/vc_column_inner][\/vc_row_inner][\/vc_column][vc_column width=&#8221;1\/4&#8243;][vc_row_inner][vc_column_inner width=&#8221;1\/4&#8243; css=&#8221;.vc_custom_1620121891169{padding-right: 0px !important;}&#8221; offset=&#8221;vc_col-xs-3&#8243;][vc_single_image image=&#8221;22260&#8243; img_size=&#8221;full&#8221;][\/vc_column_inner][vc_column_inner width=&#8221;3\/4&#8243; css=&#8221;.vc_custom_1620121899337{padding-left: 0px !important;}&#8221; offset=&#8221;vc_col-xs-9&#8243;][vc_column_text]<\/p>\n<h4>Adecuado para <strong>c\u00e9lulas<\/strong> cortadas<\/h4>\n<p>[\/vc_column_text][\/vc_column_inner][\/vc_row_inner][\/vc_column][vc_column width=&#8221;1\/4&#8243; css=&#8221;.vc_custom_1561536382561{padding-right: 0px !important;padding-left: 0px !important;}&#8221;][\/vc_column][\/vc_row][vc_row full_width=&#8221;stretch_row_content&#8221;][vc_column width=&#8221;1\/5&#8243;][\/vc_column][vc_column width=&#8221;2\/5&#8243;][vc_column_text]<\/p>\n<h3><span style=\"color: #e20026;\"><img decoding=\"async\" class=\"alignnone size-full wp-image-22215\" src=\"https:\/\/www.mondragon-assembly.com\/wp-content\/uploads\/2019\/06\/icon-description.jpg\" alt=\"\" width=\"41\" height=\"41\" \/> Descripci\u00f3n<\/span><\/h3>\n<p>[\/vc_column_text][vc_column_text]El lay-up toma los strings de la Tabber &amp; Stringer y los posiciona<br \/>\ncon precisi\u00f3n sobre el cristal.[\/vc_column_text][\/vc_column][vc_column width=&#8221;2\/5&#8243;][vc_column_text]<\/p>\n<h3><span style=\"color: #e20026;\"><img decoding=\"async\" class=\"alignnone wp-image-22325 size-full\" src=\"https:\/\/www.mondragon-assembly.com\/wp-content\/uploads\/2019\/06\/icon-advantages.jpg\" alt=\"\" width=\"41\" height=\"41\" \/> Ventajas<\/span><\/h3>\n<p>[\/vc_column_text][vc_column_text el_class=&#8221;icon_list&#8221;]<\/p>\n<ul>\n<li>Alta precisi\u00f3n (\u00b1 0,5 mm)<\/li>\n<li>Elevada disponibilidad<\/li>\n<li>Bajo coste de mantenimiento<\/li>\n<li>Reducido tiempo de cambio<\/li>\n<li>Garant\u00edas de calidad del panel final<\/li>\n<li>Capaz de gestionar dos Tabber &amp; Stringers<\/li>\n<li>F\u00e1cil integraci\u00f3n con el sistema MES<\/li>\n<li>M\u00ednimo espacio requerido<\/li>\n<\/ul>\n<p>[\/vc_column_text][\/vc_column][\/vc_row][vc_row full_width=&#8221;stretch_row_content&#8221;][vc_column width=&#8221;1\/5&#8243;][\/vc_column][vc_column width=&#8221;2\/5&#8243;][vc_column_text]<\/p>\n<h3><span style=\"color: #e20026;\"><img decoding=\"async\" class=\"alignnone wp-image-22233 size-full\" src=\"https:\/\/www.mondragon-assembly.com\/wp-content\/uploads\/2019\/06\/icon-main-features.jpg\" alt=\"\" width=\"41\" height=\"41\" \/> Caracter\u00edsticas principales<\/span><\/h3>\n<p>[\/vc_column_text][vc_column_text css=&#8221;&#8221; el_class=&#8221;icon_list&#8221;]<\/p>\n<ul>\n<li>Control de posici\u00f3n mediante c\u00e1maras de visi\u00f3n o l\u00e1seres<\/li>\n<li>Sistema de gesti\u00f3n inteligente de strings<\/li>\n<li>Robot de 6 ejes<\/li>\n<li>Estaci\u00f3n de corte de puntas opcional<\/li>\n<li>Test EL opcional<\/li>\n<\/ul>\n<p>[\/vc_column_text][\/vc_column][vc_column width=&#8221;2\/5&#8243;][vc_column_text]<\/p>\n<h3><span style=\"color: #e20026;\"><img decoding=\"async\" class=\"alignnone wp-image-25046 size-full\" src=\"https:\/\/www.mondragon-assembly.com\/wp-content\/uploads\/2020\/10\/icon-module-technology.jpg\" alt=\"\" width=\"41\" height=\"41\" \/> Tecnolog\u00eda de m\u00f3dulos<\/span><\/h3>\n<p>[\/vc_column_text][vc_column_text css=&#8221;&#8221; el_class=&#8221;icon_list&#8221;]<\/p>\n<ul>\n<li>Tama\u00f1os de c\u00e9lula hasta M12+<\/li>\n<li>Adecuado para m\u00f3dulos BIPV<\/li>\n<li>C\u00e9lulas cortadas y c\u00e9lulas bifaciales<\/li>\n<li>Adecuado para cualquier tecnolog\u00eda de c\u00e9lulas<\/li>\n<\/ul>\n<p>[\/vc_column_text][\/vc_column][\/vc_row]<\/p>\n<\/div>","protected":false},"excerpt":{"rendered":"<p>[vc_row][vc_column][vc_column_text]Lay-up de alta velocidad y precisi\u00f3n con capacidad de hasta 600 strings\/hora.[\/vc_column_text][\/vc_column][\/vc_row][vc_row][vc_column][vc_single_image image=&#8221;72064&#8243; img_size=&#8221;full&#8221; alignment=&#8221;center&#8221; style=&#8221;vc_box_outline&#8221; css_animation=&#8221;fadeIn&#8221; css=&#8221;&#8221;][\/vc_column][\/vc_row][vc_row][vc_column width=&#8221;1\/4&#8243;][\/vc_column][vc_column width=&#8221;1\/4&#8243;][vc_row_inner css=&#8221;.vc_custom_1561537027700{padding-left: 0px !important;}&#8221;][vc_column_inner width=&#8221;1\/4&#8243; css=&#8221;.vc_custom_1620121876754{padding-right: 0px !important;}&#8221; offset=&#8221;vc_col-xs-3&#8243;][vc_single_image image=&#8221;22269&#8243; img_size=&#8221;full&#8221;][\/vc_column_inner][vc_column_inner width=&#8221;3\/4&#8243; css=&#8221;.vc_custom_1620121884793{padding-right: 0px !important;padding-left: 0px !important;}&#8221; offset=&#8221;vc_col-xs-9&#8243;][vc_column_text] Visi\u00f3n + test EL integrado [\/vc_column_text][\/vc_column_inner][\/vc_row_inner][\/vc_column][vc_column width=&#8221;1\/4&#8243;][vc_row_inner][vc_column_inner width=&#8221;1\/4&#8243; css=&#8221;.vc_custom_1620121891169{padding-right: 0px !important;}&#8221; offset=&#8221;vc_col-xs-3&#8243;][vc_single_image image=&#8221;22260&#8243; img_size=&#8221;full&#8221;][\/vc_column_inner][vc_column_inner width=&#8221;3\/4&#8243; css=&#8221;.vc_custom_1620121899337{padding-left: 0px !important;}&#8221; [&hellip;]<\/p>\n","protected":false},"author":4,"featured_media":0,"parent":29933,"menu_order":0,"comment_status":"closed","ping_status":"closed","template":"sectors.php","meta":{"_lmt_disableupdate":"","_lmt_disable":"","footnotes":""},"yst_prominent_words":[2826,4279,4805,5418,253,309,554,555,947,977,2120,2147,2191,2321],"class_list":["post-27102","page","type-page","status-publish","hentry"],"acf":[],"_links":{"self":[{"href":"https:\/\/www.mondragon-assembly.com\/es-mx\/wp-json\/wp\/v2\/pages\/27102","targetHints":{"allow":["GET"]}}],"collection":[{"href":"https:\/\/www.mondragon-assembly.com\/es-mx\/wp-json\/wp\/v2\/pages"}],"about":[{"href":"https:\/\/www.mondragon-assembly.com\/es-mx\/wp-json\/wp\/v2\/types\/page"}],"author":[{"embeddable":true,"href":"https:\/\/www.mondragon-assembly.com\/es-mx\/wp-json\/wp\/v2\/users\/4"}],"replies":[{"embeddable":true,"href":"https:\/\/www.mondragon-assembly.com\/es-mx\/wp-json\/wp\/v2\/comments?post=27102"}],"version-history":[{"count":33,"href":"https:\/\/www.mondragon-assembly.com\/es-mx\/wp-json\/wp\/v2\/pages\/27102\/revisions"}],"predecessor-version":[{"id":72075,"href":"https:\/\/www.mondragon-assembly.com\/es-mx\/wp-json\/wp\/v2\/pages\/27102\/revisions\/72075"}],"up":[{"embeddable":true,"href":"https:\/\/www.mondragon-assembly.com\/es-mx\/wp-json\/wp\/v2\/pages\/29933"}],"wp:attachment":[{"href":"https:\/\/www.mondragon-assembly.com\/es-mx\/wp-json\/wp\/v2\/media?parent=27102"}],"wp:term":[{"taxonomy":"yst_prominent_words","embeddable":true,"href":"https:\/\/www.mondragon-assembly.com\/es-mx\/wp-json\/wp\/v2\/yst_prominent_words?post=27102"}],"curies":[{"name":"wp","href":"https:\/\/api.w.org\/{rel}","templated":true}]}}